{"id":3692,"date":"2023-07-10T18:20:04","date_gmt":"2023-07-10T18:20:04","guid":{"rendered":"https:\/\/rula.disabilityrightsca.org\/vi\/?page_id=3692"},"modified":"2024-10-09T17:49:34","modified_gmt":"2024-10-09T17:49:34","slug":"4-66-lam-the-nao-trung-tam-khu-vuc-dam-bao-toi-nhan-duoc-cac-dich-vu-va-su-ho-tro-trong-ipp-cua-minh","status":"publish","type":"page","link":"https:\/\/rula.disabilityrightsca.org\/vi\/rula-book\/chapter-4-individual-program-plans\/4-66-lam-the-nao-trung-tam-khu-vuc-dam-bao-toi-nhan-duoc-cac-dich-vu-va-su-ho-tro-trong-ipp-cua-minh\/","title":{"rendered":"(4.67) L\u00e0m th\u1ebf n\u00e0o trung t\u00e2m khu v\u1ef1c \u0111\u1ea3m b\u1ea3o t\u00f4i nh\u1eadn \u0111\u01b0\u1ee3c c\u00e1c d\u1ecbch v\u1ee5 v\u00e0 s\u1ef1 h\u1ed7 tr\u1ee3 trong IPP c\u1ee7a m\u00ecnh?"},"content":{"rendered":"\n<p>Sau khi qu\u00fd v\u1ecb v\u00e0 trung t\u00e2m khu v\u1ef1c nh\u1ea5t tr\u00ed v\u1ec1 c\u00e1c d\u1ecbch v\u1ee5 v\u00e0 s\u1ef1 h\u1ed7 tr\u1ee3 qu\u00fd v\u1ecb c\u1ea7n, trung t\u00e2m khu v\u1ef1c ph\u1ea3i nh\u1eadn c\u00e1c d\u1ecbch v\u1ee5 v\u00e0 s\u1ef1 h\u1ed7 tr\u1ee3 \u0111\u00f3 cho qu\u00fd v\u1ecb. H\u1ecd c\u00f3 th\u1ec3 l\u00e0m \u0111\u01b0\u1ee3c \u0111i\u1ec1u n\u00e0y b\u1eb1ng nhi\u1ec1u c\u00e1ch, bao g\u1ed3m:<\/p>\n\n\n\n<h3 class=\"wp-block-heading\">Nh\u1eadn D\u1ecbch V\u1ee5 T\u1eeb C\u00e1c C\u01a1 Quan Chung<\/h3>\n\n\n\n<p>Trung t\u00e2m khu v\u1ef1c c\u00f3 th\u1ec3 gi\u00fap qu\u00fd v\u1ecb nh\u1eadn d\u1ecbch v\u1ee5 t\u1eeb m\u1ed9t c\u01a1 quan kh\u00e1c m\u00e0 cung c\u1ea5p d\u1ecbch v\u1ee5 cho c\u00f4ng ch\u00fang, ch\u1eb3ng h\u1ea1n nh\u01b0 tr\u01b0\u1eddng h\u1ecdc, Medi-Cal ho\u1eb7c IHSS. H\u1ecd \u0111\u01b0\u1ee3c g\u1ecdi l\u00e0 \u201cc\u00e1c c\u01a1 quan chung\u201d.<span class=\"footnote_referrer\"><a role=\"button\" tabindex=\"0\" onclick=\"footnote_moveToReference_3692_1('footnote_plugin_reference_3692_1_1');\" onkeypress=\"footnote_moveToReference_3692_1('footnote_plugin_reference_3692_1_1');\" ><sup id=\"footnote_plugin_tooltip_3692_1_1\" class=\"footnote_plugin_tooltip_text\">[1]<\/sup><\/a><span id=\"footnote_plugin_tooltip_text_3692_1_1\" class=\"footnote_tooltip\">M\u1ee5c 4647(a). \u201cC\u01a1 quan chung\u201d l\u00e0 m\u1ed9t c\u01a1 quan ch\u00ednh ph\u1ee7 c\u00f3 tr\u00e1ch nhi\u1ec7m ph\u00e1p l\u00fd trong vi\u1ec7c ph\u1ee5c v\u1ee5 t\u1ea5t c\u1ea3 th\u00e0nh vi\u00ean c\u1ee7a c\u1ed9ng \u0111\u1ed3ng chung v\u00e0 nh\u1eadn qu\u1ef9 c\u00f4ng&nbsp;&#x2026; <span class=\"footnote_tooltip_continue\"  onclick=\"footnote_moveToReference_3692_1('footnote_plugin_reference_3692_1_1');\">Continue reading<\/span><\/span><\/span><script type=\"text\/javascript\"> jQuery('#footnote_plugin_tooltip_3692_1_1').tooltip({ tip: '#footnote_plugin_tooltip_text_3692_1_1', tipClass: 'footnote_tooltip', effect: 'fade', predelay: 0, fadeInSpeed: 200, delay: 400, fadeOutSpeed: 200, position: 'top center', relative: true, offset: [-7, 0], });<\/script> N\u1ebfu m\u1ed9t c\u01a1 quan chung c\u00f3 th\u1ec3 cung c\u1ea5p d\u1ecbch v\u1ee5 qu\u00fd v\u1ecb c\u1ea7n, trung t\u00e2m khu v\u1ef1c ph\u1ea3i gi\u00fap qu\u00fd v\u1ecb nh\u1eadn d\u1ecbch v\u1ee5 n\u00e0y t\u1eeb c\u01a1 quan \u0111\u00f3 tr\u01b0\u1edbc khi h\u1ecd thanh to\u00e1n cho d\u1ecbch v\u1ee5 n\u00e0y.<span class=\"footnote_referrer\"><a role=\"button\" tabindex=\"0\" onclick=\"footnote_moveToReference_3692_1('footnote_plugin_reference_3692_1_2');\" onkeypress=\"footnote_moveToReference_3692_1('footnote_plugin_reference_3692_1_2');\" ><sup id=\"footnote_plugin_tooltip_3692_1_2\" class=\"footnote_plugin_tooltip_text\">[2]<\/sup><\/a><span id=\"footnote_plugin_tooltip_text_3692_1_2\" class=\"footnote_tooltip\">C\u00e1c M\u1ee5c 4648(a)(8), 4659.7, v\u00e0 4646.5(a)(5).<\/span><\/span><script type=\"text\/javascript\"> jQuery('#footnote_plugin_tooltip_3692_1_2').tooltip({ tip: '#footnote_plugin_tooltip_text_3692_1_2', tipClass: 'footnote_tooltip', effect: 'fade', predelay: 0, fadeInSpeed: 200, delay: 400, fadeOutSpeed: 200, position: 'top center', relative: true, offset: [-7, 0], });<\/script> \u0110\u00e2y l\u00e0 m\u1ed9t \u00fd t\u01b0\u1edfng hay nh\u01b0ng trong th\u1ef1c t\u1ebf c\u00e1ch l\u00e0m n\u00e0y c\u00f3 th\u1ec3 g\u00e2y ra v\u1ea5n \u0111\u1ec1. \u0110\u00f4i khi trung t\u00e2m khu v\u1ef1c \u0111\u1ec1 ngh\u1ecb qu\u00fd v\u1ecb \u0111\u1ebfn m\u1ed9t c\u01a1 quan chung m\u00e0 kh\u00f4ng \u0111\u1ea3m b\u1ea3o c\u00e1c d\u1ecbch v\u1ee5 c\u1ea7n thi\u1ebft c\u00f3 s\u1eb5n ho\u1eb7c c\u00e1c d\u1ecbch v\u1ee5 \u0111\u00f3 s\u1ebd \u0111\u00e1p \u1ee9ng nhu c\u1ea7u c\u1ee7a qu\u00fd v\u1ecb. Trung t\u00e2m khu v\u1ef1c ch\u1ecbu tr\u00e1ch nhi\u1ec7m b\u00eanh v\u1ef1c cho qu\u00fd v\u1ecb \u0111\u1ec3 \u0111\u1ea3m b\u1ea3o c\u00e1c d\u1ecbch v\u1ee5 m\u00e0 qu\u00fd v\u1ecb h\u1ed9i \u0111\u1ee7 \u0111i\u1ec1u ki\u1ec7n nh\u1eadn t\u1eeb m\u1ed9t c\u01a1 quan kh\u00e1c th\u1ef1c s\u1ef1 \u0111\u01b0\u1ee3c cung c\u1ea5p.<span class=\"footnote_referrer\"><a role=\"button\" tabindex=\"0\" onclick=\"footnote_moveToReference_3692_1('footnote_plugin_reference_3692_1_3');\" onkeypress=\"footnote_moveToReference_3692_1('footnote_plugin_reference_3692_1_3');\" ><sup id=\"footnote_plugin_tooltip_3692_1_3\" class=\"footnote_plugin_tooltip_text\">[3]<\/sup><\/a><span id=\"footnote_plugin_tooltip_text_3692_1_3\" class=\"footnote_tooltip\">M\u1ee5c 4648(b).<\/span><\/span><script type=\"text\/javascript\"> jQuery('#footnote_plugin_tooltip_3692_1_3').tooltip({ tip: '#footnote_plugin_tooltip_text_3692_1_3', tipClass: 'footnote_tooltip', effect: 'fade', predelay: 0, fadeInSpeed: 200, delay: 400, fadeOutSpeed: 200, position: 'top center', relative: true, offset: [-7, 0], });<\/script><\/p>\n\n\n\n<h3 class=\"wp-block-heading\">Mua C\u00e1c D\u1ecbch V\u1ee5 v\u00e0 S\u1ef1 H\u1ed7 Tr\u1ee3 t\u1eeb Nh\u00e0 Cung C\u1ea5p D\u1ecbch V\u1ee5 (B\u00ean Cung C\u1ea5p)<\/h3>\n\n\n\n<p>Trung t\u00e2m khu v\u1ef1c c\u00f3 th\u1ec3 mua tr\u1ef1c ti\u1ebfp c\u00e1c d\u1ecbch v\u1ee5 cho qu\u00fd v\u1ecb t\u1eeb nh\u00e0 cung c\u1ea5p d\u1ecbch v\u1ee5. Trung t\u00e2m khu v\u1ef1c c\u00f3 th\u1ec3 t\u00ecm \u0111\u1ebfn nh\u00e0 cung c\u1ea5p d\u1ecbch v\u1ee5, c\u01a1 quan ho\u1eb7c c\u00e1 nh\u00e2n \u0111\u00e3 c\u00f3 th\u1ecfa thu\u1eadn ho\u1eb7c h\u1ecd c\u00f3 th\u1ec3 k\u00fd h\u1ee3p \u0111\u1ed3ng ri\u00eang bi\u1ec7t v\u1edbi c\u01a1 quan ho\u1eb7c c\u00e1 nh\u00e2n m\u1edbi.<span class=\"footnote_referrer\"><a role=\"button\" tabindex=\"0\" onclick=\"footnote_moveToReference_3692_1('footnote_plugin_reference_3692_1_4');\" onkeypress=\"footnote_moveToReference_3692_1('footnote_plugin_reference_3692_1_4');\" ><sup id=\"footnote_plugin_tooltip_3692_1_4\" class=\"footnote_plugin_tooltip_text\">[4]<\/sup><\/a><span id=\"footnote_plugin_tooltip_text_3692_1_4\" class=\"footnote_tooltip\">M\u1ee5c 4648(a)(3).<\/span><\/span><script type=\"text\/javascript\"> jQuery('#footnote_plugin_tooltip_3692_1_4').tooltip({ tip: '#footnote_plugin_tooltip_text_3692_1_4', tipClass: 'footnote_tooltip', effect: 'fade', predelay: 0, fadeInSpeed: 200, delay: 400, fadeOutSpeed: 200, position: 'top center', relative: true, offset: [-7, 0], });<\/script> Trung t\u00e2m khu v\u1ef1c ph\u1ea3i t\u00ecm nh\u00e0 cung c\u1ea5p c\u00f3 th\u1ec3 \u0111\u00e1p \u1ee9ng nhu c\u1ea7u c\u1ee7a qu\u00fd v\u1ecb.<\/p>\n\n\n\n<h3 class=\"wp-block-heading\">Cung C\u1ea5p Cho Qu\u00fd V\u1ecb C\u00e1c Phi\u1ebfu Mua H\u00e0ng<\/h3>\n\n\n\n<p>Trung t\u00e2m khu v\u1ef1c c\u00f3 th\u1ec3 cung c\u1ea5p cho qu\u00fd v\u1ecb \u201cphi\u1ebfu mua h\u00e0ng\u201d \u0111\u1ec3 qu\u00fd v\u1ecb mua c\u00e1c d\u1ecbch v\u1ee5 ho\u1eb7c thi\u1ebft b\u1ecb c\u1ea7n thi\u1ebft.<span class=\"footnote_referrer\"><a role=\"button\" tabindex=\"0\" onclick=\"footnote_moveToReference_3692_1('footnote_plugin_reference_3692_1_5');\" onkeypress=\"footnote_moveToReference_3692_1('footnote_plugin_reference_3692_1_5');\" ><sup id=\"footnote_plugin_tooltip_3692_1_5\" class=\"footnote_plugin_tooltip_text\">[5]<\/sup><\/a><span id=\"footnote_plugin_tooltip_text_3692_1_5\" class=\"footnote_tooltip\">M\u1ee5c 4648(a)(4).<\/span><\/span><script type=\"text\/javascript\"> jQuery('#footnote_plugin_tooltip_3692_1_5').tooltip({ tip: '#footnote_plugin_tooltip_text_3692_1_5', tipClass: 'footnote_tooltip', effect: 'fade', predelay: 0, fadeInSpeed: 200, delay: 400, fadeOutSpeed: 200, position: 'top center', relative: true, offset: [-7, 0], });<\/script> Phi\u1ebfu mua h\u00e0ng gi\u1ed1ng nh\u01b0 phi\u1ebfu thanh to\u00e1n. Phi\u1ebfu mua h\u00e0ng cho ph\u00e9p qu\u00fd v\u1ecb (ho\u1eb7c gia \u0111\u00ecnh qu\u00fd v\u1ecb, n\u1ebfu th\u00edch h\u1ee3p) ch\u1ecdn nh\u00e0 cung c\u1ea5p d\u1ecbch v\u1ee5.<span class=\"footnote_referrer\"><a role=\"button\" tabindex=\"0\" onclick=\"footnote_moveToReference_3692_1('footnote_plugin_reference_3692_1_6');\" onkeypress=\"footnote_moveToReference_3692_1('footnote_plugin_reference_3692_1_6');\" ><sup id=\"footnote_plugin_tooltip_3692_1_6\" class=\"footnote_plugin_tooltip_text\">[6]<\/sup><\/a><span id=\"footnote_plugin_tooltip_text_3692_1_6\" class=\"footnote_tooltip\">M\u1ee5c 4512(i).<\/span><\/span><script type=\"text\/javascript\"> jQuery('#footnote_plugin_tooltip_3692_1_6').tooltip({ tip: '#footnote_plugin_tooltip_text_3692_1_6', tipClass: 'footnote_tooltip', effect: 'fade', predelay: 0, fadeInSpeed: 200, delay: 400, fadeOutSpeed: 200, position: 'top center', relative: true, offset: [-7, 0], });<\/script> Trung t\u00e2m khu v\u1ef1c v\u1eabn ph\u1ea3i \u0111\u1ea3m b\u1ea3o c\u00f3 s\u1eb5n d\u1ecbch v\u1ee5 ho\u1eb7c v\u1eadt ph\u1ea9m.<\/p>\n\n\n\n<h3 class=\"wp-block-heading\">Ph\u00e1t Tri\u1ec3n D\u1ecbch V\u1ee5 N\u1ebfu D\u1ecbch V\u1ee5 Kh\u00f4ng T\u1ed3n T\u1ea1i<\/h3>\n\n\n\n<p>Khi d\u1ecbch v\u1ee5 ch\u1ea5t l\u01b0\u1ee3ng t\u1ed1t kh\u00f4ng c\u00f3 s\u1eb5n ho\u1eb7c c\u1ea7n \u0111\u01b0\u1ee3c m\u1edf r\u1ed9ng, trung t\u00e2m khu v\u1ef1c c\u00f3 th\u1ec3 t\u00ecm c\u00e1 nh\u00e2n ho\u1eb7c c\u01a1 quan b\u1eb1ng \u201cY\u00eau C\u1ea7u \u0110\u1ec1 Xu\u1ea5t\u201d (Request for Proposal, RFP) ho\u1eb7c ph\u01b0\u01a1ng th\u1ee9c kh\u00e1c.<span class=\"footnote_referrer\"><a role=\"button\" tabindex=\"0\" onclick=\"footnote_moveToReference_3692_1('footnote_plugin_reference_3692_1_7');\" onkeypress=\"footnote_moveToReference_3692_1('footnote_plugin_reference_3692_1_7');\" ><sup id=\"footnote_plugin_tooltip_3692_1_7\" class=\"footnote_plugin_tooltip_text\">[7]<\/sup><\/a><span id=\"footnote_plugin_tooltip_text_3692_1_7\" class=\"footnote_tooltip\">M\u1ee5c 4648(e)(1).<\/span><\/span><script type=\"text\/javascript\"> jQuery('#footnote_plugin_tooltip_3692_1_7').tooltip({ tip: '#footnote_plugin_tooltip_text_3692_1_7', tipClass: 'footnote_tooltip', effect: 'fade', predelay: 0, fadeInSpeed: 200, delay: 400, fadeOutSpeed: 200, position: 'top center', relative: true, offset: [-7, 0], });<\/script><\/p>\n\n\n\n<h3 class=\"wp-block-heading\">Y\u00eau C\u1ea7u Ti\u1ec3u Bang T\u00e0i Tr\u1ee3<\/h3>\n\n\n\n<p>Trung t\u00e2m khu v\u1ef1c c\u00f3 th\u1ec3 y\u00eau c\u1ea7u ti\u1ec1n t\u1eeb Qu\u1ef9 Ph\u00e1t Tri\u1ec3n Ch\u01b0\u01a1ng Tr\u00ecnh (Program Development Fund) ho\u1eb7c k\u1ebf ho\u1ea1ch s\u1eafp x\u1ebfp trong c\u1ed9ng \u0111\u1ed3ng nh\u1eb1m b\u1ed3i ho\u00e0n cho chi ph\u00ed kh\u1edfi \u0111\u1ed9ng c\u1ea7n thi\u1ebft \u0111\u1ec3 b\u1eaft \u0111\u1ea7u m\u1ed9t ch\u01b0\u01a1ng tr\u00ecnh ho\u1eb7c d\u1ecbch v\u1ee5 v\u00e0 s\u1ef1 h\u1ed7 tr\u1ee3 m\u1edbi m\u00e0 qu\u00fd v\u1ecb c\u1ea7n. <span class=\"footnote_referrer\"><a role=\"button\" tabindex=\"0\" onclick=\"footnote_moveToReference_3692_1('footnote_plugin_reference_3692_1_8');\" onkeypress=\"footnote_moveToReference_3692_1('footnote_plugin_reference_3692_1_8');\" ><sup id=\"footnote_plugin_tooltip_3692_1_8\" class=\"footnote_plugin_tooltip_text\">[8]<\/sup><\/a><span id=\"footnote_plugin_tooltip_text_3692_1_8\" class=\"footnote_tooltip\">M\u1ee5c 4648(e)(2).<\/span><\/span><script type=\"text\/javascript\"> jQuery('#footnote_plugin_tooltip_3692_1_8').tooltip({ tip: '#footnote_plugin_tooltip_text_3692_1_8', tipClass: 'footnote_tooltip', effect: 'fade', predelay: 0, fadeInSpeed: 200, delay: 400, fadeOutSpeed: 200, position: 'top center', relative: true, offset: [-7, 0], });<\/script><\/p>\n\n\n\n<h3 class=\"wp-block-heading\">S\u1eed D\u1ee5ng C\u00e1c C\u00e1ch Th\u1ee9c S\u00e1ng T\u1ea1o\/\u0110\u1ed5i M\u1edbi<\/h3>\n\n\n\n<p>Trung t\u00e2m khu v\u1ef1c c\u00f3 th\u1ec3 s\u1eed d\u1ee5ng c\u00e1c m\u00f4 h\u00ecnh cung c\u1ea5p d\u1ecbch v\u1ee5 s\u00e1ng t\u1ea1o v\u00e0 \u0111\u1ed5i m\u1edbi, bao g\u1ed3m h\u1ecfi v\u1ec1 ngu\u1ed3n h\u1ed7 tr\u1ee3 t\u1ef1 nhi\u00ean, ch\u1eb3ng h\u1ea1n nh\u01b0 b\u1ea1n b\u00e8 ho\u1eb7c ng\u01b0\u1eddi th\u00e2n s\u1eb5n l\u00f2ng c\u1ee7a kh\u00e1ch h\u00e0ng.<span class=\"footnote_referrer\"><a role=\"button\" tabindex=\"0\" onclick=\"footnote_moveToReference_3692_1('footnote_plugin_reference_3692_1_9');\" onkeypress=\"footnote_moveToReference_3692_1('footnote_plugin_reference_3692_1_9');\" ><sup id=\"footnote_plugin_tooltip_3692_1_9\" class=\"footnote_plugin_tooltip_text\">[9]<\/sup><\/a><span id=\"footnote_plugin_tooltip_text_3692_1_9\" class=\"footnote_tooltip\">M\u1ee5c 4648(e)(3). <\/span><\/span><script type=\"text\/javascript\"> jQuery('#footnote_plugin_tooltip_3692_1_9').tooltip({ tip: '#footnote_plugin_tooltip_text_3692_1_9', tipClass: 'footnote_tooltip', effect: 'fade', predelay: 0, fadeInSpeed: 200, delay: 400, fadeOutSpeed: 200, position: 'top center', relative: true, offset: [-7, 0], });<\/script><\/p>\n\n\n\n<h3 class=\"wp-block-heading\">Cung C\u1ea5p \u0110i\u1ec1u Tr\u1ecb v\u00e0 S\u1ef1 H\u1ed7 Tr\u1ee3 Tr\u1ef1c Ti\u1ebfp trong T\u00ecnh Hu\u1ed1ng Kh\u1ea9n C\u1ea5p<\/h3>\n\n\n\n<p>Th\u00f4ng th\u01b0\u1eddng trung t\u00e2m khu v\u1ef1c kh\u00f4ng th\u1ec3 cung c\u1ea5p \u0111i\u1ec1u tr\u1ecb v\u00e0 d\u1ecbch v\u1ee5 tr\u1ecb li\u1ec7u tr\u1ef1c ti\u1ebfp. Thay v\u00e0o \u0111\u00f3, h\u1ecd ph\u1ea3i s\u1eed d\u1ee5ng c\u00e1c c\u01a1 quan c\u1ed9ng \u0111\u1ed3ng c\u00f4ng v\u00e0 t\u01b0 th\u00edch h\u1ee3p. Tuy nhi\u00ean trong tr\u01b0\u1eddng h\u1ee3p kh\u1ea9n c\u1ea5p, trung t\u00e2m khu v\u1ef1c c\u00f3 th\u1ec3 cung c\u1ea5p \u0111i\u1ec1u tr\u1ecb v\u00e0 d\u1ecbch v\u1ee5 tr\u1ecb li\u1ec7u tr\u1ef1c ti\u1ebfp.<span class=\"footnote_referrer\"><a role=\"button\" tabindex=\"0\" onclick=\"footnote_moveToReference_3692_1('footnote_plugin_reference_3692_1_10');\" onkeypress=\"footnote_moveToReference_3692_1('footnote_plugin_reference_3692_1_10');\" ><sup id=\"footnote_plugin_tooltip_3692_1_10\" class=\"footnote_plugin_tooltip_text\">[10]<\/sup><\/a><span id=\"footnote_plugin_tooltip_text_3692_1_10\" class=\"footnote_tooltip\">M\u1ee5c 4648(f).<\/span><\/span><script type=\"text\/javascript\"> jQuery('#footnote_plugin_tooltip_3692_1_10').tooltip({ tip: '#footnote_plugin_tooltip_text_3692_1_10', tipClass: 'footnote_tooltip', effect: 'fade', predelay: 0, fadeInSpeed: 200, delay: 400, fadeOutSpeed: 200, position: 'top center', relative: true, offset: [-7, 0], });<\/script><\/p>\n\n\n\n<h3 class=\"wp-block-heading\">DDS C\u00f3 Th\u1ec3 Tr\u1ef1c Ti\u1ebfp Cung C\u1ea5p D\u1ecbch V\u1ee5<\/h3>\n\n\n\n<p>\u0110\u1ec3 \u0111\u00e1p \u1ee9ng m\u1ee5c \u0111\u00edch trong IPP c\u1ee7a qu\u00fd v\u1ecb trong nh\u1eefng t\u00ecnh hu\u1ed1ng hi\u1ebfm g\u1eb7p \u201ckhi x\u00e1c \u0111\u1ecbnh r\u1eb1ng c\u00f3 c\u00e1c thi\u1ebfu s\u00f3t trong h\u1ec7 th\u1ed1ng d\u1ecbch v\u1ee5 v\u00e0 s\u1ef1 h\u1ed7 tr\u1ee3 ho\u1eb7c khi x\u00e1c \u0111\u1ecbnh r\u1eb1ng kh\u00e1ch h\u00e0ng s\u1ebd kh\u00f4ng \u0111\u01b0\u1ee3c b\u1ea5t k\u1ef3 nh\u00e0 cung c\u1ea5p n\u00e0o cung c\u1ea5p d\u1ecbch v\u1ee5 v\u00e0 s\u1ef1 h\u1ed7 tr\u1ee3 trong k\u1ebf ho\u1ea1ch ch\u01b0\u01a1ng tr\u00ecnh c\u00e1 nh\u00e2n c\u1ee7a h\u1ecd\u201d, DDS c\u00f3 th\u1ec3 tr\u1ef1c ti\u1ebfp cung c\u1ea5p c\u00e1c d\u1ecbch v\u1ee5 v\u00e0 s\u1ef1 h\u1ed7 tr\u1ee3.<span class=\"footnote_referrer\"><a role=\"button\" tabindex=\"0\" onclick=\"footnote_moveToReference_3692_1('footnote_plugin_reference_3692_1_11');\" onkeypress=\"footnote_moveToReference_3692_1('footnote_plugin_reference_3692_1_11');\" ><sup id=\"footnote_plugin_tooltip_3692_1_11\" class=\"footnote_plugin_tooltip_text\">[11]<\/sup><\/a><span id=\"footnote_plugin_tooltip_text_3692_1_11\" class=\"footnote_tooltip\">M\u1ee5c 4648(g).<\/span><\/span><script type=\"text\/javascript\"> jQuery('#footnote_plugin_tooltip_3692_1_11').tooltip({ tip: '#footnote_plugin_tooltip_text_3692_1_11', tipClass: 'footnote_tooltip', effect: 'fade', predelay: 0, fadeInSpeed: 200, delay: 400, fadeOutSpeed: 200, position: 'top center', relative: true, offset: [-7, 0], });<\/script><\/p>\n<div class=\"speaker-mute footnotes_reference_container\"> <div class=\"footnote_container_prepare\"><p><span role=\"button\" tabindex=\"0\" class=\"footnote_reference_container_label pointer\" onclick=\"footnote_expand_collapse_reference_container_3692_1();\">&#x202F;<\/span><span role=\"button\" tabindex=\"0\" class=\"footnote_reference_container_collapse_button\" style=\"display: none;\" onclick=\"footnote_expand_collapse_reference_container_3692_1();\">[<a id=\"footnote_reference_container_collapse_button_3692_1\">+<\/a>]<\/span><\/p><\/div> <div id=\"footnote_references_container_3692_1\" style=\"\"><table class=\"footnotes_table footnote-reference-container\"><caption class=\"accessibility\">References<\/caption> <tbody> \r\n\r\n<tr class=\"footnotes_plugin_reference_row\"> <th scope=\"row\" class=\"footnote_plugin_index_combi pointer\"  onclick=\"footnote_moveToAnchor_3692_1('footnote_plugin_tooltip_3692_1_1');\"><a id=\"footnote_plugin_reference_3692_1_1\" class=\"footnote_backlink\"><span class=\"footnote_index_arrow\">&#8593;<\/span>1<\/a><\/th> <td class=\"footnote_plugin_text\">M\u1ee5c 4647(a). \u201cC\u01a1 quan chung\u201d l\u00e0 m\u1ed9t c\u01a1 quan ch\u00ednh ph\u1ee7 c\u00f3 tr\u00e1ch nhi\u1ec7m ph\u00e1p l\u00fd trong vi\u1ec7c ph\u1ee5c v\u1ee5 t\u1ea5t c\u1ea3 th\u00e0nh vi\u00ean c\u1ee7a c\u1ed9ng \u0111\u1ed3ng chung v\u00e0 nh\u1eadn qu\u1ef9 c\u00f4ng \u0111\u1ec3 th\u1ef1c hi\u1ec7n \u0111i\u1ec1u \u0111\u00f3. Ti\u00eau \u0111\u1ec1 17, B\u1ed9 Lu\u1eadt C\u00e1c Quy \u0110\u1ecbnh California, m\u1ee5c 54302(a)(31).<\/td><\/tr>\r\n\r\n<tr class=\"footnotes_plugin_reference_row\"> <th scope=\"row\" class=\"footnote_plugin_index_combi pointer\"  onclick=\"footnote_moveToAnchor_3692_1('footnote_plugin_tooltip_3692_1_2');\"><a id=\"footnote_plugin_reference_3692_1_2\" class=\"footnote_backlink\"><span class=\"footnote_index_arrow\">&#8593;<\/span>2<\/a><\/th> <td class=\"footnote_plugin_text\">C\u00e1c M\u1ee5c 4648(a)(8), 4659.7, v\u00e0 4646.5(a)(5).<\/td><\/tr>\r\n\r\n<tr class=\"footnotes_plugin_reference_row\"> <th scope=\"row\" class=\"footnote_plugin_index_combi pointer\"  onclick=\"footnote_moveToAnchor_3692_1('footnote_plugin_tooltip_3692_1_3');\"><a id=\"footnote_plugin_reference_3692_1_3\" class=\"footnote_backlink\"><span class=\"footnote_index_arrow\">&#8593;<\/span>3<\/a><\/th> <td class=\"footnote_plugin_text\">M\u1ee5c 4648(b).<\/td><\/tr>\r\n\r\n<tr class=\"footnotes_plugin_reference_row\"> <th scope=\"row\" class=\"footnote_plugin_index_combi pointer\"  onclick=\"footnote_moveToAnchor_3692_1('footnote_plugin_tooltip_3692_1_4');\"><a id=\"footnote_plugin_reference_3692_1_4\" class=\"footnote_backlink\"><span class=\"footnote_index_arrow\">&#8593;<\/span>4<\/a><\/th> <td class=\"footnote_plugin_text\">M\u1ee5c 4648(a)(3).<\/td><\/tr>\r\n\r\n<tr class=\"footnotes_plugin_reference_row\"> <th scope=\"row\" class=\"footnote_plugin_index_combi pointer\"  onclick=\"footnote_moveToAnchor_3692_1('footnote_plugin_tooltip_3692_1_5');\"><a id=\"footnote_plugin_reference_3692_1_5\" class=\"footnote_backlink\"><span class=\"footnote_index_arrow\">&#8593;<\/span>5<\/a><\/th> <td class=\"footnote_plugin_text\">M\u1ee5c 4648(a)(4).<\/td><\/tr>\r\n\r\n<tr class=\"footnotes_plugin_reference_row\"> <th scope=\"row\" class=\"footnote_plugin_index_combi pointer\"  onclick=\"footnote_moveToAnchor_3692_1('footnote_plugin_tooltip_3692_1_6');\"><a id=\"footnote_plugin_reference_3692_1_6\" class=\"footnote_backlink\"><span class=\"footnote_index_arrow\">&#8593;<\/span>6<\/a><\/th> <td class=\"footnote_plugin_text\">M\u1ee5c 4512(i).<\/td><\/tr>\r\n\r\n<tr class=\"footnotes_plugin_reference_row\"> <th scope=\"row\" class=\"footnote_plugin_index_combi pointer\"  onclick=\"footnote_moveToAnchor_3692_1('footnote_plugin_tooltip_3692_1_7');\"><a id=\"footnote_plugin_reference_3692_1_7\" class=\"footnote_backlink\"><span class=\"footnote_index_arrow\">&#8593;<\/span>7<\/a><\/th> <td class=\"footnote_plugin_text\">M\u1ee5c 4648(e)(1).<\/td><\/tr>\r\n\r\n<tr class=\"footnotes_plugin_reference_row\"> <th scope=\"row\" class=\"footnote_plugin_index_combi pointer\"  onclick=\"footnote_moveToAnchor_3692_1('footnote_plugin_tooltip_3692_1_8');\"><a id=\"footnote_plugin_reference_3692_1_8\" class=\"footnote_backlink\"><span class=\"footnote_index_arrow\">&#8593;<\/span>8<\/a><\/th> <td class=\"footnote_plugin_text\">M\u1ee5c 4648(e)(2).<\/td><\/tr>\r\n\r\n<tr class=\"footnotes_plugin_reference_row\"> <th scope=\"row\" class=\"footnote_plugin_index_combi pointer\"  onclick=\"footnote_moveToAnchor_3692_1('footnote_plugin_tooltip_3692_1_9');\"><a id=\"footnote_plugin_reference_3692_1_9\" class=\"footnote_backlink\"><span class=\"footnote_index_arrow\">&#8593;<\/span>9<\/a><\/th> <td class=\"footnote_plugin_text\">M\u1ee5c 4648(e)(3). <\/td><\/tr>\r\n\r\n<tr class=\"footnotes_plugin_reference_row\"> <th scope=\"row\" class=\"footnote_plugin_index_combi pointer\"  onclick=\"footnote_moveToAnchor_3692_1('footnote_plugin_tooltip_3692_1_10');\"><a id=\"footnote_plugin_reference_3692_1_10\" class=\"footnote_backlink\"><span class=\"footnote_index_arrow\">&#8593;<\/span>10<\/a><\/th> <td class=\"footnote_plugin_text\">M\u1ee5c 4648(f).<\/td><\/tr>\r\n\r\n<tr class=\"footnotes_plugin_reference_row\"> <th scope=\"row\" class=\"footnote_plugin_index_combi pointer\"  onclick=\"footnote_moveToAnchor_3692_1('footnote_plugin_tooltip_3692_1_11');\"><a id=\"footnote_plugin_reference_3692_1_11\" class=\"footnote_backlink\"><span class=\"footnote_index_arrow\">&#8593;<\/span>11<\/a><\/th> <td class=\"footnote_plugin_text\">M\u1ee5c 4648(g).<\/td><\/tr>\r\n\r\n <\/tbody> <\/table> <\/div><\/div><script type=\"text\/javascript\"> function footnote_expand_reference_container_3692_1() { jQuery('#footnote_references_container_3692_1').show(); jQuery('#footnote_reference_container_collapse_button_3692_1').text('\u2212'); } function footnote_collapse_reference_container_3692_1() { jQuery('#footnote_references_container_3692_1').hide(); jQuery('#footnote_reference_container_collapse_button_3692_1').text('+'); } function footnote_expand_collapse_reference_container_3692_1() { if (jQuery('#footnote_references_container_3692_1').is(':hidden')) { footnote_expand_reference_container_3692_1(); } else { footnote_collapse_reference_container_3692_1(); } } function footnote_moveToReference_3692_1(p_str_TargetID) { footnote_expand_reference_container_3692_1(); var l_obj_Target = jQuery('#' + p_str_TargetID); if (l_obj_Target.length) { jQuery( 'html, body' ).delay( 0 ); jQuery('html, body').animate({ scrollTop: l_obj_Target.offset().top - window.innerHeight * 0.2 }, 380); } } function footnote_moveToAnchor_3692_1(p_str_TargetID) { footnote_expand_reference_container_3692_1(); var l_obj_Target = jQuery('#' + p_str_TargetID); if (l_obj_Target.length) { jQuery( 'html, body' ).delay( 0 ); jQuery('html, body').animate({ scrollTop: l_obj_Target.offset().top - window.innerHeight * 0.2 }, 380); } }<\/script>","protected":false},"excerpt":{"rendered":"<p>Sau khi qu\u00fd v\u1ecb v\u00e0 trung t\u00e2m khu v\u1ef1c nh\u1ea5t tr\u00ed v\u1ec1 c\u00e1c d\u1ecbch v\u1ee5 v\u00e0 s\u1ef1 h\u1ed7 tr\u1ee3 qu\u00fd v\u1ecb c\u1ea7n, trung t\u00e2m khu&hellip;<\/p>\n","protected":false},"author":1,"featured_media":0,"parent":1193,"menu_order":66,"comment_status":"closed","ping_status":"closed","template":"","meta":{"footnotes":""},"class_list":["post-3692","page","type-page","status-publish","hentry"],"_links":{"self":[{"href":"https:\/\/rula.disabilityrightsca.org\/vi\/wp-json\/wp\/v2\/pages\/3692","targetHints":{"allow":["GET"]}}],"collection":[{"href":"https:\/\/rula.disabilityrightsca.org\/vi\/wp-json\/wp\/v2\/pages"}],"about":[{"href":"https:\/\/rula.disabilityrightsca.org\/vi\/wp-json\/wp\/v2\/types\/page"}],"author":[{"embeddable":true,"href":"https:\/\/rula.disabilityrightsca.org\/vi\/wp-json\/wp\/v2\/users\/1"}],"replies":[{"embeddable":true,"href":"https:\/\/rula.disabilityrightsca.org\/vi\/wp-json\/wp\/v2\/comments?post=3692"}],"version-history":[{"count":4,"href":"https:\/\/rula.disabilityrightsca.org\/vi\/wp-json\/wp\/v2\/pages\/3692\/revisions"}],"predecessor-version":[{"id":3848,"href":"https:\/\/rula.disabilityrightsca.org\/vi\/wp-json\/wp\/v2\/pages\/3692\/revisions\/3848"}],"up":[{"embeddable":true,"href":"https:\/\/rula.disabilityrightsca.org\/vi\/wp-json\/wp\/v2\/pages\/1193"}],"wp:attachment":[{"href":"https:\/\/rula.disabilityrightsca.org\/vi\/wp-json\/wp\/v2\/media?parent=3692"}],"curies":[{"name":"wp","href":"https:\/\/api.w.org\/{rel}","templated":true}]}}