{"id":3690,"date":"2023-07-10T18:18:01","date_gmt":"2023-07-10T18:18:01","guid":{"rendered":"https:\/\/rula.disabilityrightsca.org\/vi\/?page_id=3690"},"modified":"2024-10-09T17:49:54","modified_gmt":"2024-10-09T17:49:54","slug":"4-65-trung-tam-khu-vuc-co-phai-dam-bao-thuc-hien-ipp-cua-toi-khong","status":"publish","type":"page","link":"https:\/\/rula.disabilityrightsca.org\/vi\/rula-book\/chapter-4-individual-program-plans\/4-65-trung-tam-khu-vuc-co-phai-dam-bao-thuc-hien-ipp-cua-toi-khong\/","title":{"rendered":"(4.66) Trung t\u00e2m khu v\u1ef1c c\u00f3 ph\u1ea3i \u0111\u1ea3m b\u1ea3o th\u1ef1c hi\u1ec7n IPP c\u1ee7a t\u00f4i kh\u00f4ng?"},"content":{"rendered":"\n<p>Trung t\u00e2m khu v\u1ef1c ph\u1ea3i n\u1ed7 l\u1ef1c \u0111\u1ec3 \u0111\u1ea3m b\u1ea3o th\u1ef1c hi\u1ec7n IPP c\u1ee7a qu\u00fd v\u1ecb, bao g\u1ed3m:<\/p>\n\n\n\n<ul class=\"wp-block-list\"><li>Nh\u1eadn c\u00e1c d\u1ecbch v\u1ee5 v\u00e0 s\u1ef1 h\u1ed7 tr\u1ee3 \u0111\u01b0\u1ee3c x\u00e1c \u0111\u1ecbnh trong IPP c\u1ee7a qu\u00fd v\u1ecb. \u0110i\u1ec1u n\u00e0y l\u00e0 \u0111\u00fang n\u1ebfu d\u1ecbch v\u1ee5 do trung t\u00e2m khu v\u1ef1c cung c\u1ea5p ho\u1eb7c do ng\u01b0\u1eddi kh\u00e1c \u0111\u01b0\u1ee3c trung t\u00e2m khu v\u1ef1c thanh to\u00e1n \u0111\u1ec3 cung c\u1ea5p ho\u1eb7c d\u1ecbch v\u1ee5 \u0111\u01b0\u1ee3c c\u00e1c c\u01a1 quan chung ho\u1eb7c ng\u01b0\u1eddi h\u1ed7 tr\u1ee3 t\u1ef1 nhi\u00ean cung c\u1ea5p. (H\u00e3y m\u00f4 t\u1ea3 c\u1ee5 th\u1ec3 v\u1ec1 c\u00e1c d\u1ecbch v\u1ee5 v\u00e0 s\u1ef1 h\u1ed7 tr\u1ee3 qu\u00fd v\u1ecb mu\u1ed1n v\u00e0 c\u1ea7n.)<span class=\"footnote_referrer\"><a role=\"button\" tabindex=\"0\" onclick=\"footnote_moveToReference_3690_1('footnote_plugin_reference_3690_1_1');\" onkeypress=\"footnote_moveToReference_3690_1('footnote_plugin_reference_3690_1_1');\" ><sup id=\"footnote_plugin_tooltip_3690_1_1\" class=\"footnote_plugin_tooltip_text\">[1]<\/sup><\/a><span id=\"footnote_plugin_tooltip_text_3690_1_1\" class=\"footnote_tooltip\">C\u00e1c M\u1ee5c 4648(a) v\u00e0 4646.5(a)(5).<\/span><\/span><script type=\"text\/javascript\"> jQuery('#footnote_plugin_tooltip_3690_1_1').tooltip({ tip: '#footnote_plugin_tooltip_text_3690_1_1', tipClass: 'footnote_tooltip', effect: 'fade', predelay: 0, fadeInSpeed: 200, delay: 400, fadeOutSpeed: 200, position: 'top center', relative: true, offset: [-7, 0], });<\/script><\/li><li>B\u00eanh v\u1ef1c cho c\u00e1c quy\u1ec1n ph\u00e1p l\u00fd, d\u00e2n s\u1ef1 v\u00e0 d\u1ecbch v\u1ee5 c\u1ee7a qu\u00fd v\u1ecb \u0111\u1ec3 \u0111\u1ea3m b\u1ea3o qu\u00fd v\u1ecb nh\u1eadn c\u00e1c d\u1ecbch v\u1ee5 \u0111\u01b0\u1ee3c li\u1ec7t k\u00ea trong IPP.<span class=\"footnote_referrer\"><a role=\"button\" tabindex=\"0\" onclick=\"footnote_moveToReference_3690_1('footnote_plugin_reference_3690_1_2');\" onkeypress=\"footnote_moveToReference_3690_1('footnote_plugin_reference_3690_1_2');\" ><sup id=\"footnote_plugin_tooltip_3690_1_2\" class=\"footnote_plugin_tooltip_text\">[2]<\/sup><\/a><span id=\"footnote_plugin_tooltip_text_3690_1_2\" class=\"footnote_tooltip\">C\u00e1c M\u1ee5c 4648(b) v\u00e0 4512(b).<\/span><\/span><script type=\"text\/javascript\"> jQuery('#footnote_plugin_tooltip_3690_1_2').tooltip({ tip: '#footnote_plugin_tooltip_text_3690_1_2', tipClass: 'footnote_tooltip', effect: 'fade', predelay: 0, fadeInSpeed: 200, delay: 400, fadeOutSpeed: 200, position: 'top center', relative: true, offset: [-7, 0], });<\/script> <em>(Xem <\/em><a href=\"https:\/\/rula.disabilityrightsca.org\/rula-book\/chapter-4-individual-program-plans\/how-does-the-regional-center-make-sure-i-get-the-services-and-supports-in-my-ipp\/\"><em>C\u00e2u h\u1ecfi 47<\/em><\/a><em>.)<\/em><\/li><li>X\u00e1c \u0111\u1ecbnh v\u00e0 x\u00e2y d\u1ef1ng V\u00f2ng H\u1ed7 Tr\u1ee3 cho qu\u00fd v\u1ecb.<span class=\"footnote_referrer\"><a role=\"button\" tabindex=\"0\" onclick=\"footnote_moveToReference_3690_1('footnote_plugin_reference_3690_1_3');\" onkeypress=\"footnote_moveToReference_3690_1('footnote_plugin_reference_3690_1_3');\" ><sup id=\"footnote_plugin_tooltip_3690_1_3\" class=\"footnote_plugin_tooltip_text\">[3]<\/sup><\/a><span id=\"footnote_plugin_tooltip_text_3690_1_3\" class=\"footnote_tooltip\">M\u1ee5c 4648(c).<\/span><\/span><script type=\"text\/javascript\"> jQuery('#footnote_plugin_tooltip_3690_1_3').tooltip({ tip: '#footnote_plugin_tooltip_text_3690_1_3', tipClass: 'footnote_tooltip', effect: 'fade', predelay: 0, fadeInSpeed: 200, delay: 400, fadeOutSpeed: 200, position: 'top center', relative: true, offset: [-7, 0], });<\/script><\/li><li>\u0110\u1ea3m b\u1ea3o ch\u1ea5t l\u01b0\u1ee3ng c\u1ee7a c\u00e1c d\u1ecbch v\u1ee5 qu\u00fd v\u1ecb nh\u1eadn \u0111\u01b0\u1ee3c.<span class=\"footnote_referrer\"><a role=\"button\" tabindex=\"0\" onclick=\"footnote_moveToReference_3690_1('footnote_plugin_reference_3690_1_4');\" onkeypress=\"footnote_moveToReference_3690_1('footnote_plugin_reference_3690_1_4');\" ><sup id=\"footnote_plugin_tooltip_3690_1_4\" class=\"footnote_plugin_tooltip_text\">[4]<\/sup><\/a><span id=\"footnote_plugin_tooltip_text_3690_1_4\" class=\"footnote_tooltip\">M\u1ee5c 4648(d).<\/span><\/span><script type=\"text\/javascript\"> jQuery('#footnote_plugin_tooltip_3690_1_4').tooltip({ tip: '#footnote_plugin_tooltip_text_3690_1_4', tipClass: 'footnote_tooltip', effect: 'fade', predelay: 0, fadeInSpeed: 200, delay: 400, fadeOutSpeed: 200, position: 'top center', relative: true, offset: [-7, 0], });<\/script><\/li><li>Ph\u00e1t tri\u1ec3n c\u00e1c ch\u01b0\u01a1ng tr\u00ecnh m\u1edbi, n\u1ebfu nh\u1eefng \u0111i\u1ec1u qu\u00fd v\u1ecb c\u1ea7n hi\u1ec7n kh\u00f4ng t\u1ed3n t\u1ea1i ho\u1eb7c kh\u00f4ng \u0111\u01b0\u1ee3c cung c\u1ea5p.<span class=\"footnote_referrer\"><a role=\"button\" tabindex=\"0\" onclick=\"footnote_moveToReference_3690_1('footnote_plugin_reference_3690_1_5');\" onkeypress=\"footnote_moveToReference_3690_1('footnote_plugin_reference_3690_1_5');\" ><sup id=\"footnote_plugin_tooltip_3690_1_5\" class=\"footnote_plugin_tooltip_text\">[5]<\/sup><\/a><span id=\"footnote_plugin_tooltip_text_3690_1_5\" class=\"footnote_tooltip\">M\u1ee5c 4648(e).<\/span><\/span><script type=\"text\/javascript\"> jQuery('#footnote_plugin_tooltip_3690_1_5').tooltip({ tip: '#footnote_plugin_tooltip_text_3690_1_5', tipClass: 'footnote_tooltip', effect: 'fade', predelay: 0, fadeInSpeed: 200, delay: 400, fadeOutSpeed: 200, position: 'top center', relative: true, offset: [-7, 0], });<\/script><\/li><\/ul>\n<div class=\"speaker-mute footnotes_reference_container\"> <div class=\"footnote_container_prepare\"><p><span role=\"button\" tabindex=\"0\" class=\"footnote_reference_container_label pointer\" onclick=\"footnote_expand_collapse_reference_container_3690_1();\">&#x202F;<\/span><span role=\"button\" tabindex=\"0\" class=\"footnote_reference_container_collapse_button\" style=\"display: none;\" onclick=\"footnote_expand_collapse_reference_container_3690_1();\">[<a id=\"footnote_reference_container_collapse_button_3690_1\">+<\/a>]<\/span><\/p><\/div> <div id=\"footnote_references_container_3690_1\" style=\"\"><table class=\"footnotes_table footnote-reference-container\"><caption class=\"accessibility\">References<\/caption> <tbody> \r\n\r\n<tr class=\"footnotes_plugin_reference_row\"> <th scope=\"row\" class=\"footnote_plugin_index_combi pointer\"  onclick=\"footnote_moveToAnchor_3690_1('footnote_plugin_tooltip_3690_1_1');\"><a id=\"footnote_plugin_reference_3690_1_1\" class=\"footnote_backlink\"><span class=\"footnote_index_arrow\">&#8593;<\/span>1<\/a><\/th> <td class=\"footnote_plugin_text\">C\u00e1c M\u1ee5c 4648(a) v\u00e0 4646.5(a)(5).<\/td><\/tr>\r\n\r\n<tr class=\"footnotes_plugin_reference_row\"> <th scope=\"row\" class=\"footnote_plugin_index_combi pointer\"  onclick=\"footnote_moveToAnchor_3690_1('footnote_plugin_tooltip_3690_1_2');\"><a id=\"footnote_plugin_reference_3690_1_2\" class=\"footnote_backlink\"><span class=\"footnote_index_arrow\">&#8593;<\/span>2<\/a><\/th> <td class=\"footnote_plugin_text\">C\u00e1c M\u1ee5c 4648(b) v\u00e0 4512(b).<\/td><\/tr>\r\n\r\n<tr class=\"footnotes_plugin_reference_row\"> <th scope=\"row\" class=\"footnote_plugin_index_combi pointer\"  onclick=\"footnote_moveToAnchor_3690_1('footnote_plugin_tooltip_3690_1_3');\"><a id=\"footnote_plugin_reference_3690_1_3\" class=\"footnote_backlink\"><span class=\"footnote_index_arrow\">&#8593;<\/span>3<\/a><\/th> <td class=\"footnote_plugin_text\">M\u1ee5c 4648(c).<\/td><\/tr>\r\n\r\n<tr class=\"footnotes_plugin_reference_row\"> <th scope=\"row\" class=\"footnote_plugin_index_combi pointer\"  onclick=\"footnote_moveToAnchor_3690_1('footnote_plugin_tooltip_3690_1_4');\"><a id=\"footnote_plugin_reference_3690_1_4\" class=\"footnote_backlink\"><span class=\"footnote_index_arrow\">&#8593;<\/span>4<\/a><\/th> <td class=\"footnote_plugin_text\">M\u1ee5c 4648(d).<\/td><\/tr>\r\n\r\n<tr class=\"footnotes_plugin_reference_row\"> <th scope=\"row\" class=\"footnote_plugin_index_combi pointer\"  onclick=\"footnote_moveToAnchor_3690_1('footnote_plugin_tooltip_3690_1_5');\"><a id=\"footnote_plugin_reference_3690_1_5\" class=\"footnote_backlink\"><span class=\"footnote_index_arrow\">&#8593;<\/span>5<\/a><\/th> <td class=\"footnote_plugin_text\">M\u1ee5c 4648(e).<\/td><\/tr>\r\n\r\n <\/tbody> <\/table> <\/div><\/div><script type=\"text\/javascript\"> function footnote_expand_reference_container_3690_1() { jQuery('#footnote_references_container_3690_1').show(); jQuery('#footnote_reference_container_collapse_button_3690_1').text('\u2212'); } function footnote_collapse_reference_container_3690_1() { jQuery('#footnote_references_container_3690_1').hide(); jQuery('#footnote_reference_container_collapse_button_3690_1').text('+'); } function footnote_expand_collapse_reference_container_3690_1() { if (jQuery('#footnote_references_container_3690_1').is(':hidden')) { footnote_expand_reference_container_3690_1(); } else { footnote_collapse_reference_container_3690_1(); } } function footnote_moveToReference_3690_1(p_str_TargetID) { footnote_expand_reference_container_3690_1(); var l_obj_Target = jQuery('#' + p_str_TargetID); if (l_obj_Target.length) { jQuery( 'html, body' ).delay( 0 ); jQuery('html, body').animate({ scrollTop: l_obj_Target.offset().top - window.innerHeight * 0.2 }, 380); } } function footnote_moveToAnchor_3690_1(p_str_TargetID) { footnote_expand_reference_container_3690_1(); var l_obj_Target = jQuery('#' + p_str_TargetID); if (l_obj_Target.length) { jQuery( 'html, body' ).delay( 0 ); jQuery('html, body').animate({ scrollTop: l_obj_Target.offset().top - window.innerHeight * 0.2 }, 380); } }<\/script>","protected":false},"excerpt":{"rendered":"<p>Trung t\u00e2m khu v\u1ef1c ph\u1ea3i n\u1ed7 l\u1ef1c \u0111\u1ec3 \u0111\u1ea3m b\u1ea3o th\u1ef1c hi\u1ec7n IPP c\u1ee7a qu\u00fd v\u1ecb, bao g\u1ed3m: Nh\u1eadn c\u00e1c d\u1ecbch v\u1ee5 v\u00e0 s\u1ef1 h\u1ed7&hellip;<\/p>\n","protected":false},"author":1,"featured_media":0,"parent":1193,"menu_order":65,"comment_status":"closed","ping_status":"closed","template":"","meta":{"footnotes":""},"class_list":["post-3690","page","type-page","status-publish","hentry"],"_links":{"self":[{"href":"https:\/\/rula.disabilityrightsca.org\/vi\/wp-json\/wp\/v2\/pages\/3690","targetHints":{"allow":["GET"]}}],"collection":[{"href":"https:\/\/rula.disabilityrightsca.org\/vi\/wp-json\/wp\/v2\/pages"}],"about":[{"href":"https:\/\/rula.disabilityrightsca.org\/vi\/wp-json\/wp\/v2\/types\/page"}],"author":[{"embeddable":true,"href":"https:\/\/rula.disabilityrightsca.org\/vi\/wp-json\/wp\/v2\/users\/1"}],"replies":[{"embeddable":true,"href":"https:\/\/rula.disabilityrightsca.org\/vi\/wp-json\/wp\/v2\/comments?post=3690"}],"version-history":[{"count":2,"href":"https:\/\/rula.disabilityrightsca.org\/vi\/wp-json\/wp\/v2\/pages\/3690\/revisions"}],"predecessor-version":[{"id":3849,"href":"https:\/\/rula.disabilityrightsca.org\/vi\/wp-json\/wp\/v2\/pages\/3690\/revisions\/3849"}],"up":[{"embeddable":true,"href":"https:\/\/rula.disabilityrightsca.org\/vi\/wp-json\/wp\/v2\/pages\/1193"}],"wp:attachment":[{"href":"https:\/\/rula.disabilityrightsca.org\/vi\/wp-json\/wp\/v2\/media?parent=3690"}],"curies":[{"name":"wp","href":"https:\/\/api.w.org\/{rel}","templated":true}]}}