{"id":3675,"date":"2023-07-10T18:04:19","date_gmt":"2023-07-10T18:04:19","guid":{"rendered":"https:\/\/rula.disabilityrightsca.org\/vi\/?page_id=3675"},"modified":"2024-10-09T17:51:03","modified_gmt":"2024-10-09T17:51:03","slug":"4-64-neu-toi-khang-cao-quyet-dinh-cua-trung-tam-khu-vuc-ve-viec-giam-bot-thay-doi-hoac-dung-dich-vu-ipp-chuyen-gi-se-xay-ra-voi-dich-vu-do-trong-thoi-gian-toi-khang-cao","status":"publish","type":"page","link":"https:\/\/rula.disabilityrightsca.org\/vi\/rula-book\/chapter-4-individual-program-plans\/4-64-neu-toi-khang-cao-quyet-dinh-cua-trung-tam-khu-vuc-ve-viec-giam-bot-thay-doi-hoac-dung-dich-vu-ipp-chuyen-gi-se-xay-ra-voi-dich-vu-do-trong-thoi-gian-toi-khang-cao\/","title":{"rendered":"(4.65) N\u1ebfu t\u00f4i kh\u00e1ng c\u00e1o quy\u1ebft \u0111\u1ecbnh c\u1ee7a trung t\u00e2m khu v\u1ef1c v\u1ec1 vi\u1ec7c gi\u1ea3m b\u1edbt, thay \u0111\u1ed5i ho\u1eb7c d\u1eebng d\u1ecbch v\u1ee5 IPP, chuy\u1ec7n g\u00ec s\u1ebd x\u1ea3y ra v\u1edbi d\u1ecbch v\u1ee5 \u0111\u00f3 trong th\u1eddi gian t\u00f4i kh\u00e1ng c\u00e1o?"},"content":{"rendered":"\n<p>Qu\u00fd v\u1ecb ph\u1ea3i n\u1ed9p \u0111\u01a1n kh\u00e1ng c\u00e1o trong v\u00f2ng <strong>10 ng\u00e0y <\/strong>k\u1ec3 t\u1eeb ng\u00e0y qu\u00fd v\u1ecb nh\u1eadn th\u00f4ng b\u00e1o qua th\u01b0 \u0111\u1ec3 \u0111\u01b0\u1ee3c cung c\u1ea5p d\u1ecbch v\u1ee5 cho \u0111\u1ebfn khi c\u00f3 quy\u1ebft \u0111\u1ecbnh v\u1ec1 kh\u00e1ng c\u00e1o. <span class=\"footnote_referrer\"><a role=\"button\" tabindex=\"0\" onclick=\"footnote_moveToReference_3675_1('footnote_plugin_reference_3675_1_1');\" onkeypress=\"footnote_moveToReference_3675_1('footnote_plugin_reference_3675_1_1');\" ><sup id=\"footnote_plugin_tooltip_3675_1_1\" class=\"footnote_plugin_tooltip_text\">[1]<\/sup><\/a><span id=\"footnote_plugin_tooltip_text_3675_1_1\" class=\"footnote_tooltip\">M\u1ee5c 4701(n) v\u00e0 4715(a).<\/span><\/span><script type=\"text\/javascript\"> jQuery('#footnote_plugin_tooltip_3675_1_1').tooltip({ tip: '#footnote_plugin_tooltip_text_3675_1_1', tipClass: 'footnote_tooltip', effect: 'fade', predelay: 0, fadeInSpeed: 200, delay: 400, fadeOutSpeed: 200, position: 'top center', relative: true, offset: [-7, 0], });<\/script> \u0110\u00e2y \u0111\u01b0\u1ee3c g\u1ecdi l\u00e0 <em>\u201cTr\u1ee3 C\u1ea5p Thanh To\u00e1n Trong Khi Ch\u1edd \u0110\u1ee3i\u201d. <\/em>N\u1ebfu qu\u00fd v\u1ecb kh\u00f4ng g\u1eedi email \u0111\u01a1n kh\u00e1ng c\u00e1o, ng\u00e0y kh\u00e1ng c\u00e1o c\u1ee7a qu\u00fd v\u1ecb s\u1ebd l\u00e0 ng\u00e0y theo d\u1ea5u b\u01b0u \u0111i\u1ec7n tr\u00ean th\u01b0 kh\u00e1ng c\u00e1o c\u1ee7a qu\u00fd v\u1ecb. Qu\u00fd v\u1ecb lu\u00f4n c\u00f3 <strong>30 ng\u00e0y<\/strong> sau khi trung t\u00e2m khu v\u1ef1c th\u00f4ng b\u00e1o cho qu\u00fd v\u1ecb v\u1ec1 vi\u1ec7c gi\u1ea3m b\u1edbt, ch\u1ea5m d\u1ee9t ho\u1eb7c thay \u0111\u1ed5i \u0111\u1ec3 kh\u00e1ng c\u00e1o \u0111\u1ec1 xu\u1ea5t thay \u0111\u1ed5i \u0111\u00f3. Tuy nhi\u00ean, \u0111\u1ec3 ti\u1ebfp t\u1ee5c s\u1eed d\u1ee5ng d\u1ecbch v\u1ee5 cho \u0111\u1ebfn khi c\u00f3 quy\u1ebft \u0111\u1ecbnh v\u1ec1 kh\u00e1ng c\u00e1o, qu\u00fd v\u1ecb ph\u1ea3i h\u00e0nh \u0111\u1ed9ng nhanh h\u01a1n v\u00e0 kh\u00e1ng c\u00e1o trong v\u00f2ng <strong>10 ng\u00e0y <\/strong>k\u1ec3 t\u1eeb khi nh\u1eadn \u0111\u01b0\u1ee3c th\u00f4ng b\u00e1o c\u1ee7a trung t\u00e2m khu v\u1ef1c.<span class=\"footnote_referrer\"><a role=\"button\" tabindex=\"0\" onclick=\"footnote_moveToReference_3675_1('footnote_plugin_reference_3675_1_2');\" onkeypress=\"footnote_moveToReference_3675_1('footnote_plugin_reference_3675_1_2');\" ><sup id=\"footnote_plugin_tooltip_3675_1_2\" class=\"footnote_plugin_tooltip_text\">[2]<\/sup><\/a><span id=\"footnote_plugin_tooltip_text_3675_1_2\" class=\"footnote_tooltip\">M\u1ee5c 4710.5(a).<\/span><\/span><script type=\"text\/javascript\"> jQuery('#footnote_plugin_tooltip_3675_1_2').tooltip({ tip: '#footnote_plugin_tooltip_text_3675_1_2', tipClass: 'footnote_tooltip', effect: 'fade', predelay: 0, fadeInSpeed: 200, delay: 400, fadeOutSpeed: 200, position: 'top center', relative: true, offset: [-7, 0], });<\/script><\/p>\n<div class=\"speaker-mute footnotes_reference_container\"> <div class=\"footnote_container_prepare\"><p><span role=\"button\" tabindex=\"0\" class=\"footnote_reference_container_label pointer\" onclick=\"footnote_expand_collapse_reference_container_3675_1();\">&#x202F;<\/span><span role=\"button\" tabindex=\"0\" class=\"footnote_reference_container_collapse_button\" style=\"display: none;\" onclick=\"footnote_expand_collapse_reference_container_3675_1();\">[<a id=\"footnote_reference_container_collapse_button_3675_1\">+<\/a>]<\/span><\/p><\/div> <div id=\"footnote_references_container_3675_1\" style=\"\"><table class=\"footnotes_table footnote-reference-container\"><caption class=\"accessibility\">References<\/caption> <tbody> \r\n\r\n<tr class=\"footnotes_plugin_reference_row\"> <th scope=\"row\" class=\"footnote_plugin_index_combi pointer\"  onclick=\"footnote_moveToAnchor_3675_1('footnote_plugin_tooltip_3675_1_1');\"><a id=\"footnote_plugin_reference_3675_1_1\" class=\"footnote_backlink\"><span class=\"footnote_index_arrow\">&#8593;<\/span>1<\/a><\/th> <td class=\"footnote_plugin_text\">M\u1ee5c 4701(n) v\u00e0 4715(a).<\/td><\/tr>\r\n\r\n<tr class=\"footnotes_plugin_reference_row\"> <th scope=\"row\" class=\"footnote_plugin_index_combi pointer\"  onclick=\"footnote_moveToAnchor_3675_1('footnote_plugin_tooltip_3675_1_2');\"><a id=\"footnote_plugin_reference_3675_1_2\" class=\"footnote_backlink\"><span class=\"footnote_index_arrow\">&#8593;<\/span>2<\/a><\/th> <td class=\"footnote_plugin_text\">M\u1ee5c 4710.5(a).<\/td><\/tr>\r\n\r\n <\/tbody> <\/table> <\/div><\/div><script type=\"text\/javascript\"> function footnote_expand_reference_container_3675_1() { jQuery('#footnote_references_container_3675_1').show(); jQuery('#footnote_reference_container_collapse_button_3675_1').text('\u2212'); } function footnote_collapse_reference_container_3675_1() { jQuery('#footnote_references_container_3675_1').hide(); jQuery('#footnote_reference_container_collapse_button_3675_1').text('+'); } function footnote_expand_collapse_reference_container_3675_1() { if (jQuery('#footnote_references_container_3675_1').is(':hidden')) { footnote_expand_reference_container_3675_1(); } else { footnote_collapse_reference_container_3675_1(); } } function footnote_moveToReference_3675_1(p_str_TargetID) { footnote_expand_reference_container_3675_1(); var l_obj_Target = jQuery('#' + p_str_TargetID); if (l_obj_Target.length) { jQuery( 'html, body' ).delay( 0 ); jQuery('html, body').animate({ scrollTop: l_obj_Target.offset().top - window.innerHeight * 0.2 }, 380); } } function footnote_moveToAnchor_3675_1(p_str_TargetID) { footnote_expand_reference_container_3675_1(); var l_obj_Target = jQuery('#' + p_str_TargetID); if (l_obj_Target.length) { jQuery( 'html, body' ).delay( 0 ); jQuery('html, body').animate({ scrollTop: l_obj_Target.offset().top - window.innerHeight * 0.2 }, 380); } }<\/script>","protected":false},"excerpt":{"rendered":"<p>Qu\u00fd v\u1ecb ph\u1ea3i n\u1ed9p \u0111\u01a1n kh\u00e1ng c\u00e1o trong v\u00f2ng 10 ng\u00e0y k\u1ec3 t\u1eeb ng\u00e0y qu\u00fd v\u1ecb nh\u1eadn th\u00f4ng b\u00e1o qua th\u01b0 \u0111\u1ec3 \u0111\u01b0\u1ee3c cung c\u1ea5p&hellip;<\/p>\n","protected":false},"author":1,"featured_media":0,"parent":1193,"menu_order":64,"comment_status":"closed","ping_status":"closed","template":"","meta":{"footnotes":""},"class_list":["post-3675","page","type-page","status-publish","hentry"],"_links":{"self":[{"href":"https:\/\/rula.disabilityrightsca.org\/vi\/wp-json\/wp\/v2\/pages\/3675","targetHints":{"allow":["GET"]}}],"collection":[{"href":"https:\/\/rula.disabilityrightsca.org\/vi\/wp-json\/wp\/v2\/pages"}],"about":[{"href":"https:\/\/rula.disabilityrightsca.org\/vi\/wp-json\/wp\/v2\/types\/page"}],"author":[{"embeddable":true,"href":"https:\/\/rula.disabilityrightsca.org\/vi\/wp-json\/wp\/v2\/users\/1"}],"replies":[{"embeddable":true,"href":"https:\/\/rula.disabilityrightsca.org\/vi\/wp-json\/wp\/v2\/comments?post=3675"}],"version-history":[{"count":2,"href":"https:\/\/rula.disabilityrightsca.org\/vi\/wp-json\/wp\/v2\/pages\/3675\/revisions"}],"predecessor-version":[{"id":3850,"href":"https:\/\/rula.disabilityrightsca.org\/vi\/wp-json\/wp\/v2\/pages\/3675\/revisions\/3850"}],"up":[{"embeddable":true,"href":"https:\/\/rula.disabilityrightsca.org\/vi\/wp-json\/wp\/v2\/pages\/1193"}],"wp:attachment":[{"href":"https:\/\/rula.disabilityrightsca.org\/vi\/wp-json\/wp\/v2\/media?parent=3675"}],"curies":[{"name":"wp","href":"https:\/\/api.w.org\/{rel}","templated":true}]}}