{"id":3673,"date":"2023-07-10T18:03:00","date_gmt":"2023-07-10T18:03:00","guid":{"rendered":"https:\/\/rula.disabilityrightsca.org\/vi\/?page_id=3673"},"modified":"2024-10-09T17:52:29","modified_gmt":"2024-10-09T17:52:29","slug":"4-63-trung-tam-khu-vuc-co-the-thay-doi-ipp-cua-toi-khi-khong-co-su-cho-phep-cua-toi-va-khong-thong-bao-truoc-cho-toi-khong","status":"publish","type":"page","link":"https:\/\/rula.disabilityrightsca.org\/vi\/rula-book\/chapter-4-individual-program-plans\/4-63-trung-tam-khu-vuc-co-the-thay-doi-ipp-cua-toi-khi-khong-co-su-cho-phep-cua-toi-va-khong-thong-bao-truoc-cho-toi-khong\/","title":{"rendered":"(4.64) Trung t\u00e2m khu v\u1ef1c c\u00f3 th\u1ec3 thay \u0111\u1ed5i IPP c\u1ee7a t\u00f4i khi kh\u00f4ng c\u00f3 s\u1ef1 cho ph\u00e9p c\u1ee7a t\u00f4i v\u00e0 kh\u00f4ng th\u00f4ng b\u00e1o tr\u01b0\u1edbc cho t\u00f4i kh\u00f4ng?"},"content":{"rendered":"\n<p>Khi kh\u00f4ng c\u00f3 s\u1ef1 cho ph\u00e9p c\u1ee7a qu\u00fd v\u1ecb, trung t\u00e2m khu v\u1ef1c kh\u00f4ng th\u1ec3 gi\u1ea3m b\u1edbt, ch\u1ea5m d\u1ee9t ho\u1eb7c thay \u0111\u1ed5i m\u1ed9t d\u1ecbch v\u1ee5 trong IPP. Tuy nhi\u00ean, n\u1ebfu qu\u00fd v\u1ecb \u0111\u1ed3ng \u00fd v\u1edbi thay \u0111\u1ed5i, trung t\u00e2m khu v\u1ef1c s\u1ebd kh\u00f4ng ph\u1ea3i g\u1eedi th\u00f4ng b\u00e1o cho qu\u00fd v\u1ecb tr\u01b0\u1edbc khi h\u00e0nh \u0111\u1ed9ng c\u00f3 hi\u1ec7u l\u1ef1c.<span class=\"footnote_referrer\"><a role=\"button\" tabindex=\"0\" onclick=\"footnote_moveToReference_3673_1('footnote_plugin_reference_3673_1_1');\" onkeypress=\"footnote_moveToReference_3673_1('footnote_plugin_reference_3673_1_1');\" ><sup id=\"footnote_plugin_tooltip_3673_1_1\" class=\"footnote_plugin_tooltip_text\">[1]<\/sup><\/a><span id=\"footnote_plugin_tooltip_text_3673_1_1\" class=\"footnote_tooltip\">M\u1ee5c 4710(a).<\/span><\/span><script type=\"text\/javascript\"> jQuery('#footnote_plugin_tooltip_3673_1_1').tooltip({ tip: '#footnote_plugin_tooltip_text_3673_1_1', tipClass: 'footnote_tooltip', effect: 'fade', predelay: 0, fadeInSpeed: 200, delay: 400, fadeOutSpeed: 200, position: 'top center', relative: true, offset: [-7, 0], });<\/script> Trung t\u00e2m khu v\u1ef1c c\u0169ng kh\u00f4ng ph\u1ea3i g\u1eedi cho qu\u00fd v\u1ecb th\u00f4ng b\u00e1o tr\u01b0\u1edbc khi gi\u1ea3m b\u1edbt, ch\u1ea5m d\u1ee9t ho\u1eb7c thay \u0111\u1ed5i m\u1ed9t d\u1ecbch v\u1ee5 trong IPP n\u1ebfu trung t\u00e2m khu v\u1ef1c x\u00e1c \u0111\u1ecbnh r\u1eb1ng h\u00e0nh \u0111\u1ed9ng n\u00e0y l\u00e0 c\u1ea7n thi\u1ebft \u0111\u1ed1i v\u1edbi s\u1ee9c kh\u1ecfe v\u00e0 s\u1ef1 an to\u00e0n c\u1ee7a qu\u00fd v\u1ecb. Tuy nhi\u00ean, trung t\u00e2m khu v\u1ef1c v\u1eabn ph\u1ea3i g\u1eedi qu\u00fd v\u1ecb th\u00f4ng b\u00e1o v\u1ec1 h\u00e0nh \u0111\u1ed9ng n\u00e0y <strong>trong v\u00f2ng m\u01b0\u1eddi ng\u00e0y sau khi <\/strong>h\u00e0nh \u0111\u1ed9ng gi\u1ea3m b\u1edbt, ch\u1ea5m d\u1ee9t ho\u1eb7c thay \u0111\u1ed5i c\u00e1c d\u1ecbch v\u1ee5 c\u1ee7a qu\u00fd v\u1ecb di\u1ec5n ra.<span class=\"footnote_referrer\"><a role=\"button\" tabindex=\"0\" onclick=\"footnote_moveToReference_3673_1('footnote_plugin_reference_3673_1_2');\" onkeypress=\"footnote_moveToReference_3673_1('footnote_plugin_reference_3673_1_2');\" ><sup id=\"footnote_plugin_tooltip_3673_1_2\" class=\"footnote_plugin_tooltip_text\">[2]<\/sup><\/a><span id=\"footnote_plugin_tooltip_text_3673_1_2\" class=\"footnote_tooltip\">M\u1ee5c 4710(f).<\/span><\/span><script type=\"text\/javascript\"> jQuery('#footnote_plugin_tooltip_3673_1_2').tooltip({ tip: '#footnote_plugin_tooltip_text_3673_1_2', tipClass: 'footnote_tooltip', effect: 'fade', predelay: 0, fadeInSpeed: 200, delay: 400, fadeOutSpeed: 200, position: 'top center', relative: true, offset: [-7, 0], });<\/script><\/p>\n<div class=\"speaker-mute footnotes_reference_container\"> <div class=\"footnote_container_prepare\"><p><span role=\"button\" tabindex=\"0\" class=\"footnote_reference_container_label pointer\" onclick=\"footnote_expand_collapse_reference_container_3673_1();\">&#x202F;<\/span><span role=\"button\" tabindex=\"0\" class=\"footnote_reference_container_collapse_button\" style=\"display: none;\" onclick=\"footnote_expand_collapse_reference_container_3673_1();\">[<a id=\"footnote_reference_container_collapse_button_3673_1\">+<\/a>]<\/span><\/p><\/div> <div id=\"footnote_references_container_3673_1\" style=\"\"><table class=\"footnotes_table footnote-reference-container\"><caption class=\"accessibility\">References<\/caption> <tbody> \r\n\r\n<tr class=\"footnotes_plugin_reference_row\"> <th scope=\"row\" class=\"footnote_plugin_index_combi pointer\"  onclick=\"footnote_moveToAnchor_3673_1('footnote_plugin_tooltip_3673_1_1');\"><a id=\"footnote_plugin_reference_3673_1_1\" class=\"footnote_backlink\"><span class=\"footnote_index_arrow\">&#8593;<\/span>1<\/a><\/th> <td class=\"footnote_plugin_text\">M\u1ee5c 4710(a).<\/td><\/tr>\r\n\r\n<tr class=\"footnotes_plugin_reference_row\"> <th scope=\"row\" class=\"footnote_plugin_index_combi pointer\"  onclick=\"footnote_moveToAnchor_3673_1('footnote_plugin_tooltip_3673_1_2');\"><a id=\"footnote_plugin_reference_3673_1_2\" class=\"footnote_backlink\"><span class=\"footnote_index_arrow\">&#8593;<\/span>2<\/a><\/th> <td class=\"footnote_plugin_text\">M\u1ee5c 4710(f).<\/td><\/tr>\r\n\r\n <\/tbody> <\/table> <\/div><\/div><script type=\"text\/javascript\"> function footnote_expand_reference_container_3673_1() { jQuery('#footnote_references_container_3673_1').show(); jQuery('#footnote_reference_container_collapse_button_3673_1').text('\u2212'); } function footnote_collapse_reference_container_3673_1() { jQuery('#footnote_references_container_3673_1').hide(); jQuery('#footnote_reference_container_collapse_button_3673_1').text('+'); } function footnote_expand_collapse_reference_container_3673_1() { if (jQuery('#footnote_references_container_3673_1').is(':hidden')) { footnote_expand_reference_container_3673_1(); } else { footnote_collapse_reference_container_3673_1(); } } function footnote_moveToReference_3673_1(p_str_TargetID) { footnote_expand_reference_container_3673_1(); var l_obj_Target = jQuery('#' + p_str_TargetID); if (l_obj_Target.length) { jQuery( 'html, body' ).delay( 0 ); jQuery('html, body').animate({ scrollTop: l_obj_Target.offset().top - window.innerHeight * 0.2 }, 380); } } function footnote_moveToAnchor_3673_1(p_str_TargetID) { footnote_expand_reference_container_3673_1(); var l_obj_Target = jQuery('#' + p_str_TargetID); if (l_obj_Target.length) { jQuery( 'html, body' ).delay( 0 ); jQuery('html, body').animate({ scrollTop: l_obj_Target.offset().top - window.innerHeight * 0.2 }, 380); } }<\/script>","protected":false},"excerpt":{"rendered":"<p>Khi kh\u00f4ng c\u00f3 s\u1ef1 cho ph\u00e9p c\u1ee7a qu\u00fd v\u1ecb, trung t\u00e2m khu v\u1ef1c kh\u00f4ng th\u1ec3 gi\u1ea3m b\u1edbt, ch\u1ea5m d\u1ee9t ho\u1eb7c thay \u0111\u1ed5i m\u1ed9t d\u1ecbch v\u1ee5&hellip;<\/p>\n","protected":false},"author":1,"featured_media":0,"parent":1193,"menu_order":63,"comment_status":"closed","ping_status":"closed","template":"","meta":{"footnotes":""},"class_list":["post-3673","page","type-page","status-publish","hentry"],"_links":{"self":[{"href":"https:\/\/rula.disabilityrightsca.org\/vi\/wp-json\/wp\/v2\/pages\/3673","targetHints":{"allow":["GET"]}}],"collection":[{"href":"https:\/\/rula.disabilityrightsca.org\/vi\/wp-json\/wp\/v2\/pages"}],"about":[{"href":"https:\/\/rula.disabilityrightsca.org\/vi\/wp-json\/wp\/v2\/types\/page"}],"author":[{"embeddable":true,"href":"https:\/\/rula.disabilityrightsca.org\/vi\/wp-json\/wp\/v2\/users\/1"}],"replies":[{"embeddable":true,"href":"https:\/\/rula.disabilityrightsca.org\/vi\/wp-json\/wp\/v2\/comments?post=3673"}],"version-history":[{"count":2,"href":"https:\/\/rula.disabilityrightsca.org\/vi\/wp-json\/wp\/v2\/pages\/3673\/revisions"}],"predecessor-version":[{"id":3851,"href":"https:\/\/rula.disabilityrightsca.org\/vi\/wp-json\/wp\/v2\/pages\/3673\/revisions\/3851"}],"up":[{"embeddable":true,"href":"https:\/\/rula.disabilityrightsca.org\/vi\/wp-json\/wp\/v2\/pages\/1193"}],"wp:attachment":[{"href":"https:\/\/rula.disabilityrightsca.org\/vi\/wp-json\/wp\/v2\/media?parent=3673"}],"curies":[{"name":"wp","href":"https:\/\/api.w.org\/{rel}","templated":true}]}}