{"id":3671,"date":"2023-07-10T18:00:27","date_gmt":"2023-07-10T18:00:27","guid":{"rendered":"https:\/\/rula.disabilityrightsca.org\/vi\/?page_id=3671"},"modified":"2024-10-09T17:52:54","modified_gmt":"2024-10-09T17:52:54","slug":"4-62-neu-toi-khong-dong-y-voi-mot-phan-hoac-mot-so-phan-trong-ipp-thi-sao","status":"publish","type":"page","link":"https:\/\/rula.disabilityrightsca.org\/vi\/rula-book\/chapter-4-individual-program-plans\/4-62-neu-toi-khong-dong-y-voi-mot-phan-hoac-mot-so-phan-trong-ipp-thi-sao\/","title":{"rendered":"(4.63) N\u1ebfu t\u00f4i kh\u00f4ng \u0111\u1ed3ng \u00fd v\u1edbi m\u1ed9t ph\u1ea7n ho\u1eb7c m\u1ed9t s\u1ed1 ph\u1ea7n trong IPP th\u00ec sao?"},"content":{"rendered":"\n<p>N\u1ebfu qu\u00fd v\u1ecb v\u00e0 trung t\u00e2m khu v\u1ef1c kh\u00f4ng nh\u1ea5t tr\u00ed v\u1ec1 t\u1ea5t c\u1ea3 c\u00e1c ph\u1ea7n trong IPP, nh\u01b0 m\u1ee5c \u0111\u00edch, m\u1ee5c ti\u00eau, d\u1ecbch v\u1ee5 ho\u1eb7c ng\u01b0\u1eddi ch\u1ecbu tr\u00e1ch nhi\u1ec7m cung c\u1ea5p d\u1ecbch v\u1ee5, trung t\u00e2m khu v\u1ef1c ph\u1ea3i g\u1eedi v\u0103n b\u1ea3n th\u00f4ng b\u00e1o cho qu\u00fd v\u1ecb trong v\u00f2ng <strong>5 ng\u00e0y l\u00e0m vi\u1ec7c <\/strong>sau cu\u1ed9c h\u1ecdp.<span class=\"footnote_referrer\"><a role=\"button\" tabindex=\"0\" onclick=\"footnote_moveToReference_3671_1('footnote_plugin_reference_3671_1_1');\" onkeypress=\"footnote_moveToReference_3671_1('footnote_plugin_reference_3671_1_1');\" ><sup id=\"footnote_plugin_tooltip_3671_1_1\" class=\"footnote_plugin_tooltip_text\">[1]<\/sup><\/a><span id=\"footnote_plugin_tooltip_text_3671_1_1\" class=\"footnote_tooltip\">M\u1ee5c 4710(b).<\/span><\/span><script type=\"text\/javascript\"> jQuery('#footnote_plugin_tooltip_3671_1_1').tooltip({ tip: '#footnote_plugin_tooltip_text_3671_1_1', tipClass: 'footnote_tooltip', effect: 'fade', predelay: 0, fadeInSpeed: 200, delay: 400, fadeOutSpeed: 200, position: 'top center', relative: true, offset: [-7, 0], });<\/script> N\u1ebfu trung t\u00e2m khu v\u1ef1c mu\u1ed1n thay \u0111\u1ed5i ho\u1eb7c k\u1ebft th\u00fac m\u1ed9t d\u1ecbch v\u1ee5 qu\u00fd v\u1ecb \u0111ang nh\u1eadn, h\u1ecd ph\u1ea3i th\u00f4ng b\u00e1o cho qu\u00fd v\u1ecb b\u1eb1ng v\u0103n b\u1ea3n <strong>tr\u01b0\u1edbc 30 ng\u00e0y <\/strong>di\u1ec5n ra h\u00e0nh \u0111\u1ed9ng thay \u0111\u1ed5i ho\u1eb7c c\u1eaft gi\u1ea3m \u0111\u00f3.<span class=\"footnote_referrer\"><a role=\"button\" tabindex=\"0\" onclick=\"footnote_moveToReference_3671_1('footnote_plugin_reference_3671_1_2');\" onkeypress=\"footnote_moveToReference_3671_1('footnote_plugin_reference_3671_1_2');\" ><sup id=\"footnote_plugin_tooltip_3671_1_2\" class=\"footnote_plugin_tooltip_text\">[2]<\/sup><\/a><span id=\"footnote_plugin_tooltip_text_3671_1_2\" class=\"footnote_tooltip\">M\u1ee5c 4710(a).<\/span><\/span><script type=\"text\/javascript\"> jQuery('#footnote_plugin_tooltip_3671_1_2').tooltip({ tip: '#footnote_plugin_tooltip_text_3671_1_2', tipClass: 'footnote_tooltip', effect: 'fade', predelay: 0, fadeInSpeed: 200, delay: 400, fadeOutSpeed: 200, position: 'top center', relative: true, offset: [-7, 0], });<\/script> Th\u00f4ng b\u00e1o n\u00e0y ph\u1ea3i bao g\u1ed3m h\u00e0nh \u0111\u1ed9ng trung t\u00e2m khu v\u1ef1c mu\u1ed1n th\u1ef1c hi\u1ec7n, l\u00fd do, ng\u00e0y c\u00f3 hi\u1ec7u l\u1ef1c, lu\u1eadt h\u1ed7 tr\u1ee3 cho h\u00e0nh \u0111\u1ed9ng \u0111\u00f3 v\u00e0 c\u00e1ch kh\u00e1ng c\u00e1o, bao g\u1ed3m gi\u1edbi thi\u1ec7u t\u1edbi ngu\u1ed3n l\u1ef1c tr\u1ee3 gi\u00fap b\u00eanh v\u1ef1c.<span class=\"footnote_referrer\"><a role=\"button\" tabindex=\"0\" onclick=\"footnote_moveToReference_3671_1('footnote_plugin_reference_3671_1_3');\" onkeypress=\"footnote_moveToReference_3671_1('footnote_plugin_reference_3671_1_3');\" ><sup id=\"footnote_plugin_tooltip_3671_1_3\" class=\"footnote_plugin_tooltip_text\">[3]<\/sup><\/a><span id=\"footnote_plugin_tooltip_text_3671_1_3\" class=\"footnote_tooltip\">M\u1ee5c 4701.<\/span><\/span><script type=\"text\/javascript\"> jQuery('#footnote_plugin_tooltip_3671_1_3').tooltip({ tip: '#footnote_plugin_tooltip_text_3671_1_3', tipClass: 'footnote_tooltip', effect: 'fade', predelay: 0, fadeInSpeed: 200, delay: 400, fadeOutSpeed: 200, position: 'top center', relative: true, offset: [-7, 0], });<\/script> Xem <a href=\"https:\/\/rula.disabilityrightsca.org\/rula-book\/chapter-10-appeals-and-complaints-disagreements-with-regional-centers-developmental-centers-or-service-providers\/\">Ch\u01b0\u01a1ng 10<\/a> v\u1ec1 Tranh Ch\u1ea5p v\u00e0 Kh\u00e1ng C\u00e1o.<\/p>\n<div class=\"speaker-mute footnotes_reference_container\"> <div class=\"footnote_container_prepare\"><p><span role=\"button\" tabindex=\"0\" class=\"footnote_reference_container_label pointer\" onclick=\"footnote_expand_collapse_reference_container_3671_1();\">&#x202F;<\/span><span role=\"button\" tabindex=\"0\" class=\"footnote_reference_container_collapse_button\" style=\"display: none;\" onclick=\"footnote_expand_collapse_reference_container_3671_1();\">[<a id=\"footnote_reference_container_collapse_button_3671_1\">+<\/a>]<\/span><\/p><\/div> <div id=\"footnote_references_container_3671_1\" style=\"\"><table class=\"footnotes_table footnote-reference-container\"><caption class=\"accessibility\">References<\/caption> <tbody> \r\n\r\n<tr class=\"footnotes_plugin_reference_row\"> <th scope=\"row\" class=\"footnote_plugin_index_combi pointer\"  onclick=\"footnote_moveToAnchor_3671_1('footnote_plugin_tooltip_3671_1_1');\"><a id=\"footnote_plugin_reference_3671_1_1\" class=\"footnote_backlink\"><span class=\"footnote_index_arrow\">&#8593;<\/span>1<\/a><\/th> <td class=\"footnote_plugin_text\">M\u1ee5c 4710(b).<\/td><\/tr>\r\n\r\n<tr class=\"footnotes_plugin_reference_row\"> <th scope=\"row\" class=\"footnote_plugin_index_combi pointer\"  onclick=\"footnote_moveToAnchor_3671_1('footnote_plugin_tooltip_3671_1_2');\"><a id=\"footnote_plugin_reference_3671_1_2\" class=\"footnote_backlink\"><span class=\"footnote_index_arrow\">&#8593;<\/span>2<\/a><\/th> <td class=\"footnote_plugin_text\">M\u1ee5c 4710(a).<\/td><\/tr>\r\n\r\n<tr class=\"footnotes_plugin_reference_row\"> <th scope=\"row\" class=\"footnote_plugin_index_combi pointer\"  onclick=\"footnote_moveToAnchor_3671_1('footnote_plugin_tooltip_3671_1_3');\"><a id=\"footnote_plugin_reference_3671_1_3\" class=\"footnote_backlink\"><span class=\"footnote_index_arrow\">&#8593;<\/span>3<\/a><\/th> <td class=\"footnote_plugin_text\">M\u1ee5c 4701.<\/td><\/tr>\r\n\r\n <\/tbody> <\/table> <\/div><\/div><script type=\"text\/javascript\"> function footnote_expand_reference_container_3671_1() { jQuery('#footnote_references_container_3671_1').show(); jQuery('#footnote_reference_container_collapse_button_3671_1').text('\u2212'); } function footnote_collapse_reference_container_3671_1() { jQuery('#footnote_references_container_3671_1').hide(); jQuery('#footnote_reference_container_collapse_button_3671_1').text('+'); } function footnote_expand_collapse_reference_container_3671_1() { if (jQuery('#footnote_references_container_3671_1').is(':hidden')) { footnote_expand_reference_container_3671_1(); } else { footnote_collapse_reference_container_3671_1(); } } function footnote_moveToReference_3671_1(p_str_TargetID) { footnote_expand_reference_container_3671_1(); var l_obj_Target = jQuery('#' + p_str_TargetID); if (l_obj_Target.length) { jQuery( 'html, body' ).delay( 0 ); jQuery('html, body').animate({ scrollTop: l_obj_Target.offset().top - window.innerHeight * 0.2 }, 380); } } function footnote_moveToAnchor_3671_1(p_str_TargetID) { footnote_expand_reference_container_3671_1(); var l_obj_Target = jQuery('#' + p_str_TargetID); if (l_obj_Target.length) { jQuery( 'html, body' ).delay( 0 ); jQuery('html, body').animate({ scrollTop: l_obj_Target.offset().top - window.innerHeight * 0.2 }, 380); } }<\/script>","protected":false},"excerpt":{"rendered":"<p>N\u1ebfu qu\u00fd v\u1ecb v\u00e0 trung t\u00e2m khu v\u1ef1c kh\u00f4ng nh\u1ea5t tr\u00ed v\u1ec1 t\u1ea5t c\u1ea3 c\u00e1c ph\u1ea7n trong IPP, nh\u01b0 m\u1ee5c \u0111\u00edch, m\u1ee5c ti\u00eau, d\u1ecbch v\u1ee5&hellip;<\/p>\n","protected":false},"author":1,"featured_media":0,"parent":1193,"menu_order":62,"comment_status":"closed","ping_status":"closed","template":"","meta":{"footnotes":""},"class_list":["post-3671","page","type-page","status-publish","hentry"],"_links":{"self":[{"href":"https:\/\/rula.disabilityrightsca.org\/vi\/wp-json\/wp\/v2\/pages\/3671","targetHints":{"allow":["GET"]}}],"collection":[{"href":"https:\/\/rula.disabilityrightsca.org\/vi\/wp-json\/wp\/v2\/pages"}],"about":[{"href":"https:\/\/rula.disabilityrightsca.org\/vi\/wp-json\/wp\/v2\/types\/page"}],"author":[{"embeddable":true,"href":"https:\/\/rula.disabilityrightsca.org\/vi\/wp-json\/wp\/v2\/users\/1"}],"replies":[{"embeddable":true,"href":"https:\/\/rula.disabilityrightsca.org\/vi\/wp-json\/wp\/v2\/comments?post=3671"}],"version-history":[{"count":2,"href":"https:\/\/rula.disabilityrightsca.org\/vi\/wp-json\/wp\/v2\/pages\/3671\/revisions"}],"predecessor-version":[{"id":3852,"href":"https:\/\/rula.disabilityrightsca.org\/vi\/wp-json\/wp\/v2\/pages\/3671\/revisions\/3852"}],"up":[{"embeddable":true,"href":"https:\/\/rula.disabilityrightsca.org\/vi\/wp-json\/wp\/v2\/pages\/1193"}],"wp:attachment":[{"href":"https:\/\/rula.disabilityrightsca.org\/vi\/wp-json\/wp\/v2\/media?parent=3671"}],"curies":[{"name":"wp","href":"https:\/\/api.w.org\/{rel}","templated":true}]}}