{"id":3669,"date":"2023-07-10T17:55:55","date_gmt":"2023-07-10T17:55:55","guid":{"rendered":"https:\/\/rula.disabilityrightsca.org\/vi\/?page_id=3669"},"modified":"2024-10-09T17:53:18","modified_gmt":"2024-10-09T17:53:18","slug":"4-61-tai-sao-toi-phai-ky-vao-ipp-cua-minh","status":"publish","type":"page","link":"https:\/\/rula.disabilityrightsca.org\/vi\/rula-book\/chapter-4-individual-program-plans\/4-61-tai-sao-toi-phai-ky-vao-ipp-cua-minh\/","title":{"rendered":"(4.62) T\u1ea1i sao t\u00f4i ph\u1ea3i k\u00fd v\u00e0o IPP c\u1ee7a m\u00ecnh?"},"content":{"rendered":"\n<p>Qu\u00fd v\u1ecb ho\u1eb7c ng\u01b0\u1eddi \u0111\u1ea1i di\u1ec7n cho qu\u00fd v\u1ecb ph\u1ea3i k\u00fd v\u00e0o IPP \u0111\u1ec3 IPP n\u00e0y c\u00f3 hi\u1ec7u l\u1ef1c. <span class=\"footnote_referrer\"><a role=\"button\" tabindex=\"0\" onclick=\"footnote_moveToReference_3669_1('footnote_plugin_reference_3669_1_1');\" onkeypress=\"footnote_moveToReference_3669_1('footnote_plugin_reference_3669_1_1');\" ><sup id=\"footnote_plugin_tooltip_3669_1_1\" class=\"footnote_plugin_tooltip_text\">[1]<\/sup><\/a><span id=\"footnote_plugin_tooltip_text_3669_1_1\" class=\"footnote_tooltip\">M\u1ee5c 4646(i).<\/span><\/span><script type=\"text\/javascript\"> jQuery('#footnote_plugin_tooltip_3669_1_1').tooltip({ tip: '#footnote_plugin_tooltip_text_3669_1_1', tipClass: 'footnote_tooltip', effect: 'fade', predelay: 0, fadeInSpeed: 200, delay: 400, fadeOutSpeed: 200, position: 'top center', relative: true, offset: [-7, 0], });<\/script> N\u1ebfu qu\u00fd v\u1ecb ch\u1ec9 \u0111\u1ed3ng \u00fd v\u1edbi m\u1ed9t s\u1ed1 ph\u1ea7n trong IPP, h\u00e3y ghi l\u1ea1i nh\u1eefng ph\u1ea7n qu\u00fd v\u1ecb \u0111\u1ed3ng \u00fd v\u00e0 nh\u1eefng ph\u1ea7n qu\u00fd v\u1ecb kh\u00f4ng \u0111\u1ed3ng \u00fd. Sau \u0111\u00f3 k\u00fd v\u00e0o IPP \u0111\u1ec3 nh\u1eefng d\u1ecbch v\u1ee5 \u0111\u00e3 \u0111\u1ed3ng \u00fd c\u00f3 th\u1ec3 b\u1eaft \u0111\u1ea7u, nh\u01b0ng h\u00e3y vi\u1ebft g\u1ea7n ch\u1eef k\u00fd c\u1ee7a qu\u00fd v\u1ecb r\u1eb1ng qu\u00fd v\u1ecb ch\u1ec9 k\u00fd cho nh\u1eefng ph\u1ea7n m\u00e0 qu\u00fd v\u1ecb v\u00e0 trung t\u00e2m khu v\u1ef1c \u0111\u00e3 nh\u1ea5t tr\u00ed. Qu\u00fd v\u1ecb c\u00f3 th\u1ec3 kh\u00e1ng c\u00e1o nh\u1eefng b\u1ea5t \u0111\u1ed3ng th\u00f4ng qua quy tr\u00ecnh phi\u00ean \u0111i\u1ec1u tr\u1ea7n c\u00f4ng b\u1eb1ng.<\/p>\n\n\n\n<p>Nh\u1eefng ph\u1ea7n qu\u00fd v\u1ecb \u0111\u1ed3ng \u00fd s\u1ebd c\u00f3 hi\u1ec7u l\u1ef1c t\u1eeb ng\u00e0y qu\u00fd v\u1ecb quy\u1ebft \u0111\u1ecbnh t\u1ea1i cu\u1ed9c h\u1ecdp.<\/p>\n<div class=\"speaker-mute footnotes_reference_container\"> <div class=\"footnote_container_prepare\"><p><span role=\"button\" tabindex=\"0\" class=\"footnote_reference_container_label pointer\" onclick=\"footnote_expand_collapse_reference_container_3669_1();\">&#x202F;<\/span><span role=\"button\" tabindex=\"0\" class=\"footnote_reference_container_collapse_button\" style=\"display: none;\" onclick=\"footnote_expand_collapse_reference_container_3669_1();\">[<a id=\"footnote_reference_container_collapse_button_3669_1\">+<\/a>]<\/span><\/p><\/div> <div id=\"footnote_references_container_3669_1\" style=\"\"><table class=\"footnotes_table footnote-reference-container\"><caption class=\"accessibility\">References<\/caption> <tbody> \r\n\r\n<tr class=\"footnotes_plugin_reference_row\"> <th scope=\"row\" class=\"footnote_plugin_index_combi pointer\"  onclick=\"footnote_moveToAnchor_3669_1('footnote_plugin_tooltip_3669_1_1');\"><a id=\"footnote_plugin_reference_3669_1_1\" class=\"footnote_backlink\"><span class=\"footnote_index_arrow\">&#8593;<\/span>1<\/a><\/th> <td class=\"footnote_plugin_text\">M\u1ee5c 4646(i).<\/td><\/tr>\r\n\r\n <\/tbody> <\/table> <\/div><\/div><script type=\"text\/javascript\"> function footnote_expand_reference_container_3669_1() { jQuery('#footnote_references_container_3669_1').show(); jQuery('#footnote_reference_container_collapse_button_3669_1').text('\u2212'); } function footnote_collapse_reference_container_3669_1() { jQuery('#footnote_references_container_3669_1').hide(); jQuery('#footnote_reference_container_collapse_button_3669_1').text('+'); } function footnote_expand_collapse_reference_container_3669_1() { if (jQuery('#footnote_references_container_3669_1').is(':hidden')) { footnote_expand_reference_container_3669_1(); } else { footnote_collapse_reference_container_3669_1(); } } function footnote_moveToReference_3669_1(p_str_TargetID) { footnote_expand_reference_container_3669_1(); var l_obj_Target = jQuery('#' + p_str_TargetID); if (l_obj_Target.length) { jQuery( 'html, body' ).delay( 0 ); jQuery('html, body').animate({ scrollTop: l_obj_Target.offset().top - window.innerHeight * 0.2 }, 380); } } function footnote_moveToAnchor_3669_1(p_str_TargetID) { footnote_expand_reference_container_3669_1(); var l_obj_Target = jQuery('#' + p_str_TargetID); if (l_obj_Target.length) { jQuery( 'html, body' ).delay( 0 ); jQuery('html, body').animate({ scrollTop: l_obj_Target.offset().top - window.innerHeight * 0.2 }, 380); } }<\/script>","protected":false},"excerpt":{"rendered":"<p>Qu\u00fd v\u1ecb ho\u1eb7c ng\u01b0\u1eddi \u0111\u1ea1i di\u1ec7n cho qu\u00fd v\u1ecb ph\u1ea3i k\u00fd v\u00e0o IPP \u0111\u1ec3 IPP n\u00e0y c\u00f3 hi\u1ec7u l\u1ef1c. [1]M\u1ee5c 4646(i). N\u1ebfu qu\u00fd v\u1ecb ch\u1ec9&hellip;<\/p>\n","protected":false},"author":1,"featured_media":0,"parent":1193,"menu_order":61,"comment_status":"closed","ping_status":"closed","template":"","meta":{"footnotes":""},"class_list":["post-3669","page","type-page","status-publish","hentry"],"_links":{"self":[{"href":"https:\/\/rula.disabilityrightsca.org\/vi\/wp-json\/wp\/v2\/pages\/3669","targetHints":{"allow":["GET"]}}],"collection":[{"href":"https:\/\/rula.disabilityrightsca.org\/vi\/wp-json\/wp\/v2\/pages"}],"about":[{"href":"https:\/\/rula.disabilityrightsca.org\/vi\/wp-json\/wp\/v2\/types\/page"}],"author":[{"embeddable":true,"href":"https:\/\/rula.disabilityrightsca.org\/vi\/wp-json\/wp\/v2\/users\/1"}],"replies":[{"embeddable":true,"href":"https:\/\/rula.disabilityrightsca.org\/vi\/wp-json\/wp\/v2\/comments?post=3669"}],"version-history":[{"count":2,"href":"https:\/\/rula.disabilityrightsca.org\/vi\/wp-json\/wp\/v2\/pages\/3669\/revisions"}],"predecessor-version":[{"id":3853,"href":"https:\/\/rula.disabilityrightsca.org\/vi\/wp-json\/wp\/v2\/pages\/3669\/revisions\/3853"}],"up":[{"embeddable":true,"href":"https:\/\/rula.disabilityrightsca.org\/vi\/wp-json\/wp\/v2\/pages\/1193"}],"wp:attachment":[{"href":"https:\/\/rula.disabilityrightsca.org\/vi\/wp-json\/wp\/v2\/media?parent=3669"}],"curies":[{"name":"wp","href":"https:\/\/api.w.org\/{rel}","templated":true}]}}