{"id":3667,"date":"2023-07-10T17:50:49","date_gmt":"2023-07-10T17:50:49","guid":{"rendered":"https:\/\/rula.disabilityrightsca.org\/vi\/?page_id=3667"},"modified":"2024-10-09T17:54:45","modified_gmt":"2024-10-09T17:54:45","slug":"4-60-neu-nhom-lap-ke-hoach-khong-the-nhat-tri-ve-ipp-cua-toi-thi-sao","status":"publish","type":"page","link":"https:\/\/rula.disabilityrightsca.org\/vi\/rula-book\/chapter-4-individual-program-plans\/4-60-neu-nhom-lap-ke-hoach-khong-the-nhat-tri-ve-ipp-cua-toi-thi-sao\/","title":{"rendered":"(4.61) N\u1ebfu nh\u00f3m l\u1eadp k\u1ebf ho\u1ea1ch kh\u00f4ng th\u1ec3 nh\u1ea5t tr\u00ed v\u1ec1 IPP c\u1ee7a t\u00f4i th\u00ec sao?"},"content":{"rendered":"\n<p>N\u1ebfu nh\u00f3m l\u1eadp k\u1ebf ho\u1ea1ch kh\u00f4ng th\u1ec3 nh\u1ea5t tr\u00ed v\u1ec1 c\u00e1c d\u1ecbch v\u1ee5 v\u00e0 s\u1ef1 h\u1ed7 tr\u1ee3 s\u1ebd c\u00f3 trong IPP c\u1ee7a qu\u00fd v\u1ecb sau m\u1ed9t ho\u1eb7c nhi\u1ec1u cu\u1ed9c h\u1ecdp ho\u1eb7c n\u1ebfu qu\u00fd v\u1ecb kh\u00f4ng nh\u1eadn \u0111\u01b0\u1ee3c c\u00e2u tr\u1ea3 l\u1eddi cho y\u00eau c\u1ea7u d\u1ecbch v\u1ee5 c\u1ee7a m\u00ecnh, h\u00e3y y\u00eau c\u1ea7u phi\u00ean \u0111i\u1ec1u tr\u1ea7n c\u00f4ng b\u1eb1ng. Xem <a href=\"https:\/\/rula.disabilityrightsca.org\/rula-book\/chapter-10-appeals-and-complaints-disagreements-with-regional-centers-developmental-centers-or-service-providers\/\">Ch\u01b0\u01a1ng 10<\/a> v\u1ec1 quy tr\u00ecnh phi\u00ean \u0111i\u1ec1u tr\u1ea7n c\u00f4ng b\u1eb1ng c\u1ee7a \u0110\u1ea1o Lu\u1eadt Lanterman.<\/p>\n","protected":false},"excerpt":{"rendered":"<p>N\u1ebfu nh\u00f3m l\u1eadp k\u1ebf ho\u1ea1ch kh\u00f4ng th\u1ec3 nh\u1ea5t tr\u00ed v\u1ec1 c\u00e1c d\u1ecbch v\u1ee5 v\u00e0 s\u1ef1 h\u1ed7 tr\u1ee3 s\u1ebd c\u00f3 trong IPP c\u1ee7a qu\u00fd v\u1ecb sau&hellip;<\/p>\n","protected":false},"author":1,"featured_media":0,"parent":1193,"menu_order":60,"comment_status":"closed","ping_status":"closed","template":"","meta":{"footnotes":""},"class_list":["post-3667","page","type-page","status-publish","hentry"],"_links":{"self":[{"href":"https:\/\/rula.disabilityrightsca.org\/vi\/wp-json\/wp\/v2\/pages\/3667","targetHints":{"allow":["GET"]}}],"collection":[{"href":"https:\/\/rula.disabilityrightsca.org\/vi\/wp-json\/wp\/v2\/pages"}],"about":[{"href":"https:\/\/rula.disabilityrightsca.org\/vi\/wp-json\/wp\/v2\/types\/page"}],"author":[{"embeddable":true,"href":"https:\/\/rula.disabilityrightsca.org\/vi\/wp-json\/wp\/v2\/users\/1"}],"replies":[{"embeddable":true,"href":"https:\/\/rula.disabilityrightsca.org\/vi\/wp-json\/wp\/v2\/comments?post=3667"}],"version-history":[{"count":2,"href":"https:\/\/rula.disabilityrightsca.org\/vi\/wp-json\/wp\/v2\/pages\/3667\/revisions"}],"predecessor-version":[{"id":3854,"href":"https:\/\/rula.disabilityrightsca.org\/vi\/wp-json\/wp\/v2\/pages\/3667\/revisions\/3854"}],"up":[{"embeddable":true,"href":"https:\/\/rula.disabilityrightsca.org\/vi\/wp-json\/wp\/v2\/pages\/1193"}],"wp:attachment":[{"href":"https:\/\/rula.disabilityrightsca.org\/vi\/wp-json\/wp\/v2\/media?parent=3667"}],"curies":[{"name":"wp","href":"https:\/\/api.w.org\/{rel}","templated":true}]}}