{"id":3665,"date":"2023-07-10T17:46:17","date_gmt":"2023-07-10T17:46:17","guid":{"rendered":"https:\/\/rula.disabilityrightsca.org\/vi\/?page_id=3665"},"modified":"2024-10-09T17:55:11","modified_gmt":"2024-10-09T17:55:11","slug":"4-59-quy-trinh-ipp-co-khac-khong-neu-toi-song-trong-trung-tam-phat-trien","status":"publish","type":"page","link":"https:\/\/rula.disabilityrightsca.org\/vi\/rula-book\/chapter-4-individual-program-plans\/4-59-quy-trinh-ipp-co-khac-khong-neu-toi-song-trong-trung-tam-phat-trien\/","title":{"rendered":"(4.60) Quy tr\u00ecnh IPP c\u00f3 kh\u00e1c kh\u00f4ng n\u1ebfu t\u00f4i s\u1ed1ng trong Trung T\u00e2m Ph\u00e1t Tri\u1ec3n?"},"content":{"rendered":"\n<p>Kh\u00f4ng. C\u00e1c y\u00eau c\u1ea7u v\u1ec1 IPP gi\u1ed1ng nhau cho d\u00f9 qu\u00fd v\u1ecb s\u1ed1ng \u1edf \u0111\u00e2u. Tuy nhi\u00ean, n\u1ebfu qu\u00fd v\u1ecb s\u1ed1ng trong Trung T\u00e2m Ph\u00e1t Tri\u1ec3n (Developmental Center, DC), nh\u00e2n vi\u00ean DC, thay m\u1eb7t nh\u00e2n vi\u00ean trung t\u00e2m khu v\u1ef1c, s\u1ebd \u0111i\u1ec1u ph\u1ed1i quy tr\u00ecnh c\u1ee7a nh\u00f3m l\u1eadp k\u1ebf ho\u1ea1ch. K\u1ec3 c\u1ea3 khi qu\u00fd v\u1ecb s\u1ed1ng trong DC, trung t\u00e2m khu v\u1ef1c ph\u1ea3i ti\u1ebfp t\u1ee5c tham gia v\u00e0o quy tr\u00ecnh IPP. Nh\u00f3m l\u1eadp k\u1ebf ho\u1ea1ch ph\u1ea3i bao g\u1ed3m m\u1ed9t ho\u1eb7c nhi\u1ec1u ng\u01b0\u1eddi \u0111\u1ea1i di\u1ec7n c\u1ee7a trung t\u00e2m khu v\u1ef1c.<span class=\"footnote_referrer\"><a role=\"button\" tabindex=\"0\" onclick=\"footnote_moveToReference_3665_1('footnote_plugin_reference_3665_1_1');\" onkeypress=\"footnote_moveToReference_3665_1('footnote_plugin_reference_3665_1_1');\" ><sup id=\"footnote_plugin_tooltip_3665_1_1\" class=\"footnote_plugin_tooltip_text\">[1]<\/sup><\/a><span id=\"footnote_plugin_tooltip_text_3665_1_1\" class=\"footnote_tooltip\">M\u1ee5c 4512(j).<\/span><\/span><script type=\"text\/javascript\"> jQuery('#footnote_plugin_tooltip_3665_1_1').tooltip({ tip: '#footnote_plugin_tooltip_text_3665_1_1', tipClass: 'footnote_tooltip', effect: 'fade', predelay: 0, fadeInSpeed: 200, delay: 400, fadeOutSpeed: 200, position: 'top center', relative: true, offset: [-7, 0], });<\/script> Nh\u00e2n vi\u00ean trung t\u00e2m khu v\u1ef1c c\u00f3 vai tr\u00f2 quan tr\u1ecdng v\u00ec h\u1ecd bi\u1ebft c\u00e1c d\u1ecbch v\u1ee5 v\u00e0 s\u1ef1 h\u1ed7 tr\u1ee3 gi\u00fap qu\u00fd v\u1ecb tr\u1edf l\u1ea1i c\u1ed9ng \u0111\u1ed3ng. \u0110\u1ea1o Lu\u1eadt Lanterman c\u00f3 l\u01b0u \u00fd v\u1ec1 t\u1ea7m quan tr\u1ecdng c\u1ee7a vi\u1ec7c \u0111i\u1ec1u ph\u1ed1i v\u1edbi c\u00e1c trung t\u00e2m khu v\u1ef1c v\u00e0 c\u00e1c d\u1ef1 \u00e1n ph\u00e1t tri\u1ec3n ngu\u1ed3n l\u1ef1c khu v\u1ef1c \u0111\u1ec3 \u0111\u01b0a m\u1ecdi ng\u01b0\u1eddi v\u1ec1 v\u1edbi c\u1ed9ng \u0111\u1ed3ng.<span class=\"footnote_referrer\"><a role=\"button\" tabindex=\"0\" onclick=\"footnote_moveToReference_3665_1('footnote_plugin_reference_3665_1_2');\" onkeypress=\"footnote_moveToReference_3665_1('footnote_plugin_reference_3665_1_2');\" ><sup id=\"footnote_plugin_tooltip_3665_1_2\" class=\"footnote_plugin_tooltip_text\">[2]<\/sup><\/a><span id=\"footnote_plugin_tooltip_text_3665_1_2\" class=\"footnote_tooltip\">M\u1ee5c 4418.3.<\/span><\/span><script type=\"text\/javascript\"> jQuery('#footnote_plugin_tooltip_3665_1_2').tooltip({ tip: '#footnote_plugin_tooltip_text_3665_1_2', tipClass: 'footnote_tooltip', effect: 'fade', predelay: 0, fadeInSpeed: 200, delay: 400, fadeOutSpeed: 200, position: 'top center', relative: true, offset: [-7, 0], });<\/script> N\u1ebfu ng\u01b0\u1eddi c\u1ee7a trung t\u00e2m khu v\u1ef1c v\u1eafng m\u1eb7t \u1edf cu\u1ed9c h\u1ecdp c\u1ee7a qu\u00fd v\u1ecb, h\u00e3y y\u00eau c\u1ea7u h\u1ecd tham gia, t\u1ed1t nh\u1ea5t l\u00e0 tr\u1ef1c ti\u1ebfp, t\u1ea5t c\u1ea3 c\u00e1c cu\u1ed9c h\u1ecdp nh\u00f3m l\u1eadp k\u1ebf ho\u1ea1ch c\u1ee7a qu\u00fd v\u1ecb.<\/p>\n<div class=\"speaker-mute footnotes_reference_container\"> <div class=\"footnote_container_prepare\"><p><span role=\"button\" tabindex=\"0\" class=\"footnote_reference_container_label pointer\" onclick=\"footnote_expand_collapse_reference_container_3665_1();\">&#x202F;<\/span><span role=\"button\" tabindex=\"0\" class=\"footnote_reference_container_collapse_button\" style=\"display: none;\" onclick=\"footnote_expand_collapse_reference_container_3665_1();\">[<a id=\"footnote_reference_container_collapse_button_3665_1\">+<\/a>]<\/span><\/p><\/div> <div id=\"footnote_references_container_3665_1\" style=\"\"><table class=\"footnotes_table footnote-reference-container\"><caption class=\"accessibility\">References<\/caption> <tbody> \r\n\r\n<tr class=\"footnotes_plugin_reference_row\"> <th scope=\"row\" class=\"footnote_plugin_index_combi pointer\"  onclick=\"footnote_moveToAnchor_3665_1('footnote_plugin_tooltip_3665_1_1');\"><a id=\"footnote_plugin_reference_3665_1_1\" class=\"footnote_backlink\"><span class=\"footnote_index_arrow\">&#8593;<\/span>1<\/a><\/th> <td class=\"footnote_plugin_text\">M\u1ee5c 4512(j).<\/td><\/tr>\r\n\r\n<tr class=\"footnotes_plugin_reference_row\"> <th scope=\"row\" class=\"footnote_plugin_index_combi pointer\"  onclick=\"footnote_moveToAnchor_3665_1('footnote_plugin_tooltip_3665_1_2');\"><a id=\"footnote_plugin_reference_3665_1_2\" class=\"footnote_backlink\"><span class=\"footnote_index_arrow\">&#8593;<\/span>2<\/a><\/th> <td class=\"footnote_plugin_text\">M\u1ee5c 4418.3.<\/td><\/tr>\r\n\r\n <\/tbody> <\/table> <\/div><\/div><script type=\"text\/javascript\"> function footnote_expand_reference_container_3665_1() { jQuery('#footnote_references_container_3665_1').show(); jQuery('#footnote_reference_container_collapse_button_3665_1').text('\u2212'); } function footnote_collapse_reference_container_3665_1() { jQuery('#footnote_references_container_3665_1').hide(); jQuery('#footnote_reference_container_collapse_button_3665_1').text('+'); } function footnote_expand_collapse_reference_container_3665_1() { if (jQuery('#footnote_references_container_3665_1').is(':hidden')) { footnote_expand_reference_container_3665_1(); } else { footnote_collapse_reference_container_3665_1(); } } function footnote_moveToReference_3665_1(p_str_TargetID) { footnote_expand_reference_container_3665_1(); var l_obj_Target = jQuery('#' + p_str_TargetID); if (l_obj_Target.length) { jQuery( 'html, body' ).delay( 0 ); jQuery('html, body').animate({ scrollTop: l_obj_Target.offset().top - window.innerHeight * 0.2 }, 380); } } function footnote_moveToAnchor_3665_1(p_str_TargetID) { footnote_expand_reference_container_3665_1(); var l_obj_Target = jQuery('#' + p_str_TargetID); if (l_obj_Target.length) { jQuery( 'html, body' ).delay( 0 ); jQuery('html, body').animate({ scrollTop: l_obj_Target.offset().top - window.innerHeight * 0.2 }, 380); } }<\/script>","protected":false},"excerpt":{"rendered":"<p>Kh\u00f4ng. C\u00e1c y\u00eau c\u1ea7u v\u1ec1 IPP gi\u1ed1ng nhau cho d\u00f9 qu\u00fd v\u1ecb s\u1ed1ng \u1edf \u0111\u00e2u. Tuy nhi\u00ean, n\u1ebfu qu\u00fd v\u1ecb s\u1ed1ng trong Trung T\u00e2m Ph\u00e1t&hellip;<\/p>\n","protected":false},"author":1,"featured_media":0,"parent":1193,"menu_order":59,"comment_status":"closed","ping_status":"closed","template":"","meta":{"footnotes":""},"class_list":["post-3665","page","type-page","status-publish","hentry"],"_links":{"self":[{"href":"https:\/\/rula.disabilityrightsca.org\/vi\/wp-json\/wp\/v2\/pages\/3665","targetHints":{"allow":["GET"]}}],"collection":[{"href":"https:\/\/rula.disabilityrightsca.org\/vi\/wp-json\/wp\/v2\/pages"}],"about":[{"href":"https:\/\/rula.disabilityrightsca.org\/vi\/wp-json\/wp\/v2\/types\/page"}],"author":[{"embeddable":true,"href":"https:\/\/rula.disabilityrightsca.org\/vi\/wp-json\/wp\/v2\/users\/1"}],"replies":[{"embeddable":true,"href":"https:\/\/rula.disabilityrightsca.org\/vi\/wp-json\/wp\/v2\/comments?post=3665"}],"version-history":[{"count":2,"href":"https:\/\/rula.disabilityrightsca.org\/vi\/wp-json\/wp\/v2\/pages\/3665\/revisions"}],"predecessor-version":[{"id":3855,"href":"https:\/\/rula.disabilityrightsca.org\/vi\/wp-json\/wp\/v2\/pages\/3665\/revisions\/3855"}],"up":[{"embeddable":true,"href":"https:\/\/rula.disabilityrightsca.org\/vi\/wp-json\/wp\/v2\/pages\/1193"}],"wp:attachment":[{"href":"https:\/\/rula.disabilityrightsca.org\/vi\/wp-json\/wp\/v2\/media?parent=3665"}],"curies":[{"name":"wp","href":"https:\/\/api.w.org\/{rel}","templated":true}]}}