{"id":3663,"date":"2023-07-10T17:45:24","date_gmt":"2023-07-10T17:45:24","guid":{"rendered":"https:\/\/rula.disabilityrightsca.org\/vi\/?page_id=3663"},"modified":"2024-10-09T17:55:52","modified_gmt":"2024-10-09T17:55:52","slug":"4-58-quyen-cua-toi-tai-tat-ca-cuoc-hop-voi-trung-tam-khu-vuc-co-giong-quyen-cua-toi-tai-mot-cuoc-hop-ipp-khong","status":"publish","type":"page","link":"https:\/\/rula.disabilityrightsca.org\/vi\/rula-book\/chapter-4-individual-program-plans\/4-58-quyen-cua-toi-tai-tat-ca-cuoc-hop-voi-trung-tam-khu-vuc-co-giong-quyen-cua-toi-tai-mot-cuoc-hop-ipp-khong\/","title":{"rendered":"(4.59) Quy\u1ec1n c\u1ee7a t\u00f4i t\u1ea1i t\u1ea5t c\u1ea3 cu\u1ed9c h\u1ecdp v\u1edbi trung t\u00e2m khu v\u1ef1c c\u00f3 gi\u1ed1ng quy\u1ec1n c\u1ee7a t\u00f4i t\u1ea1i m\u1ed9t cu\u1ed9c h\u1ecdp IPP kh\u00f4ng?"},"content":{"rendered":"\n<p>Theo quan \u0111i\u1ec3m c\u1ee7a Disability Rights California, quy\u1ec1n c\u1ee7a qu\u00fd v\u1ecb s\u1ebd kh\u00f4ng thay \u0111\u1ed5i. Trung t\u00e2m khu v\u1ef1c \u0111\u00f4i khi t\u1ed5 ch\u1ee9c \u201ccu\u1ed9c h\u1ecdp nh\u00f3m ID\u201d, \u201cIPP kh\u00f4ng ch\u00ednh th\u1ee9c\u201d ho\u1eb7c \u201c\u0111\u00e1nh gi\u00e1 h\u00e0ng n\u0103m\u201d m\u00e0 trung t\u00e2m khu v\u1ef1c c\u00f3 th\u1ec3 kh\u00f4ng coi l\u00e0 cu\u1ed9c h\u1ecdp IPP. \u0110\u00f4i khi trung t\u00e2m khu v\u1ef1c s\u1ebd cho bi\u1ebft th\u1ecfa thu\u1eadn \u0111\u1ea1t \u0111\u01b0\u1ee3c t\u1ea1i c\u00e1c cu\u1ed9c h\u1ecdp n\u00e0y kh\u00f4ng ph\u1ea3i th\u1ecfa thu\u1eadn ch\u00ednh th\u1ee9c v\u00e0 kh\u00f4ng c\u1ea7n tu\u00e2n theo. B\u1ea5t k\u1ef3 cu\u1ed9c h\u1ecdp n\u00e0o m\u00e0 trong \u0111\u00f3 nh\u00e2n vi\u00ean trung t\u00e2m khu v\u1ef1c g\u1eb7p qu\u00fd v\u1ecb v\u00e0 gia \u0111\u00ecnh qu\u00fd v\u1ecb \u0111\u1ec3 th\u1ea3o lu\u1eadn c\u00e1c d\u1ecbch v\u1ee5 v\u00e0 s\u1ef1 h\u1ed7 tr\u1ee3 l\u00e0 <em>m\u1ed9t cu\u1ed9c h\u1ecdp IPP th\u1ef1c s\u1ef1. <\/em>\u0110i\u1ec1u n\u00e0y ngh\u0129a l\u00e0 ng\u01b0\u1eddi ra quy\u1ebft \u0111\u1ecbnh ph\u1ea3i c\u00f3 m\u1eb7t, th\u1ecfa thu\u1eadn qu\u00fd v\u1ecb \u0111\u1eb7t ra ph\u1ea3i \u0111\u01b0\u1ee3c tu\u00e2n theo v\u00e0 qu\u00fd v\u1ecb ph\u1ea3i c\u00f3 kh\u1ea3 n\u0103ng k\u00fd v\u00e0o IPP ho\u1eb7c b\u1ea3n s\u1eeda \u0111\u1ed5i IPP t\u1eeb \u0111\u00f3. <\/p>\n\n\n\n<p>\u0110\u1ecdc <a href=\"https:\/\/rula.disabilityrightsca.org\/supplements\/supplement-h-how-to-get-regional-center-services-through-your-ipp\/\">Ph\u1ee5 L\u1ee5c H<\/a> \u1edf cu\u1ed1i s\u00e1ch n\u00e0y \u0111\u1ec3 \u0111\u1ea3m b\u1ea3o quy\u1ec1n c\u1ee7a qu\u00fd v\u1ecb \u0111\u01b0\u1ee3c b\u1ea3o v\u1ec7 t\u1ea1i t\u1ea5t c\u1ea3 cu\u1ed9c h\u1ecdp.<\/p>\n","protected":false},"excerpt":{"rendered":"<p>Theo quan \u0111i\u1ec3m c\u1ee7a Disability Rights California, quy\u1ec1n c\u1ee7a qu\u00fd v\u1ecb s\u1ebd kh\u00f4ng thay \u0111\u1ed5i. Trung t\u00e2m khu v\u1ef1c \u0111\u00f4i khi t\u1ed5 ch\u1ee9c \u201ccu\u1ed9c h\u1ecdp&hellip;<\/p>\n","protected":false},"author":1,"featured_media":0,"parent":1193,"menu_order":58,"comment_status":"closed","ping_status":"closed","template":"","meta":{"footnotes":""},"class_list":["post-3663","page","type-page","status-publish","hentry"],"_links":{"self":[{"href":"https:\/\/rula.disabilityrightsca.org\/vi\/wp-json\/wp\/v2\/pages\/3663","targetHints":{"allow":["GET"]}}],"collection":[{"href":"https:\/\/rula.disabilityrightsca.org\/vi\/wp-json\/wp\/v2\/pages"}],"about":[{"href":"https:\/\/rula.disabilityrightsca.org\/vi\/wp-json\/wp\/v2\/types\/page"}],"author":[{"embeddable":true,"href":"https:\/\/rula.disabilityrightsca.org\/vi\/wp-json\/wp\/v2\/users\/1"}],"replies":[{"embeddable":true,"href":"https:\/\/rula.disabilityrightsca.org\/vi\/wp-json\/wp\/v2\/comments?post=3663"}],"version-history":[{"count":2,"href":"https:\/\/rula.disabilityrightsca.org\/vi\/wp-json\/wp\/v2\/pages\/3663\/revisions"}],"predecessor-version":[{"id":3856,"href":"https:\/\/rula.disabilityrightsca.org\/vi\/wp-json\/wp\/v2\/pages\/3663\/revisions\/3856"}],"up":[{"embeddable":true,"href":"https:\/\/rula.disabilityrightsca.org\/vi\/wp-json\/wp\/v2\/pages\/1193"}],"wp:attachment":[{"href":"https:\/\/rula.disabilityrightsca.org\/vi\/wp-json\/wp\/v2\/media?parent=3663"}],"curies":[{"name":"wp","href":"https:\/\/api.w.org\/{rel}","templated":true}]}}