{"id":3661,"date":"2023-07-10T17:41:44","date_gmt":"2023-07-10T17:41:44","guid":{"rendered":"https:\/\/rula.disabilityrightsca.org\/vi\/?page_id=3661"},"modified":"2024-10-09T17:56:28","modified_gmt":"2024-10-09T17:56:28","slug":"4-57-chuyen-gi-xay-ra-voi-ipp-cua-toi-neu-toi-chuyen-den-mot-khu-vuc-co-trung-tam-khu-vuc-khac","status":"publish","type":"page","link":"https:\/\/rula.disabilityrightsca.org\/vi\/rula-book\/chapter-4-individual-program-plans\/4-57-chuyen-gi-xay-ra-voi-ipp-cua-toi-neu-toi-chuyen-den-mot-khu-vuc-co-trung-tam-khu-vuc-khac\/","title":{"rendered":"(4.58) Chuy\u1ec7n g\u00ec x\u1ea3y ra v\u1edbi IPP c\u1ee7a t\u00f4i n\u1ebfu t\u00f4i chuy\u1ec3n \u0111\u1ebfn m\u1ed9t khu v\u1ef1c c\u00f3 trung t\u00e2m khu v\u1ef1c kh\u00e1c?"},"content":{"rendered":"\n<p>Lu\u1eadt quy \u0111\u1ecbnh n\u1ebfu qu\u00fd v\u1ecb \u0111\u00e3 \u0111\u01b0\u1ee3c m\u1ed9t trung t\u00e2m khu v\u1ef1c x\u00e1c \u0111\u1ecbnh l\u00e0 h\u1ed9i \u0111\u1ee7 \u0111i\u1ec1u ki\u1ec7n nh\u1eadn d\u1ecbch v\u1ee5, qu\u00fd v\u1ecb s\u1ebd h\u1ed9i \u0111\u1ee7 \u0111i\u1ec1u ki\u1ec7n nh\u1eadn d\u1ecbch v\u1ee5 c\u1ee7a m\u1ecdi trung t\u00e2m khu v\u1ef1c kh\u00e1c khi chuy\u1ec3n \u0111\u1ebfn khu v\u1ef1c kh\u00e1c trong ti\u1ec3u bang. Trung t\u00e2m khu v\u1ef1c m\u1edbi ch\u1ec9 c\u00f3 th\u1ec3 t\u1eeb ch\u1ed1i n\u1ebfu h\u1ecd th\u1ef1c hi\u1ec7n \u0111\u00e1nh gi\u00e1 l\u1ea1i to\u00e0n di\u1ec7n v\u00e0 k\u1ebft lu\u1eadn r\u1eb1ng trung t\u00e2m khu v\u1ef1c ban \u0111\u1ea7u \u0111\u00e3 sai l\u1ea7m r\u00f5 r\u00e0ng.<span class=\"footnote_referrer\"><a role=\"button\" tabindex=\"0\" onclick=\"footnote_moveToReference_3661_1('footnote_plugin_reference_3661_1_1');\" onkeypress=\"footnote_moveToReference_3661_1('footnote_plugin_reference_3661_1_1');\" ><sup id=\"footnote_plugin_tooltip_3661_1_1\" class=\"footnote_plugin_tooltip_text\">[1]<\/sup><\/a><span id=\"footnote_plugin_tooltip_text_3661_1_1\" class=\"footnote_tooltip\">M\u1ee5c 4643.5(a)&amp;(b).<\/span><\/span><script type=\"text\/javascript\"> jQuery('#footnote_plugin_tooltip_3661_1_1').tooltip({ tip: '#footnote_plugin_tooltip_text_3661_1_1', tipClass: 'footnote_tooltip', effect: 'fade', predelay: 0, fadeInSpeed: 200, delay: 400, fadeOutSpeed: 200, position: 'top center', relative: true, offset: [-7, 0], });<\/script><\/p>\n\n\n\n<p>B\u00ean c\u1ea1nh \u0111\u00f3, trung t\u00e2m khu v\u1ef1c m\u1edbi c\u1ee7a qu\u00fd v\u1ecb ph\u1ea3i tu\u00e2n theo IPP \u0111\u00e3 \u0111\u01b0\u1ee3c ph\u00e1t tri\u1ec3n t\u1ea1i trung t\u00e2m khu v\u1ef1c c\u0169 c\u1ee7a qu\u00fd v\u1ecb, n\u1ebfu c\u00f3 s\u1eb5n d\u1ecbch v\u1ee5, cho \u0111\u1ebfn khi qu\u00fd v\u1ecb c\u00f3 IPP m\u1edbi. <span class=\"footnote_referrer\"><a role=\"button\" tabindex=\"0\" onclick=\"footnote_moveToReference_3661_1('footnote_plugin_reference_3661_1_2');\" onkeypress=\"footnote_moveToReference_3661_1('footnote_plugin_reference_3661_1_2');\" ><sup id=\"footnote_plugin_tooltip_3661_1_2\" class=\"footnote_plugin_tooltip_text\">[2]<\/sup><\/a><span id=\"footnote_plugin_tooltip_text_3661_1_2\" class=\"footnote_tooltip\">M\u1ee5c 4643.5(c).<\/span><\/span><script type=\"text\/javascript\"> jQuery('#footnote_plugin_tooltip_3661_1_2').tooltip({ tip: '#footnote_plugin_tooltip_text_3661_1_2', tipClass: 'footnote_tooltip', effect: 'fade', predelay: 0, fadeInSpeed: 200, delay: 400, fadeOutSpeed: 200, position: 'top center', relative: true, offset: [-7, 0], });<\/script> N\u1ebfu d\u1ecbch v\u1ee5 trong IPP kh\u00f4ng c\u00f3 s\u1eb5n t\u1ea1i khu v\u1ef1c c\u1ee7a trung t\u00e2m khu v\u1ef1c m\u1edbi, trung t\u00e2m khu v\u1ef1c m\u1edbi ph\u1ea3i b\u1ed1 tr\u00ed m\u1ed9t cu\u1ed9c h\u1ecdp IPP trong v\u00f2ng 30 ng\u00e0y \u0111\u1ed3ng th\u1eddi cung c\u1ea5p c\u00e1c d\u1ecbch v\u1ee5 thay th\u1ebf ph\u00f9 h\u1ee3p nh\u1ea5t v\u1edbi nhu c\u1ea7u c\u1ee7a qu\u00fd v\u1ecb trong khi ch\u1edd \u0111\u1ee3i.<span class=\"footnote_referrer\"><a role=\"button\" tabindex=\"0\" onclick=\"footnote_moveToReference_3661_1('footnote_plugin_reference_3661_1_3');\" onkeypress=\"footnote_moveToReference_3661_1('footnote_plugin_reference_3661_1_3');\" ><sup id=\"footnote_plugin_tooltip_3661_1_3\" class=\"footnote_plugin_tooltip_text\">[3]<\/sup><\/a><span id=\"footnote_plugin_tooltip_text_3661_1_3\" class=\"footnote_tooltip\">M\u1ee5c 4643.5(c). <\/span><\/span><script type=\"text\/javascript\"> jQuery('#footnote_plugin_tooltip_3661_1_3').tooltip({ tip: '#footnote_plugin_tooltip_text_3661_1_3', tipClass: 'footnote_tooltip', effect: 'fade', predelay: 0, fadeInSpeed: 200, delay: 400, fadeOutSpeed: 200, position: 'top center', relative: true, offset: [-7, 0], });<\/script><\/p>\n\n\n\n<p>DDS \u0111\u01b0a ra h\u01b0\u1edbng d\u1eabn cho c\u00e1c trung t\u00e2m khu v\u1ef1c \u0111\u1ec3 gi\u00fap qu\u00e1 tr\u00ecnh chuy\u1ec3n \u0111\u1ebfn trung t\u00e2m khu v\u1ef1c m\u1edbi c\u1ee7a qu\u00fd v\u1ecb di\u1ec5n ra su\u00f4n s\u1ebb. H\u01b0\u1edbng d\u1eabn n\u00e0y c\u0169ng \u0111\u1ea3m b\u1ea3o kh\u00f4ng c\u00f3 s\u1ef1 ch\u1eadm tr\u1ec5 hay thi\u1ebfu s\u00f3t trong c\u00e1c d\u1ecbch v\u1ee5 v\u00e0 s\u1ef1 h\u1ed7 tr\u1ee3 d\u00e0nh cho qu\u00fd v\u1ecb \u0111\u1ed3ng th\u1eddi bao g\u1ed3m m\u1ed9t quy tr\u00ecnh gi\u1ea3i quy\u1ebft c\u00e1c b\u1ea5t \u0111\u1ed3ng.<span class=\"footnote_referrer\"><a role=\"button\" tabindex=\"0\" onclick=\"footnote_moveToReference_3661_1('footnote_plugin_reference_3661_1_4');\" onkeypress=\"footnote_moveToReference_3661_1('footnote_plugin_reference_3661_1_4');\" ><sup id=\"footnote_plugin_tooltip_3661_1_4\" class=\"footnote_plugin_tooltip_text\">[4]<\/sup><\/a><span id=\"footnote_plugin_tooltip_text_3661_1_4\" class=\"footnote_tooltip\">M\u1ee5c 4643.5(c). <\/span><\/span><script type=\"text\/javascript\"> jQuery('#footnote_plugin_tooltip_3661_1_4').tooltip({ tip: '#footnote_plugin_tooltip_text_3661_1_4', tipClass: 'footnote_tooltip', effect: 'fade', predelay: 0, fadeInSpeed: 200, delay: 400, fadeOutSpeed: 200, position: 'top center', relative: true, offset: [-7, 0], });<\/script> \u0110\u1ec3 bi\u1ebft th\u00eam th\u00f4ng tin <a href=\"https:\/\/rula.disabilityrightsca.org\/supplements\/supplement-g-inter-regional-center-transfer-guidelines\/\">v\u1ec1 vi\u1ec7c chuy\u1ec3n t\u1eeb m\u1ed9t trung t\u00e2m khu v\u1ef1c sang trung t\u00e2m khu v\u1ef1c kh\u00e1c, h\u00e3y xem Ph\u1ee5 L\u1ee5c G.<\/a><\/p>\n<div class=\"speaker-mute footnotes_reference_container\"> <div class=\"footnote_container_prepare\"><p><span role=\"button\" tabindex=\"0\" class=\"footnote_reference_container_label pointer\" onclick=\"footnote_expand_collapse_reference_container_3661_1();\">&#x202F;<\/span><span role=\"button\" tabindex=\"0\" class=\"footnote_reference_container_collapse_button\" style=\"display: none;\" onclick=\"footnote_expand_collapse_reference_container_3661_1();\">[<a id=\"footnote_reference_container_collapse_button_3661_1\">+<\/a>]<\/span><\/p><\/div> <div id=\"footnote_references_container_3661_1\" style=\"\"><table class=\"footnotes_table footnote-reference-container\"><caption class=\"accessibility\">References<\/caption> <tbody> \r\n\r\n<tr class=\"footnotes_plugin_reference_row\"> <th scope=\"row\" class=\"footnote_plugin_index_combi pointer\"  onclick=\"footnote_moveToAnchor_3661_1('footnote_plugin_tooltip_3661_1_1');\"><a id=\"footnote_plugin_reference_3661_1_1\" class=\"footnote_backlink\"><span class=\"footnote_index_arrow\">&#8593;<\/span>1<\/a><\/th> <td class=\"footnote_plugin_text\">M\u1ee5c 4643.5(a)&amp;(b).<\/td><\/tr>\r\n\r\n<tr class=\"footnotes_plugin_reference_row\"> <th scope=\"row\" class=\"footnote_plugin_index_combi pointer\"  onclick=\"footnote_moveToAnchor_3661_1('footnote_plugin_tooltip_3661_1_2');\"><a id=\"footnote_plugin_reference_3661_1_2\" class=\"footnote_backlink\"><span class=\"footnote_index_arrow\">&#8593;<\/span>2<\/a><\/th> <td class=\"footnote_plugin_text\">M\u1ee5c 4643.5(c).<\/td><\/tr>\r\n\r\n<tr class=\"footnotes_plugin_reference_row\"> <th scope=\"row\" class=\"footnote_plugin_index_combi\" ><a id=\"footnote_plugin_reference_3661_1_3\" class=\"footnote_backlink\" onclick=\"footnote_moveToAnchor_3661_1('footnote_plugin_tooltip_3661_1_3');\"><span class=\"footnote_index_arrow\">&#8593;<\/span>3,<\/a> <a id=\"footnote_plugin_reference_3661_1_4\" class=\"footnote_backlink\" onclick=\"footnote_moveToAnchor_3661_1('footnote_plugin_tooltip_3661_1_4');\"><span class=\"footnote_index_arrow\">&#8593;<\/span>4<\/a><\/th> <td class=\"footnote_plugin_text\">M\u1ee5c 4643.5(c). <\/td><\/tr>\r\n\r\n <\/tbody> <\/table> <\/div><\/div><script type=\"text\/javascript\"> function footnote_expand_reference_container_3661_1() { jQuery('#footnote_references_container_3661_1').show(); jQuery('#footnote_reference_container_collapse_button_3661_1').text('\u2212'); } function footnote_collapse_reference_container_3661_1() { jQuery('#footnote_references_container_3661_1').hide(); jQuery('#footnote_reference_container_collapse_button_3661_1').text('+'); } function footnote_expand_collapse_reference_container_3661_1() { if (jQuery('#footnote_references_container_3661_1').is(':hidden')) { footnote_expand_reference_container_3661_1(); } else { footnote_collapse_reference_container_3661_1(); } } function footnote_moveToReference_3661_1(p_str_TargetID) { footnote_expand_reference_container_3661_1(); var l_obj_Target = jQuery('#' + p_str_TargetID); if (l_obj_Target.length) { jQuery( 'html, body' ).delay( 0 ); jQuery('html, body').animate({ scrollTop: l_obj_Target.offset().top - window.innerHeight * 0.2 }, 380); } } function footnote_moveToAnchor_3661_1(p_str_TargetID) { footnote_expand_reference_container_3661_1(); var l_obj_Target = jQuery('#' + p_str_TargetID); if (l_obj_Target.length) { jQuery( 'html, body' ).delay( 0 ); jQuery('html, body').animate({ scrollTop: l_obj_Target.offset().top - window.innerHeight * 0.2 }, 380); } }<\/script>","protected":false},"excerpt":{"rendered":"<p>Lu\u1eadt quy \u0111\u1ecbnh n\u1ebfu qu\u00fd v\u1ecb \u0111\u00e3 \u0111\u01b0\u1ee3c m\u1ed9t trung t\u00e2m khu v\u1ef1c x\u00e1c \u0111\u1ecbnh l\u00e0 h\u1ed9i \u0111\u1ee7 \u0111i\u1ec1u ki\u1ec7n nh\u1eadn d\u1ecbch v\u1ee5, qu\u00fd v\u1ecb&hellip;<\/p>\n","protected":false},"author":1,"featured_media":0,"parent":1193,"menu_order":57,"comment_status":"closed","ping_status":"closed","template":"","meta":{"footnotes":""},"class_list":["post-3661","page","type-page","status-publish","hentry"],"_links":{"self":[{"href":"https:\/\/rula.disabilityrightsca.org\/vi\/wp-json\/wp\/v2\/pages\/3661","targetHints":{"allow":["GET"]}}],"collection":[{"href":"https:\/\/rula.disabilityrightsca.org\/vi\/wp-json\/wp\/v2\/pages"}],"about":[{"href":"https:\/\/rula.disabilityrightsca.org\/vi\/wp-json\/wp\/v2\/types\/page"}],"author":[{"embeddable":true,"href":"https:\/\/rula.disabilityrightsca.org\/vi\/wp-json\/wp\/v2\/users\/1"}],"replies":[{"embeddable":true,"href":"https:\/\/rula.disabilityrightsca.org\/vi\/wp-json\/wp\/v2\/comments?post=3661"}],"version-history":[{"count":2,"href":"https:\/\/rula.disabilityrightsca.org\/vi\/wp-json\/wp\/v2\/pages\/3661\/revisions"}],"predecessor-version":[{"id":3857,"href":"https:\/\/rula.disabilityrightsca.org\/vi\/wp-json\/wp\/v2\/pages\/3661\/revisions\/3857"}],"up":[{"embeddable":true,"href":"https:\/\/rula.disabilityrightsca.org\/vi\/wp-json\/wp\/v2\/pages\/1193"}],"wp:attachment":[{"href":"https:\/\/rula.disabilityrightsca.org\/vi\/wp-json\/wp\/v2\/media?parent=3661"}],"curies":[{"name":"wp","href":"https:\/\/api.w.org\/{rel}","templated":true}]}}