{"id":3659,"date":"2023-07-10T17:40:58","date_gmt":"2023-07-10T17:40:58","guid":{"rendered":"https:\/\/rula.disabilityrightsca.org\/vi\/?page_id=3659"},"modified":"2024-10-09T17:57:28","modified_gmt":"2024-10-09T17:57:28","slug":"4-56-ipp-co-can-cho-biet-viec-trung-tam-khu-vuc-se-giup-toi-nhan-dich-vu-tu-mot-co-quan-khac-khong","status":"publish","type":"page","link":"https:\/\/rula.disabilityrightsca.org\/vi\/rula-book\/chapter-4-individual-program-plans\/4-56-ipp-co-can-cho-biet-viec-trung-tam-khu-vuc-se-giup-toi-nhan-dich-vu-tu-mot-co-quan-khac-khong\/","title":{"rendered":"(4.57) IPP c\u00f3 c\u1ea7n cho bi\u1ebft vi\u1ec7c trung t\u00e2m khu v\u1ef1c s\u1ebd gi\u00fap t\u00f4i nh\u1eadn d\u1ecbch v\u1ee5 t\u1eeb m\u1ed9t c\u01a1 quan kh\u00e1c kh\u00f4ng?"},"content":{"rendered":"\n<p>K\u1ec3 c\u1ea3 khi m\u1ed9t nhu c\u1ea7u d\u1ecbch v\u1ee5 \u0111\u01b0\u1ee3c \u0111\u00e1p \u1ee9ng b\u1edfi m\u1ed9t ngu\u1ed3n kh\u00e1c, ch\u1eb3ng h\u1ea1n nh\u01b0 ngu\u1ed3n l\u1ef1c chung, d\u1ecbch v\u1ee5 n\u00e0y v\u1eabn ph\u1ea3i \u0111\u01b0\u1ee3c li\u1ec7t k\u00ea trong IPP.<span class=\"footnote_referrer\"><a role=\"button\" tabindex=\"0\" onclick=\"footnote_moveToReference_3659_1('footnote_plugin_reference_3659_1_1');\" onkeypress=\"footnote_moveToReference_3659_1('footnote_plugin_reference_3659_1_1');\" ><sup id=\"footnote_plugin_tooltip_3659_1_1\" class=\"footnote_plugin_tooltip_text\">[1]<\/sup><\/a><span id=\"footnote_plugin_tooltip_text_3659_1_1\" class=\"footnote_tooltip\">M\u1ee5c 4646.5(a)(5).<\/span><\/span><script type=\"text\/javascript\"> jQuery('#footnote_plugin_tooltip_3659_1_1').tooltip({ tip: '#footnote_plugin_tooltip_text_3659_1_1', tipClass: 'footnote_tooltip', effect: 'fade', predelay: 0, fadeInSpeed: 200, delay: 400, fadeOutSpeed: 200, position: 'top center', relative: true, offset: [-7, 0], });<\/script> B\u00ean c\u1ea1nh \u0111\u00f3, IPP ph\u1ea3i m\u00f4 t\u1ea3 nh\u1eefng h\u00e0nh \u0111\u1ed9ng c\u1ea7n thi\u1ebft \u0111\u1ec3 d\u1ecbch v\u1ee5 chung b\u1eaft \u0111\u1ea7u. <span class=\"footnote_referrer\"><a role=\"button\" tabindex=\"0\" onclick=\"footnote_moveToReference_3659_1('footnote_plugin_reference_3659_1_2');\" onkeypress=\"footnote_moveToReference_3659_1('footnote_plugin_reference_3659_1_2');\" ><sup id=\"footnote_plugin_tooltip_3659_1_2\" class=\"footnote_plugin_tooltip_text\">[2]<\/sup><\/a><span id=\"footnote_plugin_tooltip_text_3659_1_2\" class=\"footnote_tooltip\">M\u1ee5c 4646.5(a)(5). <\/span><\/span><script type=\"text\/javascript\"> jQuery('#footnote_plugin_tooltip_3659_1_2').tooltip({ tip: '#footnote_plugin_tooltip_text_3659_1_2', tipClass: 'footnote_tooltip', effect: 'fade', predelay: 0, fadeInSpeed: 200, delay: 400, fadeOutSpeed: 200, position: 'top center', relative: true, offset: [-7, 0], });<\/script> N\u1ebfu qu\u00fd v\u1ecb g\u1eb7p kh\u00f3 kh\u0103n trong vi\u1ec7c \u0111\u0103ng k\u00fd v\u1edbi ngu\u1ed3n l\u1ef1c chung \u0111\u1ec3 nh\u1eadn d\u1ecbch v\u1ee5 c\u1ee7a h\u1ecd th\u00ec nh\u1eefng h\u00e0nh \u0111\u1ed9ng c\u1ea7n thi\u1ebft \u0111\u1ec3 b\u1eaft \u0111\u1ea7u d\u1ecbch v\u1ee5 c\u00f3 th\u1ec3 bao g\u1ed3m vi\u1ec7c tr\u1ee3 gi\u00fap qu\u00fd v\u1ecb \u0111\u0103ng k\u00fd. N\u1ebfu qu\u00fd v\u1ecb kh\u00f4ng c\u1ea7n tr\u1ee3 gi\u00fap \u0111\u0103ng k\u00fd, nh\u01b0ng ngu\u1ed3n l\u1ef1c chung t\u1eeb ch\u1ed1i \u0111\u01a1n \u0111\u0103ng k\u00fd c\u1ee7a qu\u00fd v\u1ecb, th\u00ec nh\u1eefng h\u00e0nh \u0111\u1ed9ng c\u1ea7n thi\u1ebft c\u00f3 th\u1ec3 ph\u1ea3i bao g\u1ed3m d\u1ecbch v\u1ee5 b\u00eanh v\u1ef1c t\u1eeb trung t\u00e2m khu v\u1ef1c.<span class=\"footnote_referrer\"><a role=\"button\" tabindex=\"0\" onclick=\"footnote_moveToReference_3659_1('footnote_plugin_reference_3659_1_3');\" onkeypress=\"footnote_moveToReference_3659_1('footnote_plugin_reference_3659_1_3');\" ><sup id=\"footnote_plugin_tooltip_3659_1_3\" class=\"footnote_plugin_tooltip_text\">[3]<\/sup><\/a><span id=\"footnote_plugin_tooltip_text_3659_1_3\" class=\"footnote_tooltip\">M\u1ee5c 4648(b).<\/span><\/span><script type=\"text\/javascript\"> jQuery('#footnote_plugin_tooltip_3659_1_3').tooltip({ tip: '#footnote_plugin_tooltip_text_3659_1_3', tipClass: 'footnote_tooltip', effect: 'fade', predelay: 0, fadeInSpeed: 200, delay: 400, fadeOutSpeed: 200, position: 'top center', relative: true, offset: [-7, 0], });<\/script><\/p>\n\n\n\n<p>Trung t\u00e2m khu v\u1ef1c kh\u00f4ng \u0111\u01b0\u1ee3c ch\u1ec9 gi\u1edbi thi\u1ec7u qu\u00fd v\u1ecb \u0111\u1ebfn c\u00e1c c\u01a1 quan chung \u0111\u1ec3 nh\u1eadn d\u1ecbch v\u1ee5 \u0111\u01b0\u1ee3c li\u1ec7t k\u00ea trong IPP m\u00e0 kh\u00f4ng \u0111\u1ea3m b\u1ea3o c\u00e1c d\u1ecbch v\u1ee5 c\u1ea7n thi\u1ebft n\u00e0y \u0111ang c\u00f3 s\u1eb5n v\u00e0 \u0111\u01b0\u1ee3c cung c\u1ea5p. Trung t\u00e2m khu v\u1ef1c c\u0169ng ph\u1ea3i \u0111\u1ea3m b\u1ea3o kh\u00f4ng ph\u00e1t sinh thi\u1ebfu s\u00f3t trong c\u00e1c d\u1ecbch v\u1ee5 qu\u00fd v\u1ecb c\u1ea7n.<span class=\"footnote_referrer\"><a role=\"button\" tabindex=\"0\" onclick=\"footnote_moveToReference_3659_1('footnote_plugin_reference_3659_1_4');\" onkeypress=\"footnote_moveToReference_3659_1('footnote_plugin_reference_3659_1_4');\" ><sup id=\"footnote_plugin_tooltip_3659_1_4\" class=\"footnote_plugin_tooltip_text\">[4]<\/sup><\/a><span id=\"footnote_plugin_tooltip_text_3659_1_4\" class=\"footnote_tooltip\">\u0110\u1ea1o Lu\u1eadt Lanterman quy \u0111\u1ecbnh: \u201c[t]\u00ednh ch\u1ea5t ph\u1ee9c t\u1ea1p c\u1ee7a vi\u1ec7c cung c\u1ea5p c\u00e1c d\u1ecbch v\u1ee5 v\u00e0 s\u1ef1 h\u1ed7 tr\u1ee3 cho ng\u01b0\u1eddi khuy\u1ebft t\u1eadt v\u1ec1 ph\u00e1t tri\u1ec3n \u0111\u00f2i h\u1ecfi vi\u1ec7c&nbsp;&#x2026; <span class=\"footnote_tooltip_continue\"  onclick=\"footnote_moveToReference_3659_1('footnote_plugin_reference_3659_1_4');\">Continue reading<\/span><\/span><\/span><script type=\"text\/javascript\"> jQuery('#footnote_plugin_tooltip_3659_1_4').tooltip({ tip: '#footnote_plugin_tooltip_text_3659_1_4', tipClass: 'footnote_tooltip', effect: 'fade', predelay: 0, fadeInSpeed: 200, delay: 400, fadeOutSpeed: 200, position: 'top center', relative: true, offset: [-7, 0], });<\/script> <\/p>\n\n\n\n<p>N\u1ebfu m\u1ed9t c\u01a1 quan kh\u00e1c t\u1eeb ch\u1ed1i thanh to\u00e1n cho m\u1ed9t d\u1ecbch v\u1ee5 ho\u1eb7c s\u1ef1 h\u1ed7 tr\u1ee3 qu\u00fd v\u1ecb c\u1ea7n ngay l\u1eadp t\u1ee9c (v\u00e0 \u0111\u00e2y c\u0169ng s\u1ebd l\u00e0 tr\u00e1ch nhi\u1ec7m c\u1ee7a trung t\u00e2m khu v\u1ef1c), trung t\u00e2m khu v\u1ef1c ph\u1ea3i thanh to\u00e1n cho d\u1ecbch v\u1ee5 ho\u1eb7c s\u1ef1 h\u1ed7 tr\u1ee3 \u0111\u00f3 cho \u0111\u1ebfn khi b\u00ean c\u00f3 tr\u00e1ch nhi\u1ec7m \u0111\u1ed3ng \u00fd thanh to\u00e1n. <span class=\"footnote_referrer\"><a role=\"button\" tabindex=\"0\" onclick=\"footnote_moveToReference_3659_1('footnote_plugin_reference_3659_1_5');\" onkeypress=\"footnote_moveToReference_3659_1('footnote_plugin_reference_3659_1_5');\" ><sup id=\"footnote_plugin_tooltip_3659_1_5\" class=\"footnote_plugin_tooltip_text\">[5]<\/sup><\/a><span id=\"footnote_plugin_tooltip_text_3659_1_5\" class=\"footnote_tooltip\">Sau khi c\u00e1c d\u1ecbch v\u1ee5 v\u00e0 s\u1ef1 h\u1ed7 tr\u1ee3 \u0111\u01b0\u1ee3c x\u00e1c \u0111\u1ecbnh trong IPP, trung t\u00e2m khu v\u1ef1c ph\u1ea3i b\u1ea3o \u0111\u1ea3m c\u00e1c d\u1ecbch v\u1ee5 v\u00e0 s\u1ef1 h\u1ed7 tr\u1ee3 c\u1ea7n thi\u1ebft n\u00e0y. Xem C\u00e1c M\u1ee5c 4648(a)&nbsp;&#x2026; <span class=\"footnote_tooltip_continue\"  onclick=\"footnote_moveToReference_3659_1('footnote_plugin_reference_3659_1_5');\">Continue reading<\/span><\/span><\/span><script type=\"text\/javascript\"> jQuery('#footnote_plugin_tooltip_3659_1_5').tooltip({ tip: '#footnote_plugin_tooltip_text_3659_1_5', tipClass: 'footnote_tooltip', effect: 'fade', predelay: 0, fadeInSpeed: 200, delay: 400, fadeOutSpeed: 200, position: 'top center', relative: true, offset: [-7, 0], });<\/script> V\u00ec v\u1eady, IPP ph\u1ea3i cho bi\u1ebft trung t\u00e2m khu v\u1ef1c c\u00f3 gi\u00fap qu\u00fd v\u1ecb nh\u1eadn d\u1ecbch v\u1ee5 qu\u00fd v\u1ecb c\u1ea7n t\u1eeb m\u1ed9t c\u01a1 quan kh\u00e1c kh\u00f4ng v\u00e0 trung t\u00e2m khu v\u1ef1c c\u00f3 cung c\u1ea5p d\u1ecbch v\u1ee5 \u0111\u00f3 ngay l\u1eadp t\u1ee9c kh\u00f4ng n\u1ebfu ngu\u1ed3n l\u1ef1c kh\u00e1c kh\u00f4ng s\u1eb5n s\u00e0ng.<\/p>\n<div class=\"speaker-mute footnotes_reference_container\"> <div class=\"footnote_container_prepare\"><p><span role=\"button\" tabindex=\"0\" class=\"footnote_reference_container_label pointer\" onclick=\"footnote_expand_collapse_reference_container_3659_1();\">&#x202F;<\/span><span role=\"button\" tabindex=\"0\" class=\"footnote_reference_container_collapse_button\" style=\"display: none;\" onclick=\"footnote_expand_collapse_reference_container_3659_1();\">[<a id=\"footnote_reference_container_collapse_button_3659_1\">+<\/a>]<\/span><\/p><\/div> <div id=\"footnote_references_container_3659_1\" style=\"\"><table class=\"footnotes_table footnote-reference-container\"><caption class=\"accessibility\">References<\/caption> <tbody> \r\n\r\n<tr class=\"footnotes_plugin_reference_row\"> <th scope=\"row\" class=\"footnote_plugin_index_combi pointer\"  onclick=\"footnote_moveToAnchor_3659_1('footnote_plugin_tooltip_3659_1_1');\"><a id=\"footnote_plugin_reference_3659_1_1\" class=\"footnote_backlink\"><span class=\"footnote_index_arrow\">&#8593;<\/span>1<\/a><\/th> <td class=\"footnote_plugin_text\">M\u1ee5c 4646.5(a)(5).<\/td><\/tr>\r\n\r\n<tr class=\"footnotes_plugin_reference_row\"> <th scope=\"row\" class=\"footnote_plugin_index_combi pointer\"  onclick=\"footnote_moveToAnchor_3659_1('footnote_plugin_tooltip_3659_1_2');\"><a id=\"footnote_plugin_reference_3659_1_2\" class=\"footnote_backlink\"><span class=\"footnote_index_arrow\">&#8593;<\/span>2<\/a><\/th> <td class=\"footnote_plugin_text\">M\u1ee5c 4646.5(a)(5). <\/td><\/tr>\r\n\r\n<tr class=\"footnotes_plugin_reference_row\"> <th scope=\"row\" class=\"footnote_plugin_index_combi pointer\"  onclick=\"footnote_moveToAnchor_3659_1('footnote_plugin_tooltip_3659_1_3');\"><a id=\"footnote_plugin_reference_3659_1_3\" class=\"footnote_backlink\"><span class=\"footnote_index_arrow\">&#8593;<\/span>3<\/a><\/th> <td class=\"footnote_plugin_text\">M\u1ee5c 4648(b).<\/td><\/tr>\r\n\r\n<tr class=\"footnotes_plugin_reference_row\"> <th scope=\"row\" class=\"footnote_plugin_index_combi pointer\"  onclick=\"footnote_moveToAnchor_3659_1('footnote_plugin_tooltip_3659_1_4');\"><a id=\"footnote_plugin_reference_3659_1_4\" class=\"footnote_backlink\"><span class=\"footnote_index_arrow\">&#8593;<\/span>4<\/a><\/th> <td class=\"footnote_plugin_text\">\u0110\u1ea1o Lu\u1eadt Lanterman quy \u0111\u1ecbnh: \u201c[t]\u00ednh ch\u1ea5t ph\u1ee9c t\u1ea1p c\u1ee7a vi\u1ec7c cung c\u1ea5p c\u00e1c d\u1ecbch v\u1ee5 v\u00e0 s\u1ef1 h\u1ed7 tr\u1ee3 cho ng\u01b0\u1eddi khuy\u1ebft t\u1eadt v\u1ec1 ph\u00e1t tri\u1ec3n \u0111\u00f2i h\u1ecfi vi\u1ec7c \u0111i\u1ec1u ph\u1ed1i d\u1ecbch v\u1ee5 c\u1ee7a nhi\u1ec1u s\u1edf ti\u1ec3u bang v\u00e0 c\u01a1 quan c\u1ed9ng \u0111\u1ed3ng nh\u1eb1m \u0111\u1ea3m b\u1ea3o kh\u00f4ng ph\u00e1t sinh thi\u1ebfu s\u00f3t trong vi\u1ec7c truy\u1ec1n \u0111\u1ea1t th\u00f4ng tin ho\u1eb7c cung c\u1ea5p d\u1ecbch v\u1ee5 v\u00e0 s\u1ef1 h\u1ed7 tr\u1ee3<strong><em>.<\/em><\/strong>\u201d M\u1ee5c 4501.<\/td><\/tr>\r\n\r\n<tr class=\"footnotes_plugin_reference_row\"> <th scope=\"row\" class=\"footnote_plugin_index_combi pointer\"  onclick=\"footnote_moveToAnchor_3659_1('footnote_plugin_tooltip_3659_1_5');\"><a id=\"footnote_plugin_reference_3659_1_5\" class=\"footnote_backlink\"><span class=\"footnote_index_arrow\">&#8593;<\/span>5<\/a><\/th> <td class=\"footnote_plugin_text\">Sau khi c\u00e1c d\u1ecbch v\u1ee5 v\u00e0 s\u1ef1 h\u1ed7 tr\u1ee3 \u0111\u01b0\u1ee3c x\u00e1c \u0111\u1ecbnh trong IPP, trung t\u00e2m khu v\u1ef1c ph\u1ea3i b\u1ea3o \u0111\u1ea3m c\u00e1c d\u1ecbch v\u1ee5 v\u00e0 s\u1ef1 h\u1ed7 tr\u1ee3 c\u1ea7n thi\u1ebft n\u00e0y. Xem C\u00e1c M\u1ee5c 4648(a) v\u00e0 4640.7 v\u00e0 <em>Hi\u1ec7p H\u1ed9i D\u00e0nh Cho C\u00f4ng D\u00e2n Ch\u1eadm Ph\u00e1t Tri\u1ec3n ki\u1ec7n DDS (1985) <\/em>38 B\u00e1o C\u00e1o C\u1ee7a California s\u1ed1 3 384, t\u1ea1i 388 v\u00e0 390. Vi\u1ec7c b\u1ea3o \u0111\u1ea3m c\u00e1c d\u1ecbch v\u1ee5 trong IPP \u0111\u01b0\u1ee3c th\u1ef1c hi\u1ec7n th\u00f4ng qua vi\u1ec7c mua ho\u1eb7c nh\u1eadn d\u1ecbch v\u1ee5 t\u1eeb c\u00e1c c\u01a1 quan chung ho\u1eb7c c\u00e1c ngu\u1ed3n l\u1ef1c kh\u00e1c. M\u1ee5c 4647(a). N\u1ebfu kh\u00f4ng th\u1ec3 nh\u1eadn ngay l\u1eadp t\u1ee9c d\u1ecbch v\u1ee5 c\u1ea7n thi\u1ebft ngay t\u1eeb c\u00e1c ngu\u1ed3n l\u1ef1c chung ho\u1eb7c ngu\u1ed3n l\u1ef1c kh\u00e1c, trung t\u00e2m khu v\u1ef1c ph\u1ea3i mua c\u00e1c d\u1ecbch v\u1ee5 n\u00e0y.<\/td><\/tr>\r\n\r\n <\/tbody> <\/table> <\/div><\/div><script type=\"text\/javascript\"> function footnote_expand_reference_container_3659_1() { jQuery('#footnote_references_container_3659_1').show(); jQuery('#footnote_reference_container_collapse_button_3659_1').text('\u2212'); } function footnote_collapse_reference_container_3659_1() { jQuery('#footnote_references_container_3659_1').hide(); jQuery('#footnote_reference_container_collapse_button_3659_1').text('+'); } function footnote_expand_collapse_reference_container_3659_1() { if (jQuery('#footnote_references_container_3659_1').is(':hidden')) { footnote_expand_reference_container_3659_1(); } else { footnote_collapse_reference_container_3659_1(); } } function footnote_moveToReference_3659_1(p_str_TargetID) { footnote_expand_reference_container_3659_1(); var l_obj_Target = jQuery('#' + p_str_TargetID); if (l_obj_Target.length) { jQuery( 'html, body' ).delay( 0 ); jQuery('html, body').animate({ scrollTop: l_obj_Target.offset().top - window.innerHeight * 0.2 }, 380); } } function footnote_moveToAnchor_3659_1(p_str_TargetID) { footnote_expand_reference_container_3659_1(); var l_obj_Target = jQuery('#' + p_str_TargetID); if (l_obj_Target.length) { jQuery( 'html, body' ).delay( 0 ); jQuery('html, body').animate({ scrollTop: l_obj_Target.offset().top - window.innerHeight * 0.2 }, 380); } }<\/script>","protected":false},"excerpt":{"rendered":"<p>K\u1ec3 c\u1ea3 khi m\u1ed9t nhu c\u1ea7u d\u1ecbch v\u1ee5 \u0111\u01b0\u1ee3c \u0111\u00e1p \u1ee9ng b\u1edfi m\u1ed9t ngu\u1ed3n kh\u00e1c, ch\u1eb3ng h\u1ea1n nh\u01b0 ngu\u1ed3n l\u1ef1c chung, d\u1ecbch v\u1ee5 n\u00e0y v\u1eabn&hellip;<\/p>\n","protected":false},"author":1,"featured_media":0,"parent":1193,"menu_order":56,"comment_status":"closed","ping_status":"closed","template":"","meta":{"footnotes":""},"class_list":["post-3659","page","type-page","status-publish","hentry"],"_links":{"self":[{"href":"https:\/\/rula.disabilityrightsca.org\/vi\/wp-json\/wp\/v2\/pages\/3659","targetHints":{"allow":["GET"]}}],"collection":[{"href":"https:\/\/rula.disabilityrightsca.org\/vi\/wp-json\/wp\/v2\/pages"}],"about":[{"href":"https:\/\/rula.disabilityrightsca.org\/vi\/wp-json\/wp\/v2\/types\/page"}],"author":[{"embeddable":true,"href":"https:\/\/rula.disabilityrightsca.org\/vi\/wp-json\/wp\/v2\/users\/1"}],"replies":[{"embeddable":true,"href":"https:\/\/rula.disabilityrightsca.org\/vi\/wp-json\/wp\/v2\/comments?post=3659"}],"version-history":[{"count":2,"href":"https:\/\/rula.disabilityrightsca.org\/vi\/wp-json\/wp\/v2\/pages\/3659\/revisions"}],"predecessor-version":[{"id":3859,"href":"https:\/\/rula.disabilityrightsca.org\/vi\/wp-json\/wp\/v2\/pages\/3659\/revisions\/3859"}],"up":[{"embeddable":true,"href":"https:\/\/rula.disabilityrightsca.org\/vi\/wp-json\/wp\/v2\/pages\/1193"}],"wp:attachment":[{"href":"https:\/\/rula.disabilityrightsca.org\/vi\/wp-json\/wp\/v2\/media?parent=3659"}],"curies":[{"name":"wp","href":"https:\/\/api.w.org\/{rel}","templated":true}]}}