{"id":3657,"date":"2023-07-10T17:39:11","date_gmt":"2023-07-10T17:39:11","guid":{"rendered":"https:\/\/rula.disabilityrightsca.org\/vi\/?page_id=3657"},"modified":"2024-10-09T17:58:09","modified_gmt":"2024-10-09T17:58:09","slug":"4-55-hieu-qua-ve-chi-phi-la-gi-va-co-anh-huong-nhu-the-nao-den-quy-trinh-ipp","status":"publish","type":"page","link":"https:\/\/rula.disabilityrightsca.org\/vi\/rula-book\/chapter-4-individual-program-plans\/4-55-hieu-qua-ve-chi-phi-la-gi-va-co-anh-huong-nhu-the-nao-den-quy-trinh-ipp\/","title":{"rendered":"(4.56) \u201cHi\u1ec7u qu\u1ea3 v\u1ec1 chi ph\u00ed\u201d l\u00e0 g\u00ec v\u00e0 c\u00f3 \u1ea3nh h\u01b0\u1edfng nh\u01b0 th\u1ebf n\u00e0o \u0111\u1ebfn quy tr\u00ecnh IPP?"},"content":{"rendered":"\n<p>C\u00e1c ph\u1ea7n trong \u0110\u1ea1o Lu\u1eadt Lanterman quy \u0111\u1ecbnh d\u1ecbch v\u1ee5 c\u1ee7a trung t\u00e2m khu v\u1ef1c ph\u1ea3i c\u00f3 hi\u1ec7u qu\u1ea3 chi ph\u00ed trong vi\u1ec7c \u0111\u1ea1t \u0111\u01b0\u1ee3c c\u00e1c m\u1ee5c \u0111\u00edch v\u00e0 th\u1ef1c hi\u1ec7n IPP c\u1ee7a qu\u00fd v\u1ecb.<span class=\"footnote_referrer\"><a role=\"button\" tabindex=\"0\" onclick=\"footnote_moveToReference_3657_1('footnote_plugin_reference_3657_1_1');\" onkeypress=\"footnote_moveToReference_3657_1('footnote_plugin_reference_3657_1_1');\" ><sup id=\"footnote_plugin_tooltip_3657_1_1\" class=\"footnote_plugin_tooltip_text\">[1]<\/sup><\/a><span id=\"footnote_plugin_tooltip_text_3657_1_1\" class=\"footnote_tooltip\">C\u00e1c M\u1ee5c 4512(b), 4646(a), 4648(a)(6), 4651(a), v\u00e0 4685(c)(3).<\/span><\/span><script type=\"text\/javascript\"> jQuery('#footnote_plugin_tooltip_3657_1_1').tooltip({ tip: '#footnote_plugin_tooltip_text_3657_1_1', tipClass: 'footnote_tooltip', effect: 'fade', predelay: 0, fadeInSpeed: 200, delay: 400, fadeOutSpeed: 200, position: 'top center', relative: true, offset: [-7, 0], });<\/script> \u0110i\u1ec1u n\u00e0y ngh\u0129a l\u00e0 trung t\u00e2m khu v\u1ef1c ph\u1ea3i t\u00e0i tr\u1ee3 cho c\u00e1c d\u1ecbch v\u1ee5 v\u00e0 s\u1ef1 h\u1ed7 tr\u1ee3 \u0111em v\u1ec1 k\u1ebft qu\u1ea3 t\u1ed1t nh\u1ea5t t\u01b0\u01a1ng \u1ee9ng v\u1edbi s\u1ed1 ti\u1ec1n \u0111\u00e3 chi.<span class=\"footnote_referrer\"><a role=\"button\" tabindex=\"0\" onclick=\"footnote_moveToReference_3657_1('footnote_plugin_reference_3657_1_2');\" onkeypress=\"footnote_moveToReference_3657_1('footnote_plugin_reference_3657_1_2');\" ><sup id=\"footnote_plugin_tooltip_3657_1_2\" class=\"footnote_plugin_tooltip_text\">[2]<\/sup><\/a><span id=\"footnote_plugin_tooltip_text_3657_1_2\" class=\"footnote_tooltip\">Ti\u00eau \u0110\u1ec1 17, B\u1ed9 Lu\u1eadt C\u00e1c Quy \u0110\u1ecbnh California, m\u1ee5c 58501(a)(6).<\/span><\/span><script type=\"text\/javascript\"> jQuery('#footnote_plugin_tooltip_3657_1_2').tooltip({ tip: '#footnote_plugin_tooltip_text_3657_1_2', tipClass: 'footnote_tooltip', effect: 'fade', predelay: 0, fadeInSpeed: 200, delay: 400, fadeOutSpeed: 200, position: 'top center', relative: true, offset: [-7, 0], });<\/script> Trung t\u00e2m khu v\u1ef1c c\u00f3 th\u1ec3 c\u00e2n nh\u1eafc chi ph\u00ed khi ch\u1ecdn gi\u1eefa c\u00e1c nh\u00e0 cung c\u1ea5p c\u00f3 c\u00f9ng c\u00e1c d\u1ecbch v\u1ee5 v\u1edbi ch\u1ea5t l\u01b0\u1ee3ng t\u01b0\u01a1ng t\u1ef1. Tuy nhi\u00ean, h\u1ecd kh\u00f4ng th\u1ec3 coi chi ph\u00ed l\u00e0 y\u1ebfu t\u1ed1 <em>duy nh\u1ea5t <\/em>\u0111\u1ec3 x\u00e1c \u0111\u1ecbnh vi\u1ec7c c\u00f3 cung c\u1ea5p m\u1ed9t d\u1ecbch v\u1ee5 c\u1ea7n thi\u1ebft cho qu\u00fd v\u1ecb kh\u00f4ng. Trung t\u00e2m khu v\u1ef1c kh\u00f4ng th\u1ec3 t\u1eeb ch\u1ed1i m\u1ed9t lo\u1ea1i d\u1ecbch v\u1ee5 v\u00ec h\u1ecd ngh\u0129 r\u1eb1ng d\u1ecbch v\u1ee5 \u0111\u00f3 kh\u00f4ng hi\u1ec7u qu\u1ea3 v\u1ec1 chi ph\u00ed. V\u00ed d\u1ee5: n\u1ebfu m\u1ee5c \u0111\u00edch trong IPP c\u1ee7a qu\u00fd v\u1ecb l\u00e0 s\u1ed1ng t\u1ea1i ch\u00ednh nh\u00e0 m\u00ecnh c\u00f9ng v\u1edbi s\u1ef1 h\u1ed7 tr\u1ee3, trung t\u00e2m khu v\u1ef1c kh\u00f4ng th\u1ec3 t\u1eeb ch\u1ed1i d\u1ecbch v\u1ee5 h\u1ed7 tr\u1ee3 \u0111\u1eddi s\u1ed1ng v\u1edbi l\u00fd do qu\u00fd v\u1ecb c\u00f3 th\u1ec3 s\u1ed1ng trong nh\u00e0 t\u1eadp th\u1ec3 c\u00f3 chi ph\u00ed r\u1ebb h\u01a1n. Vi\u1ec7c s\u1ed1ng trong nh\u00e0 t\u1eadp th\u1ec3 m\u00e2u thu\u1eabn v\u1edbi m\u1ee5c \u0111\u00edch s\u1ed1ng t\u1ea1i ch\u00ednh nh\u00e0 m\u00ecnh c\u1ee7a qu\u00fd v\u1ecb. C\u00e1c d\u1ecbch v\u1ee5 hi\u1ec7u qu\u1ea3 v\u1ec1 chi ph\u00ed kh\u00f4ng \u0111\u1ed3ng ngh\u0129a v\u1edbi k\u1ebft qu\u1ea3 \u00edt t\u1ed1n k\u00e9m nh\u1ea5t cho trung t\u00e2m khu v\u1ef1c. Tuy nhi\u00ean, trong v\u00ed d\u1ee5 n\u00e0y, n\u1ebfu hai nh\u00e0 cung c\u1ea5p d\u1ecbch v\u1ee5 h\u1ed7 tr\u1ee3 \u0111\u1eddi s\u1ed1ng c\u00f3 th\u1ec3 h\u1ed7 tr\u1ee3 qu\u00fd v\u1ecb s\u1ed1ng t\u1ea1i ch\u00ednh nh\u00e0 m\u00ecnh v\u00e0 m\u1ed9t trong hai nh\u00e0 cung c\u1ea5p n\u00e0y t\u00ednh ph\u00ed \u00edt h\u01a1n, trung t\u00e2m khu v\u1ef1c c\u00f3 th\u1ec3 s\u1eed d\u1ee5ng nh\u00e0 cung c\u1ea5p \u00edt t\u1ed1n k\u00e9m nh\u1ea5t.<span class=\"footnote_referrer\"><a role=\"button\" tabindex=\"0\" onclick=\"footnote_moveToReference_3657_1('footnote_plugin_reference_3657_1_3');\" onkeypress=\"footnote_moveToReference_3657_1('footnote_plugin_reference_3657_1_3');\" ><sup id=\"footnote_plugin_tooltip_3657_1_3\" class=\"footnote_plugin_tooltip_text\">[3]<\/sup><\/a><span id=\"footnote_plugin_tooltip_text_3657_1_3\" class=\"footnote_tooltip\">M\u1ee5c 4648(a)(6).<\/span><\/span><script type=\"text\/javascript\"> jQuery('#footnote_plugin_tooltip_3657_1_3').tooltip({ tip: '#footnote_plugin_tooltip_text_3657_1_3', tipClass: 'footnote_tooltip', effect: 'fade', predelay: 0, fadeInSpeed: 200, delay: 400, fadeOutSpeed: 200, position: 'top center', relative: true, offset: [-7, 0], });<\/script><\/p>\n<div class=\"speaker-mute footnotes_reference_container\"> <div class=\"footnote_container_prepare\"><p><span role=\"button\" tabindex=\"0\" class=\"footnote_reference_container_label pointer\" onclick=\"footnote_expand_collapse_reference_container_3657_1();\">&#x202F;<\/span><span role=\"button\" tabindex=\"0\" class=\"footnote_reference_container_collapse_button\" style=\"display: none;\" onclick=\"footnote_expand_collapse_reference_container_3657_1();\">[<a id=\"footnote_reference_container_collapse_button_3657_1\">+<\/a>]<\/span><\/p><\/div> <div id=\"footnote_references_container_3657_1\" style=\"\"><table class=\"footnotes_table footnote-reference-container\"><caption class=\"accessibility\">References<\/caption> <tbody> \r\n\r\n<tr class=\"footnotes_plugin_reference_row\"> <th scope=\"row\" class=\"footnote_plugin_index_combi pointer\"  onclick=\"footnote_moveToAnchor_3657_1('footnote_plugin_tooltip_3657_1_1');\"><a id=\"footnote_plugin_reference_3657_1_1\" class=\"footnote_backlink\"><span class=\"footnote_index_arrow\">&#8593;<\/span>1<\/a><\/th> <td class=\"footnote_plugin_text\">C\u00e1c M\u1ee5c 4512(b), 4646(a), 4648(a)(6), 4651(a), v\u00e0 4685(c)(3).<\/td><\/tr>\r\n\r\n<tr class=\"footnotes_plugin_reference_row\"> <th scope=\"row\" class=\"footnote_plugin_index_combi pointer\"  onclick=\"footnote_moveToAnchor_3657_1('footnote_plugin_tooltip_3657_1_2');\"><a id=\"footnote_plugin_reference_3657_1_2\" class=\"footnote_backlink\"><span class=\"footnote_index_arrow\">&#8593;<\/span>2<\/a><\/th> <td class=\"footnote_plugin_text\">Ti\u00eau \u0110\u1ec1 17, B\u1ed9 Lu\u1eadt C\u00e1c Quy \u0110\u1ecbnh California, m\u1ee5c 58501(a)(6).<\/td><\/tr>\r\n\r\n<tr class=\"footnotes_plugin_reference_row\"> <th scope=\"row\" class=\"footnote_plugin_index_combi pointer\"  onclick=\"footnote_moveToAnchor_3657_1('footnote_plugin_tooltip_3657_1_3');\"><a id=\"footnote_plugin_reference_3657_1_3\" class=\"footnote_backlink\"><span class=\"footnote_index_arrow\">&#8593;<\/span>3<\/a><\/th> <td class=\"footnote_plugin_text\">M\u1ee5c 4648(a)(6).<\/td><\/tr>\r\n\r\n <\/tbody> <\/table> <\/div><\/div><script type=\"text\/javascript\"> function footnote_expand_reference_container_3657_1() { jQuery('#footnote_references_container_3657_1').show(); jQuery('#footnote_reference_container_collapse_button_3657_1').text('\u2212'); } function footnote_collapse_reference_container_3657_1() { jQuery('#footnote_references_container_3657_1').hide(); jQuery('#footnote_reference_container_collapse_button_3657_1').text('+'); } function footnote_expand_collapse_reference_container_3657_1() { if (jQuery('#footnote_references_container_3657_1').is(':hidden')) { footnote_expand_reference_container_3657_1(); } else { footnote_collapse_reference_container_3657_1(); } } function footnote_moveToReference_3657_1(p_str_TargetID) { footnote_expand_reference_container_3657_1(); var l_obj_Target = jQuery('#' + p_str_TargetID); if (l_obj_Target.length) { jQuery( 'html, body' ).delay( 0 ); jQuery('html, body').animate({ scrollTop: l_obj_Target.offset().top - window.innerHeight * 0.2 }, 380); } } function footnote_moveToAnchor_3657_1(p_str_TargetID) { footnote_expand_reference_container_3657_1(); var l_obj_Target = jQuery('#' + p_str_TargetID); if (l_obj_Target.length) { jQuery( 'html, body' ).delay( 0 ); jQuery('html, body').animate({ scrollTop: l_obj_Target.offset().top - window.innerHeight * 0.2 }, 380); } }<\/script>","protected":false},"excerpt":{"rendered":"<p>C\u00e1c ph\u1ea7n trong \u0110\u1ea1o Lu\u1eadt Lanterman quy \u0111\u1ecbnh d\u1ecbch v\u1ee5 c\u1ee7a trung t\u00e2m khu v\u1ef1c ph\u1ea3i c\u00f3 hi\u1ec7u qu\u1ea3 chi ph\u00ed trong vi\u1ec7c \u0111\u1ea1t \u0111\u01b0\u1ee3c&hellip;<\/p>\n","protected":false},"author":1,"featured_media":0,"parent":1193,"menu_order":55,"comment_status":"closed","ping_status":"closed","template":"","meta":{"footnotes":""},"class_list":["post-3657","page","type-page","status-publish","hentry"],"_links":{"self":[{"href":"https:\/\/rula.disabilityrightsca.org\/vi\/wp-json\/wp\/v2\/pages\/3657","targetHints":{"allow":["GET"]}}],"collection":[{"href":"https:\/\/rula.disabilityrightsca.org\/vi\/wp-json\/wp\/v2\/pages"}],"about":[{"href":"https:\/\/rula.disabilityrightsca.org\/vi\/wp-json\/wp\/v2\/types\/page"}],"author":[{"embeddable":true,"href":"https:\/\/rula.disabilityrightsca.org\/vi\/wp-json\/wp\/v2\/users\/1"}],"replies":[{"embeddable":true,"href":"https:\/\/rula.disabilityrightsca.org\/vi\/wp-json\/wp\/v2\/comments?post=3657"}],"version-history":[{"count":2,"href":"https:\/\/rula.disabilityrightsca.org\/vi\/wp-json\/wp\/v2\/pages\/3657\/revisions"}],"predecessor-version":[{"id":3860,"href":"https:\/\/rula.disabilityrightsca.org\/vi\/wp-json\/wp\/v2\/pages\/3657\/revisions\/3860"}],"up":[{"embeddable":true,"href":"https:\/\/rula.disabilityrightsca.org\/vi\/wp-json\/wp\/v2\/pages\/1193"}],"wp:attachment":[{"href":"https:\/\/rula.disabilityrightsca.org\/vi\/wp-json\/wp\/v2\/media?parent=3657"}],"curies":[{"name":"wp","href":"https:\/\/api.w.org\/{rel}","templated":true}]}}