{"id":3655,"date":"2023-07-10T17:33:30","date_gmt":"2023-07-10T17:33:30","guid":{"rendered":"https:\/\/rula.disabilityrightsca.org\/vi\/?page_id=3655"},"modified":"2024-10-09T17:58:27","modified_gmt":"2024-10-09T17:58:27","slug":"4-54-trung-tam-khu-vuc-co-the-tu-choi-cung-cap-mot-dich-vu-hoac-su-ho-tro-vi-ho-khong-co-du-tien-khong","status":"publish","type":"page","link":"https:\/\/rula.disabilityrightsca.org\/vi\/rula-book\/chapter-4-individual-program-plans\/4-54-trung-tam-khu-vuc-co-the-tu-choi-cung-cap-mot-dich-vu-hoac-su-ho-tro-vi-ho-khong-co-du-tien-khong\/","title":{"rendered":"(4.55) Trung t\u00e2m khu v\u1ef1c c\u00f3 th\u1ec3 t\u1eeb ch\u1ed1i cung c\u1ea5p m\u1ed9t d\u1ecbch v\u1ee5 ho\u1eb7c s\u1ef1 h\u1ed7 tr\u1ee3 v\u00ec h\u1ecd kh\u00f4ng c\u00f3 \u0111\u1ee7 ti\u1ec1n kh\u00f4ng?"},"content":{"rendered":"\n<p>Ti\u1ec1n lu\u00f4n l\u00e0 c\u00f3 h\u1ea1n nh\u01b0ng trung t\u00e2m khu v\u1ef1c ph\u1ea3i \u0111\u01b0a ra quy\u1ebft \u0111\u1ecbnh v\u1ec1 c\u00e1c d\u1ecbch v\u1ee5 v\u00e0 s\u1ef1 h\u1ed7 tr\u1ee3 d\u1ef1a tr\u00ean l\u1ef1a ch\u1ecdn v\u00e0 nhu c\u1ea7u c\u1ee7a qu\u00fd v\u1ecb. T\u00f2a \u00c1n T\u1ed1i Cao California tuy\u00ean b\u1ed1 \u0110\u1ea1o Lu\u1eadt Lanterman trao cho ng\u01b0\u1eddi khuy\u1ebft t\u1eadt v\u1ec1 ph\u00e1t tri\u1ec3n c\u00e1c d\u1ecbch v\u1ee5 v\u00e0 s\u1ef1 h\u1ed7 tr\u1ee3 h\u1ecd ch\u1ecdn v\u00e0 c\u1ea7n \u0111\u1ec3 s\u1ed1ng cu\u1ed9c s\u1ed1ng \u0111\u1ed9c l\u1eadp v\u00e0 c\u00f3 \u00edch h\u01a1n. N\u1ebfu c\u00f3 ti\u1ec1n \u0111\u1ec3 mua d\u1ecbch v\u1ee5, trung t\u00e2m khu v\u1ef1c ph\u1ea3i cung c\u1ea5p c\u00e1c d\u1ecbch v\u1ee5 v\u00e0 s\u1ef1 h\u1ed7 tr\u1ee3 d\u1ef1a tr\u00ean nhu c\u1ea7u v\u00e0 s\u1edf th\u00edch c\u00e1 nh\u00e2n c\u1ee7a qu\u00fd v\u1ecb \u0111\u01b0\u1ee3c th\u1ec3 hi\u1ec7n th\u00f4ng qua quy tr\u00ecnh IPP. T\u00f2a n\u00e0y \u0111\u00e3 quy \u0111\u1ecbnh trung t\u00e2m khu v\u1ef1c c\u00f3 quy\u1ec1n t\u1ef1 quy\u1ebft r\u1ed9ng r\u00e3i v\u1ec1 <em>c\u00e1ch <\/em>th\u1ef1c hi\u1ec7n IPP. Tuy nhi\u00ean, h\u1ecd kh\u00f4ng c\u00f3 quy\u1ec1n t\u1ef1 quy\u1ebft vi\u1ec7c <em>c\u00f3 hay kh\u00f4ng <\/em>th\u1ef1c hi\u1ec7n IPP. H\u1ecd ph\u1ea3i th\u1ef1c hi\u1ec7n theo IPP c\u1ee7a qu\u00fd v\u1ecb.<span class=\"footnote_referrer\"><a role=\"button\" tabindex=\"0\" onclick=\"footnote_moveToReference_3655_1('footnote_plugin_reference_3655_1_1');\" onkeypress=\"footnote_moveToReference_3655_1('footnote_plugin_reference_3655_1_1');\" ><sup id=\"footnote_plugin_tooltip_3655_1_1\" class=\"footnote_plugin_tooltip_text\">[1]<\/sup><\/a><span id=\"footnote_plugin_tooltip_text_3655_1_1\" class=\"footnote_tooltip\"><em>Hi\u1ec7p H\u1ed9i D\u00e0nh Cho C\u00f4ng D\u00e2n Ch\u1eadm Ph\u00e1t Tri\u1ec3n ki\u1ec7n DDS<\/em>, 38 B\u00e1o C\u00e1o C\u1ee7a California s\u1ed1 3 384 (1985).<\/span><\/span><script type=\"text\/javascript\"> jQuery('#footnote_plugin_tooltip_3655_1_1').tooltip({ tip: '#footnote_plugin_tooltip_text_3655_1_1', tipClass: 'footnote_tooltip', effect: 'fade', predelay: 0, fadeInSpeed: 200, delay: 400, fadeOutSpeed: 200, position: 'top center', relative: true, offset: [-7, 0], });<\/script> H\u00e3y y\u00eau c\u1ea7u m\u1ed9t phi\u00ean \u0111i\u1ec1u tr\u1ea7n c\u00f4ng b\u1eb1ng n\u1ebfu trung t\u00e2m khu v\u1ef1c t\u1eeb ch\u1ed1i ho\u1eb7c gi\u1ea3m b\u1edbt c\u00e1c d\u1ecbch v\u1ee5 ho\u1eb7c s\u1ef1 h\u1ed7 tr\u1ee3 c\u1ee7a qu\u00fd v\u1ecb do thi\u1ebfu ti\u1ec1n.<\/p>\n\n\n\n<p>N\u1ebfu trung t\u00e2m khu v\u1ef1c cho bi\u1ebft h\u1ecd kh\u00f4ng th\u1ec3 cung c\u1ea5p (ho\u1eb7c ph\u1ea3i d\u1eebng ho\u1eb7c c\u1eaft gi\u1ea3m) m\u1ed9t d\u1ecbch v\u1ee5 trong IPP c\u1ee7a qu\u00fd v\u1ecb do thi\u1ebfu ti\u1ec1n, qu\u00fd v\u1ecb ph\u1ea3i nh\u1eadn \u0111\u01b0\u1ee3c v\u0103n b\u1ea3n th\u00f4ng b\u00e1o ph\u00f9 h\u1ee3p. Trung t\u00e2m khu v\u1ef1c c\u0169ng ph\u1ea3i th\u00f4ng b\u00e1o DDS b\u1eb1ng v\u0103n b\u1ea3n trong v\u00f2ng 30 ng\u00e0y k\u1ec3 t\u1eeb ng\u00e0y h\u1ecd th\u00f4ng b\u00e1o cho qu\u00fd v\u1ecb. Trung t\u00e2m khu v\u1ef1c ph\u1ea3i m\u00f4 t\u1ea3 d\u1ecbch v\u1ee5 v\u00e0 chi ph\u00ed d\u1ef1 ki\u1ebfn. Trung t\u00e2m khu v\u1ef1c ph\u1ea3i y\u00eau c\u1ea7u DDS cung c\u1ea5p cho trung t\u00e2m khu v\u1ef1c, trong v\u00f2ng 30 ng\u00e0y, \u0111\u1ee7 ti\u1ec1n \u0111\u1ec3 chi tr\u1ea3 cho chi ph\u00ed n\u00e0y \u0111\u1ebfn cu\u1ed1i n\u0103m t\u00e0i ch\u00ednh.<span class=\"footnote_referrer\"><a role=\"button\" tabindex=\"0\" onclick=\"footnote_moveToReference_3655_1('footnote_plugin_reference_3655_1_2');\" onkeypress=\"footnote_moveToReference_3655_1('footnote_plugin_reference_3655_1_2');\" ><sup id=\"footnote_plugin_tooltip_3655_1_2\" class=\"footnote_plugin_tooltip_text\">[2]<\/sup><\/a><span id=\"footnote_plugin_tooltip_text_3655_1_2\" class=\"footnote_tooltip\">M\u1ee5c 4710(c)&amp;(d).<\/span><\/span><script type=\"text\/javascript\"> jQuery('#footnote_plugin_tooltip_3655_1_2').tooltip({ tip: '#footnote_plugin_tooltip_text_3655_1_2', tipClass: 'footnote_tooltip', effect: 'fade', predelay: 0, fadeInSpeed: 200, delay: 400, fadeOutSpeed: 200, position: 'top center', relative: true, offset: [-7, 0], });<\/script><\/p>\n<div class=\"speaker-mute footnotes_reference_container\"> <div class=\"footnote_container_prepare\"><p><span role=\"button\" tabindex=\"0\" class=\"footnote_reference_container_label pointer\" onclick=\"footnote_expand_collapse_reference_container_3655_1();\">&#x202F;<\/span><span role=\"button\" tabindex=\"0\" class=\"footnote_reference_container_collapse_button\" style=\"display: none;\" onclick=\"footnote_expand_collapse_reference_container_3655_1();\">[<a id=\"footnote_reference_container_collapse_button_3655_1\">+<\/a>]<\/span><\/p><\/div> <div id=\"footnote_references_container_3655_1\" style=\"\"><table class=\"footnotes_table footnote-reference-container\"><caption class=\"accessibility\">References<\/caption> <tbody> \r\n\r\n<tr class=\"footnotes_plugin_reference_row\"> <th scope=\"row\" class=\"footnote_plugin_index_combi pointer\"  onclick=\"footnote_moveToAnchor_3655_1('footnote_plugin_tooltip_3655_1_1');\"><a id=\"footnote_plugin_reference_3655_1_1\" class=\"footnote_backlink\"><span class=\"footnote_index_arrow\">&#8593;<\/span>1<\/a><\/th> <td class=\"footnote_plugin_text\"><em>Hi\u1ec7p H\u1ed9i D\u00e0nh Cho C\u00f4ng D\u00e2n Ch\u1eadm Ph\u00e1t Tri\u1ec3n ki\u1ec7n DDS<\/em>, 38 B\u00e1o C\u00e1o C\u1ee7a California s\u1ed1 3 384 (1985).<\/td><\/tr>\r\n\r\n<tr class=\"footnotes_plugin_reference_row\"> <th scope=\"row\" class=\"footnote_plugin_index_combi pointer\"  onclick=\"footnote_moveToAnchor_3655_1('footnote_plugin_tooltip_3655_1_2');\"><a id=\"footnote_plugin_reference_3655_1_2\" class=\"footnote_backlink\"><span class=\"footnote_index_arrow\">&#8593;<\/span>2<\/a><\/th> <td class=\"footnote_plugin_text\">M\u1ee5c 4710(c)&amp;(d).<\/td><\/tr>\r\n\r\n <\/tbody> <\/table> <\/div><\/div><script type=\"text\/javascript\"> function footnote_expand_reference_container_3655_1() { jQuery('#footnote_references_container_3655_1').show(); jQuery('#footnote_reference_container_collapse_button_3655_1').text('\u2212'); } function footnote_collapse_reference_container_3655_1() { jQuery('#footnote_references_container_3655_1').hide(); jQuery('#footnote_reference_container_collapse_button_3655_1').text('+'); } function footnote_expand_collapse_reference_container_3655_1() { if (jQuery('#footnote_references_container_3655_1').is(':hidden')) { footnote_expand_reference_container_3655_1(); } else { footnote_collapse_reference_container_3655_1(); } } function footnote_moveToReference_3655_1(p_str_TargetID) { footnote_expand_reference_container_3655_1(); var l_obj_Target = jQuery('#' + p_str_TargetID); if (l_obj_Target.length) { jQuery( 'html, body' ).delay( 0 ); jQuery('html, body').animate({ scrollTop: l_obj_Target.offset().top - window.innerHeight * 0.2 }, 380); } } function footnote_moveToAnchor_3655_1(p_str_TargetID) { footnote_expand_reference_container_3655_1(); var l_obj_Target = jQuery('#' + p_str_TargetID); if (l_obj_Target.length) { jQuery( 'html, body' ).delay( 0 ); jQuery('html, body').animate({ scrollTop: l_obj_Target.offset().top - window.innerHeight * 0.2 }, 380); } }<\/script>","protected":false},"excerpt":{"rendered":"<p>Ti\u1ec1n lu\u00f4n l\u00e0 c\u00f3 h\u1ea1n nh\u01b0ng trung t\u00e2m khu v\u1ef1c ph\u1ea3i \u0111\u01b0a ra quy\u1ebft \u0111\u1ecbnh v\u1ec1 c\u00e1c d\u1ecbch v\u1ee5 v\u00e0 s\u1ef1 h\u1ed7 tr\u1ee3 d\u1ef1a tr\u00ean&hellip;<\/p>\n","protected":false},"author":1,"featured_media":0,"parent":1193,"menu_order":54,"comment_status":"closed","ping_status":"closed","template":"","meta":{"footnotes":""},"class_list":["post-3655","page","type-page","status-publish","hentry"],"_links":{"self":[{"href":"https:\/\/rula.disabilityrightsca.org\/vi\/wp-json\/wp\/v2\/pages\/3655","targetHints":{"allow":["GET"]}}],"collection":[{"href":"https:\/\/rula.disabilityrightsca.org\/vi\/wp-json\/wp\/v2\/pages"}],"about":[{"href":"https:\/\/rula.disabilityrightsca.org\/vi\/wp-json\/wp\/v2\/types\/page"}],"author":[{"embeddable":true,"href":"https:\/\/rula.disabilityrightsca.org\/vi\/wp-json\/wp\/v2\/users\/1"}],"replies":[{"embeddable":true,"href":"https:\/\/rula.disabilityrightsca.org\/vi\/wp-json\/wp\/v2\/comments?post=3655"}],"version-history":[{"count":2,"href":"https:\/\/rula.disabilityrightsca.org\/vi\/wp-json\/wp\/v2\/pages\/3655\/revisions"}],"predecessor-version":[{"id":3861,"href":"https:\/\/rula.disabilityrightsca.org\/vi\/wp-json\/wp\/v2\/pages\/3655\/revisions\/3861"}],"up":[{"embeddable":true,"href":"https:\/\/rula.disabilityrightsca.org\/vi\/wp-json\/wp\/v2\/pages\/1193"}],"wp:attachment":[{"href":"https:\/\/rula.disabilityrightsca.org\/vi\/wp-json\/wp\/v2\/media?parent=3655"}],"curies":[{"name":"wp","href":"https:\/\/api.w.org\/{rel}","templated":true}]}}