{"id":3653,"date":"2023-07-10T17:31:43","date_gmt":"2023-07-10T17:31:43","guid":{"rendered":"https:\/\/rula.disabilityrightsca.org\/vi\/?page_id=3653"},"modified":"2024-10-09T17:58:42","modified_gmt":"2024-10-09T17:58:42","slug":"4-53-trung-tam-khu-vuc-co-the-tu-choi-viet-mot-dich-vu-hoac-su-ho-tro-vao-ipp-cua-toi-dua-tren-chinh-sach-mua-dich-vu-cua-rieng-ho-khong","status":"publish","type":"page","link":"https:\/\/rula.disabilityrightsca.org\/vi\/rula-book\/chapter-4-individual-program-plans\/4-53-trung-tam-khu-vuc-co-the-tu-choi-viet-mot-dich-vu-hoac-su-ho-tro-vao-ipp-cua-toi-dua-tren-chinh-sach-mua-dich-vu-cua-rieng-ho-khong\/","title":{"rendered":"(4.54) Trung t\u00e2m khu v\u1ef1c c\u00f3 th\u1ec3 t\u1eeb ch\u1ed1i vi\u1ebft m\u1ed9t d\u1ecbch v\u1ee5 ho\u1eb7c s\u1ef1 h\u1ed7 tr\u1ee3 v\u00e0o IPP c\u1ee7a t\u00f4i d\u1ef1a tr\u00ean ch\u00ednh s\u00e1ch Mua D\u1ecbch V\u1ee5 c\u1ee7a ri\u00eang h\u1ecd kh\u00f4ng?"},"content":{"rendered":"\n<p>\u0110\u1ea1o Lu\u1eadt Lanterman quy \u0111\u1ecbnh m\u1ed7i ng\u01b0\u1eddi khuy\u1ebft t\u1eadt v\u1ec1 ph\u00e1t tri\u1ec3n \u0111\u1ec1u ph\u1ea3i nh\u1eadn \u0111\u01b0\u1ee3c c\u00e1c d\u1ecbch v\u1ee5 v\u00e0 s\u1ef1 h\u1ed7 tr\u1ee3 c\u00e1 nh\u00e2n h\u00f3a \u0111\u1ec3 s\u1ed1ng cu\u1ed9c s\u1ed1ng \u0111\u1ed9c l\u1eadp v\u00e0 c\u00f3 \u00edch nh\u1ea5t c\u00f3 th\u1ec3.<span class=\"footnote_referrer\"><a role=\"button\" tabindex=\"0\" onclick=\"footnote_moveToReference_3653_1('footnote_plugin_reference_3653_1_1');\" onkeypress=\"footnote_moveToReference_3653_1('footnote_plugin_reference_3653_1_1');\" ><sup id=\"footnote_plugin_tooltip_3653_1_1\" class=\"footnote_plugin_tooltip_text\">[1]<\/sup><\/a><span id=\"footnote_plugin_tooltip_text_3653_1_1\" class=\"footnote_tooltip\">C\u00e1c M\u1ee5c 4501, 4502, 4646(b), 4646.5(a)(1).<\/span><\/span><script type=\"text\/javascript\"> jQuery('#footnote_plugin_tooltip_3653_1_1').tooltip({ tip: '#footnote_plugin_tooltip_text_3653_1_1', tipClass: 'footnote_tooltip', effect: 'fade', predelay: 0, fadeInSpeed: 200, delay: 400, fadeOutSpeed: 200, position: 'top center', relative: true, offset: [-7, 0], });<\/script> Trung t\u00e2m khu v\u1ef1c kh\u00f4ng \u0111\u01b0\u1ee3c \u00e1p d\u1ee5ng c\u00e1c ch\u00ednh s\u00e1ch <em>chung <\/em>\u0111\u1ec3 ng\u0103n qu\u00fd v\u1ecb nh\u1eadn d\u1ecbch v\u1ee5 d\u1ef1a tr\u00ean c\u00e1c nhu c\u1ea7u v\u00e0 mong mu\u1ed1n c\u1ee7a qu\u00fd v\u1ecb. [Xem <em>Williams ki\u1ec7n Macomber<\/em>, 226 B\u00e1o C\u00e1o Ph\u00fac Th\u1ea9m C\u1ee7a California s\u1ed1 3 225 (1990) trong \u0111\u00f3 T\u00f2a Ph\u00fac Th\u1ea9m California ph\u00e1n quy\u1ebft r\u1eb1ng vi\u1ec7c t\u1eeb ch\u1ed1i d\u1ecbch v\u1ee5 ch\u0103m s\u00f3c ban ng\u00e0y t\u1ea1i nh\u00e0 tr\u00ean c\u01a1 s\u1edf ch\u00ednh s\u00e1ch chung v\u1ec1 t\u1eeb ch\u1ed1i c\u00e1c d\u1ecbch v\u1ee5 \u0111\u00f3 cho tr\u1ebb v\u1ecb th\u00e0nh ni\u00ean c\u00f3 cha m\u1eb9 \u0111i l\u00e0m l\u00e0 vi ph\u1ea1m quy \u0111\u1ecbnh c\u1ee7a \u0110\u1ea1o Lu\u1eadt Lanterman r\u1eb1ng c\u00e1c d\u1ecbch v\u1ee5 c\u1ea7n \u0111\u01b0\u1ee3c cung c\u1ea5p cho m\u1ed7i kh\u00e1ch h\u00e0ng ph\u1ea3i \u0111\u01b0\u1ee3c ch\u1ecdn \u201ctr\u00ean c\u01a1 s\u1edf c\u00e1 nh\u00e2n\u201d. T\u00f2a \u00c1n tuy\u00ean b\u1ed1 r\u1eb1ng \u201cvi\u1ec7c Trung T\u00e2m Khu V\u1ef1c d\u1ef1a v\u00e0o m\u1ed9t ch\u00ednh s\u00e1ch c\u1ed1 \u0111\u1ecbnh l\u00e0 kh\u00f4ng nh\u1ea5t qu\u00e1n v\u1edbi m\u1ee5c \u0111\u00edch \u0111\u00e3 n\u00eau c\u1ee7a \u0110\u1ea1o Lu\u1eadt v\u1ec1 vi\u1ec7c cung c\u1ea5p d\u1ecbch v\u1ee5 \u2018\u0111\u1ea7y \u0111\u1ee7 nh\u1eb1m \u0111\u00e1p \u1ee9ng nhu c\u1ea7u c\u1ee7a t\u1eebng ng\u01b0\u1eddi b\u1ecb khuy\u1ebft t\u1eadt v\u1ec1 ph\u00e1t tri\u1ec3n\u2019 [tham kh\u1ea3o m\u1ee5c 4501]\u201d. <em>Williams<\/em>, 226 B\u00e1o C\u00e1o Ph\u00fac Th\u1ea9m C\u1ee7a California s\u1ed1 3 225, 232.]]<\/p>\n\n\n\n<p>Tuy nhi\u00ean, m\u1ed7i trung t\u00e2m khu v\u1ef1c th\u1ef1c s\u1ef1 c\u00f3 c\u00e1c ch\u00ednh s\u00e1ch ri\u00eang, h\u1ecd s\u1eed d\u1ee5ng c\u00e1c ch\u00ednh s\u00e1ch n\u00e0y l\u00e0m h\u01b0\u1edbng d\u1eabn cho vi\u1ec7c mua d\u1ecbch v\u1ee5 v\u00e0 s\u1ef1 h\u1ed7 tr\u1ee3 cho kh\u00e1ch h\u00e0ng. Nh\u1eefng ch\u00ednh s\u00e1ch Mua D\u1ecbch V\u1ee5 (Purchase-of-Service, POS) n\u00e0y th\u01b0\u1eddng gi\u1ea3i th\u00edch c\u00e1c y\u00eau c\u1ea7u \u0111\u1ec3 nh\u1eadn m\u1ed9t d\u1ecbch v\u1ee5 v\u00e0 \u0111\u00f4i khi \u0111\u1eb7t ra gi\u1edbi h\u1ea1n v\u1ec1 s\u1ed1 l\u01b0\u1ee3ng ho\u1eb7c t\u1ea7n su\u1ea5t c\u1ee7a d\u1ecbch v\u1ee5. M\u1ed7i trung t\u00e2m khu v\u1ef1c c\u00f3 th\u1ec3 \u00e1p d\u1ee5ng c\u00e1c ch\u00ednh s\u00e1ch kh\u00e1c nhau. DDS ph\u1ea3i \u0111\u00e1nh gi\u00e1 t\u1ea5t c\u1ea3 ch\u00ednh s\u00e1ch POS c\u1ee7a trung t\u00e2m khu v\u1ef1c \u0111\u1ec3 \u0111\u1ea3m b\u1ea3o c\u00e1c ch\u00ednh s\u00e1ch n\u00e0y tu\u00e2n th\u1ee7 \u0110\u1ea1o Lu\u1eadt Lanterman tr\u01b0\u1edbc khi c\u00f3 th\u1ec3 b\u1eaft \u0111\u1ea7u.<span class=\"footnote_referrer\"><a role=\"button\" tabindex=\"0\" onclick=\"footnote_moveToReference_3653_1('footnote_plugin_reference_3653_1_2');\" onkeypress=\"footnote_moveToReference_3653_1('footnote_plugin_reference_3653_1_2');\" ><sup id=\"footnote_plugin_tooltip_3653_1_2\" class=\"footnote_plugin_tooltip_text\">[2]<\/sup><\/a><span id=\"footnote_plugin_tooltip_text_3653_1_2\" class=\"footnote_tooltip\">M\u1ee5c 4434(d).<\/span><\/span><script type=\"text\/javascript\"> jQuery('#footnote_plugin_tooltip_3653_1_2').tooltip({ tip: '#footnote_plugin_tooltip_text_3653_1_2', tipClass: 'footnote_tooltip', effect: 'fade', predelay: 0, fadeInSpeed: 200, delay: 400, fadeOutSpeed: 200, position: 'top center', relative: true, offset: [-7, 0], });<\/script><\/p>\n\n\n\n<p>S\u1ed1 l\u01b0\u1ee3ng v\u00e0 lo\u1ea1i d\u1ecbch v\u1ee5 qu\u00fd v\u1ecb nh\u1eadn ph\u1ea3i \u0111\u01b0\u1ee3c quy\u1ebft \u0111\u1ecbnh t\u1ea1i cu\u1ed9c h\u1ecdp IPP c\u1ee7a qu\u00fd v\u1ecb. V\u00ec v\u1eady, c\u00e1c ch\u00ednh s\u00e1ch POS kh\u00f4ng th\u1ec3 ng\u0103n qu\u00fd v\u1ecb nh\u1eadn d\u1ecbch v\u1ee5 ho\u1eb7c \u0111\u1eb7t ra nh\u1eefng gi\u1edbi h\u1ea1n nghi\u00eam ng\u1eb7t v\u1ec1 s\u1ed1 l\u01b0\u1ee3ng c\u1ee7a m\u1ed9t d\u1ecbch v\u1ee5 m\u00e0 qu\u00fd v\u1ecb ch\u1ee9ng minh l\u00e0 b\u1ea3n th\u00e2n c\u1ea7n c\u00f3 \u0111\u1ec3 \u0111\u1ea1t \u0111\u01b0\u1ee3c m\u1ee5c \u0111\u00edch v\u00e0 m\u1ee5c ti\u00eau IPP c\u1ee7a qu\u00fd v\u1ecb. M\u1ecdi ch\u00ednh s\u00e1ch POS ph\u1ea3i c\u00f3 tr\u01b0\u1eddng h\u1ee3p ngo\u1ea1i l\u1ec7 cho c\u00e1c tr\u01b0\u1eddng h\u1ee3p c\u00e1 bi\u1ec7t. \u0110i\u1ec1u kh\u00f4ng may l\u00e0 c\u00e1c trung t\u00e2m khu v\u1ef1c th\u01b0\u1eddng kh\u00f4ng l\u00e0m r\u00f5 \u0111i\u1ec1u n\u00e0y. N\u1ebfu \u0111i\u1ec1u ph\u1ed1i vi\u00ean d\u1ecbch v\u1ee5 c\u1ee7a trung t\u00e2m khu v\u1ef1c n\u00f3i v\u1edbi qu\u00fd v\u1ecb r\u1eb1ng s\u1ef1 h\u1ed7 tr\u1ee3 qu\u00fd v\u1ecb mu\u1ed1n v\u01b0\u1ee3t qu\u00e1 kh\u1ea3 n\u0103ng cung c\u1ea5p c\u1ee7a trung t\u00e2m khu v\u1ef1c theo ch\u00ednh s\u00e1ch POS c\u1ee7a h\u1ecd, h\u00e3y y\u00eau c\u1ea7u h\u1ecd cung c\u1ea5p b\u1ea3n sao ch\u00ednh s\u00e1ch v\u00e0 tr\u01b0\u1eddng h\u1ee3p ngo\u1ea1i l\u1ec7 c\u1ee7a ch\u00ednh s\u00e1ch \u0111\u00f3. Qu\u00fd v\u1ecb c\u00f3 th\u1ec3 kh\u00e1ng c\u00e1o n\u1ebfu qu\u00fd v\u1ecb tin r\u1eb1ng b\u1ea3n th\u00e2n c\u1ea7n c\u00e1c d\u1ecbch v\u1ee5 ho\u1eb7c s\u1ef1 h\u1ed7 tr\u1ee3 c\u1ee5 th\u1ec3 t\u1eeb trung t\u00e2m khu v\u1ef1c b\u1ea5t ch\u1ea5p ch\u00ednh s\u00e1ch POS.<\/p>\n\n\n\n<p>V\u00ed d\u1ee5: ch\u00ednh s\u00e1ch c\u1ee7a trung t\u00e2m khu v\u1ef1c gi\u1edbi h\u1ea1n vi\u1ec7c \u0111\u00e0o t\u1ea1o k\u1ef9 n\u0103ng s\u1ed1ng \u0111\u1ed9c l\u1eadp (independent living skills, ILS) \u1edf hai n\u0103m l\u00e0 vi ph\u1ea1m lu\u1eadt, b\u1edfi lu\u1eadt quy \u0111\u1ecbnh trung t\u00e2m khu v\u1ef1c ph\u1ea3i cung c\u1ea5p d\u1ecbch v\u1ee5 d\u1ef1a tr\u00ean nhu c\u1ea7u c\u00e1 nh\u00e2n c\u1ee7a qu\u00fd v\u1ecb. H\u1ecd kh\u00f4ng th\u1ec3 s\u1eed d\u1ee5ng ch\u00ednh s\u00e1ch c\u00f3 c\u00e1c gi\u1edbi h\u1ea1n n\u00e0y \u0111\u1ec3 t\u1eeb ch\u1ed1i \u0111\u00e0o t\u1ea1o ILS n\u1ebfu qu\u00fd v\u1ecb c\u00f3 th\u1ec3 ch\u1ee9ng minh b\u1ea3n th\u00e2n c\u1ea7n nhi\u1ec1u h\u01a1n hai n\u0103m \u0111\u1ec3 \u0111\u1ea1t \u0111\u01b0\u1ee3c m\u1ee5c \u0111\u00edch c\u1ee7a qu\u00fd v\u1ecb. V\u1edbi c\u00f9ng l\u00fd do \u0111\u00f3, ch\u00ednh s\u00e1ch kh\u00f4ng cho ph\u00e9p mua d\u1ecbch v\u1ee5 ch\u0103m s\u00f3c t\u1ea1m th\u1eddi v\u00e0 \u0111i\u1ec1u d\u01b0\u1ee1ng t\u1ea1i nh\u00e0 cho b\u1ea5t k\u1ef3 tr\u1ebb n\u00e0o s\u1eed d\u1ee5ng thi\u1ebft b\u1ecb th\u1edf l\u00e0 vi ph\u1ea1m lu\u1eadt n\u1ebfu m\u1ee5c \u0111\u00edch trong IPP c\u1ee7a tr\u1ebb l\u00e0 s\u1ed1ng t\u1ea1i nh\u00e0 v\u00e0 tr\u1ebb c\u1ea7n ch\u0103m s\u00f3c t\u1ea1m th\u1eddi v\u00e0 \u0111i\u1ec1u d\u01b0\u1ee1ng t\u1ea1i nh\u00e0 \u0111\u1ec3 \u0111\u1ea1t \u0111\u01b0\u1ee3c m\u1ee5c \u0111\u00edch \u0111\u00f3.<\/p>\n\n\n\n<p>M\u1ed9t s\u1ed1 trung t\u00e2m khu v\u1ef1c c\u00f3 c\u00e1c ch\u00ednh s\u00e1ch POS kh\u00e1 c\u00f4ng b\u1eb1ng. C\u00e1c trung t\u00e2m kh\u00e1c th\u00ec kh\u00f4ng. Quy\u1ebft \u0111\u1ecbnh v\u1ec1 c\u00e1c d\u1ecbch v\u1ee5 ho\u1eb7c s\u1ef1 h\u1ed7 tr\u1ee3 qu\u00fd v\u1ecb c\u1ea7n ph\u1ea3i \u0111\u01b0\u1ee3c \u0111\u01b0a ra trong quy tr\u00ecnh IPP v\u00e0 ph\u1ea3i c\u0103n c\u1ee9 v\u00e0o nhu c\u1ea7u c\u00e1 nh\u00e2n c\u1ee7a qu\u00fd v\u1ecb.<span class=\"footnote_referrer\"><a role=\"button\" tabindex=\"0\" onclick=\"footnote_moveToReference_3653_1('footnote_plugin_reference_3653_1_3');\" onkeypress=\"footnote_moveToReference_3653_1('footnote_plugin_reference_3653_1_3');\" ><sup id=\"footnote_plugin_tooltip_3653_1_3\" class=\"footnote_plugin_tooltip_text\">[3]<\/sup><\/a><span id=\"footnote_plugin_tooltip_text_3653_1_3\" class=\"footnote_tooltip\">M\u1ee5c 4646(a)&amp;(b).<\/span><\/span><script type=\"text\/javascript\"> jQuery('#footnote_plugin_tooltip_3653_1_3').tooltip({ tip: '#footnote_plugin_tooltip_text_3653_1_3', tipClass: 'footnote_tooltip', effect: 'fade', predelay: 0, fadeInSpeed: 200, delay: 400, fadeOutSpeed: 200, position: 'top center', relative: true, offset: [-7, 0], });<\/script> N\u1ebfu qu\u00fd v\u1ecb b\u1ecb t\u1eeb ch\u1ed1i m\u1ed9t d\u1ecbch v\u1ee5 v\u00ec ch\u00ednh s\u00e1ch POS \u0111\u1eb7t ra c\u00e1c gi\u1edbi h\u1ea1n kh\u00f4ng c\u00f4ng b\u1eb1ng, qu\u00fd v\u1ecb c\u00f3 th\u1ec3 kh\u00e1ng c\u00e1o. Qu\u00fd v\u1ecb c\u0169ng c\u00f3 th\u1ec3 khi\u1ebfu n\u1ea1i \u0111\u1ec3 ph\u1ea3n \u0111\u1ed1i b\u1ea3n th\u00e2n ch\u00ednh s\u00e1ch \u0111\u00f3 v\u00ec vi\u1ec7c \u00e1p \u0111\u1eb7t gi\u1edbi h\u1ea1n b\u1ea5t h\u1ee3p ph\u00e1p \u0111\u1ed1i v\u1edbi c\u00e1c d\u1ecbch v\u1ee5. \u0110\u1ec3 bi\u1ebft th\u00eam th\u00f4ng tin v\u1ec1 kh\u00e1ng c\u00e1o v\u00e0 \u201cKhi\u1ebfu N\u1ea1i M\u1ee5c 4731\u201d, h\u00e3y xem <a href=\"https:\/\/rula.disabilityrightsca.org\/rula-book\/chapter-10-appeals-and-complaints-disagreements-with-regional-centers-developmental-centers-or-service-providers\/\">Ch\u01b0\u01a1ng 10<\/a>.<\/p>\n<div class=\"speaker-mute footnotes_reference_container\"> <div class=\"footnote_container_prepare\"><p><span role=\"button\" tabindex=\"0\" class=\"footnote_reference_container_label pointer\" onclick=\"footnote_expand_collapse_reference_container_3653_1();\">&#x202F;<\/span><span role=\"button\" tabindex=\"0\" class=\"footnote_reference_container_collapse_button\" style=\"display: none;\" onclick=\"footnote_expand_collapse_reference_container_3653_1();\">[<a id=\"footnote_reference_container_collapse_button_3653_1\">+<\/a>]<\/span><\/p><\/div> <div id=\"footnote_references_container_3653_1\" style=\"\"><table class=\"footnotes_table footnote-reference-container\"><caption class=\"accessibility\">References<\/caption> <tbody> \r\n\r\n<tr class=\"footnotes_plugin_reference_row\"> <th scope=\"row\" class=\"footnote_plugin_index_combi pointer\"  onclick=\"footnote_moveToAnchor_3653_1('footnote_plugin_tooltip_3653_1_1');\"><a id=\"footnote_plugin_reference_3653_1_1\" class=\"footnote_backlink\"><span class=\"footnote_index_arrow\">&#8593;<\/span>1<\/a><\/th> <td class=\"footnote_plugin_text\">C\u00e1c M\u1ee5c 4501, 4502, 4646(b), 4646.5(a)(1).<\/td><\/tr>\r\n\r\n<tr class=\"footnotes_plugin_reference_row\"> <th scope=\"row\" class=\"footnote_plugin_index_combi pointer\"  onclick=\"footnote_moveToAnchor_3653_1('footnote_plugin_tooltip_3653_1_2');\"><a id=\"footnote_plugin_reference_3653_1_2\" class=\"footnote_backlink\"><span class=\"footnote_index_arrow\">&#8593;<\/span>2<\/a><\/th> <td class=\"footnote_plugin_text\">M\u1ee5c 4434(d).<\/td><\/tr>\r\n\r\n<tr class=\"footnotes_plugin_reference_row\"> <th scope=\"row\" class=\"footnote_plugin_index_combi pointer\"  onclick=\"footnote_moveToAnchor_3653_1('footnote_plugin_tooltip_3653_1_3');\"><a id=\"footnote_plugin_reference_3653_1_3\" class=\"footnote_backlink\"><span class=\"footnote_index_arrow\">&#8593;<\/span>3<\/a><\/th> <td class=\"footnote_plugin_text\">M\u1ee5c 4646(a)&amp;(b).<\/td><\/tr>\r\n\r\n <\/tbody> <\/table> <\/div><\/div><script type=\"text\/javascript\"> function footnote_expand_reference_container_3653_1() { jQuery('#footnote_references_container_3653_1').show(); jQuery('#footnote_reference_container_collapse_button_3653_1').text('\u2212'); } function footnote_collapse_reference_container_3653_1() { jQuery('#footnote_references_container_3653_1').hide(); jQuery('#footnote_reference_container_collapse_button_3653_1').text('+'); } function footnote_expand_collapse_reference_container_3653_1() { if (jQuery('#footnote_references_container_3653_1').is(':hidden')) { footnote_expand_reference_container_3653_1(); } else { footnote_collapse_reference_container_3653_1(); } } function footnote_moveToReference_3653_1(p_str_TargetID) { footnote_expand_reference_container_3653_1(); var l_obj_Target = jQuery('#' + p_str_TargetID); if (l_obj_Target.length) { jQuery( 'html, body' ).delay( 0 ); jQuery('html, body').animate({ scrollTop: l_obj_Target.offset().top - window.innerHeight * 0.2 }, 380); } } function footnote_moveToAnchor_3653_1(p_str_TargetID) { footnote_expand_reference_container_3653_1(); var l_obj_Target = jQuery('#' + p_str_TargetID); if (l_obj_Target.length) { jQuery( 'html, body' ).delay( 0 ); jQuery('html, body').animate({ scrollTop: l_obj_Target.offset().top - window.innerHeight * 0.2 }, 380); } }<\/script>","protected":false},"excerpt":{"rendered":"<p>\u0110\u1ea1o Lu\u1eadt Lanterman quy \u0111\u1ecbnh m\u1ed7i ng\u01b0\u1eddi khuy\u1ebft t\u1eadt v\u1ec1 ph\u00e1t tri\u1ec3n \u0111\u1ec1u ph\u1ea3i nh\u1eadn \u0111\u01b0\u1ee3c c\u00e1c d\u1ecbch v\u1ee5 v\u00e0 s\u1ef1 h\u1ed7 tr\u1ee3 c\u00e1 nh\u00e2n&hellip;<\/p>\n","protected":false},"author":1,"featured_media":0,"parent":1193,"menu_order":53,"comment_status":"closed","ping_status":"closed","template":"","meta":{"footnotes":""},"class_list":["post-3653","page","type-page","status-publish","hentry"],"_links":{"self":[{"href":"https:\/\/rula.disabilityrightsca.org\/vi\/wp-json\/wp\/v2\/pages\/3653","targetHints":{"allow":["GET"]}}],"collection":[{"href":"https:\/\/rula.disabilityrightsca.org\/vi\/wp-json\/wp\/v2\/pages"}],"about":[{"href":"https:\/\/rula.disabilityrightsca.org\/vi\/wp-json\/wp\/v2\/types\/page"}],"author":[{"embeddable":true,"href":"https:\/\/rula.disabilityrightsca.org\/vi\/wp-json\/wp\/v2\/users\/1"}],"replies":[{"embeddable":true,"href":"https:\/\/rula.disabilityrightsca.org\/vi\/wp-json\/wp\/v2\/comments?post=3653"}],"version-history":[{"count":2,"href":"https:\/\/rula.disabilityrightsca.org\/vi\/wp-json\/wp\/v2\/pages\/3653\/revisions"}],"predecessor-version":[{"id":3862,"href":"https:\/\/rula.disabilityrightsca.org\/vi\/wp-json\/wp\/v2\/pages\/3653\/revisions\/3862"}],"up":[{"embeddable":true,"href":"https:\/\/rula.disabilityrightsca.org\/vi\/wp-json\/wp\/v2\/pages\/1193"}],"wp:attachment":[{"href":"https:\/\/rula.disabilityrightsca.org\/vi\/wp-json\/wp\/v2\/media?parent=3653"}],"curies":[{"name":"wp","href":"https:\/\/api.w.org\/{rel}","templated":true}]}}