{"id":332,"date":"2019-02-06T19:26:51","date_gmt":"2019-02-06T19:26:51","guid":{"rendered":"http:\/\/www.rula.disabilityrightsca.org\/vi\/?page_id=332"},"modified":"2022-04-19T16:31:47","modified_gmt":"2022-04-19T16:31:47","slug":"what-is-a-developmental-disability","status":"publish","type":"page","link":"https:\/\/rula.disabilityrightsca.org\/vi\/rula-book\/chapter-2-eligibility-for-regional-center-services\/what-is-a-developmental-disability\/","title":{"rendered":"(2.1) Khuy\u1ebft t\u1eadt v\u1ec1 ph\u00e1t tri\u1ec3n l\u00e0 g\u00ec?"},"content":{"rendered":"\n<p>Lu\u1eadt California quy \u0111\u1ecbnh&nbsp;<em>khuy\u1ebft t\u1eadt v\u1ec1 ph\u00e1t tri\u1ec3n<\/em>&nbsp;b\u1eaft \u0111\u1ea7u tr\u01b0\u1edbc 18 tu\u1ed5i, d\u1ef1 ki\u1ebfn s\u1ebd c\u00f2n ti\u1ebfp di\u1ec5n v\u00f4 h\u1ea1n \u0111\u1ecbnh v\u00e0 l\u00e0 \u201ckhuy\u1ebft t\u1eadt \u0111\u00e1ng k\u1ec3\u201d. <span class=\"footnote_referrer\"><a role=\"button\" tabindex=\"0\" onclick=\"footnote_moveToReference_332_1('footnote_plugin_reference_332_1_1');\" onkeypress=\"footnote_moveToReference_332_1('footnote_plugin_reference_332_1_1');\" ><sup id=\"footnote_plugin_tooltip_332_1_1\" class=\"footnote_plugin_tooltip_text\">[1]<\/sup><\/a><span id=\"footnote_plugin_tooltip_text_332_1_1\" class=\"footnote_tooltip\">M\u1ee5c 4512(a)&amp;(l).<\/span><\/span><script type=\"text\/javascript\"> jQuery('#footnote_plugin_tooltip_332_1_1').tooltip({ tip: '#footnote_plugin_tooltip_text_332_1_1', tipClass: 'footnote_tooltip', effect: 'fade', predelay: 0, fadeInSpeed: 200, delay: 400, fadeOutSpeed: 200, position: 'top center', relative: true, offset: [-7, 0], });<\/script> \u1ede California, khuy\u1ebft t\u1eadt v\u1ec1 ph\u00e1t tri\u1ec3n l\u00e0 m\u1ed9t trong n\u0103m t\u00ecnh tr\u1ea1ng sau \u0111\u00e2y:<\/p>\n\n\n\n<ul class=\"wp-block-list\"><li>b\u1ea1i n\u00e3o<\/li><li>\u0111\u1ed9ng kinh<\/li><li>t\u1ef1 k\u1ef7<\/li><li>khuy\u1ebft t\u1eadt tr\u00ed tu\u1ec7<\/li><li>c\u00e1c t\u00ecnh tr\u1ea1ng kh\u00e1c li\u00ean quan ch\u1eb7t ch\u1ebd \u0111\u1ebfn khuy\u1ebft t\u1eadt tr\u00ed tu\u1ec7 ho\u1eb7c y\u00eau c\u1ea7u \u0111i\u1ec1u tr\u1ecb t\u01b0\u01a1ng t\u1ef1. <span class=\"footnote_referrer\"><a role=\"button\" tabindex=\"0\" onclick=\"footnote_moveToReference_332_1('footnote_plugin_reference_332_1_2');\" onkeypress=\"footnote_moveToReference_332_1('footnote_plugin_reference_332_1_2');\" ><sup id=\"footnote_plugin_tooltip_332_1_2\" class=\"footnote_plugin_tooltip_text\">[2]<\/sup><\/a><span id=\"footnote_plugin_tooltip_text_332_1_2\" class=\"footnote_tooltip\">M\u1ee5c 4512(a). Thu\u1eadt ng\u1eef c\u0169 c\u1ee7a \u201ckhuy\u1ebft t\u1eadt tr\u00ed tu\u1ec7\u201d trong \u0110\u1ea1o Lu\u1eadt Lanterman l\u00e0 \u201cthi\u1ec3u n\u0103ng tr\u00ed tu\u1ec7\u201d. Thu\u1eadt ng\u1eef \u201cthi\u1ec3u n\u0103ng tr\u00ed tu\u1ec7\u201d kh\u00f4ng c\u00f2n&nbsp;&#x2026; <span class=\"footnote_tooltip_continue\"  onclick=\"footnote_moveToReference_332_1('footnote_plugin_reference_332_1_2');\">Continue reading<\/span><\/span><\/span><script type=\"text\/javascript\"> jQuery('#footnote_plugin_tooltip_332_1_2').tooltip({ tip: '#footnote_plugin_tooltip_text_332_1_2', tipClass: 'footnote_tooltip', effect: 'fade', predelay: 0, fadeInSpeed: 200, delay: 400, fadeOutSpeed: 200, position: 'top center', relative: true, offset: [-7, 0], });<\/script><\/li><\/ul>\n\n\n\n<p>\u201cKhuy\u1ebft t\u1eadt \u0111\u00e1ng k\u1ec3\u201d ngh\u0129a l\u00e0 ng\u01b0\u1eddi g\u1eb7p c\u00e1c v\u1ea5n \u0111\u1ec1 nghi\u00eam tr\u1ecdng \u1edf&nbsp;<em>\u00edt nh\u1ea5t<\/em>&nbsp;<em>ba<\/em>&nbsp;trong s\u1ed1 c\u00e1c l\u0129nh v\u1ef1c sau:<\/p>\n\n\n\n<ul class=\"wp-block-list\"><li>K\u1ef9 n\u0103ng giao ti\u1ebfp (ng\u00f4n ng\u1eef ti\u1ebfp thu v\u00e0 di\u1ec5n \u0111\u1ea1t)<\/li><li>H\u1ecdc t\u1eadp<\/li><li>T\u1ef1 ch\u0103m s\u00f3c<\/li><li>V\u1eadn \u0111\u1ed9ng<\/li><li>T\u1ef1 ch\u1ee7<\/li><li>S\u1ed1ng \u0111\u1ed9c l\u1eadp<\/li><li>T\u1ef1 t\u00fac kinh t\u1ebf<\/li><\/ul>\n\n\n\n<p>Tr\u01b0\u1edbc ng\u00e0y 11 th\u00e1ng 8 n\u0103m 2003, \u201ckhuy\u1ebft t\u1eadt \u0111\u00e1ng k\u1ec3\u201d ngh\u0129a l\u00e0 qu\u00fd v\u1ecb ch\u1ec9 c\u1ea7n g\u1eb7p m\u1ed9t v\u1ea5n \u0111\u1ec1 \u1edf&nbsp;<strong>m\u1ed9t<\/strong>&nbsp;trong b\u1ea3y l\u0129nh v\u1ef1c n\u00e0y, thay v\u00ec \u00edt nh\u1ea5t&nbsp;<strong>ba<\/strong> l\u0129nh v\u1ef1c. N\u1ebfu qu\u00fd v\u1ecb h\u1ed9i \u0111\u1ee7 \u0111i\u1ec1u ki\u1ec7n nh\u1eadn c\u00e1c d\u1ecbch v\u1ee5 c\u1ee7a trung t\u00e2m khu v\u1ef1c&nbsp;<em>tr\u01b0\u1edbc<\/em>&nbsp;khi lu\u1eadt thay \u0111\u1ed5i, trung t\u00e2m khu v\u1ef1c ph\u1ea3i s\u1eed d\u1ee5ng \u0111\u1ecbnh ngh\u0129a c\u0169 v\u1ec1 khuy\u1ebft t\u1eadt \u0111\u00e1ng k\u1ec3 cho kh\u1ea3 n\u0103ng h\u1ed9i \u0111\u1ee7 \u0111i\u1ec1u ki\u1ec7n c\u1ee7a qu\u00fd v\u1ecb hi\u1ec7n t\u1ea1i. <span class=\"footnote_referrer\"><a role=\"button\" tabindex=\"0\" onclick=\"footnote_moveToReference_332_1('footnote_plugin_reference_332_1_3');\" onkeypress=\"footnote_moveToReference_332_1('footnote_plugin_reference_332_1_3');\" ><sup id=\"footnote_plugin_tooltip_332_1_3\" class=\"footnote_plugin_tooltip_text\">[3]<\/sup><\/a><span id=\"footnote_plugin_tooltip_text_332_1_3\" class=\"footnote_tooltip\">M\u1ee5c 4512(l)(2); Ti\u00eau \u0110\u1ec1 17, B\u1ed9 Lu\u1eadt C\u00e1c Quy \u0110\u1ecbnh California, m\u1ee5c 54001(d).<\/span><\/span><script type=\"text\/javascript\"> jQuery('#footnote_plugin_tooltip_332_1_3').tooltip({ tip: '#footnote_plugin_tooltip_text_332_1_3', tipClass: 'footnote_tooltip', effect: 'fade', predelay: 0, fadeInSpeed: 200, delay: 400, fadeOutSpeed: 200, position: 'top center', relative: true, offset: [-7, 0], });<\/script> \u0110i\u1ec1u n\u00e0y r\u1ea5t quan tr\u1ecdng trong tr\u01b0\u1eddng h\u1ee3p qu\u00fd v\u1ecb h\u1ed9i \u0111\u1ee7 \u0111i\u1ec1u ki\u1ec7n theo \u0111\u1ecbnh ngh\u0129a c\u0169 nh\u01b0ng hi\u1ec7n t\u1ea1i trung t\u00e2m khu v\u1ef1c cho bi\u1ebft qu\u00fd v\u1ecb kh\u00f4ng h\u1ed9i \u0111\u1ee7 \u0111i\u1ec1u ki\u1ec7n.&nbsp;\u0110i\u1ec1u n\u00e0y c\u0169ng quan tr\u1ecdng n\u1ebfu qu\u00fd v\u1ecb \u0111\u00e3 nh\u1eadn c\u00e1c d\u1ecbch v\u1ee5 c\u1ee7a trung t\u00e2m khu v\u1ef1c tr\u01b0\u1edbc khi lu\u1eadt thay \u0111\u1ed5i nh\u01b0ng tr\u01b0\u1eddng h\u1ee3p c\u1ee7a qu\u00fd v\u1ecb tr\u1edf th\u00e0nh v\u00f4 hi\u1ec7u v\u00e0 gi\u1edd qu\u00fd v\u1ecb mu\u1ed1n nh\u1eadn c\u00e1c d\u1ecbch v\u1ee5 m\u1ed9t l\u1ea7n n\u1eefa.<\/p>\n<div class=\"speaker-mute footnotes_reference_container\"> <div class=\"footnote_container_prepare\"><p><span role=\"button\" tabindex=\"0\" class=\"footnote_reference_container_label pointer\" onclick=\"footnote_expand_collapse_reference_container_332_1();\">&#x202F;<\/span><span role=\"button\" tabindex=\"0\" class=\"footnote_reference_container_collapse_button\" style=\"display: none;\" onclick=\"footnote_expand_collapse_reference_container_332_1();\">[<a id=\"footnote_reference_container_collapse_button_332_1\">+<\/a>]<\/span><\/p><\/div> <div id=\"footnote_references_container_332_1\" style=\"\"><table class=\"footnotes_table footnote-reference-container\"><caption class=\"accessibility\">References<\/caption> <tbody> \r\n\r\n<tr class=\"footnotes_plugin_reference_row\"> <th scope=\"row\" class=\"footnote_plugin_index_combi pointer\"  onclick=\"footnote_moveToAnchor_332_1('footnote_plugin_tooltip_332_1_1');\"><a id=\"footnote_plugin_reference_332_1_1\" class=\"footnote_backlink\"><span class=\"footnote_index_arrow\">&#8593;<\/span>1<\/a><\/th> <td class=\"footnote_plugin_text\">M\u1ee5c 4512(a)&amp;(l).<\/td><\/tr>\r\n\r\n<tr class=\"footnotes_plugin_reference_row\"> <th scope=\"row\" class=\"footnote_plugin_index_combi pointer\"  onclick=\"footnote_moveToAnchor_332_1('footnote_plugin_tooltip_332_1_2');\"><a id=\"footnote_plugin_reference_332_1_2\" class=\"footnote_backlink\"><span class=\"footnote_index_arrow\">&#8593;<\/span>2<\/a><\/th> <td class=\"footnote_plugin_text\">M\u1ee5c 4512(a). Thu\u1eadt ng\u1eef c\u0169 c\u1ee7a \u201ckhuy\u1ebft t\u1eadt tr\u00ed tu\u1ec7\u201d trong \u0110\u1ea1o Lu\u1eadt Lanterman l\u00e0 \u201cthi\u1ec3u n\u0103ng tr\u00ed tu\u1ec7\u201d. Thu\u1eadt ng\u1eef \u201cthi\u1ec3u n\u0103ng tr\u00ed tu\u1ec7\u201d kh\u00f4ng c\u00f2n \u0111\u01b0\u1ee3c s\u1eed d\u1ee5ng trong&nbsp;<em>C\u1ea9m Nang Ch\u1ea9n \u0110o\u00e1n v\u00e0 Th\u1ed1ng K\u00ea C\u00e1c R\u1ed1i Lo\u1ea1n T\u00e2m Th\u1ea7n<\/em> (Diagnostic and Statistical Manual of Mental Disorders), \u1ea4n B\u1ea3n L\u1ea7n Th\u1ee9 N\u0103m c\u1ee7a Hi\u1ec7p H\u1ed9i T\u00e2m Th\u1ea7n H\u1ecdc Hoa K\u1ef3 (American Psychiatric Association). C\u1ea9m nang n\u00e0y hi\u1ec7n t\u1ea1i c\u0169ng s\u1eed d\u1ee5ng thu\u1eadt ng\u1eef \u201ckhuy\u1ebft t\u1eadt tr\u00ed tu\u1ec7\u201d. M\u1eb7c d\u00f9 thu\u1eadt ng\u1eef n\u00e0y \u0111\u00e3 \u0111\u01b0\u1ee3c c\u1eadp nh\u1eadt trong \u0110\u1ea1o Lu\u1eadt Lanterman v\u00e0 y v\u0103n l\u00e2m s\u00e0ng, thu\u1eadt ng\u1eef \u201cthi\u1ec3u n\u0103ng tr\u00ed tu\u1ec7\u201d v\u1eabn \u0111\u01b0\u1ee3c s\u1eed d\u1ee5ng trong quy \u0111\u1ecbnh c\u1ee7a S\u1edf D\u1ecbch V\u1ee5 Ph\u00e1t Tri\u1ec3n, quy \u0111\u1ecbnh n\u00e0y \u0111\u1ecbnh ngh\u0129a th\u00eam v\u1ec1 thu\u1eadt ng\u1eef \u201ckhuy\u1ebft t\u1eadt v\u1ec1 ph\u00e1t tri\u1ec3n\u201d trong \u0110\u1ea1o Lu\u1eadt Lanterman.&nbsp;Xem Ti\u00eau \u0110\u1ec1 17, B\u1ed9 Lu\u1eadt C\u00e1c Quy \u0110\u1ecbnh California, m\u1ee5c 54000.<\/td><\/tr>\r\n\r\n<tr class=\"footnotes_plugin_reference_row\"> <th scope=\"row\" class=\"footnote_plugin_index_combi pointer\"  onclick=\"footnote_moveToAnchor_332_1('footnote_plugin_tooltip_332_1_3');\"><a id=\"footnote_plugin_reference_332_1_3\" class=\"footnote_backlink\"><span class=\"footnote_index_arrow\">&#8593;<\/span>3<\/a><\/th> <td class=\"footnote_plugin_text\">M\u1ee5c 4512(l)(2); Ti\u00eau \u0110\u1ec1 17, B\u1ed9 Lu\u1eadt C\u00e1c Quy \u0110\u1ecbnh California, m\u1ee5c 54001(d).<\/td><\/tr>\r\n\r\n <\/tbody> <\/table> <\/div><\/div><script type=\"text\/javascript\"> function footnote_expand_reference_container_332_1() { jQuery('#footnote_references_container_332_1').show(); jQuery('#footnote_reference_container_collapse_button_332_1').text('\u2212'); } function footnote_collapse_reference_container_332_1() { jQuery('#footnote_references_container_332_1').hide(); jQuery('#footnote_reference_container_collapse_button_332_1').text('+'); } function footnote_expand_collapse_reference_container_332_1() { if (jQuery('#footnote_references_container_332_1').is(':hidden')) { footnote_expand_reference_container_332_1(); } else { footnote_collapse_reference_container_332_1(); } } function footnote_moveToReference_332_1(p_str_TargetID) { footnote_expand_reference_container_332_1(); var l_obj_Target = jQuery('#' + p_str_TargetID); if (l_obj_Target.length) { jQuery( 'html, body' ).delay( 0 ); jQuery('html, body').animate({ scrollTop: l_obj_Target.offset().top - window.innerHeight * 0.2 }, 380); } } function footnote_moveToAnchor_332_1(p_str_TargetID) { footnote_expand_reference_container_332_1(); var l_obj_Target = jQuery('#' + p_str_TargetID); if (l_obj_Target.length) { jQuery( 'html, body' ).delay( 0 ); jQuery('html, body').animate({ scrollTop: l_obj_Target.offset().top - window.innerHeight * 0.2 }, 380); } }<\/script>","protected":false},"excerpt":{"rendered":"<p>Lu\u1eadt California quy \u0111\u1ecbnh&nbsp;khuy\u1ebft t\u1eadt v\u1ec1 ph\u00e1t tri\u1ec3n&nbsp;b\u1eaft \u0111\u1ea7u tr\u01b0\u1edbc 18 tu\u1ed5i, d\u1ef1 ki\u1ebfn s\u1ebd c\u00f2n ti\u1ebfp di\u1ec5n v\u00f4 h\u1ea1n \u0111\u1ecbnh v\u00e0 l\u00e0 \u201ckhuy\u1ebft t\u1eadt&hellip;<\/p>\n","protected":false},"author":1,"featured_media":0,"parent":37,"menu_order":1,"comment_status":"closed","ping_status":"closed","template":"","meta":{"footnotes":""},"class_list":["post-332","page","type-page","status-publish","hentry"],"_links":{"self":[{"href":"https:\/\/rula.disabilityrightsca.org\/vi\/wp-json\/wp\/v2\/pages\/332","targetHints":{"allow":["GET"]}}],"collection":[{"href":"https:\/\/rula.disabilityrightsca.org\/vi\/wp-json\/wp\/v2\/pages"}],"about":[{"href":"https:\/\/rula.disabilityrightsca.org\/vi\/wp-json\/wp\/v2\/types\/page"}],"author":[{"embeddable":true,"href":"https:\/\/rula.disabilityrightsca.org\/vi\/wp-json\/wp\/v2\/users\/1"}],"replies":[{"embeddable":true,"href":"https:\/\/rula.disabilityrightsca.org\/vi\/wp-json\/wp\/v2\/comments?post=332"}],"version-history":[{"count":14,"href":"https:\/\/rula.disabilityrightsca.org\/vi\/wp-json\/wp\/v2\/pages\/332\/revisions"}],"predecessor-version":[{"id":2803,"href":"https:\/\/rula.disabilityrightsca.org\/vi\/wp-json\/wp\/v2\/pages\/332\/revisions\/2803"}],"up":[{"embeddable":true,"href":"https:\/\/rula.disabilityrightsca.org\/vi\/wp-json\/wp\/v2\/pages\/37"}],"wp:attachment":[{"href":"https:\/\/rula.disabilityrightsca.org\/vi\/wp-json\/wp\/v2\/media?parent=332"}],"curies":[{"name":"wp","href":"https:\/\/api.w.org\/{rel}","templated":true}]}}