{"id":33,"date":"2019-01-28T23:55:20","date_gmt":"2019-01-28T23:55:20","guid":{"rendered":"http:\/\/www.rula.disabilityrightsca.org\/vi\/?page_id=33"},"modified":"2024-03-15T20:30:07","modified_gmt":"2024-03-15T20:30:07","slug":"rula-book","status":"publish","type":"page","link":"https:\/\/rula.disabilityrightsca.org\/vi\/","title":{"rendered":"Quy\u1ec1n theo \u0110\u1ea1o lu\u1eadt Lanterman (RULA)"},"content":{"rendered":"\n<p>S\u1ed5 tay h\u01b0\u1edbng d\u1eabn n\u00e0y c\u00f3 m\u1ed9t m\u1ee5c \u0111\u00edch: gi\u00fap b\u1ea1n hi\u1ec3u m\u1ed9t s\u1ed1 quy\u1ec1n c\u1ee7a m\u00ecnh v\u1edbi t\u01b0 c\u00e1ch l\u00e0 ng\u01b0\u1eddi b\u1ecb khuy\u1ebft t\u1eadt ph\u00e1t tri\u1ec3n \u1edf California. S\u1ed5 tay h\u01b0\u1edbng d\u1eabn t\u1eadp trung v\u00e0o c\u00e1c quy\u1ec1n c\u1ee7a b\u1ea1n \u0111\u1ed1i v\u1edbi c\u00e1c h\u1ed7 tr\u1ee3 v\u00e0 d\u1ecbch v\u1ee5 theo \u0110\u1ea1o lu\u1eadt Lanterman &#8211; quy\u1ec1n c\u1ee7a b\u1ea1n v\u1edbi trung t\u00e2m khu v\u1ef1c v\u00e0 c\u00e1c nh\u00e0 cung c\u1ea5p d\u1ecbch v\u1ee5. N\u00f3 s\u1ebd kh\u00f4ng tr\u1ea3 l\u1eddi m\u1ecdi c\u00e2u h\u1ecfi m\u00e0 b\u1ea1n c\u00f3 th\u1ec3 c\u00f3. Nh\u01b0ng, n\u00f3 l\u00e0 m\u1ed9t n\u01a1i \u0111\u1ec3 b\u1eaft \u0111\u1ea7u. <\/p>\n\n\n\n<p>B\u1ea1n c\u0169ng c\u00f3 c\u00e1c quy\u1ec1n theo c\u00e1c lu\u1eadt v\u00e0 ch\u01b0\u01a1ng tr\u00ecnh d\u1ecbch v\u1ee5 kh\u00e1c, ch\u1eb3ng h\u1ea1n nh\u01b0 \u0110\u1ea1o lu\u1eadt Gi\u00e1o d\u1ee5c C\u00e1 nh\u00e2n Khuy\u1ebft t\u1eadt (IDEA) v\u00e0 D\u1ecbch v\u1ee5 H\u1ed7 tr\u1ee3 T\u1ea1i nh\u00e0. Quy\u1ec1n c\u1ee7a Ng\u01b0\u1eddi Khuy\u1ebft T\u1eadt California c\u00f3 s\u1eb5n m\u1ed9t s\u1ed1 \u1ea5n ph\u1ea9m gi\u00fap b\u1ea1n hi\u1ec3u c\u00e1c quy\u1ec1n c\u1ee7a m\u00ecnh v\u00e0 c\u00e1ch tr\u1edf th\u00e0nh m\u1ed9t ng\u01b0\u1eddi bi\u1ec7n h\u1ed9 t\u1ed1t h\u01a1n. G\u1ecdi cho ch\u00fang t\u00f4i \u0111\u1ec3 c\u00f3 danh s\u00e1ch theo s\u1ed1 (800) 776-5746.<\/p>\n\n\n\n<div class=\"wp-block-group how-to-box has-background\" style=\"background-color:#f3f3f3\"><div class=\"wp-block-group__inner-container is-layout-flow wp-block-group-is-layout-flow\">\n<h2 class=\"wp-block-heading\">C\u00e1ch s\u1eed d\u1ee5ng s\u1ed5 tay h\u01b0\u1edbng d\u1eabn n\u00e0y<\/h2>\n\n\n\n<p>S\u00e1ch h\u01b0\u1edbng d\u1eabn g\u1ed3m 11 ch\u01b0\u01a1ng, c\u00f9ng v\u1edbi c\u00e1c ph\u1ea7n b\u1ed5 sung, c\u00f3 th\u1ec3 \u0111\u01b0\u1ee3c s\u1eed d\u1ee5ng ri\u00eang. C\u00e1c ch\u01b0\u01a1ng \/ ph\u1ea7n b\u1ed5 sung \u0111\u01b0\u1ee3c li\u1ec7t k\u00ea \u1edf b\u00ean tr\u00e1i tr\u00ean m\u00e1y t\u00ednh \u0111\u1ec3 b\u00e0n c\u1ee7a b\u1ea1n ho\u1eb7c \u1edf d\u01b0\u1edbi c\u00f9ng tr\u00ean thi\u1ebft b\u1ecb di \u0111\u1ed9ng.<\/p>\n<\/div><\/div>\n","protected":false},"excerpt":{"rendered":"<p>S\u1ed5 tay h\u01b0\u1edbng d\u1eabn n\u00e0y c\u00f3 m\u1ed9t m\u1ee5c \u0111\u00edch: gi\u00fap b\u1ea1n hi\u1ec3u m\u1ed9t s\u1ed1 quy\u1ec1n c\u1ee7a m\u00ecnh v\u1edbi t\u01b0 c\u00e1ch l\u00e0 ng\u01b0\u1eddi b\u1ecb khuy\u1ebft t\u1eadt&hellip;<\/p>\n","protected":false},"author":1,"featured_media":770,"parent":0,"menu_order":0,"comment_status":"closed","ping_status":"closed","template":"","meta":{"footnotes":""},"class_list":["post-33","page","type-page","status-publish","has-post-thumbnail","hentry"],"_links":{"self":[{"href":"https:\/\/rula.disabilityrightsca.org\/vi\/wp-json\/wp\/v2\/pages\/33","targetHints":{"allow":["GET"]}}],"collection":[{"href":"https:\/\/rula.disabilityrightsca.org\/vi\/wp-json\/wp\/v2\/pages"}],"about":[{"href":"https:\/\/rula.disabilityrightsca.org\/vi\/wp-json\/wp\/v2\/types\/page"}],"author":[{"embeddable":true,"href":"https:\/\/rula.disabilityrightsca.org\/vi\/wp-json\/wp\/v2\/users\/1"}],"replies":[{"embeddable":true,"href":"https:\/\/rula.disabilityrightsca.org\/vi\/wp-json\/wp\/v2\/comments?post=33"}],"version-history":[{"count":17,"href":"https:\/\/rula.disabilityrightsca.org\/vi\/wp-json\/wp\/v2\/pages\/33\/revisions"}],"predecessor-version":[{"id":3428,"href":"https:\/\/rula.disabilityrightsca.org\/vi\/wp-json\/wp\/v2\/pages\/33\/revisions\/3428"}],"wp:featuredmedia":[{"embeddable":true,"href":"https:\/\/rula.disabilityrightsca.org\/vi\/wp-json\/wp\/v2\/media\/770"}],"wp:attachment":[{"href":"https:\/\/rula.disabilityrightsca.org\/vi\/wp-json\/wp\/v2\/media?parent=33"}],"curies":[{"name":"wp","href":"https:\/\/api.w.org\/{rel}","templated":true}]}}