{"id":328,"date":"2019-02-06T19:16:22","date_gmt":"2019-02-06T19:16:22","guid":{"rendered":"http:\/\/www.rula.disabilityrightsca.org\/vi\/?page_id=328"},"modified":"2022-04-18T21:44:16","modified_gmt":"2022-04-18T21:44:16","slug":"what-is-the-lanterman-act","status":"publish","type":"page","link":"https:\/\/rula.disabilityrightsca.org\/vi\/rula-book\/chapter-1-the-lanterman-act\/what-is-the-lanterman-act\/","title":{"rendered":"(1.1) \u0110\u1ea1o Lu\u1eadt Lanterman l\u00e0 g\u00ec?"},"content":{"rendered":"\n<p>\u0110\u1ea1o Lu\u1eadt Lanterman l\u00e0 m\u1ed9t lu\u1eadt c\u1ee7a California trao cho nh\u1eefng ng\u01b0\u1eddi khuy\u1ebft t\u1eadt v\u1ec1 ph\u00e1t tri\u1ec3n quy\u1ec1n \u0111\u01b0\u1ee3c h\u01b0\u1edfng c\u00e1c d\u1ecbch v\u1ee5 v\u00e0 s\u1ef1 h\u1ed7 tr\u1ee3 m\u00e0 h\u1ecd c\u1ea7n \u0111\u1ec3 s\u1ed1ng m\u1ed9t cu\u1ed9c s\u1ed1ng \u0111\u1ed9c l\u1eadp v\u00e0 nh\u01b0 ng\u01b0\u1eddi b\u00ecnh th\u01b0\u1eddng. \u0110\u1ea1o Lu\u1eadt n\u00e0y n\u1eb1m trong B\u1ed9 Lu\u1eadt Ph\u00fac L\u1ee3i v\u00e0 \u0110\u1ecbnh Ch\u1ebf California, m\u1ee5c 4500-4906. B\u1ea5t k\u1ef3 khi n\u00e0o qu\u00fd v\u1ecb th\u1ea5y t\u1eeb \u201c(c\u00e1c) m\u1ee5c\u201d trong c\u1ea9m nang h\u01b0\u1edbng d\u1eabn n\u00e0y ho\u1eb7c ch\u00fa th\u00edch kh\u00f4ng k\u00e8m th\u00f4ng tin kh\u00e1c, th\u00ec ch\u00ednh l\u00e0 \u0111\u1ec1 c\u1eadp \u0111\u1ebfn (c\u00e1c) m\u1ee5c c\u1ee7a \u0110\u1ea1o Lu\u1eadt Lanterman. V\u1edbi m\u1ee5c 4512(a), m\u1ee5c n\u00e0y c\u00f3 ngh\u0129a l\u00e0 th\u00f4ng tin t\u1eeb \u0110\u1ea1o Lu\u1eadt Lanterman, B\u1ed9 Lu\u1eadt Ph\u00fac L\u1ee3i v\u00e0 \u0110\u1ecbnh Ch\u1ebf M\u1ee5c 4512, m\u1ee5c ph\u1ee5 (a). \u0110\u1ec3 \u0111\u1ecdc \u0110\u1ea1o Lu\u1eadt Lanterman,&nbsp;<a href=\"http:\/\/www.dds.ca.gov\/Statutes\/LantermanAct.cfm\">nh\u1ea5p v\u00e0o \u0111\u00e2y<\/a>.&nbsp;<\/p>\n\n\n\n<p>\u0110\u1ea1o Lu\u1eadt n\u00e0y n\u00eau r\u1eb1ng \u0111i\u1ec1u quan tr\u1ecdng l\u00e0 m\u1ed7i ng\u01b0\u1eddi \u0111\u1ec1u nh\u1eadn \u0111\u01b0\u1ee3c c\u00e1c d\u1ecbch v\u1ee5 v\u00e0 s\u1ef1 h\u1ed7 tr\u1ee3 \u0111\u00e1p \u1ee9ng nhu c\u1ea7u v\u00e0 l\u1ef1a ch\u1ecdn c\u1ee7a h\u1ecd. \u0110\u1ea1o Lu\u1eadt n\u00e0y th\u1eeba nh\u1eadn r\u1eb1ng nh\u1eefng ng\u01b0\u1eddi b\u1ecb khuy\u1ebft t\u1eadt v\u1ec1 ph\u00e1t tri\u1ec3n c\u00f3 th\u1ec3 c\u1ea7n \u0111\u01b0\u1ee3c tr\u1ee3 gi\u00fap \u0111\u1ec3 s\u1ed1ng m\u1ed9t cu\u1ed9c s\u1ed1ng tr\u1ecdn v\u1eb9n v\u00e0 c\u00f3 \u00edch.&nbsp;<\/p>\n\n\n\n<p>C\u01a1 Quan L\u1eadp Ph\u00e1p quy \u0111\u1ecbnh:<\/p>\n\n\n\n<p><em><em>\u201cM\u1ed9t lo\u1ea1t c\u00e1c d\u1ecbch v\u1ee5 v\u00e0 h\u1ed7 tr\u1ee3 c\u1ea7n ph\u1ea3i \u0111\u01b0\u1ee3c thi\u1ebft l\u1eadp \u0111\u1ea9y \u0111\u1ee7 nh\u1eb1m \u0111\u00e1p \u1ee9ng c\u00e1c nhu c\u1ea7u v\u00e0 l\u1ef1a ch\u1ecdn c\u1ee7a t\u1eebng ng\u01b0\u1eddi b\u1ecb khuy\u1ebft t\u1eadt v\u1ec1 ph\u00e1t tri\u1ec3n, b\u1ea5t k\u1ec3 tu\u1ed5i t\u00e1c hay m\u1ee9c \u0111\u1ed9 khuy\u1ebft t\u1eadt, v\u00e0 \u1edf m\u1ed7i giai \u0111o\u1ea1n trong cu\u1ed9c s\u1ed1ng, h\u1ed7 tr\u1ee3 h\u1ecd h\u00f2a nh\u1eadp l\u1ea1i v\u1edbi cu\u1ed9c s\u1ed1ng b\u00ecnh th\u01b0\u1eddng trong c\u1ed9ng \u0111\u1ed3ng.\u201d&nbsp;<\/em><\/em><\/p>\n\n\n\n<p><\/p>\n","protected":false},"excerpt":{"rendered":"<p>\u0110\u1ea1o Lu\u1eadt Lanterman l\u00e0 m\u1ed9t lu\u1eadt c\u1ee7a California trao cho nh\u1eefng ng\u01b0\u1eddi khuy\u1ebft t\u1eadt v\u1ec1 ph\u00e1t tri\u1ec3n quy\u1ec1n \u0111\u01b0\u1ee3c h\u01b0\u1edfng c\u00e1c d\u1ecbch v\u1ee5 v\u00e0 s\u1ef1&hellip;<\/p>\n","protected":false},"author":1,"featured_media":0,"parent":35,"menu_order":1,"comment_status":"closed","ping_status":"closed","template":"","meta":{"footnotes":""},"class_list":["post-328","page","type-page","status-publish","hentry"],"_links":{"self":[{"href":"https:\/\/rula.disabilityrightsca.org\/vi\/wp-json\/wp\/v2\/pages\/328","targetHints":{"allow":["GET"]}}],"collection":[{"href":"https:\/\/rula.disabilityrightsca.org\/vi\/wp-json\/wp\/v2\/pages"}],"about":[{"href":"https:\/\/rula.disabilityrightsca.org\/vi\/wp-json\/wp\/v2\/types\/page"}],"author":[{"embeddable":true,"href":"https:\/\/rula.disabilityrightsca.org\/vi\/wp-json\/wp\/v2\/users\/1"}],"replies":[{"embeddable":true,"href":"https:\/\/rula.disabilityrightsca.org\/vi\/wp-json\/wp\/v2\/comments?post=328"}],"version-history":[{"count":7,"href":"https:\/\/rula.disabilityrightsca.org\/vi\/wp-json\/wp\/v2\/pages\/328\/revisions"}],"predecessor-version":[{"id":2759,"href":"https:\/\/rula.disabilityrightsca.org\/vi\/wp-json\/wp\/v2\/pages\/328\/revisions\/2759"}],"up":[{"embeddable":true,"href":"https:\/\/rula.disabilityrightsca.org\/vi\/wp-json\/wp\/v2\/pages\/35"}],"wp:attachment":[{"href":"https:\/\/rula.disabilityrightsca.org\/vi\/wp-json\/wp\/v2\/media?parent=328"}],"curies":[{"name":"wp","href":"https:\/\/api.w.org\/{rel}","templated":true}]}}