{"id":312,"date":"2019-02-06T19:00:10","date_gmt":"2019-02-06T19:00:10","guid":{"rendered":"http:\/\/www.rula.disabilityrightsca.org\/vi\/?page_id=312"},"modified":"2022-06-23T20:24:31","modified_gmt":"2022-06-23T20:24:31","slug":"chapter-3-regional-centers","status":"publish","type":"page","link":"https:\/\/rula.disabilityrightsca.org\/vi\/rula-book\/chapter-3-regional-centers\/","title":{"rendered":"Ch\u01b0\u01a1ng 3: Trung T\u00e2m Khu V\u1ef1c"},"content":{"rendered":"\n<p><div class=\"print-fullchapter-wrap\"><div class=\"print-fullchapter\"><a href=\"https:\/\/rula.disabilityrightsca.org\/vi\/chapter-3-print\/\">In to\u00e0n b\u1ed9 ch\u01b0\u01a1ng<\/a><\/div><\/div><\/p>\n\n\n\n<p>Ch\u01b0\u01a1ng n\u00e0y gi\u1ea3i th\u00edch v\u1ec1 trung t\u00e2m khu v\u1ef1c v\u00e0 c\u00e1ch s\u1eed d\u1ee5ng trung t\u00e2m n\u00e0y.&nbsp;Qu\u00fd v\u1ecb s\u1ebd t\u00ecm hi\u1ec3u v\u1ec1 c\u00e1ch \u0111\u0103ng k\u00fd nh\u1eadn c\u00e1c d\u1ecbch v\u1ee5 c\u1ee7a trung t\u00e2m khu v\u1ef1c v\u00e0 c\u00e1ch ho\u1ea1t \u0111\u1ed9ng c\u1ee7a c\u00e1c d\u1ecbch v\u1ee5.&nbsp;Qu\u00fd v\u1ecb c\u0169ng s\u1ebd t\u00ecm hi\u1ec3u v\u1ec1 c\u00e1ch chuy\u1ec3n sang m\u1ed9t trung t\u00e2m khu v\u1ef1c kh\u00e1c n\u1ebfu qu\u00fd v\u1ecb chuy\u1ec3n n\u01a1i sinh s\u1ed1ng.&nbsp;<\/p>\n\n\n\n<p>Ch\u00fang t\u00f4i s\u1ebd gi\u1ea3i th\u00edch lu\u1eadt n\u00e0y v\u00e0 nh\u1eefng \u0111i\u1ec1u quan tr\u1ecdng m\u00e0 qu\u00fd v\u1ecb n\u00ean bi\u1ebft v\u1ec1 h\u1ec7 th\u1ed1ng trung t\u00e2m khu v\u1ef1c. Th\u00f4ng tin n\u00e0y ch\u1ee7 y\u1ebfu \u0111\u01b0\u1ee3c d\u1eabn t\u1eeb m\u1ed9t lu\u1eadt ti\u1ec3u bang c\u00f3 t\u00ean l\u00e0 \u0110\u1ea1o Lu\u1eadt Lanterman, b\u1eaft \u0111\u1ea7u t\u1ea1i m\u1ee5c 4500, B\u1ed9 Lu\u1eadt Ph\u00fac L\u1ee3i v\u00e0 \u0110\u1ecbnh Ch\u1ebf California.&nbsp;Ch\u00fang t\u00f4i cung c\u1ea5p cho qu\u00fd v\u1ecb m\u1ee5c trong lu\u1eadt ti\u1ec3u bang n\u00e0y \u0111\u1ec3 qu\u00fd v\u1ecb c\u00f3 th\u1ec3 t\u00ecm th\u00f4ng tin ch\u00fang t\u00f4i \u0111\u1ec1 c\u1eadp trong \u0111\u00e2y. Qu\u00fd v\u1ecb c\u00f3 th\u1ec3 ph\u1ea3i xem x\u00e9t lu\u1eadt n\u00e0y \u0111\u1ec3 nh\u1eadn c\u00e1c d\u1ecbch v\u1ee5 qu\u00fd v\u1ecb c\u1ea7n.&nbsp;Khi qu\u00fd v\u1ecb th\u1ea5y t\u1eeb \u201cSection(s)\u201d (\u201c(C\u00e1c) M\u1ee5c\u201d), theo sau l\u00e0 m\u1ed9t con s\u1ed1 v\u00e0 kh\u00f4ng c\u00f3 th\u00f4ng tin kh\u00e1c, th\u00ec ch\u00ednh l\u00e0 (c\u00e1c) m\u1ee5c c\u1ee7a \u0110\u1ea1o Lu\u1eadt Lanterman.&nbsp;\u0110\u1ec3 \u0111\u1ecdc \u0110\u1ea1o Lu\u1eadt Lanterman,&nbsp;<a href=\"https:\/\/www.dds.ca.gov\/transparency\/laws-regulations\/lanterman-act-and-related-laws\/\">nh\u1ea5p v\u00e0o \u0111\u00e2y<\/a>.<\/p>\n\n\n<div class=\"menu-chapter-3-container\"><ul id=\"menu-chapter-3\" class=\"menu\"><li id=\"menu-item-999\" class=\"menu-item menu-item-type-post_type menu-item-object-page menu-item-999\"><a href=\"https:\/\/rula.disabilityrightsca.org\/vi\/rula-book\/chapter-3-regional-centers\/what-do-the-regional-centers-do\/\">(3.1) Trung t\u00e2m khu v\u1ef1c l\u00e0m nh\u1eefng g\u00ec?<\/a><\/li>\n<li id=\"menu-item-1000\" class=\"menu-item menu-item-type-post_type menu-item-object-page menu-item-1000\"><a href=\"https:\/\/rula.disabilityrightsca.org\/vi\/rula-book\/chapter-3-regional-centers\/how-does-a-regional-center-find-people-who-may-have-developmental-disabilities\/\">(3.2) Trung t\u00e2m khu v\u1ef1c t\u00ecm ng\u01b0\u1eddi c\u00f3 th\u1ec3 b\u1ecb khuy\u1ebft t\u1eadt v\u1ec1 ph\u00e1t tri\u1ec3n b\u1eb1ng c\u00e1ch n\u00e0o?<\/a><\/li>\n<li id=\"menu-item-1013\" class=\"menu-item menu-item-type-post_type menu-item-object-page menu-item-1013\"><a href=\"https:\/\/rula.disabilityrightsca.org\/vi\/rula-book\/chapter-3-regional-centers\/how-do-regional-centers-represent-people-with-disabilities-and-the-communities-they-serve\/\">(3.3) Trung t\u00e2m khu v\u1ef1c \u0111\u1ea1i di\u1ec7n cho ng\u01b0\u1eddi khuy\u1ebft t\u1eadt v\u00e0 c\u1ed9ng \u0111\u1ed3ng h\u1ecd ph\u1ee5c v\u1ee5 b\u1eb1ng c\u00e1ch n\u00e0o?<\/a><\/li>\n<li id=\"menu-item-1014\" class=\"menu-item menu-item-type-post_type menu-item-object-page menu-item-1014\"><a href=\"https:\/\/rula.disabilityrightsca.org\/vi\/rula-book\/chapter-3-regional-centers\/how-can-i-get-my-regional-center-to-provide-services-in-a-culturally-competent-way\/\">(3.4) L\u00e0m th\u1ebf n\u00e0o \u0111\u1ec3 y\u00eau c\u1ea7u trung t\u00e2m khu v\u1ef1c cung c\u1ea5p d\u1ecbch v\u1ee5 theo c\u00e1ch th\u1ecfa \u0111\u00e1ng v\u1ec1 v\u0103n h\u00f3a?<\/a><\/li>\n<li id=\"menu-item-1015\" class=\"menu-item menu-item-type-post_type menu-item-object-page menu-item-1015\"><a href=\"https:\/\/rula.disabilityrightsca.org\/vi\/rula-book\/chapter-3-regional-centers\/what-if-i-need-an-interpreter-at-meetings-with-the-regional-center-or-documents-translated-into-the-language-i-use\/\">(3.5) N\u1ebfu t\u00f4i c\u1ea7n th\u00f4ng d\u1ecbch vi\u00ean t\u1ea1i c\u00e1c cu\u1ed9c h\u1ecdp v\u1edbi trung t\u00e2m khu v\u1ef1c ho\u1eb7c y\u00eau c\u1ea7u bi\u00ean d\u1ecbch t\u00e0i li\u1ec7u sang ng\u00f4n ng\u1eef t\u00f4i s\u1eed d\u1ee5ng th\u00ec sao?<\/a><\/li>\n<li id=\"menu-item-1016\" class=\"menu-item menu-item-type-post_type menu-item-object-page menu-item-1016\"><a href=\"https:\/\/rula.disabilityrightsca.org\/vi\/rula-book\/chapter-3-regional-centers\/3-6-what-if-i-cant-go-to-the-regional-center-for-appointments-and-meetings-because-of-my-disability\/\">(3.6) N\u1ebfu t\u00f4i kh\u00f4ng th\u1ec3 \u0111\u1ebfn trung t\u00e2m khu v\u1ef1c \u0111\u1ec3 tham gia cu\u1ed9c h\u1eb9n v\u00e0 cu\u1ed9c h\u1ecdp do t\u00ecnh tr\u1ea1ng khuy\u1ebft t\u1eadt c\u1ee7a b\u1ea3n th\u00e2n th\u00ec sao?<\/a><\/li>\n<li id=\"menu-item-1017\" class=\"menu-item menu-item-type-post_type menu-item-object-page menu-item-1017\"><a href=\"https:\/\/rula.disabilityrightsca.org\/vi\/rula-book\/chapter-3-regional-centers\/how-do-i-apply-to-the-regional-center-for-services\/\">(3.7) L\u00e0m th\u1ebf n\u00e0o \u0111\u1ec3 \u0111\u0103ng k\u00fd nh\u1eadn c\u00e1c d\u1ecbch v\u1ee5 c\u1ee7a trung t\u00e2m khu v\u1ef1c?<\/a><\/li>\n<li id=\"menu-item-1028\" class=\"menu-item menu-item-type-post_type menu-item-object-page menu-item-1028\"><a href=\"https:\/\/rula.disabilityrightsca.org\/vi\/rula-book\/chapter-3-regional-centers\/how-should-i-prepare-for-the-initial-intake-meeting\/\">(3.8) T\u00f4i n\u00ean chu\u1ea9n b\u1ecb nh\u01b0 th\u1ebf n\u00e0o cho cu\u1ed9c h\u1ecdp ti\u1ebfp nh\u1eadn ban \u0111\u1ea7u?<\/a><\/li>\n<li id=\"menu-item-1029\" class=\"menu-item menu-item-type-post_type menu-item-object-page menu-item-1029\"><a href=\"https:\/\/rula.disabilityrightsca.org\/vi\/rula-book\/chapter-3-regional-centers\/what-happens-at-the-initial-intake-meeting\/\">(3.9) \u0110i\u1ec1u g\u00ec x\u1ea3y ra t\u1ea1i cu\u1ed9c h\u1ecdp ti\u1ebfp nh\u1eadn ban \u0111\u1ea7u?<\/a><\/li>\n<li id=\"menu-item-1030\" class=\"menu-item menu-item-type-post_type menu-item-object-page menu-item-1030\"><a href=\"https:\/\/rula.disabilityrightsca.org\/vi\/rula-book\/chapter-3-regional-centers\/how-does-the-eligibility-review-process-work\/\">(3.10) Quy tr\u00ecnh \u0111\u00e1nh gi\u00e1 kh\u1ea3 n\u0103ng h\u1ed9i \u0111\u1ee7 \u0111i\u1ec1u ki\u1ec7n ho\u1ea1t \u0111\u1ed9ng nh\u01b0 th\u1ebf n\u00e0o?<\/a><\/li>\n<li id=\"menu-item-1031\" class=\"menu-item menu-item-type-post_type menu-item-object-page menu-item-1031\"><a href=\"https:\/\/rula.disabilityrightsca.org\/vi\/rula-book\/chapter-3-regional-centers\/when-does-a-regional-center-have-to-do-more-evaluations-to-decide-if-i-am-eligible-for-services\/\">(3.11) Khi n\u00e0o trung t\u00e2m khu v\u1ef1c ph\u1ea3i th\u1ef1c hi\u1ec7n th\u00eam th\u1ea9m \u0111\u1ecbnh \u0111\u1ec3 x\u00e1c \u0111\u1ecbnh xem t\u00f4i c\u00f3 h\u1ed9i \u0111\u1ee7 \u0111i\u1ec1u ki\u1ec7n h\u01b0\u1edfng d\u1ecbch v\u1ee5 kh\u00f4ng?<\/a><\/li>\n<li id=\"menu-item-1032\" class=\"menu-item menu-item-type-post_type menu-item-object-page menu-item-1032\"><a href=\"https:\/\/rula.disabilityrightsca.org\/vi\/rula-book\/chapter-3-regional-centers\/how-do-i-find-out-if-the-regional-center-has-found-me-eligible-for-their-services\/\">(3.12) L\u00e0m th\u1ebf n\u00e0o \u0111\u1ec3 bi\u1ebft trung t\u00e2m khu v\u1ef1c \u0111\u00e3 x\u00e1c \u0111\u1ecbnh \u0111\u01b0\u1ee3c t\u00f4i h\u1ed9i \u0111\u1ee7 \u0111i\u1ec1u ki\u1ec7n nh\u1eadn c\u00e1c d\u1ecbch v\u1ee5 c\u1ee7a h\u1ecd?<\/a><\/li>\n<li id=\"menu-item-1053\" class=\"menu-item menu-item-type-post_type menu-item-object-page menu-item-1053\"><a href=\"https:\/\/rula.disabilityrightsca.org\/vi\/rula-book\/chapter-3-regional-centers\/what-if-the-regional-center-says-i-am-not-eligible-for-their-services-but-i-think-i-am\/\">(3.13) N\u1ebfu trung t\u00e2m khu v\u1ef1c cho bi\u1ebft t\u00f4i kh\u00f4ng h\u1ed9i \u0111\u1ee7 \u0111i\u1ec1u ki\u1ec7n nh\u1eadn d\u1ecbch v\u1ee5 c\u1ee7a h\u1ecd nh\u01b0ng t\u00f4i ngh\u0129 b\u1ea3n th\u00e2n h\u1ed9i \u0111\u1ee7 \u0111i\u1ec1u ki\u1ec7n th\u00ec sao?<\/a><\/li>\n<li id=\"menu-item-1054\" class=\"menu-item menu-item-type-post_type menu-item-object-page menu-item-1054\"><a href=\"https:\/\/rula.disabilityrightsca.org\/vi\/rula-book\/chapter-3-regional-centers\/can-i-apply-again-if-i-have-new-information-about-my-disability-that-the-regional-center-did-not-have-when-they-denied-me\/\">(3.14) T\u00f4i c\u00f3 th\u1ec3 \u0111\u0103ng k\u00fd l\u1ea1i n\u1ebfu c\u00f3 th\u00f4ng tin m\u1edbi v\u1ec1 t\u00ecnh tr\u1ea1ng khuy\u1ebft t\u1eadt c\u1ee7a m\u00ecnh m\u00e0 trung t\u00e2m khu v\u1ef1c kh\u00f4ng bi\u1ebft khi h\u1ecd t\u1eeb ch\u1ed1i t\u00f4i kh\u00f4ng?<\/a><\/li>\n<li id=\"menu-item-1055\" class=\"menu-item menu-item-type-post_type menu-item-object-page menu-item-1055\"><a href=\"https:\/\/rula.disabilityrightsca.org\/vi\/rula-book\/chapter-3-regional-centers\/if-i-am-found-eligible-for-regional-center-services-what-happens-next\/\">(3.15) \u0110i\u1ec1u g\u00ec s\u1ebd x\u1ea3y ra ti\u1ebfp theo n\u1ebfu t\u00f4i \u0111\u01b0\u1ee3c x\u00e1c \u0111\u1ecbnh l\u00e0 h\u1ed9i \u0111\u1ee7 \u0111i\u1ec1u ki\u1ec7n nh\u1eadn c\u00e1c d\u1ecbch v\u1ee5 c\u1ee7a trung t\u00e2m khu v\u1ef1c?<\/a><\/li>\n<li id=\"menu-item-1056\" class=\"menu-item menu-item-type-post_type menu-item-object-page menu-item-1056\"><a href=\"https:\/\/rula.disabilityrightsca.org\/vi\/rula-book\/chapter-3-regional-centers\/if-i-am-eligible-for-regional-center-services-will-i-always-be-eligible\/\">(3.16) N\u1ebfu t\u00f4i h\u1ed9i \u0111\u1ee7 \u0111i\u1ec1u ki\u1ec7n nh\u1eadn c\u00e1c d\u1ecbch v\u1ee5 c\u1ee7a trung t\u00e2m khu v\u1ef1c, t\u00f4i c\u00f3 lu\u00f4n h\u1ed9i \u0111\u1ee7 \u0111i\u1ec1u ki\u1ec7n kh\u00f4ng?<\/a><\/li>\n<li id=\"menu-item-1057\" class=\"menu-item menu-item-type-post_type menu-item-object-page menu-item-1057\"><a href=\"https:\/\/rula.disabilityrightsca.org\/vi\/rula-book\/chapter-3-regional-centers\/what-is-a-service-coordinator\/\">(3.17)  \u0110i\u1ec1u ph\u1ed1i vi\u00ean d\u1ecbch v\u1ee5 l\u00e0 g\u00ec?<\/a><\/li>\n<li id=\"menu-item-1058\" class=\"menu-item menu-item-type-post_type menu-item-object-page menu-item-1058\"><a href=\"https:\/\/rula.disabilityrightsca.org\/vi\/rula-book\/chapter-3-regional-centers\/can-i-change-my-service-coordinator-if-i-want-to\/\">(3.18) T\u00f4i c\u00f3 th\u1ec3 thay \u0111\u1ed5i \u0111i\u1ec1u ph\u1ed1i vi\u00ean d\u1ecbch v\u1ee5 n\u1ebfu mu\u1ed1n kh\u00f4ng?<\/a><\/li>\n<li id=\"menu-item-1059\" class=\"menu-item menu-item-type-post_type menu-item-object-page menu-item-1059\"><a href=\"https:\/\/rula.disabilityrightsca.org\/vi\/rula-book\/chapter-3-regional-centers\/what-if-i-move-to-a-different-part-of-the-state-away-from-my-regional-center\/\">(3.19) N\u1ebfu t\u00f4i chuy\u1ec3n \u0111\u1ebfn m\u1ed9t khu v\u1ef1c kh\u00e1c c\u1ee7a ti\u1ec3u bang, c\u00e1ch xa trung t\u00e2m khu v\u1ef1c c\u1ee7a t\u00f4i th\u00ec sao?<\/a><\/li>\n<li id=\"menu-item-1060\" class=\"menu-item menu-item-type-post_type menu-item-object-page menu-item-1060\"><a href=\"https:\/\/rula.disabilityrightsca.org\/vi\/rula-book\/chapter-3-regional-centers\/if-i-move-to-a-different-area-of-the-state-will-the-regional-centers-work-together-to-help-me-transition-to-the-new-regional-center\/\">(3.20) N\u1ebfu t\u00f4i chuy\u1ec3n \u0111\u1ebfn m\u1ed9t khu v\u1ef1c kh\u00e1c c\u1ee7a ti\u1ec3u bang, c\u00e1c trung t\u00e2m khu v\u1ef1c c\u00f3 ph\u1ed1i h\u1ee3p \u0111\u1ec3 tr\u1ee3 gi\u00fap t\u00f4i chuy\u1ec3n \u0111\u1ebfn trung t\u00e2m khu v\u1ef1c m\u1edbi kh\u00f4ng?<\/a><\/li>\n<li id=\"menu-item-1061\" class=\"menu-item menu-item-type-post_type menu-item-object-page menu-item-1061\"><a href=\"https:\/\/rula.disabilityrightsca.org\/vi\/rula-book\/chapter-3-regional-centers\/who-pays-for-services-during-the-transition-from-one-regional-center-to-another\/\">(3.21) Ai thanh to\u00e1n cho c\u00e1c d\u1ecbch v\u1ee5 trong qu\u00e1 tr\u00ecnh chuy\u1ec3n t\u1eeb m\u1ed9t trung t\u00e2m khu v\u1ef1c sang trung t\u00e2m khu v\u1ef1c kh\u00e1c?<\/a><\/li>\n<li id=\"menu-item-1062\" class=\"menu-item menu-item-type-post_type menu-item-object-page menu-item-1062\"><a href=\"https:\/\/rula.disabilityrightsca.org\/vi\/rula-book\/chapter-3-regional-centers\/how-are-disputes-with-regional-centers-about-moving-handled\/\">(3.22) Nh\u1eefng b\u1ea5t \u0111\u1ed3ng gi\u1eefa c\u00e1c trung t\u00e2m khu v\u1ef1c v\u1ec1 vi\u1ec7c chuy\u1ec3n \u0111i s\u1ebd \u0111\u01b0\u1ee3c x\u1eed l\u00fd nh\u01b0 th\u1ebf n\u00e0o?<\/a><\/li>\n<li id=\"menu-item-2065\" class=\"menu-item menu-item-type-post_type menu-item-object-page menu-item-2065\"><a href=\"https:\/\/rula.disabilityrightsca.org\/vi\/rula-book\/chapter-3-regional-centers\/3-23-what-is-the-self-determination-program\/\">(3.23) Ch\u01b0\u01a1ng Tr\u00ecnh T\u1ef1 X\u00e1c \u0110\u1ecbnh l\u00e0 g\u00ec?<\/a><\/li>\n<\/ul><\/div>\n","protected":false},"excerpt":{"rendered":"<p>In to\u00e0n b\u1ed9 ch\u01b0\u01a1ng Ch\u01b0\u01a1ng n\u00e0y gi\u1ea3i th\u00edch v\u1ec1 trung t\u00e2m khu v\u1ef1c v\u00e0 c\u00e1ch s\u1eed d\u1ee5ng trung t\u00e2m n\u00e0y.&nbsp;Qu\u00fd v\u1ecb s\u1ebd t\u00ecm hi\u1ec3u v\u1ec1&hellip;<\/p>\n","protected":false},"author":1,"featured_media":0,"parent":33,"menu_order":3,"comment_status":"closed","ping_status":"closed","template":"","meta":{"footnotes":""},"class_list":["post-312","page","type-page","status-publish","hentry"],"_links":{"self":[{"href":"https:\/\/rula.disabilityrightsca.org\/vi\/wp-json\/wp\/v2\/pages\/312","targetHints":{"allow":["GET"]}}],"collection":[{"href":"https:\/\/rula.disabilityrightsca.org\/vi\/wp-json\/wp\/v2\/pages"}],"about":[{"href":"https:\/\/rula.disabilityrightsca.org\/vi\/wp-json\/wp\/v2\/types\/page"}],"author":[{"embeddable":true,"href":"https:\/\/rula.disabilityrightsca.org\/vi\/wp-json\/wp\/v2\/users\/1"}],"replies":[{"embeddable":true,"href":"https:\/\/rula.disabilityrightsca.org\/vi\/wp-json\/wp\/v2\/comments?post=312"}],"version-history":[{"count":14,"href":"https:\/\/rula.disabilityrightsca.org\/vi\/wp-json\/wp\/v2\/pages\/312\/revisions"}],"predecessor-version":[{"id":3415,"href":"https:\/\/rula.disabilityrightsca.org\/vi\/wp-json\/wp\/v2\/pages\/312\/revisions\/3415"}],"up":[{"embeddable":true,"href":"https:\/\/rula.disabilityrightsca.org\/vi\/wp-json\/wp\/v2\/pages\/33"}],"wp:attachment":[{"href":"https:\/\/rula.disabilityrightsca.org\/vi\/wp-json\/wp\/v2\/media?parent=312"}],"curies":[{"name":"wp","href":"https:\/\/api.w.org\/{rel}","templated":true}]}}