{"id":2350,"date":"2021-09-30T20:49:05","date_gmt":"2021-09-30T20:49:05","guid":{"rendered":"http:\/\/www.rula.disabilityrightsca.org\/vi\/?page_id=2350"},"modified":"2023-11-30T20:27:23","modified_gmt":"2023-11-30T20:27:23","slug":"11-25-what-services-does-the-dd-waiver-cover","status":"publish","type":"page","link":"https:\/\/rula.disabilityrightsca.org\/vi\/rula-book\/chapter-11-the-medi-cal-developmental-disability-waiver\/11-25-what-services-does-the-dd-waiver-cover\/","title":{"rendered":"(11.25) Mi\u1ec5n Tr\u1eeb DD bao tr\u1ea3 cho nh\u1eefng d\u1ecbch v\u1ee5 n\u00e0o?"},"content":{"rendered":"\n<p>Mi\u1ec5n Tr\u1eeb DD bao tr\u1ea3 cho nhi\u1ec1u d\u1ecbch v\u1ee5, bao g\u1ed3m: <span class=\"footnote_referrer\"><a role=\"button\" tabindex=\"0\" onclick=\"footnote_moveToReference_2350_1('footnote_plugin_reference_2350_1_1');\" onkeypress=\"footnote_moveToReference_2350_1('footnote_plugin_reference_2350_1_1');\" ><sup id=\"footnote_plugin_tooltip_2350_1_1\" class=\"footnote_plugin_tooltip_text\">[1]<\/sup><\/a><span id=\"footnote_plugin_tooltip_text_2350_1_1\" class=\"footnote_tooltip\">Mi\u1ec5n Tr\u1eeb DD, Ng\u00e0y 1 th\u00e1ng 1 n\u0103m 2018, Ph\u1ee5 L\u1ee5c C, c\u00e1c trang 60-206. L\u01b0u \u00fd r\u1eb1ng m\u1ed9t s\u1ed1 d\u1ecbch v\u1ee5 mi\u1ec5n tr\u1eeb ch\u1ec9 d\u00e0nh cho ng\u01b0\u1eddi nh\u1eadn t\u1eeb 21 tu\u1ed5i tr\u1edf l\u00ean. \u0110\u00f3 l\u00e0&nbsp;&#x2026; <span class=\"footnote_tooltip_continue\"  onclick=\"footnote_moveToReference_2350_1('footnote_plugin_reference_2350_1_1');\">Continue reading<\/span><\/span><\/span><script type=\"text\/javascript\"> jQuery('#footnote_plugin_tooltip_2350_1_1').tooltip({ tip: '#footnote_plugin_tooltip_text_2350_1_1', tipClass: 'footnote_tooltip', effect: 'fade', predelay: 0, fadeInSpeed: 200, delay: 400, fadeOutSpeed: 200, position: 'top center', relative: true, offset: [-7, 0], });<\/script><\/p>\n\n\n\n<ol class=\"wp-block-list\">\n<li><strong>Qu\u1ea3n L\u00fd Tr\u01b0\u1eddng H\u1ee3p:&nbsp;<\/strong>D\u1ecbch v\u1ee5 qu\u1ea3n l\u00fd tr\u01b0\u1eddng h\u1ee3p \u0111\u01b0\u1ee3c cung c\u1ea5p th\u00f4ng qua ph\u00fac l\u1ee3i Qu\u1ea3n L\u00fd Tr\u01b0\u1eddng H\u1ee3p M\u1ee5c Ti\u00eau c\u00f3 trong Ch\u01b0\u01a1ng Tr\u00ecnh Ti\u1ec3u Bang Medicaid c\u1ee7a California. <span class=\"footnote_referrer\"><a role=\"button\" tabindex=\"0\" onclick=\"footnote_moveToReference_2350_1('footnote_plugin_reference_2350_1_2');\" onkeypress=\"footnote_moveToReference_2350_1('footnote_plugin_reference_2350_1_2');\" ><sup id=\"footnote_plugin_tooltip_2350_1_2\" class=\"footnote_plugin_tooltip_text\">[2]<\/sup><\/a><span id=\"footnote_plugin_tooltip_text_2350_1_2\" class=\"footnote_tooltip\">Mi\u1ec5n Tr\u1eeb DD, Ng\u00e0y 1 th\u00e1ng 1 n\u0103m 2018, M\u1ee5c C-1, trang 196.<\/span><\/span><script type=\"text\/javascript\"> jQuery('#footnote_plugin_tooltip_2350_1_2').tooltip({ tip: '#footnote_plugin_tooltip_text_2350_1_2', tipClass: 'footnote_tooltip', effect: 'fade', predelay: 0, fadeInSpeed: 200, delay: 400, fadeOutSpeed: 200, position: 'top center', relative: true, offset: [-7, 0], });<\/script><\/li>\n\n\n\n<li><strong>Gi\u00fap Vi\u1ec7c Gia \u0110\u00ecnh:&nbsp;<\/strong>Chu\u1ea9n b\u1ecb b\u1eefa \u0103n v\u00e0 ch\u0103m s\u00f3c cho gia \u0111\u00ecnh \u0111\u1ecbnh k\u1ef3, khi ng\u01b0\u1eddi&nbsp;<em>th\u01b0\u1eddng<\/em>&nbsp;ch\u1ecbu tr\u00e1ch nhi\u1ec7m t\u1ea1m th\u1eddi v\u1eafng m\u1eb7t ho\u1eb7c kh\u00f4ng th\u1ec3 qu\u1ea3n l\u00fd nh\u00e0 c\u1eeda v\u00e0 ch\u0103m s\u00f3c cho b\u1ea3n th\u00e2n ho\u1eb7c ng\u01b0\u1eddi kh\u00e1c trong nh\u00e0.<\/li>\n\n\n\n<li><strong>D\u1ecbch V\u1ee5 H\u1ed7 Tr\u1ee3 S\u1ee9c Kho\u1ebb T\u1ea1i Nh\u00e0:&nbsp;<\/strong>Th\u00f4ng qua c\u01a1 quan d\u1ecbch v\u1ee5 s\u1ee9c kh\u1ecfe t\u1ea1i nh\u00e0.<\/li>\n\n\n\n<li><strong>Ch\u0103m S\u00f3c T\u1ea1m Th\u1eddi:&nbsp;<\/strong>Ch\u0103m s\u00f3c phi y t\u1ebf v\u00e0 gi\u00e1m s\u00e1t t\u1ea1m th\u1eddi \u0111\u01b0\u1ee3c cung c\u1ea5p trong v\u00e0 ngo\u00e0i nh\u00e0. Ch\u0103m s\u00f3c nhu c\u1ea7u c\u01a1 b\u1ea3n h\u00e0ng ng\u00e0y c\u1ee7a kh\u00e1ch h\u00e0ng khi gia \u0111\u00ecnh c\u1ee7a h\u1ecd \u0111i v\u1eafng trong th\u1eddi gian ng\u1eafn ho\u1eb7c \u0111\u1ec3 gi\u1ea3m b\u1edbt y\u00eau c\u1ea7u ch\u0103m s\u00f3c li\u00ean t\u1ee5c \u0111\u1ed1i v\u1edbi th\u00e0nh vi\u00ean gia \u0111\u00ecnh.<\/li>\n\n\n\n<li><strong>H\u1ed7 Tr\u1ee3 Ph\u00e1t Tri\u1ec3n:&nbsp;<\/strong>C\u00e1c d\u1ecbch v\u1ee5 tr\u1ee3 gi\u00fap m\u1ecdi ng\u01b0\u1eddi ti\u1ebfp thu, duy tr\u00ec v\u00e0 n\u00e2ng cao c\u00e1c k\u1ef9 n\u0103ng t\u1ef1 l\u1eadp, giao l\u01b0u x\u00e3 h\u1ed9i v\u00e0 th\u00edch \u1ee9ng c\u1ea7n thi\u1ebft \u0111\u1ec3 s\u1ed1ng trong m\u00f4i tr\u01b0\u1eddng t\u1ea1i nh\u00e0 v\u00e0 c\u1ed9ng \u0111\u1ed3ng. C\u00e1c D\u1ecbch V\u1ee5 H\u1ed7 Tr\u1ee3 Ph\u00e1t Tri\u1ec3n Bao G\u1ed3m:\n<ul class=\"wp-block-list\">\n<li><strong>D\u1ecbch V\u1ee5 Can Thi\u1ec7p H\u00e0nh Vi<\/strong>: Bao g\u1ed3m c\u00e1c ch\u01b0\u01a1ng tr\u00ecnh can thi\u1ec7p h\u00e0nh vi chuy\u00ean s\u00e2u, theo d\u00f5i h\u00e0nh vi v\u00e0 ph\u00e2n t\u00edch. \u0110\u01b0\u1ee3c cung c\u1ea5p trong nhi\u1ec1u m\u00f4i tr\u01b0\u1eddng nh\u01b0 nh\u00e0 ho\u1eb7c n\u01a1i l\u00e0m vi\u1ec7c c\u1ee7a kh\u00e1ch h\u00e0ng. Ngo\u00e0i ra c\u00f2n c\u00f3&nbsp;<strong>H\u1ed7 Tr\u1ee3 Cho Tr\u01b0\u1eddng H\u1ee3p Kh\u1ee7ng Ho\u1ea3ng<\/strong>.<\/li>\n\n\n\n<li><strong><strong>D\u1ecbch V\u1ee5 S\u1eafp X\u1ebfp \u0110\u1eddi S\u1ed1ng T\u1ea1i C\u1ed9ng \u0110\u1ed3ng<\/strong>:<\/strong>\n<ul class=\"wp-block-list\">\n<li><strong>M\u00f4i Tr\u01b0\u1eddng C\u00f3 Gi\u1ea5y Ph\u00e9p ho\u1eb7c \u0110\u01b0\u1ee3c Ch\u1ee9ng Nh\u1eadn<\/strong>, nh\u01b0 nh\u00e0 t\u1eadp th\u1ec3, bao g\u1ed3m&nbsp;<strong>Nh\u00e0 H\u1ed7 Tr\u1ee3 H\u00e0nh Vi T\u0103ng C\u01b0\u1eddng<\/strong><\/li>\n\n\n\n<li><strong>D\u1ecbch V\u1ee5 H\u1ed7 Tr\u1ee3 \u0110\u1eddi S\u1ed1ng<\/strong>, l\u00e0 c\u00e1c d\u1ecbch v\u1ee5 h\u1ed7 tr\u1ee3 x\u00e3 h\u1ed9i, k\u1ef9 n\u0103ng th\u00edch \u1ee9ng, t\u00e0i ch\u00ednh v\u00e0 c\u00e1c h\u1ed7 tr\u1ee3 kh\u00e1c cho kh\u00e1ch h\u00e0ng s\u1ed1ng \u1edf c\u0103n nh\u00e0 m\u00e0 h\u1ecd s\u1edf h\u1eefu ho\u1eb7c thu\u00ea v\u00e0 kh\u00f4ng \u0111\u01b0\u1ee3c c\u1ea5p ph\u00e9p.<\/li>\n<\/ul>\n<\/li>\n\n\n\n<li><strong><strong>D\u1ecbch V\u1ee5 Ban Ng\u00e0y<\/strong><\/strong>\n<ul class=\"wp-block-list\">\n<li><strong>D\u1ecbch V\u1ee5 Ban Ng\u00e0y T\u1ea1i C\u1ed9ng \u0110\u1ed3ng<\/strong>: H\u1ed7 tr\u1ee3 ph\u00e1t tri\u1ec3n trong 4 gi\u1edd tr\u1edf l\u00ean\/ng\u00e0y, 1 ng\u00e0y tr\u1edf l\u00ean\/tu\u1ea7n, trong m\u00f4i tr\u01b0\u1eddng kh\u00f4ng ph\u1ea3i n\u1ed9i tr\u00fa.<\/li>\n\n\n\n<li><strong>D\u1ecbch V\u1ee5 Ban Ng\u00e0y D\u1ef1a Tr\u00ean Ho\u1ea1t \u0110\u1ed9ng\/Tr\u1ecb Li\u1ec7u<\/strong>: H\u1ed7 tr\u1ee3 ph\u00e1t tri\u1ec3n th\u00f4ng qua c\u00e1c ho\u1ea1t \u0111\u1ed9ng th\u1ec3 ch\u1ea5t v\u00e0 tr\u1ecb li\u1ec7u \u0111\u01b0\u1ee3c thi\u1ebft k\u1ebf \u0111\u1ec3 tr\u1ee3 gi\u00fap v\u1ec1 h\u00e0nh vi c\u00f3 v\u1ea5n \u0111\u1ec1, b\u00e0y t\u1ecf nhu c\u1ea7u v\u00e0 c\u1ea3m x\u00fac, t\u0103ng c\u01b0\u1eddng ph\u00e1t tri\u1ec3n v\u1eadn \u0111\u1ed9ng v\u00e0 giao ti\u1ebfp, t\u0103ng giao l\u01b0u x\u00e3 h\u1ed9i v\u00e0 nh\u1eadn th\u1ee9c c\u1ed9ng \u0111\u1ed3ng c\u0169ng nh\u01b0 cung c\u1ea5p kinh nghi\u1ec7m.<\/li>\n\n\n\n<li><strong><strong>D\u1ecbch V\u1ee5 Ban Ng\u00e0y Li\u00ean Quan \u0110\u1ebfn Vi\u1ec7c Di Chuy\u1ec3n<\/strong>: D\u1ea1y c\u00e1ch s\u1eed d\u1ee5ng ph\u01b0\u01a1ng ti\u1ec7n giao th\u00f4ng c\u00f4ng c\u1ed9ng ho\u1eb7c ph\u01b0\u01a1ng ti\u1ec7n \u0111i l\u1ea1i kh\u00e1c.<\/strong><\/li>\n<\/ul>\n<\/li>\n<\/ul>\n<\/li>\n\n\n\n<li><strong><strong>D\u1ecbch V\u1ee5 Ti\u1ec1n H\u01b0\u1edbng Nghi\u1ec7p<\/strong>: Ph\u00e1t tri\u1ec3n v\u00e0 gi\u1ea3ng d\u1ea1y c\u00e1c k\u1ef9 n\u0103ng chung gi\u00fap l\u00e0m vi\u1ec7c c\u1ea1nh tranh v\u00e0 h\u00f2a nh\u1eadp.<\/strong><\/li>\n\n\n\n<li><strong>D\u1ecbch V\u1ee5 Vi\u1ec7c L\u00e0m \u0110\u01b0\u1ee3c H\u1ed7 Tr\u1ee3<\/strong>: Vi\u1ec7c l\u00e0m c\u00f3 tr\u1ea3 l\u01b0\u01a1ng h\u00f2a nh\u1eadp trong c\u1ed9ng \u0111\u1ed3ng. Bao g\u1ed3m h\u01b0\u1edbng d\u1eabn c\u00f4ng vi\u1ec7c 1:1 v\u00e0 c\u00e1c d\u1ecbch v\u1ee5 vi\u1ec7c l\u00e0m \u0111\u01b0\u1ee3c h\u1ed7 tr\u1ee3 kh\u00e1c, s\u1ebd gi\u1ea3m cho \u0111\u1ebfn khi kh\u00f4ng c\u00f2n c\u1ea7n thi\u1ebft, \u0111\u01b0\u1ee3c cung c\u1ea5p t\u1ea1i n\u01a1i l\u00e0m vi\u1ec7c ho\u1eb7c \u1edf n\u01a1i kh\u00e1c.<\/li>\n\n\n\n<li><strong>D\u1ecbch V\u1ee5 Nha Khoa<\/strong>: T\u1eeb c\u00e1c nha s\u0129 v\u00e0 nh\u00e2n vi\u00ean v\u1ec7 sinh nha khoa \u0111\u01b0\u1ee3c c\u1ea5p ph\u00e9p.<\/li>\n\n\n\n<li><strong><strong>Li\u1ec7u Ph\u00e1p Ngh\u1ec1 Nghi\u1ec7p<\/strong><\/strong><\/li>\n\n\n\n<li><strong><strong>V\u1eadt L\u00fd Tr\u1ecb Li\u1ec7u<\/strong><\/strong><\/li>\n\n\n\n<li><strong><strong>D\u1ecbch V\u1ee5 Nh\u00e3n Khoa\/Chuy\u00ean Gia Nh\u00e3n Khoa<\/strong><\/strong><\/li>\n\n\n\n<li><strong><strong>M\u1eaft k\u00ednh v\u00e0 g\u1ecdng k\u00ednh theo toa<\/strong><\/strong><\/li>\n\n\n\n<li><strong>D\u1ecbch V\u1ee5 T\u00e2m L\u00fd<\/strong>: \u0110\u00e1nh gi\u00e1, \u0111i\u1ec1u tr\u1ecb, ph\u00f2ng ng\u1eeba v\u00e0 c\u1ea3i thi\u1ec7n c\u00e1c r\u1ed1i lo\u1ea1n c\u1ea3m x\u00fac v\u00e0 s\u1ee9c kh\u1ecfe t\u00e2m th\u1ea7n.<\/li>\n\n\n\n<li><strong>D\u1ecbch V\u1ee5 L\u1eddi N\u00f3i, Th\u00ednh L\u1ef1c v\u00e0 Ng\u00f4n Ng\u1eef<\/strong>: B\u1ec7nh h\u1ecdc l\u1eddi n\u00f3i, d\u1ecbch v\u1ee5 th\u00ednh gi\u00e1c v\u00e0 m\u00e1y tr\u1ee3 th\u00ednh.<\/li>\n\n\n\n<li><strong>D\u1ecbch V\u1ee5 Qu\u1ea3n L\u00fd T\u00e0i Ch\u00ednh (Financial Management Services, FMS)<\/strong>: Thanh to\u00e1n cho h\u00e0ng h\u00f3a v\u00e0 d\u1ecbch v\u1ee5 ho\u1eb7c x\u1eed l\u00fd ti\u1ec1n l\u01b0\u01a1ng cho nh\u00e2n vi\u00ean c\u1ee7a kh\u00e1ch h\u00e0ng ng\u01b0\u1eddi l\u1edbn ho\u1eb7c c\u1ee7a gia \u0111\u00ecnh h\u1ecd, \u0111\u01b0\u1ee3c bao g\u1ed3m trong IPP. FMS ch\u1ec9 \u00e1p d\u1ee5ng cho nh\u1eefng d\u1ecbch v\u1ee5 t\u1ef1 ch\u1ee7 sau \u0111\u00e2y: ch\u0103m s\u00f3c t\u1ea1m th\u1eddi, \u0111i l\u1ea1i, d\u1ecbch v\u1ee5 \u0111\u00e0o t\u1ea1o t\u1ea1i c\u1ed9ng \u0111\u1ed3ng v\u00e0 \u0111i\u1ec1u d\u01b0\u1ee1ng chuy\u00ean m\u00f4n.<\/li>\n\n\n\n<li><strong>D\u1ecbch V\u1ee5 Gi\u00fap Vi\u1ec7c:&nbsp;<\/strong>C\u00e1c d\u1ecbch v\u1ee5 c\u1ea7n thi\u1ebft \u0111\u1ec3 duy tr\u00ec nh\u00e0 c\u1eeda lu\u00f4n s\u1ea1ch s\u1ebd, v\u1ec7 sinh v\u00e0 an to\u00e0n. Bao g\u1ed3m c\u00e1c vi\u1ec7c n\u1eb7ng trong gia \u0111\u00ecnh v\u00e0 s\u1eeda ch\u1eefa \u0111\u01a1n gi\u1ea3n nh\u01b0 nh\u1eefng vi\u1ec7c c\u00f3 th\u1ec3 \u0111\u01b0\u1ee3c ng\u01b0\u1eddi th\u00e1o v\u00e1t th\u1ef1c hi\u1ec7n.<\/li>\n\n\n\n<li><strong>Tr\u1ee3 Gi\u00fap Giao Ti\u1ebfp<\/strong>: C\u00e1c d\u1ecbch v\u1ee5 nh\u00e2n sinh c\u1ea7n thi\u1ebft \u0111\u1ec3 gi\u00fap ng\u01b0\u1eddi khi\u1ebfm th\u00ednh, b\u1ecb khi\u1ebfm khuy\u1ebft l\u1eddi n\u00f3i ho\u1eb7c khi\u1ebfm th\u1ecb giao ti\u1ebfp hi\u1ec7u qu\u1ea3 v\u1edbi c\u00e1c nh\u00e0 cung c\u1ea5p d\u1ecbch v\u1ee5, gia \u0111\u00ecnh, b\u1ea1n b\u00e8, \u0111\u1ed3ng nghi\u1ec7p v\u00e0 c\u00f4ng ch\u00fang. Bao g\u1ed3m ng\u01b0\u1eddi h\u1ed7 tr\u1ee3, th\u00f4ng d\u1ecbch vi\u00ean v\u00e0 bi\u00ean d\u1ecbch vi\u00ean, t\u00f9y thu\u1ed9c v\u00e0o IPP.<\/li>\n\n\n\n<li><strong>D\u1ecbch V\u1ee5 \u0110\u00e0o T\u1ea1o T\u1ea1i C\u1ed9ng \u0110\u1ed3ng<\/strong>: D\u1ecbch v\u1ee5 do ng\u01b0\u1eddi tham gia ch\u1ec9 d\u1eabn, cho ph\u00e9p ng\u01b0\u1eddi nh\u1eadn t\u00f9y ch\u1ec9nh c\u00e1c d\u1ecbch v\u1ee5 ban ng\u00e0y \u0111\u1ec3 \u0111\u00e1p \u1ee9ng nhu c\u1ea7u c\u1ee7a h\u1ecd. V\u00ec \u0111\u01b0\u1ee3c x\u00e1c \u0111\u1ecbnh b\u1edfi quy tr\u00ecnh IPP t\u1eadp trung v\u00e0o con ng\u01b0\u1eddi, d\u1ecbch v\u1ee5 n\u00e0y c\u00f3 th\u1ec3 bao g\u1ed3m tr\u1ee3 gi\u00fap \u0111\u1ec3:<ul><li>Ph\u00e1t tri\u1ec3n ho\u1eb7c duy tr\u00ec vi\u1ec7c l\u00e0m v\u00e0 c\u00e1c ho\u1ea1t \u0111\u1ed9ng t\u00ecnh nguy\u1ec7n,<\/li><\/ul>\n<ul class=\"wp-block-list\">\n<li>Theo h\u1ecdc ch\u01b0\u01a1ng tr\u00ecnh gi\u00e1o d\u1ee5c sau trung h\u1ecdc, v\u00e0<\/li>\n\n\n\n<li>T\u0103ng c\u01b0\u1eddng c\u00e1c kh\u1ea3 n\u0103ng \u0111\u1ec3 s\u1ed1ng cu\u1ed9c s\u1ed1ng h\u00f2a nh\u1eadp v\u00e0 to\u00e0n di\u1ec7n.<\/li>\n<\/ul>\n<\/li>\n\n\n\n<li><strong>\u0110i\u1ec1u Ch\u1ec9nh Kh\u1ea3 N\u0103ng Th\u00edch Nghi V\u1edbi M\u00f4i Tr\u01b0\u1eddng:&nbsp;<\/strong>\u0110i\u1ec1u ch\u1ec9nh v\u1ec1 c\u01a1 s\u1edf v\u1eadt ch\u1ea5t trong nh\u00e0. V\u00ed d\u1ee5: \u0110\u01b0\u1eddng d\u1ed1c, thanh v\u1ecbn, m\u1edf r\u1ed9ng ng\u01b0\u1ee1ng c\u1eeda, \u0111i\u1ec1u ch\u1ec9nh ph\u00f2ng t\u1eafm v\u00e0 l\u1eafp \u0111\u1eb7t c\u00e1c h\u1ec7 th\u1ed1ng \u0111i\u1ec7n v\u00e0 \u0111\u01b0\u1eddng \u1ed1ng c\u1ea7n thi\u1ebft cho thi\u1ebft b\u1ecb v\u00e0 v\u1eadt t\u01b0 y t\u1ebf. Nh\u1eefng \u0111i\u1ec1u ch\u1ec9nh t\u0103ng t\u1ed5ng di\u1ec7n t\u00edch ng\u00f4i nh\u00e0 kh\u00f4ng \u0111\u01b0\u1ee3c bao g\u1ed3m trong ph\u00fac l\u1ee3i n\u00e0y. Nh\u1eefng \u0111i\u1ec1u ch\u1ec9nh c\u00f3 th\u1ec3 \u0111\u01b0\u1ee3c cung c\u1ea5p t\u1ed1i \u0111a 180 ng\u00e0y tr\u01b0\u1edbc khi ra kh\u1ecfi c\u01a1 s\u1edf.<\/li>\n\n\n\n<li><strong>D\u1ecbch V\u1ee5 H\u1ed7 Tr\u1ee3 Gia \u0110\u00ecnh<\/strong>: \u0110\u1ecbnh k\u1ef3 ch\u0103m s\u00f3c v\u00e0 gi\u00e1m s\u00e1t tr\u1ebb em, trong kho\u1ea3ng th\u1eddi gian d\u01b0\u1edbi 24 gi\u1edd\/ng\u00e0y, trong khi cha m\u1eb9\/ng\u01b0\u1eddi ch\u0103m s\u00f3c ch\u00ednh kh\u00f4ng \u0111\u01b0\u1ee3c tr\u1ea3 l\u01b0\u01a1ng v\u1eafng nh\u00e0. \u0110\u01b0\u1ee3c cung c\u1ea5p t\u1ea1i ho\u1eb7c ngo\u00e0i nh\u00e0.&nbsp;<\/li>\n\n\n\n<li><strong>\u0110\u00e0o T\u1ea1o Gia \u0110\u00ecnh\/Kh\u00e1ch H\u00e0ng<\/strong>: \u0110\u00e0o t\u1ea1o t\u1eeb c\u00e1c nh\u00e0 cung c\u1ea5p \u0111\u01b0\u1ee3c c\u1ea5p ph\u00e9p \u0111\u1ec3 \u0111\u1ea1t k\u1ebft qu\u1ea3 \u0111i\u1ec1u tr\u1ecb t\u1ed1t h\u01a1n. Bao g\u1ed3m h\u1ed7 tr\u1ee3 ho\u1eb7c t\u01b0 v\u1ea5n cho kh\u00e1ch h\u00e0ng v\u00e0 gia \u0111\u00ecnh \u0111\u1ec3 \u0111\u1ea3m b\u1ea3o h\u1ecd hi\u1ec3u c\u00e1c d\u1ecbch v\u1ee5 \u0111i\u1ec1u tr\u1ecb \u0111\u01b0\u1ee3c cung c\u1ea5p v\u00e0 nh\u1eefng h\u1ed7 tr\u1ee3 c\u1ea7n thi\u1ebft t\u1ea1i nh\u00e0 nh\u1eb1m n\u00e2ng cao d\u1ecbch v\u1ee5 \u0111i\u1ec1u tr\u1ecb.<\/li>\n\n\n\n<li><strong>D\u1ecbch V\u1ee5 S\u1eed D\u1ee5ng Gia C\u01b0<\/strong>: Bao g\u1ed3m hai ph\u1ea7n:\n<ul class=\"wp-block-list\">\n<li><strong>D\u1ecbch V\u1ee5 Chuy\u1ec3n Ti\u1ebfp Nh\u00e0 \u1ede C\u00e1 Nh\u00e2n<\/strong>&nbsp;&#8211; Bao g\u1ed3m t\u00ecm nh\u00e0 \u1edf kh\u00e1ch h\u00e0ng mu\u1ed1n, ph\u00e1t tri\u1ec3n k\u1ebf ho\u1ea1ch, t\u00ecm ki\u1ebfm v\u00e0 \u0111\u0103ng k\u00fd nh\u00e0 \u1edf, x\u00e1c \u0111\u1ecbnh c\u00e1ch thanh to\u00e1n cho chi ph\u00ed chuy\u1ec3n nh\u00e0, h\u01b0\u1edbng d\u1eabn c\u00e1ch th\u1ecfa thu\u1eadn v\u1edbi ch\u1ee7 nh\u00e0 v\u00e0 l\u1eadp k\u1ebf ho\u1ea1ch cho tr\u01b0\u1eddng h\u1ee3p\/khi c\u00f3 nguy c\u01a1 m\u1ea5t nh\u00e0 \u1edf.<\/li>\n\n\n\n<li><strong>D\u1ecbch V\u1ee5 Nh\u00e0 \u1ede C\u00e1 Nh\u00e2n &amp; Duy Tr\u00ec Thu\u00ea Nh\u00e0<\/strong>&nbsp;&#8211; C\u00e1c d\u1ecbch v\u1ee5 gi\u00fap duy tr\u00ec nh\u00e0 \u1edf sau khi \u0111\u00e3 t\u00ecm \u0111\u01b0\u1ee3c. D\u1ea1y c\u00e1ch ph\u00f2ng ng\u1eeba v\u1ea5n \u0111\u1ec1, tr\u00e1ch nhi\u1ec7m, gi\u1ea3i quy\u1ebft tranh ch\u1ea5p v\u00e0 qu\u1ea3n l\u00fd sinh ho\u1ea1t gia \u0111\u00ecnh.<\/li>\n<\/ul>\n<\/li>\n\n\n\n<li><strong>V\u1eadn Chuy\u1ec3n Phi Y T\u1ebf:&nbsp;<\/strong>D\u1ecbch v\u1ee5 \u0111\u01b0\u1ee3c cung c\u1ea5p \u0111\u1ec3 gi\u00fap m\u1ecdi ng\u01b0\u1eddi c\u00f3 th\u1ec3 ti\u1ebfp c\u1eadn ch\u01b0\u01a1ng tr\u00ecnh mi\u1ec5n tr\u1eeb v\u00e0 c\u00e1c d\u1ecbch v\u1ee5, ho\u1ea1t \u0111\u1ed9ng v\u00e0 ngu\u1ed3n l\u1ef1c kh\u00e1c trong c\u1ed9ng \u0111\u1ed3ng, \u0111\u01b0\u1ee3c n\u00eau trong IPP. D\u1ecbch v\u1ee5 \u0111\u01b0a \u0111\u00f3n ri\u00eang, chuy\u00ean d\u1ee5ng s\u1ebd \u0111\u01b0\u1ee3c cung c\u1ea5p cho nh\u1eefng ng\u01b0\u1eddi kh\u00f4ng th\u1ec3 ti\u1ebfp c\u1eadn v\u00e0 s\u1eed d\u1ee5ng an to\u00e0n ph\u01b0\u01a1ng ti\u1ec7n giao th\u00f4ng c\u00f4ng c\u1ed9ng. M\u1ecdi ng\u01b0\u1eddi c\u0169ng c\u00f3 th\u1ec3 nh\u1eadn d\u1ecbch v\u1ee5 v\u1eadn chuy\u1ec3n y t\u1ebf theo lu\u1eadt li\u00ean bang v\u00e0 Ch\u01b0\u01a1ng Tr\u00ecnh Ti\u1ec3u Bang.<\/li>\n\n\n\n<li><strong>T\u01b0 V\u1ea5n Dinh D\u01b0\u1ee1ng<\/strong>: L\u1eadp k\u1ebf ho\u1ea1ch \u0111\u1ec3 \u0111\u00e1p \u1ee9ng nhu c\u1ea7u dinh d\u01b0\u1ee1ng v\u00e0 ch\u1ebf \u0111\u1ed9 \u0103n u\u1ed1ng \u0111\u1eb7c bi\u1ec7t.<\/li>\n\n\n\n<li><strong>C\u00e1c H\u1ec7 Th\u1ed1ng Ph\u1ea3n \u1ee8ng Kh\u1ea9n C\u1ea5p C\u00e1 Nh\u00e2n (Personal Emergency Response Systems, PERS):&nbsp;<\/strong>V\u00ed d\u1ee5: m\u00e1y nh\u1eafn tin, v\u00f2ng tay c\u1ea3nh b\u00e1o y t\u1ebf, d\u00e2y c\u1ee9u sinh v\u00e0 b\u00ecnh c\u1ee9u h\u1ecfa.<\/li>\n\n\n\n<li><strong>\u0110i\u1ec1u D\u01b0\u1ee1ng Chuy\u00ean M\u00f4n<\/strong>: C\u00e1c d\u1ecbch v\u1ee5 t\u1eeb y t\u00e1 \u0111\u01b0\u1ee3c c\u1ea5p ph\u00e9p.<\/li>\n\n\n\n<li><strong>Thi\u1ebft B\u1ecb v\u00e0 V\u1eadt T\u01b0 Y T\u1ebf Chuy\u00ean Khoa:&nbsp;<\/strong>C\u00e1c thi\u1ebft b\u1ecb, d\u1ee5ng c\u1ee5 ki\u1ec3m so\u00e1t ho\u1eb7c \u0111\u1ed3 d\u00f9ng gi\u00fap m\u1ecdi ng\u01b0\u1eddi t\u0103ng kh\u1ea3 n\u0103ng th\u1ef1c hi\u1ec7n c\u00e1c ho\u1ea1t \u0111\u1ed9ng sinh ho\u1ea1t h\u00e0ng ng\u00e0y ho\u1eb7c \u0111\u1ec3 nh\u1eadn th\u1ee9c, \u0111i\u1ec1u khi\u1ec3n hay giao ti\u1ebfp v\u1edbi m\u00f4i tr\u01b0\u1eddng. C\u00f2n bao g\u1ed3m c\u00e1c v\u1eadt d\u1ee5ng c\u1ea7n thi\u1ebft \u0111\u1ec3 h\u1ed7 tr\u1ee3 s\u1ef1 s\u1ed1ng ho\u1eb7c gi\u1ea3i quy\u1ebft t\u00ecnh tr\u1ea1ng th\u1ec3 ch\u1ea5t c\u00f9ng v\u1edbi thi\u1ebft b\u1ecb c\u1ea7n thi\u1ebft \u0111\u1ec3 s\u1eed d\u1ee5ng \u0111\u00fang c\u00e1ch nh\u1eefng v\u1eadt d\u1ee5ng \u0111\u00f3, thi\u1ebft b\u1ecb y t\u1ebf l\u00e2u b\u1ec1n v\u00e0 kh\u00f4ng b\u1ec1n kh\u00e1c c\u00f9ng v\u1eadt t\u01b0 y t\u1ebf thi\u1ebft y\u1ebfu.<\/li>\n\n\n\n<li><strong>C\u00e1c Chi Ph\u00ed Chuy\u1ec3n Ti\u1ebfp\/Thi\u1ebft L\u1eadp<\/strong>: C\u00e1c chi ph\u00ed thi\u1ebft l\u1eadp m\u1ed9t l\u1ea7n, kh\u00f4ng \u0111\u1ecbnh k\u1ef3 cho nhu c\u1ea7u s\u1ee9c kh\u1ecfe v\u00e0 an to\u00e0n khi chuy\u1ec3n ti\u1ebfp t\u1eeb c\u01a1 s\u1edf v\u1ec1 nh\u00e0 ri\u00eang c\u1ee7a qu\u00fd v\u1ecb. Bao g\u1ed3m ti\u1ec1n \u0111\u1eb7t c\u1ecdc, chi ph\u00ed chuy\u1ec3n nh\u00e0, kho\u1ea3n thanh to\u00e1n cho d\u1ecdn d\u1eb9p m\u1ed9t l\u1ea7n tr\u01b0\u1edbc khi chuy\u1ec3n v\u00e0o, \u0111\u1ed3 n\u1ed9i th\u1ea5t, v\u1eadt d\u1ee5ng gia \u0111\u00ecnh, \u0111\u1ed3 d\u00f9ng gi\u1ea3i tr\u00ed mong mu\u1ed1n nh\u01b0 TV v\u00e0 c\u00e1p, v\u00e0 ch\u1ed7 \u0103n \u1edf. C\u00e1c v\u1eadt d\u1ee5ng \u0111\u00e3 mua l\u00e0 t\u00e0i s\u1ea3n c\u1ee7a ng\u01b0\u1eddi nh\u1eadn d\u1ecbch v\u1ee5, h\u1ecd mang theo t\u00e0i s\u1ea3n n\u1ebfu chuy\u1ec3n nh\u00e0. C\u00f3 th\u1ec3 nh\u1eadn chi ph\u00ed t\u1ed1i \u0111a 180 ng\u00e0y tr\u01b0\u1edbc khi ra kh\u1ecfi c\u01a1 s\u1edf.<\/li>\n\n\n\n<li><strong>S\u1eeda \u0110\u1ed5i v\u00e0 \u0110i\u1ec1u Ch\u1ec9nh Xe<\/strong>: Thay tay n\u1eafm c\u1eeda, m\u1edf r\u1ed9ng c\u1eeda, thi\u1ebft b\u1ecb n\u00e2ng, thi\u1ebft b\u1ecb gi\u1eef ch\u1eb7t xe l\u0103n, thi\u1ebft b\u1ecb ch\u1ed7 ng\u1ed3i \u0111\u01b0\u1ee3c \u0111i\u1ec1u ch\u1ec9nh, h\u1ec7 th\u1ed1ng l\u00e1i \u0111\u01b0\u1ee3c \u0111i\u1ec1u ch\u1ec9nh, thi\u1ebft b\u1ecb gia t\u1ed1c, b\u00e1o hi\u1ec7u v\u00e0 phanh c\u00f9ng tay v\u1ecbn v\u00e0 thanh v\u1ecbn.K\u00e8m theo l\u00e0 d\u1ecbch v\u1ee5 s\u1eeda ch\u1eefa, b\u1ea3o tr\u00ec, l\u1eafp \u0111\u1eb7t v\u00e0 \u0111\u00e0o t\u1ea1o v\u1ec1 ch\u0103m s\u00f3c v\u00e0 s\u1eed d\u1ee5ng c\u00e1c v\u1eadt d\u1ee5ng n\u00e0y. Kh\u00f4ng bao g\u1ed3m vi\u1ec7c mua ch\u00ednh chi\u1ebfc xe. Xe ph\u1ea3i thu\u1ed9c s\u1edf h\u1eefu c\u1ee7a ng\u01b0\u1eddi nh\u1eadn ho\u1eb7c th\u00e0nh vi\u00ean gia \u0111\u00ecnh (\u0111\u1ecbnh ngh\u0129a r\u1ed9ng).<\/li>\n\n\n\n<li><strong>D\u1ecbch V\u1ee5 Mi\u1ec5n Tr\u1eeb M\u1edbi<\/strong>:\n<ul class=\"wp-block-list\">\n<li>C\u00f3 hi\u1ec7u l\u1ef1c t\u1eeb ng\u00e0y 1 th\u00e1ng 4 n\u0103m 2020, m\u1ed9t s\u1eeda \u0111\u1ed5i Mi\u1ec5n Tr\u1eeb \u0111\u00e3 b\u1ed5 sung Nh\u00e0 Cho Tr\u01b0\u1eddng H\u1ee3p Kh\u1ee7ng Ho\u1ea3ng Trong C\u1ed9ng \u0110\u1ed3ng do Ti\u1ec3u Bang \u0111i\u1ec1u h\u00e0nh, Nh\u00e0 H\u1ed7 Tr\u1ee3 H\u00e0nh Vi T\u0103ng C\u01b0\u1eddng v\u00e0 Nh\u00f3m Can Thi\u1ec7p Kh\u1ee7ng Ho\u1ea3ng Linh \u0110\u1ed9ng th\u00e0nh c\u00e1c d\u1ecbch v\u1ee5 mi\u1ec5n tr\u1eeb m\u1edbi. Xem <a href=\"https:\/\/rula.disabilityrightsca.org\/vi\/rula-book\/chapter-8-how-to-stay-out-of-an-institution\/\">Ch\u01b0\u01a1ng 8<\/a> \u0111\u1ec3 bi\u1ebft th\u00eam v\u1ec1 c\u00e1c d\u1ecbch v\u1ee5 n\u00e0y.<\/li>\n\n\n\n<li>C\u00f3 hi\u1ec7u l\u1ef1c t\u1eeb ng\u00e0y 19 th\u00e1ng 1 n\u0103m 2021, m\u1ed9t s\u1eeda \u0111\u1ed5i Mi\u1ec5n Tr\u1eeb \u0111\u00e3 b\u1ed5 sung D\u1ecbch V\u1ee5 Chuy\u1ec3n Ti\u1ebfp Chuy\u00ean S\u00e2u (Intensive Transition Services, ITS) th\u00e0nh d\u1ecbch v\u1ee5 m\u1edbi. ITS d\u00e0nh cho nh\u1eefng ng\u01b0\u1eddi c\u00f3 nhu c\u1ea7u s\u1ee9c kh\u1ecfe h\u00e0nh vi ph\u1ee9c t\u1ea1p v\u00e0 \u0111\u00e3 chuy\u1ec3n ti\u1ebfp sang m\u1ed9t l\u1ef1a ch\u1ecdn \u0111\u1eddi s\u1ed1ng t\u1ea1i c\u1ed9ng \u0111\u1ed3ng. Nh\u00e2n vi\u00ean s\u1eb5n s\u00e0ng ph\u1ee5c v\u1ee5 24 gi\u1edd\/ng\u00e0y k\u1ec3 c\u1ea3 cu\u1ed1i tu\u1ea7n, ng\u00e0y l\u1ec5 v\u00e0 th\u1eddi gian kh\u1ee7ng ho\u1ea3ng. ITS bao g\u1ed3m ki\u1ec3m so\u00e1t c\u01a1n gi\u1eadn, gi\u00e1o d\u1ee5c v\u1ec1 s\u1ee9c kh\u1ecfe v\u00e0 ch\u1ebf \u0111\u1ed9 \u0103n u\u1ed1ng, gi\u00e1o d\u1ee5c gi\u1edbi t\u00ednh\/b\u1ed3i d\u01b0\u1ee1ng m\u1ed1i quan h\u1ec7 l\u00e0nh m\u1ea1nh, \u0111\u00e0o t\u1ea1o v\u00e0 qu\u1ea3n l\u00fd h\u00e0nh vi, tr\u1ecb li\u1ec7u, \u0111i\u1ec1u tr\u1ecb k\u1ebft h\u1ee3p c\u00e1c r\u1ed1i lo\u1ea1n \u0111\u1ed3ng th\u1eddi v\u00e0 l\u1eadp k\u1ebf ho\u1ea1ch chuy\u1ec3n ti\u1ebfp.<\/li>\n<\/ul>\n<\/li>\n<\/ol>\n<div class=\"speaker-mute footnotes_reference_container\"> <div class=\"footnote_container_prepare\"><p><span role=\"button\" tabindex=\"0\" class=\"footnote_reference_container_label pointer\" onclick=\"footnote_expand_collapse_reference_container_2350_1();\">&#x202F;<\/span><span role=\"button\" tabindex=\"0\" class=\"footnote_reference_container_collapse_button\" style=\"display: none;\" onclick=\"footnote_expand_collapse_reference_container_2350_1();\">[<a id=\"footnote_reference_container_collapse_button_2350_1\">+<\/a>]<\/span><\/p><\/div> <div id=\"footnote_references_container_2350_1\" style=\"\"><table class=\"footnotes_table footnote-reference-container\"><caption class=\"accessibility\">References<\/caption> <tbody> \r\n\r\n<tr class=\"footnotes_plugin_reference_row\"> <th scope=\"row\" class=\"footnote_plugin_index_combi pointer\"  onclick=\"footnote_moveToAnchor_2350_1('footnote_plugin_tooltip_2350_1_1');\"><a id=\"footnote_plugin_reference_2350_1_1\" class=\"footnote_backlink\"><span class=\"footnote_index_arrow\">&#8593;<\/span>1<\/a><\/th> <td class=\"footnote_plugin_text\">Mi\u1ec5n Tr\u1eeb DD, Ng\u00e0y 1 th\u00e1ng 1 n\u0103m 2018, Ph\u1ee5 L\u1ee5c C, c\u00e1c trang 60-206. L\u01b0u \u00fd r\u1eb1ng m\u1ed9t s\u1ed1 d\u1ecbch v\u1ee5 mi\u1ec5n tr\u1eeb ch\u1ec9 d\u00e0nh cho ng\u01b0\u1eddi nh\u1eadn t\u1eeb 21 tu\u1ed5i tr\u1edf l\u00ean. \u0110\u00f3 l\u00e0 v\u00ec Ch\u01b0\u01a1ng Tr\u00ecnh Ti\u1ec3u Bang Medi-Cal (Medi-Cal kh\u00f4ng mi\u1ec5n tr\u1eeb) bao tr\u1ea3 cho nh\u1eefng d\u1ecbch v\u1ee5 n\u00e0y theo ph\u00fac l\u1ee3i EPSDT cho ng\u01b0\u1eddi d\u01b0\u1edbi 21 tu\u1ed5i.<\/td><\/tr>\r\n\r\n<tr class=\"footnotes_plugin_reference_row\"> <th scope=\"row\" class=\"footnote_plugin_index_combi pointer\"  onclick=\"footnote_moveToAnchor_2350_1('footnote_plugin_tooltip_2350_1_2');\"><a id=\"footnote_plugin_reference_2350_1_2\" class=\"footnote_backlink\"><span class=\"footnote_index_arrow\">&#8593;<\/span>2<\/a><\/th> <td class=\"footnote_plugin_text\">Mi\u1ec5n Tr\u1eeb DD, Ng\u00e0y 1 th\u00e1ng 1 n\u0103m 2018, M\u1ee5c C-1, trang 196.<\/td><\/tr>\r\n\r\n <\/tbody> <\/table> <\/div><\/div><script type=\"text\/javascript\"> function footnote_expand_reference_container_2350_1() { jQuery('#footnote_references_container_2350_1').show(); jQuery('#footnote_reference_container_collapse_button_2350_1').text('\u2212'); } function footnote_collapse_reference_container_2350_1() { jQuery('#footnote_references_container_2350_1').hide(); jQuery('#footnote_reference_container_collapse_button_2350_1').text('+'); } function footnote_expand_collapse_reference_container_2350_1() { if (jQuery('#footnote_references_container_2350_1').is(':hidden')) { footnote_expand_reference_container_2350_1(); } else { footnote_collapse_reference_container_2350_1(); } } function footnote_moveToReference_2350_1(p_str_TargetID) { footnote_expand_reference_container_2350_1(); var l_obj_Target = jQuery('#' + p_str_TargetID); if (l_obj_Target.length) { jQuery( 'html, body' ).delay( 0 ); jQuery('html, body').animate({ scrollTop: l_obj_Target.offset().top - window.innerHeight * 0.2 }, 380); } } function footnote_moveToAnchor_2350_1(p_str_TargetID) { footnote_expand_reference_container_2350_1(); var l_obj_Target = jQuery('#' + p_str_TargetID); if (l_obj_Target.length) { jQuery( 'html, body' ).delay( 0 ); jQuery('html, body').animate({ scrollTop: l_obj_Target.offset().top - window.innerHeight * 0.2 }, 380); } }<\/script>","protected":false},"excerpt":{"rendered":"<p>Mi\u1ec5n Tr\u1eeb DD bao tr\u1ea3 cho nhi\u1ec1u d\u1ecbch v\u1ee5, bao g\u1ed3m: [1]Mi\u1ec5n Tr\u1eeb DD, Ng\u00e0y 1 th\u00e1ng 1 n\u0103m 2018, Ph\u1ee5 L\u1ee5c C, c\u00e1c trang&hellip;<\/p>\n","protected":false},"author":1,"featured_media":0,"parent":2275,"menu_order":25,"comment_status":"closed","ping_status":"closed","template":"","meta":{"footnotes":""},"class_list":["post-2350","page","type-page","status-publish","hentry"],"_links":{"self":[{"href":"https:\/\/rula.disabilityrightsca.org\/vi\/wp-json\/wp\/v2\/pages\/2350","targetHints":{"allow":["GET"]}}],"collection":[{"href":"https:\/\/rula.disabilityrightsca.org\/vi\/wp-json\/wp\/v2\/pages"}],"about":[{"href":"https:\/\/rula.disabilityrightsca.org\/vi\/wp-json\/wp\/v2\/types\/page"}],"author":[{"embeddable":true,"href":"https:\/\/rula.disabilityrightsca.org\/vi\/wp-json\/wp\/v2\/users\/1"}],"replies":[{"embeddable":true,"href":"https:\/\/rula.disabilityrightsca.org\/vi\/wp-json\/wp\/v2\/comments?post=2350"}],"version-history":[{"count":6,"href":"https:\/\/rula.disabilityrightsca.org\/vi\/wp-json\/wp\/v2\/pages\/2350\/revisions"}],"predecessor-version":[{"id":3827,"href":"https:\/\/rula.disabilityrightsca.org\/vi\/wp-json\/wp\/v2\/pages\/2350\/revisions\/3827"}],"up":[{"embeddable":true,"href":"https:\/\/rula.disabilityrightsca.org\/vi\/wp-json\/wp\/v2\/pages\/2275"}],"wp:attachment":[{"href":"https:\/\/rula.disabilityrightsca.org\/vi\/wp-json\/wp\/v2\/media?parent=2350"}],"curies":[{"name":"wp","href":"https:\/\/api.w.org\/{rel}","templated":true}]}}