{"id":2348,"date":"2021-09-30T20:42:29","date_gmt":"2021-09-30T20:42:29","guid":{"rendered":"http:\/\/www.rula.disabilityrightsca.org\/vi\/?page_id=2348"},"modified":"2022-04-22T19:59:43","modified_gmt":"2022-04-22T19:59:43","slug":"11-24-what-if-the-regional-center-says-i-am-not-eligible-for-the-dd-waiver","status":"publish","type":"page","link":"https:\/\/rula.disabilityrightsca.org\/vi\/rula-book\/chapter-11-the-medi-cal-developmental-disability-waiver\/11-24-what-if-the-regional-center-says-i-am-not-eligible-for-the-dd-waiver\/","title":{"rendered":"(11.24) N\u1ebfu trung t\u00e2m khu v\u1ef1c n\u00f3i r\u1eb1ng t\u00f4i kh\u00f4ng h\u1ed9i \u0111\u1ee7 \u0111i\u1ec1u ki\u1ec7n nh\u1eadn Mi\u1ec5n Tr\u1eeb DD th\u00ec sao?"},"content":{"rendered":"\n<p>Qu\u00fd v\u1ecb c\u00f3 th\u1ec3 kh\u00e1ng c\u00e1o. Trung t\u00e2m khu v\u1ef1c ph\u1ea3i ch\u1ee9ng minh qu\u00fd v\u1ecb kh\u00f4ng h\u1ed9i \u0111\u1ee7 \u0111i\u1ec1u ki\u1ec7n nh\u1eadn d\u1ecbch v\u1ee5 c\u1ee7a ICF. Ho\u1eb7c qu\u00fd v\u1ecb \u0111\u00e3 tham gia Mi\u1ec5n Tr\u1eeb DD v\u00e0 trung t\u00e2m khu v\u1ef1c n\u00f3i r\u1eb1ng qu\u00fd v\u1ecb kh\u00f4ng c\u00f2n h\u1ed9i \u0111\u1ee7 \u0111i\u1ec1u ki\u1ec7n.&nbsp;Khi \u0111\u00f3, trung t\u00e2m khu v\u1ef1c ph\u1ea3i ch\u1ee9ng minh s\u1ee9c kh\u1ecfe c\u1ee7a qu\u00fd v\u1ecb \u0111\u00e3 c\u1ea3i thi\u1ec7n \u0111\u1ebfn m\u1ee9c qu\u00fd v\u1ecb kh\u00f4ng c\u00f2n h\u1ed9i \u0111\u1ee7 \u0111i\u1ec1u ki\u1ec7n nh\u1eadn d\u1ecbch v\u1ee5 c\u1ee7a ICF. Xem&nbsp;<a href=\"https:\/\/rula.disabilityrightsca.org\/vi\/rula-book\/chapter-10-appeals-and-complaints-disagreements-with-regional-centers-developmental-centers-or-service-providers\/\">Ch\u01b0\u01a1ng 10<\/a>&nbsp;\u0111\u1ec3 bi\u1ebft th\u00eam v\u1ec1 kh\u00e1ng c\u00e1o.<\/p>\n","protected":false},"excerpt":{"rendered":"<p>Qu\u00fd v\u1ecb c\u00f3 th\u1ec3 kh\u00e1ng c\u00e1o. Trung t\u00e2m khu v\u1ef1c ph\u1ea3i ch\u1ee9ng minh qu\u00fd v\u1ecb kh\u00f4ng h\u1ed9i \u0111\u1ee7 \u0111i\u1ec1u ki\u1ec7n nh\u1eadn d\u1ecbch v\u1ee5 c\u1ee7a ICF.&hellip;<\/p>\n","protected":false},"author":1,"featured_media":0,"parent":2275,"menu_order":24,"comment_status":"closed","ping_status":"closed","template":"","meta":{"footnotes":""},"class_list":["post-2348","page","type-page","status-publish","hentry"],"_links":{"self":[{"href":"https:\/\/rula.disabilityrightsca.org\/vi\/wp-json\/wp\/v2\/pages\/2348","targetHints":{"allow":["GET"]}}],"collection":[{"href":"https:\/\/rula.disabilityrightsca.org\/vi\/wp-json\/wp\/v2\/pages"}],"about":[{"href":"https:\/\/rula.disabilityrightsca.org\/vi\/wp-json\/wp\/v2\/types\/page"}],"author":[{"embeddable":true,"href":"https:\/\/rula.disabilityrightsca.org\/vi\/wp-json\/wp\/v2\/users\/1"}],"replies":[{"embeddable":true,"href":"https:\/\/rula.disabilityrightsca.org\/vi\/wp-json\/wp\/v2\/comments?post=2348"}],"version-history":[{"count":5,"href":"https:\/\/rula.disabilityrightsca.org\/vi\/wp-json\/wp\/v2\/pages\/2348\/revisions"}],"predecessor-version":[{"id":3225,"href":"https:\/\/rula.disabilityrightsca.org\/vi\/wp-json\/wp\/v2\/pages\/2348\/revisions\/3225"}],"up":[{"embeddable":true,"href":"https:\/\/rula.disabilityrightsca.org\/vi\/wp-json\/wp\/v2\/pages\/2275"}],"wp:attachment":[{"href":"https:\/\/rula.disabilityrightsca.org\/vi\/wp-json\/wp\/v2\/media?parent=2348"}],"curies":[{"name":"wp","href":"https:\/\/api.w.org\/{rel}","templated":true}]}}