{"id":2346,"date":"2021-09-30T20:41:40","date_gmt":"2021-09-30T20:41:40","guid":{"rendered":"http:\/\/www.rula.disabilityrightsca.org\/vi\/?page_id=2346"},"modified":"2022-06-24T16:50:51","modified_gmt":"2022-06-24T16:50:51","slug":"11-23-are-dd-waiver-hearings-and-lanterman-act-hearings-the-same","status":"publish","type":"page","link":"https:\/\/rula.disabilityrightsca.org\/vi\/rula-book\/chapter-11-the-medi-cal-developmental-disability-waiver\/11-23-are-dd-waiver-hearings-and-lanterman-act-hearings-the-same\/","title":{"rendered":"(11.23) Phi\u00ean \u0111i\u1ec1u tr\u1ea7n Mi\u1ec5n Tr\u1eeb DD v\u00e0 phi\u00ean \u0111i\u1ec1u tr\u1ea7n \u0110\u1ea1o Lu\u1eadt Lanterman c\u00f3 ph\u1ea3i l\u00e0 m\u1ed9t kh\u00f4ng?"},"content":{"rendered":"\n<p>C\u00e1c phi\u00ean \u0111i\u1ec1u tr\u1ea7n n\u00e0y gi\u1ed1ng nhau tr\u00ean h\u1ea7u h\u1ebft ph\u01b0\u01a1ng di\u1ec7n. Tuy nhi\u00ean n\u1ebfu m\u1ed9t kh\u00e1ng c\u00e1o theo \u0110\u1ea1o Lu\u1eadt Lanterman c\u0169ng bao g\u1ed3m khi\u1ebfu n\u1ea1i theo Mi\u1ec5n Tr\u1eeb DD, lu\u1eadt li\u00ean bang b\u1ed5 sung hai y\u00eau c\u1ea7u sau \u0111\u00e2y: ((42 B\u1ed9 Lu\u1eadt Quy \u0110\u1ecbnh Li\u00ean Bang \u00a7\u00a7 431.200-.250. \u0110i\u1ec1u n\u00e0y c\u00f3 ngh\u0129a l\u00e0 qu\u00fd v\u1ecb \u0111\u1ed3ng \u00fd gia h\u1ea1n b\u1eb1ng v\u0103n b\u1ea3n.))<\/p>\n\n\n\n<p>(1) Th\u1ea9m ph\u00e1n ph\u1ea3i \u0111\u01b0a ra quy\u1ebft \u0111\u1ecbnh trong v\u00f2ng\u00a0<strong>90<\/strong>\u00a0ng\u00e0y k\u1ec3 t\u1eeb ng\u00e0y theo d\u1ea5u b\u01b0u \u0111i\u1ec7n tr\u00ean y\u00eau c\u1ea7u phi\u00ean \u0111i\u1ec1u tr\u1ea7n c\u1ee7a qu\u00fd v\u1ecb, ho\u1eb7c ng\u00e0y h\u1ecd nh\u1eadn \u0111\u01b0\u1ee3c y\u00eau c\u1ea7u phi\u00ean \u0111i\u1ec1u tr\u1ea7n c\u1ee7a qu\u00fd v\u1ecb. N\u1ebfu qu\u00fd v\u1ecb \u0111\u1ed3ng \u00fd, th\u1ea9m ph\u00e1n c\u00f3 th\u1ec3 c\u00f3 nhi\u1ec1u th\u1eddi gian h\u01a1n. ((42 B\u1ed9 Lu\u1eadt Quy \u0110\u1ecbnh Li\u00ean Bang \u00a7 431.244(g).))<\/p>\n\n\n\n<p>(2) Gi\u00e1m \u0110\u1ed1c S\u1edf D\u1ecbch V\u1ee5 Ch\u0103m S\u00f3c S\u1ee9c Kh\u1ecfe (Department of Health Care Services, DHCS), ho\u1eb7c ng\u01b0\u1eddi \u0111\u01b0\u1ee3c Gi\u00e1m \u0110\u1ed1c ch\u1ec9 \u0111\u1ecbnh, c\u00f3 quy\u1ec1n \u0111\u01b0a ra quy\u1ebft \u0111\u1ecbnh cu\u1ed1i c\u00f9ng. ALJ s\u1ebd \u0111\u1ec1 xu\u1ea5t quy\u1ebft \u0111\u1ecbnh v\u1ec1 khi\u1ebfu n\u1ea1i theo Mi\u1ec5n Tr\u1eeb DD c\u1ee7a qu\u00fd v\u1ecb v\u1edbi Gi\u00e1m \u0110\u1ed1c. Gi\u00e1m \u0110\u1ed1c (ho\u1eb7c ng\u01b0\u1eddi \u0111\u01b0\u1ee3c Gi\u00e1m \u0110\u1ed1c ch\u1ec9 \u0111\u1ecbnh) c\u00f3 th\u1ec3:<\/p>\n\n\n\n<ul class=\"wp-block-list\"><li>Ch\u1ea5p nh\u1eadn quy\u1ebft \u0111\u1ecbnh c\u1ee7a ALJ,<\/li><li>\u0110\u01b0a ra quy\u1ebft \u0111\u1ecbnh kh\u00e1c (\u0111\u01b0\u1ee3c g\u1ecdi l\u00e0 quy\u1ebft \u0111\u1ecbnh \u201cthay th\u1ebf\u201d),((42 B\u1ed9 Lu\u1eadt Quy \u0110\u1ecbnh Li\u00ean Bang \u00a7 431.200-431.10(e). B\u1ed9 Lu\u1eadt Ph\u00fac L\u1ee3i &amp; \u0110\u1ecbnh Ch\u1ebf \u00a7 4712.5(c).)) ho\u1eb7c<\/li><li>Cho ph\u00e9p ALJ \u0111\u01b0a ra quy\u1ebft \u0111\u1ecbnh cu\u1ed1i c\u00f9ng trong m\u1ed9t s\u1ed1 lo\u1ea1i tr\u01b0\u1eddng h\u1ee3p.((B\u1ed9 Lu\u1eadt Ph\u00fac L\u1ee3i &amp; \u0110\u1ecbnh Ch\u1ebf \u00a7 4712.7. Quy tr\u00ecnh n\u00e0y gi\u1ed1ng quy tr\u00ecnh \u0111\u01b0\u1ee3c th\u1ef1c hi\u1ec7n trong phi\u00ean \u0111i\u1ec1u tr\u1ea7n Medi-Cal c\u1ee7a Ban \u0110i\u1ec1u Tr\u1ea7n Ti\u1ec3u Bang, S\u1edf D\u1ecbch V\u1ee5 X\u00e3 H\u1ed9i. Xem&nbsp;<a href=\"https:\/\/www.cdss.ca.gov\/inforesources\/state-hearings\"><em>https:\/\/www.cdss.ca.gov\/inforesources\/state-hearings<\/em><\/a><em>.<\/em>))<\/li><\/ul>\n\n\n\n<p>Mi\u1ec5n Tr\u1eeb DD hi\u1ec7n t\u1ea1i cho bi\u1ebft Gi\u00e1m \u0110\u1ed1c S\u1edf D\u1ecbch V\u1ee5 Ch\u0103m S\u00f3c S\u1ee9c Kh\u1ecfe \u0111\u00e3 trao th\u1ea9m quy\u1ec1n cho Gi\u00e1m \u0110\u1ed1c V\u0103n Ph\u00f2ng \u0110i\u1ec1u Tr\u1ea7n H\u00e0nh Ch\u00ednh (OAH).((Mi\u1ec5n Tr\u1eeb DD, Ng\u00e0y 1 th\u00e1ng 1 n\u0103m 2018, Trang 235\/295))&nbsp;Gi\u00e1m \u0110\u1ed1c DHCS \u0111\u00e3 ch\u1ec9 \u0111\u1ecbnh Gi\u00e1m \u0110\u1ed1c OAH. V\u00ec v\u1eady, theo Mi\u1ec5n Tr\u1eeb DD, DHCS kh\u00f4ng th\u00f4ng qua ho\u1eb7c thay th\u1ebf quy\u1ebft \u0111\u1ecbnh, nh\u01b0ng Gi\u00e1m \u0110\u1ed1c c\u00f3 th\u1ec3.<\/p>\n","protected":false},"excerpt":{"rendered":"<p>C\u00e1c phi\u00ean \u0111i\u1ec1u tr\u1ea7n n\u00e0y gi\u1ed1ng nhau tr\u00ean h\u1ea7u h\u1ebft ph\u01b0\u01a1ng di\u1ec7n. Tuy nhi\u00ean n\u1ebfu m\u1ed9t kh\u00e1ng c\u00e1o theo \u0110\u1ea1o Lu\u1eadt Lanterman c\u0169ng bao g\u1ed3m&hellip;<\/p>\n","protected":false},"author":1,"featured_media":0,"parent":2275,"menu_order":23,"comment_status":"closed","ping_status":"closed","template":"","meta":{"footnotes":""},"class_list":["post-2346","page","type-page","status-publish","hentry"],"_links":{"self":[{"href":"https:\/\/rula.disabilityrightsca.org\/vi\/wp-json\/wp\/v2\/pages\/2346","targetHints":{"allow":["GET"]}}],"collection":[{"href":"https:\/\/rula.disabilityrightsca.org\/vi\/wp-json\/wp\/v2\/pages"}],"about":[{"href":"https:\/\/rula.disabilityrightsca.org\/vi\/wp-json\/wp\/v2\/types\/page"}],"author":[{"embeddable":true,"href":"https:\/\/rula.disabilityrightsca.org\/vi\/wp-json\/wp\/v2\/users\/1"}],"replies":[{"embeddable":true,"href":"https:\/\/rula.disabilityrightsca.org\/vi\/wp-json\/wp\/v2\/comments?post=2346"}],"version-history":[{"count":5,"href":"https:\/\/rula.disabilityrightsca.org\/vi\/wp-json\/wp\/v2\/pages\/2346\/revisions"}],"predecessor-version":[{"id":3476,"href":"https:\/\/rula.disabilityrightsca.org\/vi\/wp-json\/wp\/v2\/pages\/2346\/revisions\/3476"}],"up":[{"embeddable":true,"href":"https:\/\/rula.disabilityrightsca.org\/vi\/wp-json\/wp\/v2\/pages\/2275"}],"wp:attachment":[{"href":"https:\/\/rula.disabilityrightsca.org\/vi\/wp-json\/wp\/v2\/media?parent=2346"}],"curies":[{"name":"wp","href":"https:\/\/api.w.org\/{rel}","templated":true}]}}