{"id":2340,"date":"2021-09-30T20:38:55","date_gmt":"2021-09-30T20:38:55","guid":{"rendered":"http:\/\/www.rula.disabilityrightsca.org\/vi\/?page_id=2340"},"modified":"2022-04-22T19:59:17","modified_gmt":"2022-04-22T19:59:17","slug":"11-22-are-dd-waiver-hearings-and-medi-cal-hearings-the-same","status":"publish","type":"page","link":"https:\/\/rula.disabilityrightsca.org\/vi\/rula-book\/chapter-11-the-medi-cal-developmental-disability-waiver\/11-22-are-dd-waiver-hearings-and-medi-cal-hearings-the-same\/","title":{"rendered":"(11.22) Phi\u00ean \u0111i\u1ec1u tr\u1ea7n Mi\u1ec5n Tr\u1eeb DD v\u00e0 phi\u00ean \u0111i\u1ec1u tr\u1ea7n Medi Cal c\u00f3 ph\u1ea3i l\u00e0 m\u1ed9t kh\u00f4ng?"},"content":{"rendered":"\n<p>C\u00e1c phi\u00ean \u0111i\u1ec1u tr\u1ea7n n\u00e0y t\u01b0\u01a1ng t\u1ef1 nhau nh\u01b0ng kh\u00f4ng ph\u1ea3i l\u00e0 m\u1ed9t. Phi\u00ean \u0111i\u1ec1u tr\u1ea7n Mi\u1ec5n Tr\u1eeb DD v\u00e0 phi\u00ean \u0111i\u1ec1u tr\u1ea7n Medi-Cal th\u00f4ng th\u01b0\u1eddng \u0111\u1ec1u s\u1eed d\u1ee5ng Th\u1ea9m Ph\u00e1n Lu\u1eadt H\u00e0nh Ch\u00ednh (g\u1ecdi t\u1eaft l\u00e0 ALJ) \u0111\u1ec3 quy\u1ebft \u0111\u1ecbnh tr\u01b0\u1eddng h\u1ee3p c\u1ee7a qu\u00fd v\u1ecb.<\/p>\n\n\n\n<p>ALJ trong phi\u00ean \u0111i\u1ec1u tr\u1ea7n Mi\u1ec5n Tr\u1eeb DD l\u00e0m vi\u1ec7c cho V\u0103n Ph\u00f2ng \u0110i\u1ec1u Tr\u1ea7n H\u00e0nh Ch\u00ednh (OAH). ALJ cho phi\u00ean \u0111i\u1ec1u tr\u1ea7n Medi-Cal l\u00e0m vi\u1ec7c cho Ban \u0110i\u1ec1u Tr\u1ea7n Ti\u1ec3u Bang c\u1ee7a S\u1edf D\u1ecbch V\u1ee5 X\u00e3 H\u1ed9i.<\/p>\n\n\n\n<p>Qu\u00fd v\u1ecb th\u01b0\u1eddng \u0111\u1ebfn trung t\u00e2m khu v\u1ef1c \u0111\u1ec3 tham gia phi\u00ean \u0111i\u1ec1u tr\u1ea7n Mi\u1ec5n Tr\u1eeb DD. Qu\u00fd v\u1ecb \u0111\u1ebfn t\u00f2a nh\u00e0 c\u1ee7a ti\u1ec3u bang ho\u1eb7c h\u1ea1t \u0111\u1ec3 tham gia phi\u00ean \u0111i\u1ec1u tr\u1ea7n Medi-Cal.<\/p>\n","protected":false},"excerpt":{"rendered":"<p>C\u00e1c phi\u00ean \u0111i\u1ec1u tr\u1ea7n n\u00e0y t\u01b0\u01a1ng t\u1ef1 nhau nh\u01b0ng kh\u00f4ng ph\u1ea3i l\u00e0 m\u1ed9t. Phi\u00ean \u0111i\u1ec1u tr\u1ea7n Mi\u1ec5n Tr\u1eeb DD v\u00e0 phi\u00ean \u0111i\u1ec1u tr\u1ea7n Medi-Cal th\u00f4ng&hellip;<\/p>\n","protected":false},"author":1,"featured_media":0,"parent":2275,"menu_order":22,"comment_status":"closed","ping_status":"closed","template":"","meta":{"footnotes":""},"class_list":["post-2340","page","type-page","status-publish","hentry"],"_links":{"self":[{"href":"https:\/\/rula.disabilityrightsca.org\/vi\/wp-json\/wp\/v2\/pages\/2340","targetHints":{"allow":["GET"]}}],"collection":[{"href":"https:\/\/rula.disabilityrightsca.org\/vi\/wp-json\/wp\/v2\/pages"}],"about":[{"href":"https:\/\/rula.disabilityrightsca.org\/vi\/wp-json\/wp\/v2\/types\/page"}],"author":[{"embeddable":true,"href":"https:\/\/rula.disabilityrightsca.org\/vi\/wp-json\/wp\/v2\/users\/1"}],"replies":[{"embeddable":true,"href":"https:\/\/rula.disabilityrightsca.org\/vi\/wp-json\/wp\/v2\/comments?post=2340"}],"version-history":[{"count":2,"href":"https:\/\/rula.disabilityrightsca.org\/vi\/wp-json\/wp\/v2\/pages\/2340\/revisions"}],"predecessor-version":[{"id":3202,"href":"https:\/\/rula.disabilityrightsca.org\/vi\/wp-json\/wp\/v2\/pages\/2340\/revisions\/3202"}],"up":[{"embeddable":true,"href":"https:\/\/rula.disabilityrightsca.org\/vi\/wp-json\/wp\/v2\/pages\/2275"}],"wp:attachment":[{"href":"https:\/\/rula.disabilityrightsca.org\/vi\/wp-json\/wp\/v2\/media?parent=2340"}],"curies":[{"name":"wp","href":"https:\/\/api.w.org\/{rel}","templated":true}]}}