{"id":2338,"date":"2021-09-30T20:37:07","date_gmt":"2021-09-30T20:37:07","guid":{"rendered":"http:\/\/www.rula.disabilityrightsca.org\/vi\/?page_id=2338"},"modified":"2022-04-22T19:59:01","modified_gmt":"2022-04-22T19:59:01","slug":"11-21-what-do-i-do-if-the-regional-center-refuses-to-give-me-a-service-available-under-a-waiver","status":"publish","type":"page","link":"https:\/\/rula.disabilityrightsca.org\/vi\/rula-book\/chapter-11-the-medi-cal-developmental-disability-waiver\/11-21-what-do-i-do-if-the-regional-center-refuses-to-give-me-a-service-available-under-a-waiver\/","title":{"rendered":"(11.21) T\u00f4i n\u00ean l\u00e0m g\u00ec n\u1ebfu trung t\u00e2m khu v\u1ef1c t\u1eeb ch\u1ed1i cung c\u1ea5p cho t\u00f4i m\u1ed9t d\u1ecbch v\u1ee5 c\u00f3 s\u1eb5n theo ch\u01b0\u01a1ng tr\u00ecnh mi\u1ec5n tr\u1eeb?"},"content":{"rendered":"\n<p>N\u1ebfu qu\u00fd v\u1ecb \u0111ang nh\u1eadn d\u1ecbch v\u1ee5 Mi\u1ec5n Tr\u1eeb DD v\u00e0 trung t\u00e2m khu v\u1ef1c quy\u1ebft \u0111\u1ecbnh r\u1eb1ng qu\u00fd v\u1ecb kh\u00f4ng c\u00f2n h\u1ed9i \u0111\u1ee7 \u0111i\u1ec1u ki\u1ec7n nh\u1eadn d\u1ecbch v\u1ee5 Mi\u1ec5n Tr\u1eeb DD, qu\u00fd v\u1ecb c\u00f3 quy\u1ec1n kh\u00e1ng c\u00e1o. N\u1ebfu qu\u00fd v\u1ecb cho r\u1eb1ng m\u00ecnh \u0111\u00e1p \u1ee9ng ti\u00eau ch\u00ed nh\u1eadn d\u1ecbch v\u1ee5 theo Mi\u1ec5n Tr\u1eeb DD, h\u00e3y nh\u1edb vi\u1ebft \u0111i\u1ec1u \u0111\u00f3 v\u00e0o m\u1eabu \u0111\u01a1n y\u00eau c\u1ea7u phi\u00ean \u0111i\u1ec1u tr\u1ea7n c\u00f4ng b\u1eb1ng c\u1ee7a qu\u00fd v\u1ecb. V\u00ed d\u1ee5, qu\u00fd v\u1ecb c\u00f3 th\u1ec3 vi\u1ebft: \u201cT\u00f4i c\u0169ng mu\u1ed1n quy\u1ec1n c\u1ee7a m\u00ecnh \u0111\u1ed1i v\u1edbi d\u1ecbch v\u1ee5 n\u00e0y s\u1ebd \u0111\u01b0\u1ee3c x\u00e1c \u0111\u1ecbnh theo Mi\u1ec5n Tr\u1eeb DD &#8211; c\u00e1c quy \u0111\u1ecbnh Medicaid li\u00ean bang.\u201d&nbsp;<\/p>\n\n\n\n<p>N\u1ebfu qu\u00fd v\u1ecb \u0111ang nh\u1eadn d\u1ecbch v\u1ee5 Mi\u1ec5n Tr\u1eeb DD v\u00e0 trung t\u00e2m khu v\u1ef1c quy\u1ebft \u0111\u1ecbnh r\u1eb1ng qu\u00fd v\u1ecb kh\u00f4ng c\u00f2n h\u1ed9i \u0111\u1ee7 \u0111i\u1ec1u ki\u1ec7n nh\u1eadn d\u1ecbch v\u1ee5 Mi\u1ec5n Tr\u1eeb DD, qu\u00fd v\u1ecb c\u00f3 quy\u1ec1n kh\u00e1ng c\u00e1o. N\u1ebfu qu\u00fd v\u1ecb cho r\u1eb1ng m\u00ecnh \u0111\u00e1p \u1ee9ng ti\u00eau ch\u00ed nh\u1eadn d\u1ecbch v\u1ee5 theo Mi\u1ec5n Tr\u1eeb DD, h\u00e3y nh\u1edb vi\u1ebft \u0111i\u1ec1u \u0111\u00f3 v\u00e0o m\u1eabu \u0111\u01a1n y\u00eau c\u1ea7u phi\u00ean \u0111i\u1ec1u tr\u1ea7n c\u00f4ng b\u1eb1ng c\u1ee7a qu\u00fd v\u1ecb. V\u00ed d\u1ee5, qu\u00fd v\u1ecb c\u00f3 th\u1ec3 vi\u1ebft: \u201cT\u00f4i c\u0169ng mu\u1ed1n quy\u1ec1n c\u1ee7a m\u00ecnh \u0111\u1ed1i v\u1edbi d\u1ecbch v\u1ee5 n\u00e0y s\u1ebd \u0111\u01b0\u1ee3c x\u00e1c \u0111\u1ecbnh theo Mi\u1ec5n Tr\u1eeb DD &#8211; c\u00e1c quy \u0111\u1ecbnh Medicaid li\u00ean bang.\u201d&nbsp;<\/p>\n\n\n\n<p>N\u1ebfu ALJ kh\u00f4ng \u0111\u1ed3ng \u00fd v\u1edbi qu\u00fd v\u1ecb v\u1ec1 khi\u1ebfu n\u1ea1i theo \u0110\u1ea1o Lu\u1eadt Lanterman, ALJ ph\u1ea3i xem x\u00e9t khi\u1ebfu n\u1ea1i c\u1ee7a qu\u00fd v\u1ecb theo Mi\u1ec5n Tr\u1eeb DD v\u00e0 Medi-Cal ri\u00eang r\u1ebd.<\/p>\n\n\n\n<p>\u0110\u1ec3 bi\u1ebft th\u00eam v\u1ec1 kh\u00e1ng c\u00e1o, h\u00e3y xem&nbsp;<a href=\"https:\/\/rula.disabilityrightsca.org\/vi\/rula-book\/chapter-10-appeals-and-complaints-disagreements-with-regional-centers-developmental-centers-or-service-providers\/\">Ch\u01b0\u01a1ng 10<\/a>.<\/p>\n","protected":false},"excerpt":{"rendered":"<p>N\u1ebfu qu\u00fd v\u1ecb \u0111ang nh\u1eadn d\u1ecbch v\u1ee5 Mi\u1ec5n Tr\u1eeb DD v\u00e0 trung t\u00e2m khu v\u1ef1c quy\u1ebft \u0111\u1ecbnh r\u1eb1ng qu\u00fd v\u1ecb kh\u00f4ng c\u00f2n h\u1ed9i \u0111\u1ee7 \u0111i\u1ec1u&hellip;<\/p>\n","protected":false},"author":1,"featured_media":0,"parent":2275,"menu_order":21,"comment_status":"closed","ping_status":"closed","template":"","meta":{"footnotes":""},"class_list":["post-2338","page","type-page","status-publish","hentry"],"_links":{"self":[{"href":"https:\/\/rula.disabilityrightsca.org\/vi\/wp-json\/wp\/v2\/pages\/2338","targetHints":{"allow":["GET"]}}],"collection":[{"href":"https:\/\/rula.disabilityrightsca.org\/vi\/wp-json\/wp\/v2\/pages"}],"about":[{"href":"https:\/\/rula.disabilityrightsca.org\/vi\/wp-json\/wp\/v2\/types\/page"}],"author":[{"embeddable":true,"href":"https:\/\/rula.disabilityrightsca.org\/vi\/wp-json\/wp\/v2\/users\/1"}],"replies":[{"embeddable":true,"href":"https:\/\/rula.disabilityrightsca.org\/vi\/wp-json\/wp\/v2\/comments?post=2338"}],"version-history":[{"count":4,"href":"https:\/\/rula.disabilityrightsca.org\/vi\/wp-json\/wp\/v2\/pages\/2338\/revisions"}],"predecessor-version":[{"id":3223,"href":"https:\/\/rula.disabilityrightsca.org\/vi\/wp-json\/wp\/v2\/pages\/2338\/revisions\/3223"}],"up":[{"embeddable":true,"href":"https:\/\/rula.disabilityrightsca.org\/vi\/wp-json\/wp\/v2\/pages\/2275"}],"wp:attachment":[{"href":"https:\/\/rula.disabilityrightsca.org\/vi\/wp-json\/wp\/v2\/media?parent=2338"}],"curies":[{"name":"wp","href":"https:\/\/api.w.org\/{rel}","templated":true}]}}