{"id":2336,"date":"2021-09-30T20:35:52","date_gmt":"2021-09-30T20:35:52","guid":{"rendered":"http:\/\/www.rula.disabilityrightsca.org\/vi\/?page_id=2336"},"modified":"2022-04-22T19:58:49","modified_gmt":"2022-04-22T19:58:49","slug":"11-20-will-i-lose-my-eligibility-for-dd-waiver-services-if-i-am-not-getting-dd-waiver-services-now","status":"publish","type":"page","link":"https:\/\/rula.disabilityrightsca.org\/vi\/rula-book\/chapter-11-the-medi-cal-developmental-disability-waiver\/11-20-will-i-lose-my-eligibility-for-dd-waiver-services-if-i-am-not-getting-dd-waiver-services-now\/","title":{"rendered":"(11.20) T\u00f4i c\u00f3 m\u1ea5t kh\u1ea3 n\u0103ng h\u1ed9i \u0111\u1ee7 \u0111i\u1ec1u ki\u1ec7n tham gia Mi\u1ec5n Tr\u1eeb DD n\u1ebfu kh\u00f4ng nh\u1eadn d\u1ecbch v\u1ee5 Mi\u1ec5n Tr\u1eeb DD ngay b\u00e2y gi\u1edd kh\u00f4ng?"},"content":{"rendered":"\n<p>T\u00f4i c\u00f3 m\u1ea5t kh\u1ea3 n\u0103ng h\u1ed9i \u0111\u1ee7 \u0111i\u1ec1u ki\u1ec7n tham gia Mi\u1ec5n Tr\u1eeb DD n\u1ebfu kh\u00f4ng nh\u1eadn d\u1ecbch v\u1ee5 Mi\u1ec5n Tr\u1eeb DD ngay b\u00e2y gi\u1edd kh\u00f4ng?<\/p>\n\n\n\n<p>Tuy nhi\u00ean \u0111\u1ec3 duy tr\u00ec h\u1ed9i \u0111\u1ee7 \u0111i\u1ec1u ki\u1ec7n, qu\u00fd v\u1ecb&nbsp;<strong>ph\u1ea3i<\/strong>&nbsp;nh\u1eadn \u00edt nh\u1ea5t m\u1ed9t d\u1ecbch v\u1ee5 Mi\u1ec5n Tr\u1eeb DD m\u1ed9t l\u1ea7n m\u1ed7i n\u0103m. K\u1ec3 c\u1ea3 khi qu\u00fd v\u1ecb ch\u1ec9 s\u1eed d\u1ee5ng m\u1ed9t d\u1ecbch v\u1ee5 Mi\u1ec5n Tr\u1eeb DD (nh\u01b0 ch\u0103m s\u00f3c t\u1ea1m th\u1eddi ho\u1eb7c v\u00f2ng tay c\u1ea3nh b\u00e1o y t\u1ebf), qu\u00fd v\u1ecb s\u1ebd v\u1eabn h\u1ed9i \u0111\u1ee7 \u0111i\u1ec1u ki\u1ec7n.<\/p>\n\n\n\n<p>N\u1ebfu qu\u00fd v\u1ecb \u0111ang tham gia Mi\u1ec5n Tr\u1eeb DD, IPP c\u1ee7a qu\u00fd v\u1ecb ph\u1ea3i \u0111\u01b0\u1ee3c \u0111\u00e1nh gi\u00e1 h\u00e0ng n\u0103m. IPP c\u1ee7a qu\u00fd v\u1ecb ph\u1ea3i li\u1ec7t k\u00ea t\u1ea5t c\u1ea3 d\u1ecbch v\u1ee5 (k\u1ec3 c\u1ea3 d\u1ecbch v\u1ee5 Mi\u1ec5n Tr\u1eeb DD) m\u00e0 qu\u00fd v\u1ecb nh\u1eadn.<\/p>\n\n\n\n<p><strong><em>Quan tr\u1ecdng! <\/em><\/strong>N\u1ebfu qu\u00fd v\u1ecb nh\u1eadn Mi\u1ec5n Tr\u1eeb DD th\u00f4ng qua vi\u1ec7c x\u00e1c \u0111\u1ecbnh tr\u1ee3 c\u1ea5p, kh\u1ea3 n\u0103ng h\u1ed9i \u0111\u1ee7 \u0111i\u1ec1u ki\u1ec7n tham gia Mi\u1ec5n Tr\u1eeb DD c\u1ee7a qu\u00fd v\u1ecb c\u00f3 th\u1ec3 k\u1ebft th\u00fac n\u1ebfu qu\u00fd v\u1ecb kh\u00f4ng nh\u1eadn d\u1ecbch v\u1ee5 mi\u1ec5n tr\u1eeb trong m\u1ed9t n\u0103m v\u00e0 IPP ti\u1ebfp theo c\u1ee7a qu\u00fd v\u1ecb s\u1ebd kh\u00f4ng li\u1ec7t k\u00ea c\u00e1c d\u1ecbch v\u1ee5 mi\u1ec5n tr\u1eeb. Medi-Cal s\u1ebd g\u1eedi cho qu\u00fd v\u1ecb&nbsp;<em>Th\u00f4ng B\u00e1o H\u00e0nh \u0110\u1ed9ng. <\/em>N\u1ebfu kh\u00f4ng \u0111\u1ed3ng \u00fd, qu\u00fd v\u1ecb c\u00f3 th\u1ec3 kh\u00e1ng c\u00e1o.<\/p>\n","protected":false},"excerpt":{"rendered":"<p>T\u00f4i c\u00f3 m\u1ea5t kh\u1ea3 n\u0103ng h\u1ed9i \u0111\u1ee7 \u0111i\u1ec1u ki\u1ec7n tham gia Mi\u1ec5n Tr\u1eeb DD n\u1ebfu kh\u00f4ng nh\u1eadn d\u1ecbch v\u1ee5 Mi\u1ec5n Tr\u1eeb DD ngay b\u00e2y gi\u1edd&hellip;<\/p>\n","protected":false},"author":1,"featured_media":0,"parent":2275,"menu_order":20,"comment_status":"closed","ping_status":"closed","template":"","meta":{"footnotes":""},"class_list":["post-2336","page","type-page","status-publish","hentry"],"_links":{"self":[{"href":"https:\/\/rula.disabilityrightsca.org\/vi\/wp-json\/wp\/v2\/pages\/2336","targetHints":{"allow":["GET"]}}],"collection":[{"href":"https:\/\/rula.disabilityrightsca.org\/vi\/wp-json\/wp\/v2\/pages"}],"about":[{"href":"https:\/\/rula.disabilityrightsca.org\/vi\/wp-json\/wp\/v2\/types\/page"}],"author":[{"embeddable":true,"href":"https:\/\/rula.disabilityrightsca.org\/vi\/wp-json\/wp\/v2\/users\/1"}],"replies":[{"embeddable":true,"href":"https:\/\/rula.disabilityrightsca.org\/vi\/wp-json\/wp\/v2\/comments?post=2336"}],"version-history":[{"count":3,"href":"https:\/\/rula.disabilityrightsca.org\/vi\/wp-json\/wp\/v2\/pages\/2336\/revisions"}],"predecessor-version":[{"id":3222,"href":"https:\/\/rula.disabilityrightsca.org\/vi\/wp-json\/wp\/v2\/pages\/2336\/revisions\/3222"}],"up":[{"embeddable":true,"href":"https:\/\/rula.disabilityrightsca.org\/vi\/wp-json\/wp\/v2\/pages\/2275"}],"wp:attachment":[{"href":"https:\/\/rula.disabilityrightsca.org\/vi\/wp-json\/wp\/v2\/media?parent=2336"}],"curies":[{"name":"wp","href":"https:\/\/api.w.org\/{rel}","templated":true}]}}