{"id":2314,"date":"2021-09-30T20:29:41","date_gmt":"2021-09-30T20:29:41","guid":{"rendered":"http:\/\/www.rula.disabilityrightsca.org\/vi\/?page_id=2314"},"modified":"2022-04-22T19:58:24","modified_gmt":"2022-04-22T19:58:24","slug":"11-18-the-regional-center-wants-to-put-me-on-the-dd-waiver-but-i-already-have-medi-cal-do-i-have-to-agree","status":"publish","type":"page","link":"https:\/\/rula.disabilityrightsca.org\/vi\/rula-book\/chapter-11-the-medi-cal-developmental-disability-waiver\/11-18-the-regional-center-wants-to-put-me-on-the-dd-waiver-but-i-already-have-medi-cal-do-i-have-to-agree\/","title":{"rendered":"(11.18) Trung t\u00e2m khu v\u1ef1c mu\u1ed1n \u0111\u01b0a t\u00f4i v\u00e0o Mi\u1ec5n Tr\u1eeb DD nh\u01b0ng t\u00f4i \u0111\u00e3 c\u00f3 Medi-Cal. T\u00f4i c\u00f3 ph\u1ea3i \u0111\u1ed3ng \u00fd kh\u00f4ng?"},"content":{"rendered":"\n<p>Kh\u00f4ng. Qu\u00fd v\u1ecb kh\u00f4ng b\u1eaft bu\u1ed9c ph\u1ea3i tham gia Mi\u1ec5n Tr\u1eeb DD. Tuy nhi\u00ean, vi\u1ec7c tham gia Mi\u1ec5n Tr\u1eeb DD s\u1ebd c\u00f3 nh\u1eefng l\u1ee3i \u00edch nh\u01b0 ti\u1ec3u bang nh\u1eadn \u0111\u01b0\u1ee3c th\u00eam ti\u1ec1n c\u1ee7a li\u00ean bang \u0111\u1ec3 thanh to\u00e1n cho c\u00e1c d\u1ecbch v\u1ee5. Xem c\u00e2u h\u1ecfi 9 \u0111\u1ec3 bi\u1ebft th\u00eam nh\u1eefng l\u1ee3i \u00edch c\u1ee7a vi\u1ec7c tham gia Mi\u1ec5n Tr\u1eeb DD. N\u1ebfu qu\u00fd v\u1ecb c\u00f3 c\u00e2u h\u1ecfi ho\u1eb7c m\u1ed1i lo ng\u1ea1i, qu\u00fd v\u1ecb n\u00ean tr\u00f2 chuy\u1ec7n v\u1edbi \u0111i\u1ec1u ph\u1ed1i vi\u00ean d\u1ecbch v\u1ee5. Qu\u00fd v\u1ecb c\u0169ng c\u00f3 th\u1ec3 tr\u00f2 chuy\u1ec7n v\u1edbi ng\u01b0\u1eddi c\u1ee7a trung t\u00e2m khu v\u1ef1c ph\u1ee5 tr\u00e1ch Mi\u1ec5n Tr\u1eeb DD n\u00e0y. \u0110\u00f4i khi h\u1ecd \u0111\u01b0\u1ee3c g\u1ecdi l\u00e0 \u0110i\u1ec1u Ph\u1ed1i Vi\u00ean Thu Nh\u1eadp Li\u00ean Bang (Federal Revenues Coordinator). H\u1ecd c\u00f3 th\u1ec3 tr\u1ea3 l\u1eddi c\u00e1c c\u00e2u h\u1ecfi v\u00e0 m\u1ed1i lo ng\u1ea1i c\u1ee7a qu\u00fd v\u1ecb v\u1ec1 Mi\u1ec5n Tr\u1eeb DD.&nbsp;<\/p>\n","protected":false},"excerpt":{"rendered":"<p>Kh\u00f4ng. Qu\u00fd v\u1ecb kh\u00f4ng b\u1eaft bu\u1ed9c ph\u1ea3i tham gia Mi\u1ec5n Tr\u1eeb DD. Tuy nhi\u00ean, vi\u1ec7c tham gia Mi\u1ec5n Tr\u1eeb DD s\u1ebd c\u00f3 nh\u1eefng l\u1ee3i \u00edch&hellip;<\/p>\n","protected":false},"author":1,"featured_media":0,"parent":2275,"menu_order":18,"comment_status":"closed","ping_status":"closed","template":"","meta":{"footnotes":""},"class_list":["post-2314","page","type-page","status-publish","hentry"],"_links":{"self":[{"href":"https:\/\/rula.disabilityrightsca.org\/vi\/wp-json\/wp\/v2\/pages\/2314","targetHints":{"allow":["GET"]}}],"collection":[{"href":"https:\/\/rula.disabilityrightsca.org\/vi\/wp-json\/wp\/v2\/pages"}],"about":[{"href":"https:\/\/rula.disabilityrightsca.org\/vi\/wp-json\/wp\/v2\/types\/page"}],"author":[{"embeddable":true,"href":"https:\/\/rula.disabilityrightsca.org\/vi\/wp-json\/wp\/v2\/users\/1"}],"replies":[{"embeddable":true,"href":"https:\/\/rula.disabilityrightsca.org\/vi\/wp-json\/wp\/v2\/comments?post=2314"}],"version-history":[{"count":3,"href":"https:\/\/rula.disabilityrightsca.org\/vi\/wp-json\/wp\/v2\/pages\/2314\/revisions"}],"predecessor-version":[{"id":3221,"href":"https:\/\/rula.disabilityrightsca.org\/vi\/wp-json\/wp\/v2\/pages\/2314\/revisions\/3221"}],"up":[{"embeddable":true,"href":"https:\/\/rula.disabilityrightsca.org\/vi\/wp-json\/wp\/v2\/pages\/2275"}],"wp:attachment":[{"href":"https:\/\/rula.disabilityrightsca.org\/vi\/wp-json\/wp\/v2\/media?parent=2314"}],"curies":[{"name":"wp","href":"https:\/\/api.w.org\/{rel}","templated":true}]}}