{"id":2310,"date":"2021-09-30T20:27:50","date_gmt":"2021-09-30T20:27:50","guid":{"rendered":"http:\/\/www.rula.disabilityrightsca.org\/vi\/?page_id=2310"},"modified":"2022-04-22T19:54:13","modified_gmt":"2022-04-22T19:54:13","slug":"11-16-are-there-other-home-and-community-based-services-hcbs-waivers","status":"publish","type":"page","link":"https:\/\/rula.disabilityrightsca.org\/vi\/rula-book\/chapter-11-the-medi-cal-developmental-disability-waiver\/11-16-are-there-other-home-and-community-based-services-hcbs-waivers\/","title":{"rendered":"(11.16) C\u00f3 c\u00e1c Mi\u1ec5n Tr\u1eeb D\u1ecbch V\u1ee5 T\u1ea1i Gia v\u00e0 C\u1ed9ng \u0110\u1ed3ng (HCBS) kh\u00e1c kh\u00f4ng?"},"content":{"rendered":"\n<p>C\u00f3. Mi\u1ec5n Tr\u1eeb DD l\u00e0 mi\u1ec5n tr\u1eeb ph\u1ed5 bi\u1ebfn cho kh\u00e1ch h\u00e0ng c\u1ee7a trung t\u00e2m khu v\u1ef1c. Tuy nhi\u00ean, c\u00f3 c\u00e1c ch\u01b0\u01a1ng tr\u00ecnh mi\u1ec5n tr\u1eeb kh\u00e1c t\u1ea1i California. V\u00ed d\u1ee5: kh\u00e1ch h\u00e0ng c\u1ee7a m\u1ed9t s\u1ed1 trung t\u00e2m khu v\u1ef1c tham gia Mi\u1ec5n Tr\u1eeb L\u1ef1a Ch\u1ecdn Thay Th\u1ebf D\u1ecbch V\u1ee5 T\u1ea1i Gia v\u00e0 C\u1ed9ng \u0110\u1ed3ng (L\u1ef1a Ch\u1ecdn Thay Th\u1ebf HCB). Qu\u00fd v\u1ecb c\u00f3 th\u1ec3 h\u1ed9i \u0111\u1ee7 \u0111i\u1ec1u ki\u1ec7n nh\u1eadn d\u1ecbch v\u1ee5 theo Mi\u1ec5n Tr\u1eeb L\u1ef1a Ch\u1ecdn Thay Th\u1ebf HCB ho\u1eb7c Mi\u1ec5n Tr\u1eeb DD. Tuy nhi\u00ean, qu\u00fd v\u1ecb ch\u1ec9 c\u00f3 th\u1ec3 tham gia m\u1ed9t ch\u01b0\u01a1ng tr\u00ecnh mi\u1ec5n tr\u1eeb d\u1ecbch v\u1ee5 t\u1ea1i gia v\u00e0 c\u1ed9ng \u0111\u1ed3ng t\u1ea1i m\u1ed9t th\u1eddi \u0111i\u1ec3m. \u0110\u1ec3 bi\u1ebft th\u00eam th\u00f4ng tin, h\u00e3y xem \u1ea5n ph\u1ea9m c\u1ee7a Disability Rights California t\u1ea1i \u0111\u00e2y:&nbsp;<a href=\"https:\/\/www.disabilityrightsca.org\/publications\/the-home-and-community-based-alternatives-hcb-alternatives-waiver\">https:\/\/www.disabilityrightsca.org\/publications\/the-home-and-community-based-alternatives-hcb-alternatives-waiver<\/a><\/p>\n\n\n\n<p>Lu\u1eadt ti\u1ec3u bang quy \u0111\u1ecbnh trung t\u00e2m khu v\u1ef1c ph\u1ea3i s\u1eed d\u1ee5ng c\u00e1c ngu\u1ed3n l\u1ef1c chung, nh\u01b0 Medi-Cal, \u0111\u1ec3 tri\u1ec3n khai IPP c\u1ee7a qu\u00fd v\u1ecb. Trung t\u00e2m khu v\u1ef1c c\u00f3 th\u1ec3 \u0111\u01b0a qu\u00fd v\u1ecb v\u00e0o Mi\u1ec5n Tr\u1eeb DD ho\u1eb7c Mi\u1ec5n Tr\u1eeb L\u1ef1a Ch\u1ecdn Thay Th\u1ebf HCB \u0111\u1ec3 qu\u00fd v\u1ecb s\u1eed d\u1ee5ng c\u00e1c ngu\u1ed3n l\u1ef1c chung. <span class=\"footnote_referrer\"><a role=\"button\" tabindex=\"0\" onclick=\"footnote_moveToReference_2310_1('footnote_plugin_reference_2310_1_1');\" onkeypress=\"footnote_moveToReference_2310_1('footnote_plugin_reference_2310_1_1');\" ><sup id=\"footnote_plugin_tooltip_2310_1_1\" class=\"footnote_plugin_tooltip_text\">[1]<\/sup><\/a><span id=\"footnote_plugin_tooltip_text_2310_1_1\" class=\"footnote_tooltip\">B\u1ed9 Lu\u1eadt Ph\u00fac L\u1ee3i &amp; \u0110\u1ecbnh Ch\u1ebf \u00a7 4648(a)(8).<\/span><\/span><script type=\"text\/javascript\"> jQuery('#footnote_plugin_tooltip_2310_1_1').tooltip({ tip: '#footnote_plugin_tooltip_text_2310_1_1', tipClass: 'footnote_tooltip', effect: 'fade', predelay: 0, fadeInSpeed: 200, delay: 400, fadeOutSpeed: 200, position: 'top center', relative: true, offset: [-7, 0], });<\/script><\/p>\n<div class=\"speaker-mute footnotes_reference_container\"> <div class=\"footnote_container_prepare\"><p><span role=\"button\" tabindex=\"0\" class=\"footnote_reference_container_label pointer\" onclick=\"footnote_expand_collapse_reference_container_2310_1();\">&#x202F;<\/span><span role=\"button\" tabindex=\"0\" class=\"footnote_reference_container_collapse_button\" style=\"display: none;\" onclick=\"footnote_expand_collapse_reference_container_2310_1();\">[<a id=\"footnote_reference_container_collapse_button_2310_1\">+<\/a>]<\/span><\/p><\/div> <div id=\"footnote_references_container_2310_1\" style=\"\"><table class=\"footnotes_table footnote-reference-container\"><caption class=\"accessibility\">References<\/caption> <tbody> \r\n\r\n<tr class=\"footnotes_plugin_reference_row\"> <th scope=\"row\" class=\"footnote_plugin_index_combi pointer\"  onclick=\"footnote_moveToAnchor_2310_1('footnote_plugin_tooltip_2310_1_1');\"><a id=\"footnote_plugin_reference_2310_1_1\" class=\"footnote_backlink\"><span class=\"footnote_index_arrow\">&#8593;<\/span>1<\/a><\/th> <td class=\"footnote_plugin_text\">B\u1ed9 Lu\u1eadt Ph\u00fac L\u1ee3i &amp; \u0110\u1ecbnh Ch\u1ebf \u00a7 4648(a)(8).<\/td><\/tr>\r\n\r\n <\/tbody> <\/table> <\/div><\/div><script type=\"text\/javascript\"> function footnote_expand_reference_container_2310_1() { jQuery('#footnote_references_container_2310_1').show(); jQuery('#footnote_reference_container_collapse_button_2310_1').text('\u2212'); } function footnote_collapse_reference_container_2310_1() { jQuery('#footnote_references_container_2310_1').hide(); jQuery('#footnote_reference_container_collapse_button_2310_1').text('+'); } function footnote_expand_collapse_reference_container_2310_1() { if (jQuery('#footnote_references_container_2310_1').is(':hidden')) { footnote_expand_reference_container_2310_1(); } else { footnote_collapse_reference_container_2310_1(); } } function footnote_moveToReference_2310_1(p_str_TargetID) { footnote_expand_reference_container_2310_1(); var l_obj_Target = jQuery('#' + p_str_TargetID); if (l_obj_Target.length) { jQuery( 'html, body' ).delay( 0 ); jQuery('html, body').animate({ scrollTop: l_obj_Target.offset().top - window.innerHeight * 0.2 }, 380); } } function footnote_moveToAnchor_2310_1(p_str_TargetID) { footnote_expand_reference_container_2310_1(); var l_obj_Target = jQuery('#' + p_str_TargetID); if (l_obj_Target.length) { jQuery( 'html, body' ).delay( 0 ); jQuery('html, body').animate({ scrollTop: l_obj_Target.offset().top - window.innerHeight * 0.2 }, 380); } }<\/script>","protected":false},"excerpt":{"rendered":"<p>C\u00f3. Mi\u1ec5n Tr\u1eeb DD l\u00e0 mi\u1ec5n tr\u1eeb ph\u1ed5 bi\u1ebfn cho kh\u00e1ch h\u00e0ng c\u1ee7a trung t\u00e2m khu v\u1ef1c. Tuy nhi\u00ean, c\u00f3 c\u00e1c ch\u01b0\u01a1ng tr\u00ecnh mi\u1ec5n tr\u1eeb&hellip;<\/p>\n","protected":false},"author":1,"featured_media":0,"parent":2275,"menu_order":16,"comment_status":"closed","ping_status":"closed","template":"","meta":{"footnotes":""},"class_list":["post-2310","page","type-page","status-publish","hentry"],"_links":{"self":[{"href":"https:\/\/rula.disabilityrightsca.org\/vi\/wp-json\/wp\/v2\/pages\/2310","targetHints":{"allow":["GET"]}}],"collection":[{"href":"https:\/\/rula.disabilityrightsca.org\/vi\/wp-json\/wp\/v2\/pages"}],"about":[{"href":"https:\/\/rula.disabilityrightsca.org\/vi\/wp-json\/wp\/v2\/types\/page"}],"author":[{"embeddable":true,"href":"https:\/\/rula.disabilityrightsca.org\/vi\/wp-json\/wp\/v2\/users\/1"}],"replies":[{"embeddable":true,"href":"https:\/\/rula.disabilityrightsca.org\/vi\/wp-json\/wp\/v2\/comments?post=2310"}],"version-history":[{"count":3,"href":"https:\/\/rula.disabilityrightsca.org\/vi\/wp-json\/wp\/v2\/pages\/2310\/revisions"}],"predecessor-version":[{"id":3220,"href":"https:\/\/rula.disabilityrightsca.org\/vi\/wp-json\/wp\/v2\/pages\/2310\/revisions\/3220"}],"up":[{"embeddable":true,"href":"https:\/\/rula.disabilityrightsca.org\/vi\/wp-json\/wp\/v2\/pages\/2275"}],"wp:attachment":[{"href":"https:\/\/rula.disabilityrightsca.org\/vi\/wp-json\/wp\/v2\/media?parent=2310"}],"curies":[{"name":"wp","href":"https:\/\/api.w.org\/{rel}","templated":true}]}}