{"id":2308,"date":"2021-09-30T20:26:35","date_gmt":"2021-09-30T20:26:35","guid":{"rendered":"http:\/\/www.rula.disabilityrightsca.org\/vi\/?page_id=2308"},"modified":"2022-04-22T19:54:01","modified_gmt":"2022-04-22T19:54:01","slug":"11-15-what-are-in-home-supportive-services","status":"publish","type":"page","link":"https:\/\/rula.disabilityrightsca.org\/vi\/rula-book\/chapter-11-the-medi-cal-developmental-disability-waiver\/11-15-what-are-in-home-supportive-services\/","title":{"rendered":"(11.15) D\u1ecbch V\u1ee5 H\u1ed7 Tr\u1ee3 T\u1ea1i Nh\u00e0 l\u00e0 g\u00ec?"},"content":{"rendered":"\n<p>D\u1ecbch V\u1ee5 H\u1ed7 Tr\u1ee3 T\u1ea1i Nh\u00e0 (In Home Supportive Services, IHSS) l\u00e0 m\u1ed9t ph\u00fac l\u1ee3i c\u1ee7a Medi-Cal. IHSS \u0111\u01b0\u1ee3c cung c\u1ea5p cho ng\u01b0\u1eddi khuy\u1ebft t\u1eadt v\u00e0 c\u1ea7n ch\u0103m s\u00f3c \u0111\u1eb7c bi\u1ec7t \u0111\u1ec3 s\u1ed1ng an to\u00e0n t\u1ea1i nh\u00e0. IHSS thanh to\u00e1n cho nh\u00e0 cung c\u1ea5p \u0111\u1ec3 h\u1ecd cung c\u1ea5p cho qu\u00fd v\u1ecb d\u1ecbch v\u1ee5 ch\u0103m s\u00f3c t\u1ea1i nh\u00e0, phi y t\u1ebf.<\/p>\n\n\n\n<p>\u0110\u1ec3 bi\u1ebft th\u00f4ng tin v\u1ec1 IHSS, vui l\u00f2ng xem \u1ea5n ph\u1ea9m c\u1ee7a Disability Rights California v\u1ec1 IHSS t\u1ea1i \u0111\u00e2y:&nbsp;<a href=\"https:\/\/www.disabilityrightsca.org\/resources\/in-home-supportive-services-ihss\">https:\/\/www.disabilityrightsca.org\/resources\/in-home-supportive-services-ihss<\/a><\/p>\n","protected":false},"excerpt":{"rendered":"<p>D\u1ecbch V\u1ee5 H\u1ed7 Tr\u1ee3 T\u1ea1i Nh\u00e0 (In Home Supportive Services, IHSS) l\u00e0 m\u1ed9t ph\u00fac l\u1ee3i c\u1ee7a Medi-Cal. IHSS \u0111\u01b0\u1ee3c cung c\u1ea5p cho ng\u01b0\u1eddi khuy\u1ebft t\u1eadt&hellip;<\/p>\n","protected":false},"author":1,"featured_media":0,"parent":2275,"menu_order":15,"comment_status":"closed","ping_status":"closed","template":"","meta":{"footnotes":""},"class_list":["post-2308","page","type-page","status-publish","hentry"],"_links":{"self":[{"href":"https:\/\/rula.disabilityrightsca.org\/vi\/wp-json\/wp\/v2\/pages\/2308","targetHints":{"allow":["GET"]}}],"collection":[{"href":"https:\/\/rula.disabilityrightsca.org\/vi\/wp-json\/wp\/v2\/pages"}],"about":[{"href":"https:\/\/rula.disabilityrightsca.org\/vi\/wp-json\/wp\/v2\/types\/page"}],"author":[{"embeddable":true,"href":"https:\/\/rula.disabilityrightsca.org\/vi\/wp-json\/wp\/v2\/users\/1"}],"replies":[{"embeddable":true,"href":"https:\/\/rula.disabilityrightsca.org\/vi\/wp-json\/wp\/v2\/comments?post=2308"}],"version-history":[{"count":3,"href":"https:\/\/rula.disabilityrightsca.org\/vi\/wp-json\/wp\/v2\/pages\/2308\/revisions"}],"predecessor-version":[{"id":3219,"href":"https:\/\/rula.disabilityrightsca.org\/vi\/wp-json\/wp\/v2\/pages\/2308\/revisions\/3219"}],"up":[{"embeddable":true,"href":"https:\/\/rula.disabilityrightsca.org\/vi\/wp-json\/wp\/v2\/pages\/2275"}],"wp:attachment":[{"href":"https:\/\/rula.disabilityrightsca.org\/vi\/wp-json\/wp\/v2\/media?parent=2308"}],"curies":[{"name":"wp","href":"https:\/\/api.w.org\/{rel}","templated":true}]}}