{"id":2306,"date":"2021-09-30T20:24:55","date_gmt":"2021-09-30T20:24:55","guid":{"rendered":"http:\/\/www.rula.disabilityrightsca.org\/vi\/?page_id=2306"},"modified":"2022-04-22T19:53:47","modified_gmt":"2022-04-22T19:53:47","slug":"11-14-can-my-child-still-get-medi-cal-if-she-gets-social-security-survivors-benefits","status":"publish","type":"page","link":"https:\/\/rula.disabilityrightsca.org\/vi\/rula-book\/chapter-11-the-medi-cal-developmental-disability-waiver\/11-14-can-my-child-still-get-medi-cal-if-she-gets-social-security-survivors-benefits\/","title":{"rendered":"(11.14)  Con c\u1ee7a t\u00f4i v\u1eabn c\u00f3 th\u1ec3 nh\u1eadn Medi-Cal n\u1ebfu nh\u1eadn Ph\u00fac L\u1ee3i An Sinh X\u00e3 H\u1ed9i cho Ng\u01b0\u1eddi S\u1ed1ng S\u00f3t kh\u00f4ng?"},"content":{"rendered":"\n<p>C\u00f3 th\u1ec3. B\u1eb1ng vi\u1ec7c x\u00e1c \u0111\u1ecbnh tr\u1ee3 c\u1ea5p, Medi-Cal c\u00f3 th\u1ec3 \u0111\u00e1nh gi\u00e1 kh\u1ea3 n\u0103ng h\u1ed9i \u0111\u1ee7 \u0111i\u1ec1u ki\u1ec7n c\u1ee7a con qu\u00fd v\u1ecb m\u00e0 kh\u00f4ng c\u1ea7n t\u00ednh thu nh\u1eadp c\u1ee7a qu\u00fd v\u1ecb.<\/p>\n\n\n\n<p>Medi-Cal s\u1ebd t\u00ednh Ph\u00fac L\u1ee3i An Sinh X\u00e3 H\u1ed9i cho Ng\u01b0\u1eddi S\u1ed1ng S\u00f3t l\u00e0 thu nh\u1eadp c\u1ee7a ri\u00eang tr\u1ebb. M\u1ee9c \u0111\u1ed3ng tr\u1ea3 chi ph\u00ed c\u1ee7a Medi-Cal s\u1ebd \u0111\u01b0\u1ee3c d\u1ef1a v\u00e0o thu nh\u1eadp c\u00f3 th\u1ec3 t\u00ednh c\u1ee7a tr\u1ebb tr\u00ean $600\/th\u00e1ng.<\/p>\n","protected":false},"excerpt":{"rendered":"<p>C\u00f3 th\u1ec3. B\u1eb1ng vi\u1ec7c x\u00e1c \u0111\u1ecbnh tr\u1ee3 c\u1ea5p, Medi-Cal c\u00f3 th\u1ec3 \u0111\u00e1nh gi\u00e1 kh\u1ea3 n\u0103ng h\u1ed9i \u0111\u1ee7 \u0111i\u1ec1u ki\u1ec7n c\u1ee7a con qu\u00fd v\u1ecb m\u00e0 kh\u00f4ng&hellip;<\/p>\n","protected":false},"author":1,"featured_media":0,"parent":2275,"menu_order":14,"comment_status":"closed","ping_status":"closed","template":"","meta":{"footnotes":""},"class_list":["post-2306","page","type-page","status-publish","hentry"],"_links":{"self":[{"href":"https:\/\/rula.disabilityrightsca.org\/vi\/wp-json\/wp\/v2\/pages\/2306","targetHints":{"allow":["GET"]}}],"collection":[{"href":"https:\/\/rula.disabilityrightsca.org\/vi\/wp-json\/wp\/v2\/pages"}],"about":[{"href":"https:\/\/rula.disabilityrightsca.org\/vi\/wp-json\/wp\/v2\/types\/page"}],"author":[{"embeddable":true,"href":"https:\/\/rula.disabilityrightsca.org\/vi\/wp-json\/wp\/v2\/users\/1"}],"replies":[{"embeddable":true,"href":"https:\/\/rula.disabilityrightsca.org\/vi\/wp-json\/wp\/v2\/comments?post=2306"}],"version-history":[{"count":3,"href":"https:\/\/rula.disabilityrightsca.org\/vi\/wp-json\/wp\/v2\/pages\/2306\/revisions"}],"predecessor-version":[{"id":3195,"href":"https:\/\/rula.disabilityrightsca.org\/vi\/wp-json\/wp\/v2\/pages\/2306\/revisions\/3195"}],"up":[{"embeddable":true,"href":"https:\/\/rula.disabilityrightsca.org\/vi\/wp-json\/wp\/v2\/pages\/2275"}],"wp:attachment":[{"href":"https:\/\/rula.disabilityrightsca.org\/vi\/wp-json\/wp\/v2\/media?parent=2306"}],"curies":[{"name":"wp","href":"https:\/\/api.w.org\/{rel}","templated":true}]}}