{"id":2304,"date":"2021-09-30T20:23:48","date_gmt":"2021-09-30T20:23:48","guid":{"rendered":"http:\/\/www.rula.disabilityrightsca.org\/vi\/?page_id=2304"},"modified":"2022-04-22T19:53:35","modified_gmt":"2022-04-22T19:53:35","slug":"11-13-can-my-child-still-get-medi-cal-if-she-gets-child-support","status":"publish","type":"page","link":"https:\/\/rula.disabilityrightsca.org\/vi\/rula-book\/chapter-11-the-medi-cal-developmental-disability-waiver\/11-13-can-my-child-still-get-medi-cal-if-she-gets-child-support\/","title":{"rendered":"(11.13) Con c\u1ee7a t\u00f4i v\u1eabn c\u00f3 th\u1ec3 nh\u1eadn Medi-Cal n\u1ebfu nh\u1eadn ti\u1ec1n chu c\u1ea5p nu\u00f4i con kh\u00f4ng?"},"content":{"rendered":"\n<p>C\u00f3 th\u1ec3. B\u1eb1ng vi\u1ec7c x\u00e1c \u0111\u1ecbnh tr\u1ee3 c\u1ea5p, Medi-Cal c\u00f3 th\u1ec3 \u0111\u00e1nh gi\u00e1 kh\u1ea3 n\u0103ng h\u1ed9i \u0111\u1ee7 \u0111i\u1ec1u ki\u1ec7n c\u1ee7a con qu\u00fd v\u1ecb m\u00e0 kh\u00f4ng c\u1ea7n t\u00ednh thu nh\u1eadp c\u1ee7a qu\u00fd v\u1ecb.<\/p>\n\n\n\n<p>Medi-Cal s\u1ebd t\u00ednh ti\u1ec1n chu c\u1ea5p nu\u00f4i con l\u00e0 thu nh\u1eadp c\u1ee7a ri\u00eang tr\u1ebb. Tuy nhi\u00ean, v\u00ec con qu\u00fd v\u1ecb b\u1ecb khuy\u1ebft t\u1eadt, h\u1ecd c\u00f3 th\u1ec3 ch\u1ec9 t\u00ednh 2\/3 ti\u1ec1n chu c\u1ea5p l\u00e0 thu nh\u1eadp c\u00f3 th\u1ec3 t\u00ednh. <span class=\"footnote_referrer\"><a role=\"button\" tabindex=\"0\" onclick=\"footnote_moveToReference_2304_1('footnote_plugin_reference_2304_1_1');\" onkeypress=\"footnote_moveToReference_2304_1('footnote_plugin_reference_2304_1_1');\" ><sup id=\"footnote_plugin_tooltip_2304_1_1\" class=\"footnote_plugin_tooltip_text\">[1]<\/sup><\/a><span id=\"footnote_plugin_tooltip_text_2304_1_1\" class=\"footnote_tooltip\">Con qu\u00fd v\u1ecb c\u00f3 th\u1ec3 nh\u1eadn Medi-Cal kh\u00f4ng c\u00f3 m\u1ee9c \u0111\u1ed3ng tr\u1ea3 chi ph\u00ed n\u1ebfu ti\u1ec1n chu c\u1ea5p nu\u00f4i con kh\u00f4ng nhi\u1ec1u h\u01a1n $920\/th\u00e1ng. N\u1ebfu ti\u1ec1n chu c\u1ea5p nu\u00f4i con nhi\u1ec1u h\u01a1n th\u1ebf,&nbsp;&#x2026; <span class=\"footnote_tooltip_continue\"  onclick=\"footnote_moveToReference_2304_1('footnote_plugin_reference_2304_1_1');\">Continue reading<\/span><\/span><\/span><script type=\"text\/javascript\"> jQuery('#footnote_plugin_tooltip_2304_1_1').tooltip({ tip: '#footnote_plugin_tooltip_text_2304_1_1', tipClass: 'footnote_tooltip', effect: 'fade', predelay: 0, fadeInSpeed: 200, delay: 400, fadeOutSpeed: 200, position: 'top center', relative: true, offset: [-7, 0], });<\/script> M\u1ee9c \u0111\u1ed3ng tr\u1ea3 chi ph\u00ed c\u1ee7a Medi-Cal s\u1ebd \u0111\u01b0\u1ee3c d\u1ef1a v\u00e0o thu nh\u1eadp c\u00f3 th\u1ec3 t\u00ednh c\u1ee7a tr\u1ebb tr\u00ean $600\/th\u00e1ng.<\/p>\n<div class=\"speaker-mute footnotes_reference_container\"> <div class=\"footnote_container_prepare\"><p><span role=\"button\" tabindex=\"0\" class=\"footnote_reference_container_label pointer\" onclick=\"footnote_expand_collapse_reference_container_2304_1();\">&#x202F;<\/span><span role=\"button\" tabindex=\"0\" class=\"footnote_reference_container_collapse_button\" style=\"display: none;\" onclick=\"footnote_expand_collapse_reference_container_2304_1();\">[<a id=\"footnote_reference_container_collapse_button_2304_1\">+<\/a>]<\/span><\/p><\/div> <div id=\"footnote_references_container_2304_1\" style=\"\"><table class=\"footnotes_table footnote-reference-container\"><caption class=\"accessibility\">References<\/caption> <tbody> \r\n\r\n<tr class=\"footnotes_plugin_reference_row\"> <th scope=\"row\" class=\"footnote_plugin_index_combi pointer\"  onclick=\"footnote_moveToAnchor_2304_1('footnote_plugin_tooltip_2304_1_1');\"><a id=\"footnote_plugin_reference_2304_1_1\" class=\"footnote_backlink\"><span class=\"footnote_index_arrow\">&#8593;<\/span>1<\/a><\/th> <td class=\"footnote_plugin_text\">Con qu\u00fd v\u1ecb c\u00f3 th\u1ec3 nh\u1eadn Medi-Cal kh\u00f4ng c\u00f3 m\u1ee9c \u0111\u1ed3ng tr\u1ea3 chi ph\u00ed n\u1ebfu ti\u1ec1n chu c\u1ea5p nu\u00f4i con kh\u00f4ng nhi\u1ec1u h\u01a1n $920\/th\u00e1ng. N\u1ebfu ti\u1ec1n chu c\u1ea5p nu\u00f4i con nhi\u1ec1u h\u01a1n th\u1ebf, qu\u00fd v\u1ecb c\u00f3 th\u1ec3 mu\u1ed1n h\u1ecfi lu\u1eadt s\u01b0 c\u1ee7a gia \u0111\u00ecnh v\u1ec1 vi\u1ec7c c\u01a1 c\u1ea5u ti\u1ec1n chu c\u1ea5p nu\u00f4i con th\u00e0nh ti\u1ec1n c\u1ea5p d\u01b0\u1ee1ng thay th\u1ebf. \u0110\u00f3 l\u00e0 v\u00ec ti\u1ec1n c\u1ea5p d\u01b0\u1ee1ng l\u00e0 thu nh\u1eadp c\u1ee7a cha m\u1eb9 (kh\u00f4ng \u0111\u01b0\u1ee3c t\u00ednh \u0111\u1ed1i v\u1edbi Mi\u1ec5n Tr\u1eeb DD), trong khi \u0111\u00f3 ti\u1ec1n chu c\u1ea5p nu\u00f4i con l\u00e0 thu nh\u1eadp c\u1ee7a tr\u1ebb (\u0111\u01b0\u1ee3c t\u00ednh v\u00e0 c\u00f3 th\u1ec3 d\u1eabn \u0111\u1ebfn ph\u1ea3i \u0111\u1ed3ng tr\u1ea3 chi ph\u00ed).<\/td><\/tr>\r\n\r\n <\/tbody> <\/table> <\/div><\/div><script type=\"text\/javascript\"> function footnote_expand_reference_container_2304_1() { jQuery('#footnote_references_container_2304_1').show(); jQuery('#footnote_reference_container_collapse_button_2304_1').text('\u2212'); } function footnote_collapse_reference_container_2304_1() { jQuery('#footnote_references_container_2304_1').hide(); jQuery('#footnote_reference_container_collapse_button_2304_1').text('+'); } function footnote_expand_collapse_reference_container_2304_1() { if (jQuery('#footnote_references_container_2304_1').is(':hidden')) { footnote_expand_reference_container_2304_1(); } else { footnote_collapse_reference_container_2304_1(); } } function footnote_moveToReference_2304_1(p_str_TargetID) { footnote_expand_reference_container_2304_1(); var l_obj_Target = jQuery('#' + p_str_TargetID); if (l_obj_Target.length) { jQuery( 'html, body' ).delay( 0 ); jQuery('html, body').animate({ scrollTop: l_obj_Target.offset().top - window.innerHeight * 0.2 }, 380); } } function footnote_moveToAnchor_2304_1(p_str_TargetID) { footnote_expand_reference_container_2304_1(); var l_obj_Target = jQuery('#' + p_str_TargetID); if (l_obj_Target.length) { jQuery( 'html, body' ).delay( 0 ); jQuery('html, body').animate({ scrollTop: l_obj_Target.offset().top - window.innerHeight * 0.2 }, 380); } }<\/script>","protected":false},"excerpt":{"rendered":"<p>C\u00f3 th\u1ec3. B\u1eb1ng vi\u1ec7c x\u00e1c \u0111\u1ecbnh tr\u1ee3 c\u1ea5p, Medi-Cal c\u00f3 th\u1ec3 \u0111\u00e1nh gi\u00e1 kh\u1ea3 n\u0103ng h\u1ed9i \u0111\u1ee7 \u0111i\u1ec1u ki\u1ec7n c\u1ee7a con qu\u00fd v\u1ecb m\u00e0 kh\u00f4ng&hellip;<\/p>\n","protected":false},"author":1,"featured_media":0,"parent":2275,"menu_order":13,"comment_status":"closed","ping_status":"closed","template":"","meta":{"footnotes":""},"class_list":["post-2304","page","type-page","status-publish","hentry"],"_links":{"self":[{"href":"https:\/\/rula.disabilityrightsca.org\/vi\/wp-json\/wp\/v2\/pages\/2304","targetHints":{"allow":["GET"]}}],"collection":[{"href":"https:\/\/rula.disabilityrightsca.org\/vi\/wp-json\/wp\/v2\/pages"}],"about":[{"href":"https:\/\/rula.disabilityrightsca.org\/vi\/wp-json\/wp\/v2\/types\/page"}],"author":[{"embeddable":true,"href":"https:\/\/rula.disabilityrightsca.org\/vi\/wp-json\/wp\/v2\/users\/1"}],"replies":[{"embeddable":true,"href":"https:\/\/rula.disabilityrightsca.org\/vi\/wp-json\/wp\/v2\/comments?post=2304"}],"version-history":[{"count":3,"href":"https:\/\/rula.disabilityrightsca.org\/vi\/wp-json\/wp\/v2\/pages\/2304\/revisions"}],"predecessor-version":[{"id":3192,"href":"https:\/\/rula.disabilityrightsca.org\/vi\/wp-json\/wp\/v2\/pages\/2304\/revisions\/3192"}],"up":[{"embeddable":true,"href":"https:\/\/rula.disabilityrightsca.org\/vi\/wp-json\/wp\/v2\/pages\/2275"}],"wp:attachment":[{"href":"https:\/\/rula.disabilityrightsca.org\/vi\/wp-json\/wp\/v2\/media?parent=2304"}],"curies":[{"name":"wp","href":"https:\/\/api.w.org\/{rel}","templated":true}]}}