{"id":2302,"date":"2021-09-30T20:22:39","date_gmt":"2021-09-30T20:22:39","guid":{"rendered":"http:\/\/www.rula.disabilityrightsca.org\/vi\/?page_id=2302"},"modified":"2022-04-22T19:53:23","modified_gmt":"2022-04-22T19:53:23","slug":"11-12-what-if-my-familys-income-is-too-high-to-qualify-for-medi-cal","status":"publish","type":"page","link":"https:\/\/rula.disabilityrightsca.org\/vi\/rula-book\/chapter-11-the-medi-cal-developmental-disability-waiver\/11-12-what-if-my-familys-income-is-too-high-to-qualify-for-medi-cal\/","title":{"rendered":"(11.12) N\u1ebfu thu nh\u1eadp c\u1ee7a gia \u0111\u00ecnh t\u00f4i qu\u00e1 cao n\u00ean kh\u00f4ng h\u1ed9i \u0111\u1ee7 \u0111i\u1ec1u ki\u1ec7n tham gia Medi Cal th\u00ec sao?"},"content":{"rendered":"\n<p>Qu\u00fd v\u1ecb v\u1eabn c\u00f3 th\u1ec3 nh\u1eadn Medi-Cal theo Mi\u1ec5n Tr\u1eeb DD. M\u1ee5c \u0111\u00edch ch\u00ednh c\u1ee7a Mi\u1ec5n Tr\u1eeb DD l\u00e0 gi\u00fap qu\u00fd v\u1ecb kh\u00f4ng ph\u1ea3i v\u00e0o \u1edf trong c\u01a1 s\u1edf v\u00e0 s\u1ed1ng t\u1ea1i c\u1ed9ng \u0111\u1ed3ng. V\u00ec v\u1eady, k\u1ec3 c\u1ea3 khi thu nh\u1eadp c\u1ee7a gia \u0111\u00ecnh qu\u00fd v\u1ecb qu\u00e1 cao, qu\u00fd v\u1ecb c\u00f3 th\u1ec3 h\u1ed9i \u0111\u1ee7 \u0111i\u1ec1u ki\u1ec7n tham gia Medi\u2011Cal v\u00ec h\u1ecd s\u1ebd kh\u00f4ng t\u00ednh thu nh\u1eadp ho\u1eb7c ngu\u1ed3n l\u1ef1c c\u1ee7a cha m\u1eb9 ho\u1eb7c v\u1ee3\/ch\u1ed3ng c\u1ee7a qu\u00fd v\u1ecb.<\/p>\n\n\n\n<p>Medi-Cal \u0111\u01b0\u1ee3c ph\u00e9p x\u00e1c \u0111\u1ecbnh kh\u1ea3 n\u0103ng h\u1ed9i \u0111\u1ee7 \u0111i\u1ec1u ki\u1ec7n c\u1ee7a qu\u00fd v\u1ecb b\u1eb1ng c\u00e1ch \u201cx\u00e1c \u0111\u1ecbnh tr\u1ee3 c\u1ea5p\u201d. \u0110i\u1ec1u n\u00e0y c\u00f3 ngh\u0129a l\u00e0 Medi\u2011Cal s\u1ebd \u0111\u00e1nh gi\u00e1 qu\u00fd v\u1ecb \u0111\u1ec3 x\u00e1c \u0111\u1ecbnh kh\u1ea3 n\u0103ng h\u1ed9i \u0111\u1ee7 \u0111i\u1ec1u ki\u1ec7n nh\u01b0 th\u1ec3 qu\u00fd v\u1ecb s\u1ed1ng trong c\u01a1 s\u1edf, kh\u00f4ng ph\u1ea3i v\u1edbi cha m\u1eb9 ho\u1eb7c v\u1ee3\/ch\u1ed3ng c\u1ee7a qu\u00fd v\u1ecb. \u0110i\u1ec1u n\u00e0y c\u00f3 ngh\u0129a l\u00e0 qu\u00fd v\u1ecb kh\u00f4ng s\u1ed1ng trong MFBU c\u1ee7a cha m\u1eb9 ho\u1eb7c v\u1ee3\/ch\u1ed3ng c\u1ee7a qu\u00fd v\u1ecb (xem&nbsp;<a href=\"https:\/\/rula.disabilityrightsca.org\/vi\/rula-book\/chapter-11-the-medi-cal-developmental-disability-waiver\/11-11-would-parents-income-and-resources-normally-count-against-their-childs-medi-cal-eligibility\/\">c\u00e2u h\u1ecfi 11<\/a>). \u0110\u00f3 l\u00e0 v\u00ec Medi-Cal ch\u1ec9 t\u00ednh thu nh\u1eadp v\u00e0 ngu\u1ed3n l\u1ef1c c\u1ee7a&nbsp;<em>ri\u00eang<\/em>&nbsp;qu\u00fd v\u1ecb (th\u01b0\u1eddng l\u00e0 th\u1ea5p ho\u1eb7c kh\u00f4ng c\u00f3) khi qu\u00fd v\u1ecb s\u1ed1ng trong c\u01a1 s\u1edf.<\/p>\n\n\n\n<p>Medi-Cal \u0111\u01b0\u1ee3c ph\u00e9p s\u1eed d\u1ee5ng vi\u1ec7c x\u00e1c \u0111\u1ecbnh tr\u1ee3 c\u1ea5p \u0111\u1ec3 x\u00e1c \u0111\u1ecbnh kh\u1ea3 n\u0103ng h\u1ed9i \u0111\u1ee7 \u0111i\u1ec1u ki\u1ec7n tham gia Medi-Cal c\u1ee7a qu\u00fd v\u1ecb, v\u00ec nh\u1eefng ng\u01b0\u1eddi tham gia Mi\u1ec5n Tr\u1eeb DD \u0111\u00e3 h\u1ed9i \u0111\u1ee7 \u0111i\u1ec1u ki\u1ec7n nh\u1eadn d\u1ecbch v\u1ee5 \u1edf ICF\/DD (c\u01a1 s\u1edf ch\u0103m s\u00f3c trung gian).<\/p>\n\n\n\n<p>Quy tr\u00ecnh n\u00e0y s\u1ebd ho\u1ea1t \u0111\u1ed9ng nh\u01b0 sau:<\/p>\n\n\n\n<ul class=\"wp-block-list\"><li>Trung t\u00e2m khu v\u1ef1c x\u00e1c \u0111\u1ecbnh qu\u00fd v\u1ecb h\u1ed9i \u0111\u1ee7 \u0111i\u1ec1u ki\u1ec7n nh\u1eadn d\u1ecbch v\u1ee5 Mi\u1ec5n Tr\u1eeb DD nh\u01b0ng qu\u00fd v\u1ecb kh\u00f4ng h\u1ed9i \u0111\u1ee7 \u0111i\u1ec1u ki\u1ec7n tham gia Medi-Cal v\u00ec thu nh\u1eadp ho\u1eb7c ngu\u1ed3n l\u1ef1c c\u1ee7a cha m\u1eb9 ho\u1eb7c v\u1ee3\/ch\u1ed3ng c\u1ee7a qu\u00fd v\u1ecb.<\/li><li>Trung t\u00e2m khu v\u1ef1c li\u00ean h\u1ec7 v\u1edbi ng\u01b0\u1eddi li\u00ean l\u1ea1c mi\u1ec5n tr\u1eeb c\u1ee7a h\u1ea1t \u0111\u1ec3 h\u1ecfi xem qu\u00fd v\u1ecb c\u00f3 h\u1ed9i \u0111\u1ee7 \u0111i\u1ec1u ki\u1ec7n tham gia Medi-Cal kh\u00f4ng m\u00e0 kh\u00f4ng c\u1ea7n t\u00ednh thu nh\u1eadp c\u1ee7a cha m\u1eb9 ho\u1eb7c v\u1ee3\/ch\u1ed3ng c\u1ee7a qu\u00fd v\u1ecb. <span class=\"footnote_referrer\"><a role=\"button\" tabindex=\"0\" onclick=\"footnote_moveToReference_2302_1('footnote_plugin_reference_2302_1_1');\" onkeypress=\"footnote_moveToReference_2302_1('footnote_plugin_reference_2302_1_1');\" ><sup id=\"footnote_plugin_tooltip_2302_1_1\" class=\"footnote_plugin_tooltip_text\">[1]<\/sup><\/a><span id=\"footnote_plugin_tooltip_text_2302_1_1\" class=\"footnote_tooltip\">Quy tr\u00ecnh \u0111\u01b0\u1ee3c gi\u1ea3i th\u00edch trong Th\u01b0 c\u1ee7a Gi\u00e1m \u0110\u1ed1c Ph\u00fac L\u1ee3i T\u1ea5t C\u1ea3 C\u00e1c H\u1ea1t (All County Welfare Directors Letters, ACWDL) S\u1edf D\u1ecbch V\u1ee5 Ch\u0103m S\u00f3c S\u1ee9c Kh\u1ecfe c\u00e1c s\u1ed1&nbsp;&#x2026; <span class=\"footnote_tooltip_continue\"  onclick=\"footnote_moveToReference_2302_1('footnote_plugin_reference_2302_1_1');\">Continue reading<\/span><\/span><\/span><script type=\"text\/javascript\"> jQuery('#footnote_plugin_tooltip_2302_1_1').tooltip({ tip: '#footnote_plugin_tooltip_text_2302_1_1', tipClass: 'footnote_tooltip', effect: 'fade', predelay: 0, fadeInSpeed: 200, delay: 400, fadeOutSpeed: 200, position: 'top center', relative: true, offset: [-7, 0], });<\/script><\/li><li>Ng\u01b0\u1eddi li\u00ean l\u1ea1c mi\u1ec5n tr\u1eeb c\u1ee7a h\u1ea1t s\u1eed d\u1ee5ng vi\u1ec7c x\u00e1c \u0111\u1ecbnh tr\u1ee3 c\u1ea5p \u0111\u1ec3 xem x\u00e9t \u0111\u01a1n \u0111\u0103ng k\u00fd c\u1ee7a qu\u00fd v\u1ecb v\u00e0 s\u1ebd quy\u1ebft \u0111\u1ecbnh qu\u00fd v\u1ecb c\u00f3 h\u1ed9i \u0111\u1ee7 \u0111i\u1ec1u ki\u1ec7n nh\u1eadn Medi\u2011Cal mi\u1ec5n ph\u00ed ho\u1eb7c \u0111\u1ed3ng tr\u1ea3 chi ph\u00ed kh\u00f4ng. Xem C\u00e2u h\u1ecfi 13 v\u00e0 14 \u0111\u1ec3 bi\u1ebft khi n\u00e0o qu\u00fd v\u1ecb c\u00f3 th\u1ec3 nh\u1eadn Medi-Cal v\u1edbi m\u1ee9c \u0111\u1ed3ng tr\u1ea3 chi ph\u00ed.<\/li><li>N\u1ebfu qu\u00fd v\u1ecb h\u1ed9i \u0111\u1ee7 \u0111i\u1ec1u ki\u1ec7n, qu\u00fd v\u1ecb s\u1ebd \u0111\u1ee7 \u0111i\u1ec1u ki\u1ec7n nh\u1eadn Medi\u2011Cal theo m\u1ed9t quy t\u1eafc \u0111\u1eb7c bi\u1ec7t.<\/li><li>Medi-Cal c\u1ee7a qu\u00fd v\u1ecb s\u1ebd l\u00e0 \u201cto\u00e0n di\u1ec7n\u201d, ngh\u0129a l\u00e0 qu\u00fd v\u1ecb c\u00f3 th\u1ec3 kh\u00e1m b\u00e1c s\u0129, \u0111\u1ebfn b\u1ec7nh vi\u1ec7n v\u00e0 nh\u1eadn c\u00e1c d\u1ecbch v\u1ee5 Medi-Cal kh\u00e1c. Trung t\u00e2m khu v\u1ef1c c\u00f3 th\u1ec3 thanh to\u00e1n cho m\u1ed9t s\u1ed1 d\u1ecbch v\u1ee5 t\u1ea1i trung t\u00e2m khu v\u1ef1c c\u1ee7a qu\u00fd v\u1ecb b\u1eb1ng Medi-Cal.<\/li><\/ul>\n<div class=\"speaker-mute footnotes_reference_container\"> <div class=\"footnote_container_prepare\"><p><span role=\"button\" tabindex=\"0\" class=\"footnote_reference_container_label pointer\" onclick=\"footnote_expand_collapse_reference_container_2302_1();\">&#x202F;<\/span><span role=\"button\" tabindex=\"0\" class=\"footnote_reference_container_collapse_button\" style=\"display: none;\" onclick=\"footnote_expand_collapse_reference_container_2302_1();\">[<a id=\"footnote_reference_container_collapse_button_2302_1\">+<\/a>]<\/span><\/p><\/div> <div id=\"footnote_references_container_2302_1\" style=\"\"><table class=\"footnotes_table footnote-reference-container\"><caption class=\"accessibility\">References<\/caption> <tbody> \r\n\r\n<tr class=\"footnotes_plugin_reference_row\"> <th scope=\"row\" class=\"footnote_plugin_index_combi pointer\"  onclick=\"footnote_moveToAnchor_2302_1('footnote_plugin_tooltip_2302_1_1');\"><a id=\"footnote_plugin_reference_2302_1_1\" class=\"footnote_backlink\"><span class=\"footnote_index_arrow\">&#8593;<\/span>1<\/a><\/th> <td class=\"footnote_plugin_text\">Quy tr\u00ecnh \u0111\u01b0\u1ee3c gi\u1ea3i th\u00edch trong Th\u01b0 c\u1ee7a Gi\u00e1m \u0110\u1ed1c Ph\u00fac L\u1ee3i T\u1ea5t C\u1ea3 C\u00e1c H\u1ea1t (All County Welfare Directors Letters, ACWDL) S\u1edf D\u1ecbch V\u1ee5 Ch\u0103m S\u00f3c S\u1ee9c Kh\u1ecfe c\u00e1c s\u1ed1 00-08, 00-59, 01-24.<\/td><\/tr>\r\n\r\n <\/tbody> <\/table> <\/div><\/div><script type=\"text\/javascript\"> function footnote_expand_reference_container_2302_1() { jQuery('#footnote_references_container_2302_1').show(); jQuery('#footnote_reference_container_collapse_button_2302_1').text('\u2212'); } function footnote_collapse_reference_container_2302_1() { jQuery('#footnote_references_container_2302_1').hide(); jQuery('#footnote_reference_container_collapse_button_2302_1').text('+'); } function footnote_expand_collapse_reference_container_2302_1() { if (jQuery('#footnote_references_container_2302_1').is(':hidden')) { footnote_expand_reference_container_2302_1(); } else { footnote_collapse_reference_container_2302_1(); } } function footnote_moveToReference_2302_1(p_str_TargetID) { footnote_expand_reference_container_2302_1(); var l_obj_Target = jQuery('#' + p_str_TargetID); if (l_obj_Target.length) { jQuery( 'html, body' ).delay( 0 ); jQuery('html, body').animate({ scrollTop: l_obj_Target.offset().top - window.innerHeight * 0.2 }, 380); } } function footnote_moveToAnchor_2302_1(p_str_TargetID) { footnote_expand_reference_container_2302_1(); var l_obj_Target = jQuery('#' + p_str_TargetID); if (l_obj_Target.length) { jQuery( 'html, body' ).delay( 0 ); jQuery('html, body').animate({ scrollTop: l_obj_Target.offset().top - window.innerHeight * 0.2 }, 380); } }<\/script>","protected":false},"excerpt":{"rendered":"<p>Qu\u00fd v\u1ecb v\u1eabn c\u00f3 th\u1ec3 nh\u1eadn Medi-Cal theo Mi\u1ec5n Tr\u1eeb DD. M\u1ee5c \u0111\u00edch ch\u00ednh c\u1ee7a Mi\u1ec5n Tr\u1eeb DD l\u00e0 gi\u00fap qu\u00fd v\u1ecb kh\u00f4ng ph\u1ea3i v\u00e0o&hellip;<\/p>\n","protected":false},"author":1,"featured_media":0,"parent":2275,"menu_order":12,"comment_status":"closed","ping_status":"closed","template":"","meta":{"footnotes":""},"class_list":["post-2302","page","type-page","status-publish","hentry"],"_links":{"self":[{"href":"https:\/\/rula.disabilityrightsca.org\/vi\/wp-json\/wp\/v2\/pages\/2302","targetHints":{"allow":["GET"]}}],"collection":[{"href":"https:\/\/rula.disabilityrightsca.org\/vi\/wp-json\/wp\/v2\/pages"}],"about":[{"href":"https:\/\/rula.disabilityrightsca.org\/vi\/wp-json\/wp\/v2\/types\/page"}],"author":[{"embeddable":true,"href":"https:\/\/rula.disabilityrightsca.org\/vi\/wp-json\/wp\/v2\/users\/1"}],"replies":[{"embeddable":true,"href":"https:\/\/rula.disabilityrightsca.org\/vi\/wp-json\/wp\/v2\/comments?post=2302"}],"version-history":[{"count":4,"href":"https:\/\/rula.disabilityrightsca.org\/vi\/wp-json\/wp\/v2\/pages\/2302\/revisions"}],"predecessor-version":[{"id":3218,"href":"https:\/\/rula.disabilityrightsca.org\/vi\/wp-json\/wp\/v2\/pages\/2302\/revisions\/3218"}],"up":[{"embeddable":true,"href":"https:\/\/rula.disabilityrightsca.org\/vi\/wp-json\/wp\/v2\/pages\/2275"}],"wp:attachment":[{"href":"https:\/\/rula.disabilityrightsca.org\/vi\/wp-json\/wp\/v2\/media?parent=2302"}],"curies":[{"name":"wp","href":"https:\/\/api.w.org\/{rel}","templated":true}]}}