{"id":2300,"date":"2021-09-30T20:21:07","date_gmt":"2021-09-30T20:21:07","guid":{"rendered":"http:\/\/www.rula.disabilityrightsca.org\/vi\/?page_id=2300"},"modified":"2022-04-22T19:53:07","modified_gmt":"2022-04-22T19:53:07","slug":"11-11-would-parents-income-and-resources-normally-count-against-their-childs-medi-cal-eligibility","status":"publish","type":"page","link":"https:\/\/rula.disabilityrightsca.org\/vi\/rula-book\/chapter-11-the-medi-cal-developmental-disability-waiver\/11-11-would-parents-income-and-resources-normally-count-against-their-childs-medi-cal-eligibility\/","title":{"rendered":"(11.11) Thu nh\u1eadp v\u00e0 ngu\u1ed3n l\u1ef1c c\u1ee7a cha m\u1eb9 th\u01b0\u1eddng c\u00f3 \u0111\u01b0\u1ee3c t\u00ednh v\u00e0o kh\u1ea3 n\u0103ng h\u1ed9i \u0111\u1ee7 \u0111i\u1ec1u ki\u1ec7n tham gia Medi-Cal c\u1ee7a con h\u1ecd kh\u00f4ng?"},"content":{"rendered":"\n<p>C\u00f3. \u0110\u1ec3 h\u1ed9i \u0111\u1ee7 \u0111i\u1ec1u ki\u1ec7n tham gia Medi-Cal th\u00f4ng th\u01b0\u1eddng (kh\u00f4ng ph\u1ea3i Mi\u1ec5n Tr\u1eeb DD), tr\u1ebb th\u01b0\u1eddng \u1edf trong h\u1ed9 gia \u0111\u00ecnh c\u1ee7a cha m\u1eb9. Medi-Cal g\u1ecdi m\u1ed9t h\u1ed9 gia \u0111\u00ecnh l\u00e0 \u201c\u0110\u01a1n V\u1ecb Ng\u00e2n S\u00e1ch Gia \u0110\u00ecnh Medi-Cal\u201d hay MFBU. Khi tr\u1ebb \u1edf trong h\u1ed9 gia \u0111\u00ecnh (MFBU) v\u1edbi cha m\u1eb9, thu nh\u1eadp v\u00e0 ngu\u1ed3n l\u1ef1c c\u1ee7a cha m\u1eb9 \u0111\u01b0\u1ee3c t\u00ednh v\u00e0o kh\u1ea3 n\u0103ng h\u1ed9i \u0111\u1ee7 \u0111i\u1ec1u ki\u1ec7n tham gia Medi-Cal c\u1ee7a tr\u1ebb.<\/p>\n\n\n\n<p><strong>L\u01afU \u00dd:<\/strong>&nbsp;Qu\u00fd v\u1ecb l\u00e0 \u201ctr\u1ebb em\u201d \u0111\u1ed1i v\u1edbi Medi-Cal n\u1ebfu qu\u00fd v\u1ecb d\u01b0\u1edbi 18 tu\u1ed5i, ho\u1eb7c n\u1ebfu c\u1ea3 hai \u0111i\u1ec1u sau \u0111\u00e2y \u0111\u1ec1u \u0111\u00fang:<\/p>\n\n\n\n<ul class=\"wp-block-list\"><li>&nbsp;Qu\u00fd v\u1ecb 18 tu\u1ed5i tr\u1edf l\u00ean, nh\u01b0ng d\u01b0\u1edbi 21, v\u00e0<\/li><li>Cha m\u1eb9 c\u1ee7a qu\u00fd v\u1ecb tuy\u00ean b\u1ed1 qu\u00fd v\u1ecb l\u00e0 ng\u01b0\u1eddi ph\u1ee5 thu\u1ed9c \u0111\u1ec3 nh\u1eadn t\u00edn d\u1ee5ng thu\u1ebf ho\u1eb7c \u0111\u01b0\u1ee3c tr\u1eeb thu\u1ebf cho c\u00e1c m\u1ee5c \u0111\u00edch thu\u1ebf thu nh\u1eadp ti\u1ec3u bang ho\u1eb7c li\u00ean bang. <span class=\"footnote_referrer\"><a role=\"button\" tabindex=\"0\" onclick=\"footnote_moveToReference_2300_1('footnote_plugin_reference_2300_1_1');\" onkeypress=\"footnote_moveToReference_2300_1('footnote_plugin_reference_2300_1_1');\" ><sup id=\"footnote_plugin_tooltip_2300_1_1\" class=\"footnote_plugin_tooltip_text\">[1]<\/sup><\/a><span id=\"footnote_plugin_tooltip_text_2300_1_1\" class=\"footnote_tooltip\">22 B\u1ed9 Lu\u1eadt C\u00e1c Quy \u0110\u1ecbnh California \u00a7 50060 v\u00e0 \u00a7 50351(c)<\/span><\/span><script type=\"text\/javascript\"> jQuery('#footnote_plugin_tooltip_2300_1_1').tooltip({ tip: '#footnote_plugin_tooltip_text_2300_1_1', tipClass: 'footnote_tooltip', effect: 'fade', predelay: 0, fadeInSpeed: 200, delay: 400, fadeOutSpeed: 200, position: 'top center', relative: true, offset: [-7, 0], });<\/script><\/li><\/ul>\n\n\n\n<p>Qu\u00fd v\u1ecb c\u00f3 th\u1ec3 \u0111\u0103ng k\u00fd Mi\u1ec5n Tr\u1eeb DD th\u00f4ng qua vi\u1ec7c x\u00e1c \u0111\u1ecbnh tr\u1ee3 c\u1ea5p n\u1ebfu qu\u00fd v\u1ecb d\u01b0\u1edbi 21 tu\u1ed5i v\u00e0 cha m\u1eb9 qu\u00fd v\u1ecb x\u00e1c nh\u1eadn qu\u00fd v\u1ecb l\u00e0 ng\u01b0\u1eddi ph\u1ee5 thu\u1ed9c. <span class=\"footnote_referrer\"><a role=\"button\" tabindex=\"0\" onclick=\"footnote_moveToReference_2300_1('footnote_plugin_reference_2300_1_2');\" onkeypress=\"footnote_moveToReference_2300_1('footnote_plugin_reference_2300_1_2');\" ><sup id=\"footnote_plugin_tooltip_2300_1_2\" class=\"footnote_plugin_tooltip_text\">[2]<\/sup><\/a><span id=\"footnote_plugin_tooltip_text_2300_1_2\" class=\"footnote_tooltip\">ACWDL 00-59<\/span><\/span><script type=\"text\/javascript\"> jQuery('#footnote_plugin_tooltip_2300_1_2').tooltip({ tip: '#footnote_plugin_tooltip_text_2300_1_2', tipClass: 'footnote_tooltip', effect: 'fade', predelay: 0, fadeInSpeed: 200, delay: 400, fadeOutSpeed: 200, position: 'top center', relative: true, offset: [-7, 0], });<\/script> \u0110i\u1ec1u n\u00e0y c\u00f3 ngh\u0129a r\u1eb1ng qu\u00fd v\u1ecb l\u00e0 tr\u1ebb em \u0111\u1ed1i v\u1edbi Medi-Cal. Cha m\u1eb9 qu\u00fd v\u1ecb s\u1ebd c\u1ea7n cung c\u1ea5p th\u00f4ng tin v\u1ec1 thu nh\u1eadp v\u00e0 ngu\u1ed3n l\u1ef1c c\u1ee7a h\u1ecd trong \u0111\u01a1n \u0111\u0103ng k\u00fd. Xem&nbsp;<a href=\"https:\/\/rula.disabilityrightsca.org\/vi\/rula-book\/chapter-11-the-medi-cal-developmental-disability-waiver\/11-12-what-if-my-familys-income-is-too-high-to-qualify-for-medi-cal\/\">c\u00e2u h\u1ecfi 12<\/a>.<\/p>\n<div class=\"speaker-mute footnotes_reference_container\"> <div class=\"footnote_container_prepare\"><p><span role=\"button\" tabindex=\"0\" class=\"footnote_reference_container_label pointer\" onclick=\"footnote_expand_collapse_reference_container_2300_1();\">&#x202F;<\/span><span role=\"button\" tabindex=\"0\" class=\"footnote_reference_container_collapse_button\" style=\"display: none;\" onclick=\"footnote_expand_collapse_reference_container_2300_1();\">[<a id=\"footnote_reference_container_collapse_button_2300_1\">+<\/a>]<\/span><\/p><\/div> <div id=\"footnote_references_container_2300_1\" style=\"\"><table class=\"footnotes_table footnote-reference-container\"><caption class=\"accessibility\">References<\/caption> <tbody> \r\n\r\n<tr class=\"footnotes_plugin_reference_row\"> <th scope=\"row\" class=\"footnote_plugin_index_combi pointer\"  onclick=\"footnote_moveToAnchor_2300_1('footnote_plugin_tooltip_2300_1_1');\"><a id=\"footnote_plugin_reference_2300_1_1\" class=\"footnote_backlink\"><span class=\"footnote_index_arrow\">&#8593;<\/span>1<\/a><\/th> <td class=\"footnote_plugin_text\">22 B\u1ed9 Lu\u1eadt C\u00e1c Quy \u0110\u1ecbnh California \u00a7 50060 v\u00e0 \u00a7 50351(c)<\/td><\/tr>\r\n\r\n<tr class=\"footnotes_plugin_reference_row\"> <th scope=\"row\" class=\"footnote_plugin_index_combi pointer\"  onclick=\"footnote_moveToAnchor_2300_1('footnote_plugin_tooltip_2300_1_2');\"><a id=\"footnote_plugin_reference_2300_1_2\" class=\"footnote_backlink\"><span class=\"footnote_index_arrow\">&#8593;<\/span>2<\/a><\/th> <td class=\"footnote_plugin_text\">ACWDL 00-59<\/td><\/tr>\r\n\r\n <\/tbody> <\/table> <\/div><\/div><script type=\"text\/javascript\"> function footnote_expand_reference_container_2300_1() { jQuery('#footnote_references_container_2300_1').show(); jQuery('#footnote_reference_container_collapse_button_2300_1').text('\u2212'); } function footnote_collapse_reference_container_2300_1() { jQuery('#footnote_references_container_2300_1').hide(); jQuery('#footnote_reference_container_collapse_button_2300_1').text('+'); } function footnote_expand_collapse_reference_container_2300_1() { if (jQuery('#footnote_references_container_2300_1').is(':hidden')) { footnote_expand_reference_container_2300_1(); } else { footnote_collapse_reference_container_2300_1(); } } function footnote_moveToReference_2300_1(p_str_TargetID) { footnote_expand_reference_container_2300_1(); var l_obj_Target = jQuery('#' + p_str_TargetID); if (l_obj_Target.length) { jQuery( 'html, body' ).delay( 0 ); jQuery('html, body').animate({ scrollTop: l_obj_Target.offset().top - window.innerHeight * 0.2 }, 380); } } function footnote_moveToAnchor_2300_1(p_str_TargetID) { footnote_expand_reference_container_2300_1(); var l_obj_Target = jQuery('#' + p_str_TargetID); if (l_obj_Target.length) { jQuery( 'html, body' ).delay( 0 ); jQuery('html, body').animate({ scrollTop: l_obj_Target.offset().top - window.innerHeight * 0.2 }, 380); } }<\/script>","protected":false},"excerpt":{"rendered":"<p>C\u00f3. \u0110\u1ec3 h\u1ed9i \u0111\u1ee7 \u0111i\u1ec1u ki\u1ec7n tham gia Medi-Cal th\u00f4ng th\u01b0\u1eddng (kh\u00f4ng ph\u1ea3i Mi\u1ec5n Tr\u1eeb DD), tr\u1ebb th\u01b0\u1eddng \u1edf trong h\u1ed9 gia \u0111\u00ecnh c\u1ee7a cha&hellip;<\/p>\n","protected":false},"author":1,"featured_media":0,"parent":2275,"menu_order":11,"comment_status":"closed","ping_status":"closed","template":"","meta":{"footnotes":""},"class_list":["post-2300","page","type-page","status-publish","hentry"],"_links":{"self":[{"href":"https:\/\/rula.disabilityrightsca.org\/vi\/wp-json\/wp\/v2\/pages\/2300","targetHints":{"allow":["GET"]}}],"collection":[{"href":"https:\/\/rula.disabilityrightsca.org\/vi\/wp-json\/wp\/v2\/pages"}],"about":[{"href":"https:\/\/rula.disabilityrightsca.org\/vi\/wp-json\/wp\/v2\/types\/page"}],"author":[{"embeddable":true,"href":"https:\/\/rula.disabilityrightsca.org\/vi\/wp-json\/wp\/v2\/users\/1"}],"replies":[{"embeddable":true,"href":"https:\/\/rula.disabilityrightsca.org\/vi\/wp-json\/wp\/v2\/comments?post=2300"}],"version-history":[{"count":4,"href":"https:\/\/rula.disabilityrightsca.org\/vi\/wp-json\/wp\/v2\/pages\/2300\/revisions"}],"predecessor-version":[{"id":3217,"href":"https:\/\/rula.disabilityrightsca.org\/vi\/wp-json\/wp\/v2\/pages\/2300\/revisions\/3217"}],"up":[{"embeddable":true,"href":"https:\/\/rula.disabilityrightsca.org\/vi\/wp-json\/wp\/v2\/pages\/2275"}],"wp:attachment":[{"href":"https:\/\/rula.disabilityrightsca.org\/vi\/wp-json\/wp\/v2\/media?parent=2300"}],"curies":[{"name":"wp","href":"https:\/\/api.w.org\/{rel}","templated":true}]}}