{"id":2298,"date":"2021-09-30T20:19:46","date_gmt":"2021-09-30T20:19:46","guid":{"rendered":"http:\/\/www.rula.disabilityrightsca.org\/vi\/?page_id=2298"},"modified":"2022-04-22T19:52:55","modified_gmt":"2022-04-22T19:52:55","slug":"11-10-is-it-better-for-some-people-not-to-be-on-the-dd-waiver","status":"publish","type":"page","link":"https:\/\/rula.disabilityrightsca.org\/vi\/rula-book\/chapter-11-the-medi-cal-developmental-disability-waiver\/11-10-is-it-better-for-some-people-not-to-be-on-the-dd-waiver\/","title":{"rendered":"(11.10) C\u00f3 ph\u1ea3i m\u1ed9t s\u1ed1 ng\u01b0\u1eddi kh\u00f4ng n\u00ean tham gia Mi\u1ec5n Tr\u1eeb DD hay kh\u00f4ng?"},"content":{"rendered":"\n<p>C\u00f3. N\u1ebfu qu\u00fd v\u1ecb l\u00e0 kh\u00e1ch h\u00e0ng c\u1ee7a trung t\u00e2m khu v\u1ef1c \u0111\u00e3 tham gia m\u1ed9t v\u1ee5 ki\u1ec7n v\u00ec th\u01b0\u01a1ng t\u00edch, qu\u00fd v\u1ecb c\u00f3 th\u1ec3 kh\u00f4ng mu\u1ed1n tham gia Mi\u1ec5n Tr\u1eeb DD.<\/p>\n\n\n\n<p>B\u1ea5t k\u1ef3 d\u1ecbch v\u1ee5 Medi-Cal n\u00e0o qu\u00fd v\u1ecb nh\u1eadn cho th\u01b0\u01a1ng t\u00edch v\u00e0 vi\u1ec7c ph\u1ee5c h\u1ed3i c\u1ee7a qu\u00fd v\u1ecb c\u00f3 th\u1ec3 b\u1ecb tr\u1eeb v\u00e0o s\u1ed1 ti\u1ec1n qu\u00fd v\u1ecb th\u1eafng \u0111\u01b0\u1ee3c trong v\u1ee5 ki\u1ec7n. <span class=\"footnote_referrer\"><a role=\"button\" tabindex=\"0\" onclick=\"footnote_moveToReference_2298_1('footnote_plugin_reference_2298_1_1');\" onkeypress=\"footnote_moveToReference_2298_1('footnote_plugin_reference_2298_1_1');\" ><sup id=\"footnote_plugin_tooltip_2298_1_1\" class=\"footnote_plugin_tooltip_text\">[1]<\/sup><\/a><span id=\"footnote_plugin_tooltip_text_2298_1_1\" class=\"footnote_tooltip\">California nh\u1ea5t tr\u00ed v\u1edbi \u00fd ki\u1ebfn c\u1ee7a Disability Right California r\u1eb1ng chi ph\u00ed c\u1ee7a c\u00e1c d\u1ecbch v\u1ee5 Can Thi\u1ec7p S\u1edbm (\u0110\u1ea1o Lu\u1eadt Gi\u00e1o D\u1ee5c Ng\u01b0\u1eddi Khuy\u1ebft T\u1eadt Ph\u1ea7n C) kh\u00f4ng&nbsp;&#x2026; <span class=\"footnote_tooltip_continue\"  onclick=\"footnote_moveToReference_2298_1('footnote_plugin_reference_2298_1_1');\">Continue reading<\/span><\/span><\/span><script type=\"text\/javascript\"> jQuery('#footnote_plugin_tooltip_2298_1_1').tooltip({ tip: '#footnote_plugin_tooltip_text_2298_1_1', tipClass: 'footnote_tooltip', effect: 'fade', predelay: 0, fadeInSpeed: 200, delay: 400, fadeOutSpeed: 200, position: 'top center', relative: true, offset: [-7, 0], });<\/script> B\u1ea3o hi\u1ec3m theo Mi\u1ec5n Tr\u1eeb DD&nbsp;<em>c\u00f3 th\u1ec3<\/em>&nbsp;gi\u1ea3m b\u1edbt s\u1ed1 ti\u1ec1n qu\u00fd v\u1ecb nh\u1eadn \u0111\u01b0\u1ee3c t\u1eeb v\u1ee5 ki\u1ec7n. H\u00e3y trao \u0111\u1ed5i v\u1edbi lu\u1eadt s\u01b0 v\u00e0 \u0111i\u1ec1u ph\u1ed1i vi\u00ean d\u1ecbch v\u1ee5 t\u1ea1i trung t\u00e2m khu v\u1ef1c c\u1ee7a qu\u00fd v\u1ecb.<\/p>\n<div class=\"speaker-mute footnotes_reference_container\"> <div class=\"footnote_container_prepare\"><p><span role=\"button\" tabindex=\"0\" class=\"footnote_reference_container_label pointer\" onclick=\"footnote_expand_collapse_reference_container_2298_1();\">&#x202F;<\/span><span role=\"button\" tabindex=\"0\" class=\"footnote_reference_container_collapse_button\" style=\"display: none;\" onclick=\"footnote_expand_collapse_reference_container_2298_1();\">[<a id=\"footnote_reference_container_collapse_button_2298_1\">+<\/a>]<\/span><\/p><\/div> <div id=\"footnote_references_container_2298_1\" style=\"\"><table class=\"footnotes_table footnote-reference-container\"><caption class=\"accessibility\">References<\/caption> <tbody> \r\n\r\n<tr class=\"footnotes_plugin_reference_row\"> <th scope=\"row\" class=\"footnote_plugin_index_combi pointer\"  onclick=\"footnote_moveToAnchor_2298_1('footnote_plugin_tooltip_2298_1_1');\"><a id=\"footnote_plugin_reference_2298_1_1\" class=\"footnote_backlink\"><span class=\"footnote_index_arrow\">&#8593;<\/span>1<\/a><\/th> <td class=\"footnote_plugin_text\">California nh\u1ea5t tr\u00ed v\u1edbi \u00fd ki\u1ebfn c\u1ee7a Disability Right California r\u1eb1ng chi ph\u00ed c\u1ee7a c\u00e1c d\u1ecbch v\u1ee5 Can Thi\u1ec7p S\u1edbm (\u0110\u1ea1o Lu\u1eadt Gi\u00e1o D\u1ee5c Ng\u01b0\u1eddi Khuy\u1ebft T\u1eadt Ph\u1ea7n C) kh\u00f4ng \u0111\u01b0\u1ee3c ho\u00e0n tr\u1ea3.<\/td><\/tr>\r\n\r\n <\/tbody> <\/table> <\/div><\/div><script type=\"text\/javascript\"> function footnote_expand_reference_container_2298_1() { jQuery('#footnote_references_container_2298_1').show(); jQuery('#footnote_reference_container_collapse_button_2298_1').text('\u2212'); } function footnote_collapse_reference_container_2298_1() { jQuery('#footnote_references_container_2298_1').hide(); jQuery('#footnote_reference_container_collapse_button_2298_1').text('+'); } function footnote_expand_collapse_reference_container_2298_1() { if (jQuery('#footnote_references_container_2298_1').is(':hidden')) { footnote_expand_reference_container_2298_1(); } else { footnote_collapse_reference_container_2298_1(); } } function footnote_moveToReference_2298_1(p_str_TargetID) { footnote_expand_reference_container_2298_1(); var l_obj_Target = jQuery('#' + p_str_TargetID); if (l_obj_Target.length) { jQuery( 'html, body' ).delay( 0 ); jQuery('html, body').animate({ scrollTop: l_obj_Target.offset().top - window.innerHeight * 0.2 }, 380); } } function footnote_moveToAnchor_2298_1(p_str_TargetID) { footnote_expand_reference_container_2298_1(); var l_obj_Target = jQuery('#' + p_str_TargetID); if (l_obj_Target.length) { jQuery( 'html, body' ).delay( 0 ); jQuery('html, body').animate({ scrollTop: l_obj_Target.offset().top - window.innerHeight * 0.2 }, 380); } }<\/script>","protected":false},"excerpt":{"rendered":"<p>C\u00f3. N\u1ebfu qu\u00fd v\u1ecb l\u00e0 kh\u00e1ch h\u00e0ng c\u1ee7a trung t\u00e2m khu v\u1ef1c \u0111\u00e3 tham gia m\u1ed9t v\u1ee5 ki\u1ec7n v\u00ec th\u01b0\u01a1ng t\u00edch, qu\u00fd v\u1ecb c\u00f3 th\u1ec3&hellip;<\/p>\n","protected":false},"author":1,"featured_media":0,"parent":2275,"menu_order":10,"comment_status":"closed","ping_status":"closed","template":"","meta":{"footnotes":""},"class_list":["post-2298","page","type-page","status-publish","hentry"],"_links":{"self":[{"href":"https:\/\/rula.disabilityrightsca.org\/vi\/wp-json\/wp\/v2\/pages\/2298","targetHints":{"allow":["GET"]}}],"collection":[{"href":"https:\/\/rula.disabilityrightsca.org\/vi\/wp-json\/wp\/v2\/pages"}],"about":[{"href":"https:\/\/rula.disabilityrightsca.org\/vi\/wp-json\/wp\/v2\/types\/page"}],"author":[{"embeddable":true,"href":"https:\/\/rula.disabilityrightsca.org\/vi\/wp-json\/wp\/v2\/users\/1"}],"replies":[{"embeddable":true,"href":"https:\/\/rula.disabilityrightsca.org\/vi\/wp-json\/wp\/v2\/comments?post=2298"}],"version-history":[{"count":3,"href":"https:\/\/rula.disabilityrightsca.org\/vi\/wp-json\/wp\/v2\/pages\/2298\/revisions"}],"predecessor-version":[{"id":3216,"href":"https:\/\/rula.disabilityrightsca.org\/vi\/wp-json\/wp\/v2\/pages\/2298\/revisions\/3216"}],"up":[{"embeddable":true,"href":"https:\/\/rula.disabilityrightsca.org\/vi\/wp-json\/wp\/v2\/pages\/2275"}],"wp:attachment":[{"href":"https:\/\/rula.disabilityrightsca.org\/vi\/wp-json\/wp\/v2\/media?parent=2298"}],"curies":[{"name":"wp","href":"https:\/\/api.w.org\/{rel}","templated":true}]}}