{"id":2296,"date":"2021-09-30T20:18:39","date_gmt":"2021-09-30T20:18:39","guid":{"rendered":"http:\/\/www.rula.disabilityrightsca.org\/vi\/?page_id=2296"},"modified":"2022-04-22T19:52:43","modified_gmt":"2022-04-22T19:52:43","slug":"11-9-is-it-a-good-idea-to-get-dd-waiver-services-if-i-am-eligible","status":"publish","type":"page","link":"https:\/\/rula.disabilityrightsca.org\/vi\/rula-book\/chapter-11-the-medi-cal-developmental-disability-waiver\/11-9-is-it-a-good-idea-to-get-dd-waiver-services-if-i-am-eligible\/","title":{"rendered":"(11.9) Vi\u1ec7c nh\u1eadn d\u1ecbch v\u1ee5 Mi\u1ec5n Tr\u1eeb DD n\u1ebfu t\u00f4i h\u1ed9i \u0111\u1ee7 \u0111i\u1ec1u ki\u1ec7n c\u00f3 ph\u1ea3i l\u00e0 \u00fd hay kh\u00f4ng?"},"content":{"rendered":"\n<p>C\u00f3. N\u1ebfu qu\u00fd v\u1ecb \u0111\u1ee7 h\u1ed9i \u0111i\u1ec1u ki\u1ec7n nh\u1eadn d\u1ecbch v\u1ee5 Mi\u1ec5n Tr\u1eeb DD, qu\u00fd v\u1ecb s\u1ebd h\u01b0\u1edfng l\u1ee3i theo nh\u1eefng c\u00e1ch sau:<\/p>\n\n\n\n<p>D\u1ecbch v\u1ee5 Mi\u1ec5n Tr\u1eeb DD kh\u00f4ng b\u1ecb gi\u1edbi h\u1ea1n.Trung t\u00e2m khu v\u1ef1c kh\u00f4ng th\u1ec3 gi\u1edbi h\u1ea1n c\u00e1c d\u1ecbch v\u1ee5 mi\u1ec5n tr\u1eeb m\u00e0 h\u1ecd cung c\u1ea5p. \u0110\u00f3 l\u00e0 v\u00ec, c\u00e1c d\u1ecbch v\u1ee5 Medi-Cal \u0111\u01b0\u1ee3c cung c\u1ea5p \u1edf m\u1ed9t khu v\u1ef1c trong ti\u1ec3u bang th\u00ec ph\u1ea3i \u0111\u01b0\u1ee3c cung c\u1ea5p \u1edf m\u1ecdi khu v\u1ef1c c\u1ee7a ti\u1ec3u bang. \u0110\u00e2y \u0111\u01b0\u1ee3c g\u1ecdi l\u00e0 y\u00eau c\u1ea7u \u201cto\u00e0n ti\u1ec3u bang\u201d. <span class=\"footnote_referrer\"><a role=\"button\" tabindex=\"0\" onclick=\"footnote_moveToReference_2296_1('footnote_plugin_reference_2296_1_1');\" onkeypress=\"footnote_moveToReference_2296_1('footnote_plugin_reference_2296_1_1');\" ><sup id=\"footnote_plugin_tooltip_2296_1_1\" class=\"footnote_plugin_tooltip_text\">[1]<\/sup><\/a><span id=\"footnote_plugin_tooltip_text_2296_1_1\" class=\"footnote_tooltip\">42 B\u1ed9 Lu\u1eadt Hoa K\u1ef3 \u00a7 1396a(a)(1) (y\u00eau c\u1ea7u to\u00e0n ti\u1ec3u bang).<\/span><\/span><script type=\"text\/javascript\"> jQuery('#footnote_plugin_tooltip_2296_1_1').tooltip({ tip: '#footnote_plugin_tooltip_text_2296_1_1', tipClass: 'footnote_tooltip', effect: 'fade', predelay: 0, fadeInSpeed: 200, delay: 400, fadeOutSpeed: 200, position: 'top center', relative: true, offset: [-7, 0], });<\/script> V\u00ec v\u1eady, c\u00e1c trung t\u00e2m khu v\u1ef1c \u0111\u1ec1u ph\u1ea3i cung c\u1ea5p c\u00f9ng c\u00e1c d\u1ecbch v\u1ee5 Mi\u1ec5n Tr\u1eeb DD cho kh\u00e1ch h\u00e0ng.<\/p>\n\n\n\n<p>Trung t\u00e2m khu v\u1ef1c kh\u00f4ng th\u1ec3 s\u1eed d\u1ee5ng h\u01b0\u1edbng d\u1eabn Mua D\u1ecbch V\u1ee5 (Purchase of Service, POS) \u0111\u1ec3 gi\u1edbi h\u1ea1n l\u01b0\u1ee3ng ho\u1eb7c lo\u1ea1i d\u1ecbch v\u1ee5 qu\u00fd v\u1ecb nh\u1eadn trong mi\u1ec5n tr\u1eeb DD.M\u1ed7i trung t\u00e2m khu v\u1ef1c \u0111\u1ec1u c\u00f3 h\u01b0\u1edbng d\u1eabn POS nh\u01b0ng h\u01b0\u1edbng d\u1eabn n\u00e0y kh\u00f4ng th\u1ec3 ki\u1ec3m so\u00e1t d\u1ecbch v\u1ee5 qu\u00fd v\u1ecb nh\u1eadn. Qu\u00fd v\u1ecb c\u00f3 quy\u1ec1n nh\u1eadn c\u00e1c d\u1ecbch v\u1ee5 v\u00e0 s\u1ef1 h\u1ed7 tr\u1ee3 qu\u00fd v\u1ecb c\u1ea7n v\u00e0 \u0111\u01b0\u1ee3c li\u1ec7t k\u00ea trong K\u1ebf Ho\u1ea1ch Ch\u01b0\u01a1ng Tr\u00ecnh C\u00e1 Nh\u00e2n (Individual Program Plan, IPP) c\u1ee7a qu\u00fd v\u1ecb. IPP c\u1ee7a qu\u00fd v\u1ecb,&nbsp;<em>kh\u00f4ng ph\u1ea3i h\u01b0\u1edbng d\u1eabn POS,&nbsp;<\/em>ki\u1ec3m so\u00e1t c\u00e1c d\u1ecbch v\u1ee5 qu\u00fd v\u1ecb c\u00f3 th\u1ec3 nh\u1eadn trong c\u1ea3 Mi\u1ec5n Tr\u1eeb DD v\u00e0 \u0110\u1ea1o Lu\u1eadt Lanterman. <span class=\"footnote_referrer\"><a role=\"button\" tabindex=\"0\" onclick=\"footnote_moveToReference_2296_1('footnote_plugin_reference_2296_1_2');\" onkeypress=\"footnote_moveToReference_2296_1('footnote_plugin_reference_2296_1_2');\" ><sup id=\"footnote_plugin_tooltip_2296_1_2\" class=\"footnote_plugin_tooltip_text\">[2]<\/sup><\/a><span id=\"footnote_plugin_tooltip_text_2296_1_2\" class=\"footnote_tooltip\">Williams ki\u1ec7n Macomber 226 B\u00e1o C\u00e1o Ph\u00fac Th\u1ea9m C\u1ee7a California s\u1ed1 3 225, 233 (1990).<\/span><\/span><script type=\"text\/javascript\"> jQuery('#footnote_plugin_tooltip_2296_1_2').tooltip({ tip: '#footnote_plugin_tooltip_text_2296_1_2', tipClass: 'footnote_tooltip', effect: 'fade', predelay: 0, fadeInSpeed: 200, delay: 400, fadeOutSpeed: 200, position: 'top center', relative: true, offset: [-7, 0], });<\/script><\/p>\n\n\n\n<p>Trung t\u00e2m khu v\u1ef1c kh\u00f4ng th\u1ec3 s\u1eed d\u1ee5ng h\u01b0\u1edbng d\u1eabn Mua D\u1ecbch V\u1ee5 (Purchase of Service, POS) \u0111\u1ec3 gi\u1edbi h\u1ea1n l\u01b0\u1ee3ng ho\u1eb7c lo\u1ea1i d\u1ecbch v\u1ee5 qu\u00fd v\u1ecb nh\u1eadn trong mi\u1ec5n tr\u1eeb DD.M\u1ed7i trung t\u00e2m khu v\u1ef1c \u0111\u1ec1u c\u00f3 h\u01b0\u1edbng d\u1eabn POS nh\u01b0ng h\u01b0\u1edbng d\u1eabn n\u00e0y kh\u00f4ng th\u1ec3 ki\u1ec3m so\u00e1t d\u1ecbch v\u1ee5 qu\u00fd v\u1ecb nh\u1eadn. Qu\u00fd v\u1ecb c\u00f3 quy\u1ec1n nh\u1eadn c\u00e1c d\u1ecbch v\u1ee5 v\u00e0 s\u1ef1 h\u1ed7 tr\u1ee3 qu\u00fd v\u1ecb c\u1ea7n v\u00e0 \u0111\u01b0\u1ee3c li\u1ec7t k\u00ea trong K\u1ebf Ho\u1ea1ch Ch\u01b0\u01a1ng Tr\u00ecnh C\u00e1 Nh\u00e2n (Individual Program Plan, IPP) c\u1ee7a qu\u00fd v\u1ecb. IPP c\u1ee7a qu\u00fd v\u1ecb,&nbsp;<em>kh\u00f4ng ph\u1ea3i h\u01b0\u1edbng d\u1eabn POS,&nbsp;<\/em>ki\u1ec3m so\u00e1t c\u00e1c d\u1ecbch v\u1ee5 qu\u00fd v\u1ecb c\u00f3 th\u1ec3 nh\u1eadn trong c\u1ea3 Mi\u1ec5n Tr\u1eeb DD v\u00e0 \u0110\u1ea1o Lu\u1eadt Lanterman. <span class=\"footnote_referrer\"><a role=\"button\" tabindex=\"0\" onclick=\"footnote_moveToReference_2296_1('footnote_plugin_reference_2296_1_3');\" onkeypress=\"footnote_moveToReference_2296_1('footnote_plugin_reference_2296_1_3');\" ><sup id=\"footnote_plugin_tooltip_2296_1_3\" class=\"footnote_plugin_tooltip_text\">[3]<\/sup><\/a><span id=\"footnote_plugin_tooltip_text_2296_1_3\" class=\"footnote_tooltip\">Williams ki\u1ec7n Macomber 226 B\u00e1o C\u00e1o Ph\u00fac Th\u1ea9m C\u1ee7a California s\u1ed1 3 225, 233 (1990).<\/span><\/span><script type=\"text\/javascript\"> jQuery('#footnote_plugin_tooltip_2296_1_3').tooltip({ tip: '#footnote_plugin_tooltip_text_2296_1_3', tipClass: 'footnote_tooltip', effect: 'fade', predelay: 0, fadeInSpeed: 200, delay: 400, fadeOutSpeed: 200, position: 'top center', relative: true, offset: [-7, 0], });<\/script><\/p>\n\n\n\n<p>Tr\u1ebb em nh\u1eadn Medi-Cal theo Mi\u1ec5n Tr\u1eeb DD c\u00f3 c\u00e1c h\u1ea1ng m\u1ee5c b\u1ea3o v\u1ec7 b\u1ed5 sung.<\/p>\n\n\n\n<p>N\u1ebfu tr\u1ebb kh\u00f4ng c\u00f2n h\u1ed9i \u0111\u1ee7 \u0111i\u1ec1u ki\u1ec7n nh\u1eadn d\u1ecbch v\u1ee5 Mi\u1ec5n Tr\u1eeb DD, Medi-Cal ph\u1ea3i th\u1ef1c hi\u1ec7n m\u1ed9t qu\u00e1 tr\u00ecnh \u201cx\u00e1c \u0111\u1ecbnh l\u1ea1i\u201d \u0111\u1ec3 xem tr\u1ebb c\u00f3 h\u1ed9i \u0111\u1ee7 \u0111i\u1ec1u ki\u1ec7n tham gia Medi-Cal theo ch\u01b0\u01a1ng tr\u00ecnh kh\u00e1c tr\u01b0\u1edbc khi Medi-Cal ch\u1ea5m d\u1ee9t d\u1ecbch v\u1ee5 hay kh\u00f4ng. <span class=\"footnote_referrer\"><a role=\"button\" tabindex=\"0\" onclick=\"footnote_moveToReference_2296_1('footnote_plugin_reference_2296_1_4');\" onkeypress=\"footnote_moveToReference_2296_1('footnote_plugin_reference_2296_1_4');\" ><sup id=\"footnote_plugin_tooltip_2296_1_4\" class=\"footnote_plugin_tooltip_text\">[4]<\/sup><\/a><span id=\"footnote_plugin_tooltip_text_2296_1_4\" class=\"footnote_tooltip\">B\u1ed9 Lu\u1eadt Ph\u00fac L\u1ee3i &amp; \u0110\u1ecbnh Ch\u1ebf \u00a7 14005.37(d).<\/span><\/span><script type=\"text\/javascript\"> jQuery('#footnote_plugin_tooltip_2296_1_4').tooltip({ tip: '#footnote_plugin_tooltip_text_2296_1_4', tipClass: 'footnote_tooltip', effect: 'fade', predelay: 0, fadeInSpeed: 200, delay: 400, fadeOutSpeed: 200, position: 'top center', relative: true, offset: [-7, 0], });<\/script><\/p>\n\n\n\n<p>Tr\u1ebb em c\u0169ng \u0111\u01b0\u1ee3c b\u1ea3o v\u1ec7 theo c\u00e1c quy \u0111\u1ecbnh v\u1ec1 \u201cT\u00ednh \u0110\u1ee7 \u0110i\u1ec1u Ki\u1ec7n Li\u00ean T\u1ee5c cho Tr\u1ebb Em\u201d c\u1ee7a Medi-Cal. \u0110i\u1ec1u n\u00e0y c\u00f3 ngh\u0129a l\u00e0 b\u1ea3o hi\u1ec3m Medi-Cal ph\u1ea3i ti\u1ebfp t\u1ee5c mi\u1ec5n ph\u00ed trong t\u1ed1i \u0111a 12 th\u00e1ng sau khi tr\u1ebb \u0111\u01b0\u1ee3c k\u1ebft lu\u1eadn l\u00e0 kh\u00f4ng c\u00f2n h\u1ed9i \u0111\u1ee7 \u0111i\u1ec1u ki\u1ec7n nh\u1eadn b\u1ea5t c\u1ee9 b\u1ea3o hi\u1ec3m n\u00e0o theo Medi-Cal. <span class=\"footnote_referrer\"><a role=\"button\" tabindex=\"0\" onclick=\"footnote_moveToReference_2296_1('footnote_plugin_reference_2296_1_5');\" onkeypress=\"footnote_moveToReference_2296_1('footnote_plugin_reference_2296_1_5');\" ><sup id=\"footnote_plugin_tooltip_2296_1_5\" class=\"footnote_plugin_tooltip_text\">[5]<\/sup><\/a><span id=\"footnote_plugin_tooltip_text_2296_1_5\" class=\"footnote_tooltip\">B\u1ed9 Lu\u1eadt Ph\u00fac L\u1ee3i &amp; \u0110\u1ecbnh Ch\u1ebf \u00a7 14005.25; DHCS ACWDL s\u1ed1 14-05.<\/span><\/span><script type=\"text\/javascript\"> jQuery('#footnote_plugin_tooltip_2296_1_5').tooltip({ tip: '#footnote_plugin_tooltip_text_2296_1_5', tipClass: 'footnote_tooltip', effect: 'fade', predelay: 0, fadeInSpeed: 200, delay: 400, fadeOutSpeed: 200, position: 'top center', relative: true, offset: [-7, 0], });<\/script><\/p>\n\n\n\n<p>Tr\u1ebb em c\u0169ng \u0111\u01b0\u1ee3c b\u1ea3o v\u1ec7 theo c\u00e1c quy \u0111\u1ecbnh v\u1ec1 \u201cT\u00ednh \u0110\u1ee7 \u0110i\u1ec1u Ki\u1ec7n Li\u00ean T\u1ee5c cho Tr\u1ebb Em\u201d c\u1ee7a Medi-Cal. \u0110i\u1ec1u n\u00e0y c\u00f3 ngh\u0129a l\u00e0 b\u1ea3o hi\u1ec3m Medi-Cal ph\u1ea3i ti\u1ebfp t\u1ee5c mi\u1ec5n ph\u00ed trong t\u1ed1i \u0111a 12 th\u00e1ng sau khi tr\u1ebb \u0111\u01b0\u1ee3c k\u1ebft lu\u1eadn l\u00e0 kh\u00f4ng c\u00f2n h\u1ed9i \u0111\u1ee7 \u0111i\u1ec1u ki\u1ec7n nh\u1eadn b\u1ea5t c\u1ee9 b\u1ea3o hi\u1ec3m n\u00e0o theo Medi-Cal. <span class=\"footnote_referrer\"><a role=\"button\" tabindex=\"0\" onclick=\"footnote_moveToReference_2296_1('footnote_plugin_reference_2296_1_6');\" onkeypress=\"footnote_moveToReference_2296_1('footnote_plugin_reference_2296_1_6');\" ><sup id=\"footnote_plugin_tooltip_2296_1_6\" class=\"footnote_plugin_tooltip_text\">[6]<\/sup><\/a><span id=\"footnote_plugin_tooltip_text_2296_1_6\" class=\"footnote_tooltip\">B\u1ed9 Lu\u1eadt Ph\u00fac L\u1ee3i &amp; \u0110\u1ecbnh Ch\u1ebf \u00a7 14005.25; DHCS ACWDL s\u1ed1 14-05.<\/span><\/span><script type=\"text\/javascript\"> jQuery('#footnote_plugin_tooltip_2296_1_6').tooltip({ tip: '#footnote_plugin_tooltip_text_2296_1_6', tipClass: 'footnote_tooltip', effect: 'fade', predelay: 0, fadeInSpeed: 200, delay: 400, fadeOutSpeed: 200, position: 'top center', relative: true, offset: [-7, 0], });<\/script><\/p>\n\n\n\n<p><\/p>\n<div class=\"speaker-mute footnotes_reference_container\"> <div class=\"footnote_container_prepare\"><p><span role=\"button\" tabindex=\"0\" class=\"footnote_reference_container_label pointer\" onclick=\"footnote_expand_collapse_reference_container_2296_1();\">&#x202F;<\/span><span role=\"button\" tabindex=\"0\" class=\"footnote_reference_container_collapse_button\" style=\"display: none;\" onclick=\"footnote_expand_collapse_reference_container_2296_1();\">[<a id=\"footnote_reference_container_collapse_button_2296_1\">+<\/a>]<\/span><\/p><\/div> <div id=\"footnote_references_container_2296_1\" style=\"\"><table class=\"footnotes_table footnote-reference-container\"><caption class=\"accessibility\">References<\/caption> <tbody> \r\n\r\n<tr class=\"footnotes_plugin_reference_row\"> <th scope=\"row\" class=\"footnote_plugin_index_combi pointer\"  onclick=\"footnote_moveToAnchor_2296_1('footnote_plugin_tooltip_2296_1_1');\"><a id=\"footnote_plugin_reference_2296_1_1\" class=\"footnote_backlink\"><span class=\"footnote_index_arrow\">&#8593;<\/span>1<\/a><\/th> <td class=\"footnote_plugin_text\">42 B\u1ed9 Lu\u1eadt Hoa K\u1ef3 \u00a7 1396a(a)(1) (y\u00eau c\u1ea7u to\u00e0n ti\u1ec3u bang).<\/td><\/tr>\r\n\r\n<tr class=\"footnotes_plugin_reference_row\"> <th scope=\"row\" class=\"footnote_plugin_index_combi\" ><a id=\"footnote_plugin_reference_2296_1_2\" class=\"footnote_backlink\" onclick=\"footnote_moveToAnchor_2296_1('footnote_plugin_tooltip_2296_1_2');\"><span class=\"footnote_index_arrow\">&#8593;<\/span>2,<\/a> <a id=\"footnote_plugin_reference_2296_1_3\" class=\"footnote_backlink\" onclick=\"footnote_moveToAnchor_2296_1('footnote_plugin_tooltip_2296_1_3');\"><span class=\"footnote_index_arrow\">&#8593;<\/span>3<\/a><\/th> <td class=\"footnote_plugin_text\">Williams ki\u1ec7n Macomber 226 B\u00e1o C\u00e1o Ph\u00fac Th\u1ea9m C\u1ee7a California s\u1ed1 3 225, 233 (1990).<\/td><\/tr>\r\n\r\n<tr class=\"footnotes_plugin_reference_row\"> <th scope=\"row\" class=\"footnote_plugin_index_combi pointer\"  onclick=\"footnote_moveToAnchor_2296_1('footnote_plugin_tooltip_2296_1_4');\"><a id=\"footnote_plugin_reference_2296_1_4\" class=\"footnote_backlink\"><span class=\"footnote_index_arrow\">&#8593;<\/span>4<\/a><\/th> <td class=\"footnote_plugin_text\">B\u1ed9 Lu\u1eadt Ph\u00fac L\u1ee3i &amp; \u0110\u1ecbnh Ch\u1ebf \u00a7 14005.37(d).<\/td><\/tr>\r\n\r\n<tr class=\"footnotes_plugin_reference_row\"> <th scope=\"row\" class=\"footnote_plugin_index_combi\" ><a id=\"footnote_plugin_reference_2296_1_5\" class=\"footnote_backlink\" onclick=\"footnote_moveToAnchor_2296_1('footnote_plugin_tooltip_2296_1_5');\"><span class=\"footnote_index_arrow\">&#8593;<\/span>5,<\/a> <a id=\"footnote_plugin_reference_2296_1_6\" class=\"footnote_backlink\" onclick=\"footnote_moveToAnchor_2296_1('footnote_plugin_tooltip_2296_1_6');\"><span class=\"footnote_index_arrow\">&#8593;<\/span>6<\/a><\/th> <td class=\"footnote_plugin_text\">B\u1ed9 Lu\u1eadt Ph\u00fac L\u1ee3i &amp; \u0110\u1ecbnh Ch\u1ebf \u00a7 14005.25; DHCS ACWDL s\u1ed1 14-05.<\/td><\/tr>\r\n\r\n <\/tbody> <\/table> <\/div><\/div><script type=\"text\/javascript\"> function footnote_expand_reference_container_2296_1() { jQuery('#footnote_references_container_2296_1').show(); jQuery('#footnote_reference_container_collapse_button_2296_1').text('\u2212'); } function footnote_collapse_reference_container_2296_1() { jQuery('#footnote_references_container_2296_1').hide(); jQuery('#footnote_reference_container_collapse_button_2296_1').text('+'); } function footnote_expand_collapse_reference_container_2296_1() { if (jQuery('#footnote_references_container_2296_1').is(':hidden')) { footnote_expand_reference_container_2296_1(); } else { footnote_collapse_reference_container_2296_1(); } } function footnote_moveToReference_2296_1(p_str_TargetID) { footnote_expand_reference_container_2296_1(); var l_obj_Target = jQuery('#' + p_str_TargetID); if (l_obj_Target.length) { jQuery( 'html, body' ).delay( 0 ); jQuery('html, body').animate({ scrollTop: l_obj_Target.offset().top - window.innerHeight * 0.2 }, 380); } } function footnote_moveToAnchor_2296_1(p_str_TargetID) { footnote_expand_reference_container_2296_1(); var l_obj_Target = jQuery('#' + p_str_TargetID); if (l_obj_Target.length) { jQuery( 'html, body' ).delay( 0 ); jQuery('html, body').animate({ scrollTop: l_obj_Target.offset().top - window.innerHeight * 0.2 }, 380); } }<\/script>","protected":false},"excerpt":{"rendered":"<p>C\u00f3. N\u1ebfu qu\u00fd v\u1ecb \u0111\u1ee7 h\u1ed9i \u0111i\u1ec1u ki\u1ec7n nh\u1eadn d\u1ecbch v\u1ee5 Mi\u1ec5n Tr\u1eeb DD, qu\u00fd v\u1ecb s\u1ebd h\u01b0\u1edfng l\u1ee3i theo nh\u1eefng c\u00e1ch sau: D\u1ecbch v\u1ee5&hellip;<\/p>\n","protected":false},"author":1,"featured_media":0,"parent":2275,"menu_order":9,"comment_status":"closed","ping_status":"closed","template":"","meta":{"footnotes":""},"class_list":["post-2296","page","type-page","status-publish","hentry"],"_links":{"self":[{"href":"https:\/\/rula.disabilityrightsca.org\/vi\/wp-json\/wp\/v2\/pages\/2296","targetHints":{"allow":["GET"]}}],"collection":[{"href":"https:\/\/rula.disabilityrightsca.org\/vi\/wp-json\/wp\/v2\/pages"}],"about":[{"href":"https:\/\/rula.disabilityrightsca.org\/vi\/wp-json\/wp\/v2\/types\/page"}],"author":[{"embeddable":true,"href":"https:\/\/rula.disabilityrightsca.org\/vi\/wp-json\/wp\/v2\/users\/1"}],"replies":[{"embeddable":true,"href":"https:\/\/rula.disabilityrightsca.org\/vi\/wp-json\/wp\/v2\/comments?post=2296"}],"version-history":[{"count":7,"href":"https:\/\/rula.disabilityrightsca.org\/vi\/wp-json\/wp\/v2\/pages\/2296\/revisions"}],"predecessor-version":[{"id":3215,"href":"https:\/\/rula.disabilityrightsca.org\/vi\/wp-json\/wp\/v2\/pages\/2296\/revisions\/3215"}],"up":[{"embeddable":true,"href":"https:\/\/rula.disabilityrightsca.org\/vi\/wp-json\/wp\/v2\/pages\/2275"}],"wp:attachment":[{"href":"https:\/\/rula.disabilityrightsca.org\/vi\/wp-json\/wp\/v2\/media?parent=2296"}],"curies":[{"name":"wp","href":"https:\/\/api.w.org\/{rel}","templated":true}]}}