{"id":2294,"date":"2021-09-30T20:15:07","date_gmt":"2021-09-30T20:15:07","guid":{"rendered":"http:\/\/www.rula.disabilityrightsca.org\/vi\/?page_id=2294"},"modified":"2022-04-22T19:52:29","modified_gmt":"2022-04-22T19:52:29","slug":"11-8-how-do-i-apply-for-the-dd-waiver","status":"publish","type":"page","link":"https:\/\/rula.disabilityrightsca.org\/vi\/rula-book\/chapter-11-the-medi-cal-developmental-disability-waiver\/11-8-how-do-i-apply-for-the-dd-waiver\/","title":{"rendered":"(11.8) T\u00f4i \u0111\u0103ng k\u00fd Mi\u1ec5n Tr\u1eeb DD b\u1eb1ng c\u00e1ch n\u00e0o?"},"content":{"rendered":"\n<p>Qu\u00fd v\u1ecb c\u00f3 th\u1ec3 kh\u00f4ng c\u1ea7n \u0111\u0103ng k\u00fd. Trung t\u00e2m khu v\u1ef1c th\u01b0\u1eddng x\u00e1c \u0111\u1ecbnh nh\u1eefng ng\u01b0\u1eddi h\u1ed9i \u0111\u1ee7 \u0111i\u1ec1u ki\u1ec7n tham gia Mi\u1ec5n Tr\u1eeb DD. Trung t\u00e2m khu v\u1ef1c l\u00e0m \u0111i\u1ec1u n\u00e0y v\u00ec ch\u00ednh quy\u1ec1n li\u00ean bang s\u1ebd thanh to\u00e1n cho m\u1ed9t n\u1eeda c\u00e1c d\u1ecbch v\u1ee5 Mi\u1ec5n Tr\u1eeb DD c\u1ee7a qu\u00fd v\u1ecb. Vi\u1ec7c n\u00e0y gi\u00fap ti\u1ec3u bang c\u00f3 s\u1eb5n ti\u1ec1n.<\/p>\n\n\n\n<p>Tuy nhi\u00ean, n\u1ebfu trung t\u00e2m khu v\u1ef1c kh\u00f4ng x\u00e1c \u0111\u1ecbnh qu\u00fd v\u1ecb \u0111\u01b0\u1ee3c h\u01b0\u1edfng Mi\u1ec5n Tr\u1eeb DD, qu\u00fd v\u1ecb c\u00f3 th\u1ec3 t\u1ef1 \u0111\u0103ng k\u00fd. \u0110\u1ea3m b\u1ea3o trong IPP c\u1ee7a qu\u00fd v\u1ecb c\u00f3 d\u1ecbch v\u1ee5 \u0111\u01b0\u1ee3c ch\u01b0\u01a1ng tr\u00ecnh mi\u1ec5n tr\u1eeb DD bao tr\u1ea3. V\u00ed d\u1ee5 v\u1ec1 d\u1ecbch v\u1ee5 mi\u1ec5n tr\u1eeb l\u00e0 ch\u0103m s\u00f3c t\u1ea1m th\u1eddi ho\u1eb7c v\u00f2ng tay c\u1ea3nh b\u00e1o y t\u1ebf. Xem&nbsp;<a href=\"https:\/\/rula.disabilityrightsca.org\/vi\/rula-book\/chapter-11-the-medi-cal-developmental-disability-waiver\/11-25-what-services-does-the-dd-waiver-cover\/\">c\u00e2u h\u1ecfi 25<\/a>&nbsp;\u0111\u1ec3 bi\u1ebft c\u00e1c d\u1ecbch v\u1ee5 mi\u1ec5n tr\u1eeb kh\u00e1c.<\/p>\n\n\n\n<p>G\u1eedi th\u01b0 cho trung t\u00e2m khu v\u1ef1c c\u1ee7a qu\u00fd v\u1ecb, y\u00eau c\u1ea7u \u0111\u01b0\u1ee3c x\u00e1c \u0111\u1ecbnh l\u00e0 h\u1ed9i \u0111\u1ee7 \u0111i\u1ec1u ki\u1ec7n tham gia Mi\u1ec5n Tr\u1eeb&nbsp;DD \u0111\u1ec3 nh\u1eadn d\u1ecbch v\u1ee5 qu\u00fd v\u1ecb c\u1ea7n. V\u00e0 \u0111\u1ea3m b\u1ea3o r\u1eb1ng c\u00e1c d\u1ecbch v\u1ee5 Mi\u1ec5n Tr\u1eeb&nbsp;DD qu\u00fd v\u1ecb c\u1ea7n \u0111\u1ec1u c\u00f3 trong IPP c\u1ee7a qu\u00fd v\u1ecb. Xem&nbsp;<a href=\"https:\/\/rula.disabilityrightsca.org\/vi\/rula-book\/chapter-4-individual-program-plans\/\">Ch\u01b0\u01a1ng 4<\/a>. Trung t\u00e2m khu v\u1ef1c s\u1ebd g\u1eedi th\u01b0 cho qu\u00fd v\u1ecb \u0111\u1ec3 th\u00f4ng b\u00e1o qu\u00fd v\u1ecb c\u00f3 h\u1ed9i \u0111\u1ee7 \u0111i\u1ec1u ki\u1ec7n nh\u1eadn d\u1ecbch v\u1ee5 Mi\u1ec5n Tr\u1eeb DD kh\u00f4ng.<\/p>\n","protected":false},"excerpt":{"rendered":"<p>Qu\u00fd v\u1ecb c\u00f3 th\u1ec3 kh\u00f4ng c\u1ea7n \u0111\u0103ng k\u00fd. Trung t\u00e2m khu v\u1ef1c th\u01b0\u1eddng x\u00e1c \u0111\u1ecbnh nh\u1eefng ng\u01b0\u1eddi h\u1ed9i \u0111\u1ee7 \u0111i\u1ec1u ki\u1ec7n tham gia Mi\u1ec5n Tr\u1eeb&hellip;<\/p>\n","protected":false},"author":1,"featured_media":0,"parent":2275,"menu_order":8,"comment_status":"closed","ping_status":"closed","template":"","meta":{"footnotes":""},"class_list":["post-2294","page","type-page","status-publish","hentry"],"_links":{"self":[{"href":"https:\/\/rula.disabilityrightsca.org\/vi\/wp-json\/wp\/v2\/pages\/2294","targetHints":{"allow":["GET"]}}],"collection":[{"href":"https:\/\/rula.disabilityrightsca.org\/vi\/wp-json\/wp\/v2\/pages"}],"about":[{"href":"https:\/\/rula.disabilityrightsca.org\/vi\/wp-json\/wp\/v2\/types\/page"}],"author":[{"embeddable":true,"href":"https:\/\/rula.disabilityrightsca.org\/vi\/wp-json\/wp\/v2\/users\/1"}],"replies":[{"embeddable":true,"href":"https:\/\/rula.disabilityrightsca.org\/vi\/wp-json\/wp\/v2\/comments?post=2294"}],"version-history":[{"count":4,"href":"https:\/\/rula.disabilityrightsca.org\/vi\/wp-json\/wp\/v2\/pages\/2294\/revisions"}],"predecessor-version":[{"id":3214,"href":"https:\/\/rula.disabilityrightsca.org\/vi\/wp-json\/wp\/v2\/pages\/2294\/revisions\/3214"}],"up":[{"embeddable":true,"href":"https:\/\/rula.disabilityrightsca.org\/vi\/wp-json\/wp\/v2\/pages\/2275"}],"wp:attachment":[{"href":"https:\/\/rula.disabilityrightsca.org\/vi\/wp-json\/wp\/v2\/media?parent=2294"}],"curies":[{"name":"wp","href":"https:\/\/api.w.org\/{rel}","templated":true}]}}