{"id":2292,"date":"2021-09-30T20:14:15","date_gmt":"2021-09-30T20:14:15","guid":{"rendered":"http:\/\/www.rula.disabilityrightsca.org\/vi\/?page_id=2292"},"modified":"2022-04-22T19:50:17","modified_gmt":"2022-04-22T19:50:17","slug":"11-7-if-i-am-eligible-and-apply-for-the-dd-waiver-am-i-guaranteed-to-get-the-waiver","status":"publish","type":"page","link":"https:\/\/rula.disabilityrightsca.org\/vi\/rula-book\/chapter-11-the-medi-cal-developmental-disability-waiver\/11-7-if-i-am-eligible-and-apply-for-the-dd-waiver-am-i-guaranteed-to-get-the-waiver\/","title":{"rendered":"(11.7) N\u1ebfu t\u00f4i h\u1ed9i \u0111\u1ee7 \u0111i\u1ec1u ki\u1ec7n v\u00e0 \u0111\u0103ng k\u00fd Mi\u1ec5n Tr\u1eeb DD, t\u00f4i c\u00f3 \u0111\u01b0\u1ee3c \u0111\u1ea3m b\u1ea3o l\u00e0 s\u1ebd nh\u1eadn mi\u1ec5n tr\u1eeb kh\u00f4ng?"},"content":{"rendered":"\n<p>Th\u01b0\u1eddng l\u00e0 v\u1eady. Qu\u00fd v\u1ecb c\u00f3 th\u1ec3 h\u1ed9i \u0111\u1ee7 \u0111i\u1ec1u ki\u1ec7n nh\u1eadn d\u1ecbch v\u1ee5 mi\u1ec5n tr\u1eeb c\u1ee7a Medi-Cal&nbsp;<strong><em>n\u1ebfu<\/em><\/strong>&nbsp;c\u00f3 su\u1ea5t mi\u1ec5n tr\u1eeb. <span class=\"footnote_referrer\"><a role=\"button\" tabindex=\"0\" onclick=\"footnote_moveToReference_2292_1('footnote_plugin_reference_2292_1_1');\" onkeypress=\"footnote_moveToReference_2292_1('footnote_plugin_reference_2292_1_1');\" ><sup id=\"footnote_plugin_tooltip_2292_1_1\" class=\"footnote_plugin_tooltip_text\">[1]<\/sup><\/a><span id=\"footnote_plugin_tooltip_text_2292_1_1\" class=\"footnote_tooltip\">Lewis ki\u1ec7n S\u1edf Y T\u1ebf New Mexico 275 Ph\u1ee5 L\u1ee5c F s\u1ed1 2 1319, 1345 (D. N.M. 2003) (\u201cSau khi Ti\u1ec3u Bang thi\u1ebft l\u1eadp ch\u01b0\u01a1ng tr\u00ecnh mi\u1ec5n tr\u1eeb, h\u1ecd c\u00f3 ngh\u0129a v\u1ee5 tri\u1ec3n khai ch\u01b0\u01a1ng&nbsp;&#x2026; <span class=\"footnote_tooltip_continue\"  onclick=\"footnote_moveToReference_2292_1('footnote_plugin_reference_2292_1_1');\">Continue reading<\/span><\/span><\/span><script type=\"text\/javascript\"> jQuery('#footnote_plugin_tooltip_2292_1_1').tooltip({ tip: '#footnote_plugin_tooltip_text_2292_1_1', tipClass: 'footnote_tooltip', effect: 'fade', predelay: 0, fadeInSpeed: 200, delay: 400, fadeOutSpeed: 200, position: 'top center', relative: true, offset: [-7, 0], });<\/script> C\u00f3 nhi\u1ec1u su\u1ea5t mi\u1ec5n tr\u1eeb<span class=\"footnote_referrer\"><a role=\"button\" tabindex=\"0\" onclick=\"footnote_moveToReference_2292_1('footnote_plugin_reference_2292_1_2');\" onkeypress=\"footnote_moveToReference_2292_1('footnote_plugin_reference_2292_1_2');\" ><sup id=\"footnote_plugin_tooltip_2292_1_2\" class=\"footnote_plugin_tooltip_text\">[2]<\/sup><\/a><span id=\"footnote_plugin_tooltip_text_2292_1_2\" class=\"footnote_tooltip\">D\u1ecbch v\u1ee5 theo \u0110\u1ea1o Lu\u1eadt Lanterman l\u00e0 m\u1ed9t quy\u1ec1n l\u1ee3i. V\u00ec v\u1eady, n\u1ebfu qu\u00fd v\u1ecb mu\u1ed1n s\u1ed1ng trong c\u1ed9ng \u0111\u1ed3ng, trung t\u00e2m khu v\u1ef1c ph\u1ea3i tr\u1ee3 gi\u00fap, k\u1ec3 c\u1ea3 khi kh\u00f4ng c\u00f3&nbsp;&#x2026; <span class=\"footnote_tooltip_continue\"  onclick=\"footnote_moveToReference_2292_1('footnote_plugin_reference_2292_1_2');\">Continue reading<\/span><\/span><\/span><script type=\"text\/javascript\"> jQuery('#footnote_plugin_tooltip_2292_1_2').tooltip({ tip: '#footnote_plugin_tooltip_text_2292_1_2', tipClass: 'footnote_tooltip', effect: 'fade', predelay: 0, fadeInSpeed: 200, delay: 400, fadeOutSpeed: 200, position: 'top center', relative: true, offset: [-7, 0], });<\/script> v\u00e0 m\u1ed7i n\u0103m s\u1ed1 su\u1ea5t s\u1ebd \u0111\u01b0\u1ee3c t\u0103ng th\u00eam. V\u00ed d\u1ee5: C\u00f3 145.000 su\u1ea5t Mi\u1ec5n Tr\u1eeb&nbsp;DD trong n\u0103m 2021. S\u1ed1 su\u1ea5t trong n\u0103m 2022 s\u1ebd l\u00e0 150.000. <span class=\"footnote_referrer\"><a role=\"button\" tabindex=\"0\" onclick=\"footnote_moveToReference_2292_1('footnote_plugin_reference_2292_1_3');\" onkeypress=\"footnote_moveToReference_2292_1('footnote_plugin_reference_2292_1_3');\" ><sup id=\"footnote_plugin_tooltip_2292_1_3\" class=\"footnote_plugin_tooltip_text\">[3]<\/sup><\/a><span id=\"footnote_plugin_tooltip_text_2292_1_3\" class=\"footnote_tooltip\">Ph\u00ea duy\u1ec7t Mi\u1ec5n Tr\u1eeb CMS, PDF trang 1\/297 t\u1ea1i:&nbsp;<a href=\"https:\/\/www.dds.ca.gov\/wp-content\/uploads\/2019\/02\/HCBS_WaiverApplication_20190212.pdf\">\u0110\u01a1n \u0110\u0103ng K\u00fd Mi\u1ec5n Tr\u1eeb HCBS<\/a><\/span><\/span><script type=\"text\/javascript\"> jQuery('#footnote_plugin_tooltip_2292_1_3').tooltip({ tip: '#footnote_plugin_tooltip_text_2292_1_3', tipClass: 'footnote_tooltip', effect: 'fade', predelay: 0, fadeInSpeed: 200, delay: 400, fadeOutSpeed: 200, position: 'top center', relative: true, offset: [-7, 0], });<\/script> \u0110\u1ebfn gi\u1edd, s\u1ed1 su\u1ea5t mi\u1ec5n tr\u1eeb n\u00e0y \u0111\u1ee7 cho t\u1ea5t c\u1ea3 m\u1ecdi ng\u01b0\u1eddi.<\/p>\n<div class=\"speaker-mute footnotes_reference_container\"> <div class=\"footnote_container_prepare\"><p><span role=\"button\" tabindex=\"0\" class=\"footnote_reference_container_label pointer\" onclick=\"footnote_expand_collapse_reference_container_2292_1();\">&#x202F;<\/span><span role=\"button\" tabindex=\"0\" class=\"footnote_reference_container_collapse_button\" style=\"display: none;\" onclick=\"footnote_expand_collapse_reference_container_2292_1();\">[<a id=\"footnote_reference_container_collapse_button_2292_1\">+<\/a>]<\/span><\/p><\/div> <div id=\"footnote_references_container_2292_1\" style=\"\"><table class=\"footnotes_table footnote-reference-container\"><caption class=\"accessibility\">References<\/caption> <tbody> \r\n\r\n<tr class=\"footnotes_plugin_reference_row\"> <th scope=\"row\" class=\"footnote_plugin_index_combi pointer\"  onclick=\"footnote_moveToAnchor_2292_1('footnote_plugin_tooltip_2292_1_1');\"><a id=\"footnote_plugin_reference_2292_1_1\" class=\"footnote_backlink\"><span class=\"footnote_index_arrow\">&#8593;<\/span>1<\/a><\/th> <td class=\"footnote_plugin_text\">Lewis ki\u1ec7n S\u1edf Y T\u1ebf New Mexico 275 Ph\u1ee5 L\u1ee5c F s\u1ed1 2 1319, 1345 (D. N.M. 2003) (\u201cSau khi Ti\u1ec3u Bang thi\u1ebft l\u1eadp ch\u01b0\u01a1ng tr\u00ecnh mi\u1ec5n tr\u1eeb, h\u1ecd c\u00f3 ngh\u0129a v\u1ee5 tri\u1ec3n khai ch\u01b0\u01a1ng tr\u00ecnh mi\u1ec5n tr\u1eeb nh\u01b0 \u0111\u00e3 x\u00e2y d\u1ef1ng\u201d); Makin ki\u1ec7n Hawaii 114 Ph\u1ee5 L\u1ee5c F s\u1ed1 2 1017 (1999).<\/td><\/tr>\r\n\r\n<tr class=\"footnotes_plugin_reference_row\"> <th scope=\"row\" class=\"footnote_plugin_index_combi pointer\"  onclick=\"footnote_moveToAnchor_2292_1('footnote_plugin_tooltip_2292_1_2');\"><a id=\"footnote_plugin_reference_2292_1_2\" class=\"footnote_backlink\"><span class=\"footnote_index_arrow\">&#8593;<\/span>2<\/a><\/th> <td class=\"footnote_plugin_text\">D\u1ecbch v\u1ee5 theo \u0110\u1ea1o Lu\u1eadt Lanterman l\u00e0 m\u1ed9t quy\u1ec1n l\u1ee3i. V\u00ec v\u1eady, n\u1ebfu qu\u00fd v\u1ecb mu\u1ed1n s\u1ed1ng trong c\u1ed9ng \u0111\u1ed3ng, trung t\u00e2m khu v\u1ef1c ph\u1ea3i tr\u1ee3 gi\u00fap, k\u1ec3 c\u1ea3 khi kh\u00f4ng c\u00f3 su\u1ea5t mi\u1ec5n tr\u1eeb.<\/td><\/tr>\r\n\r\n<tr class=\"footnotes_plugin_reference_row\"> <th scope=\"row\" class=\"footnote_plugin_index_combi pointer\"  onclick=\"footnote_moveToAnchor_2292_1('footnote_plugin_tooltip_2292_1_3');\"><a id=\"footnote_plugin_reference_2292_1_3\" class=\"footnote_backlink\"><span class=\"footnote_index_arrow\">&#8593;<\/span>3<\/a><\/th> <td class=\"footnote_plugin_text\">Ph\u00ea duy\u1ec7t Mi\u1ec5n Tr\u1eeb CMS, PDF trang 1\/297 t\u1ea1i:&nbsp;<a href=\"https:\/\/www.dds.ca.gov\/wp-content\/uploads\/2019\/02\/HCBS_WaiverApplication_20190212.pdf\">\u0110\u01a1n \u0110\u0103ng K\u00fd Mi\u1ec5n Tr\u1eeb HCBS<\/a><\/td><\/tr>\r\n\r\n <\/tbody> <\/table> <\/div><\/div><script type=\"text\/javascript\"> function footnote_expand_reference_container_2292_1() { jQuery('#footnote_references_container_2292_1').show(); jQuery('#footnote_reference_container_collapse_button_2292_1').text('\u2212'); } function footnote_collapse_reference_container_2292_1() { jQuery('#footnote_references_container_2292_1').hide(); jQuery('#footnote_reference_container_collapse_button_2292_1').text('+'); } function footnote_expand_collapse_reference_container_2292_1() { if (jQuery('#footnote_references_container_2292_1').is(':hidden')) { footnote_expand_reference_container_2292_1(); } else { footnote_collapse_reference_container_2292_1(); } } function footnote_moveToReference_2292_1(p_str_TargetID) { footnote_expand_reference_container_2292_1(); var l_obj_Target = jQuery('#' + p_str_TargetID); if (l_obj_Target.length) { jQuery( 'html, body' ).delay( 0 ); jQuery('html, body').animate({ scrollTop: l_obj_Target.offset().top - window.innerHeight * 0.2 }, 380); } } function footnote_moveToAnchor_2292_1(p_str_TargetID) { footnote_expand_reference_container_2292_1(); var l_obj_Target = jQuery('#' + p_str_TargetID); if (l_obj_Target.length) { jQuery( 'html, body' ).delay( 0 ); jQuery('html, body').animate({ scrollTop: l_obj_Target.offset().top - window.innerHeight * 0.2 }, 380); } }<\/script>","protected":false},"excerpt":{"rendered":"<p>Th\u01b0\u1eddng l\u00e0 v\u1eady. Qu\u00fd v\u1ecb c\u00f3 th\u1ec3 h\u1ed9i \u0111\u1ee7 \u0111i\u1ec1u ki\u1ec7n nh\u1eadn d\u1ecbch v\u1ee5 mi\u1ec5n tr\u1eeb c\u1ee7a Medi-Cal&nbsp;n\u1ebfu&nbsp;c\u00f3 su\u1ea5t mi\u1ec5n tr\u1eeb. [1]Lewis ki\u1ec7n S\u1edf Y&hellip;<\/p>\n","protected":false},"author":1,"featured_media":0,"parent":2275,"menu_order":7,"comment_status":"closed","ping_status":"closed","template":"","meta":{"footnotes":""},"class_list":["post-2292","page","type-page","status-publish","hentry"],"_links":{"self":[{"href":"https:\/\/rula.disabilityrightsca.org\/vi\/wp-json\/wp\/v2\/pages\/2292","targetHints":{"allow":["GET"]}}],"collection":[{"href":"https:\/\/rula.disabilityrightsca.org\/vi\/wp-json\/wp\/v2\/pages"}],"about":[{"href":"https:\/\/rula.disabilityrightsca.org\/vi\/wp-json\/wp\/v2\/types\/page"}],"author":[{"embeddable":true,"href":"https:\/\/rula.disabilityrightsca.org\/vi\/wp-json\/wp\/v2\/users\/1"}],"replies":[{"embeddable":true,"href":"https:\/\/rula.disabilityrightsca.org\/vi\/wp-json\/wp\/v2\/comments?post=2292"}],"version-history":[{"count":4,"href":"https:\/\/rula.disabilityrightsca.org\/vi\/wp-json\/wp\/v2\/pages\/2292\/revisions"}],"predecessor-version":[{"id":3213,"href":"https:\/\/rula.disabilityrightsca.org\/vi\/wp-json\/wp\/v2\/pages\/2292\/revisions\/3213"}],"up":[{"embeddable":true,"href":"https:\/\/rula.disabilityrightsca.org\/vi\/wp-json\/wp\/v2\/pages\/2275"}],"wp:attachment":[{"href":"https:\/\/rula.disabilityrightsca.org\/vi\/wp-json\/wp\/v2\/media?parent=2292"}],"curies":[{"name":"wp","href":"https:\/\/api.w.org\/{rel}","templated":true}]}}