{"id":2290,"date":"2021-09-30T20:12:20","date_gmt":"2021-09-30T20:12:20","guid":{"rendered":"http:\/\/www.rula.disabilityrightsca.org\/vi\/?page_id=2290"},"modified":"2022-04-22T19:50:02","modified_gmt":"2022-04-22T19:50:02","slug":"11-6-do-all-regional-center-consumers-qualify-for-dd-waiver-services","status":"publish","type":"page","link":"https:\/\/rula.disabilityrightsca.org\/vi\/rula-book\/chapter-11-the-medi-cal-developmental-disability-waiver\/11-6-do-all-regional-center-consumers-qualify-for-dd-waiver-services\/","title":{"rendered":"(11.6) T\u1ea5t c\u1ea3 kh\u00e1ch h\u00e0ng c\u1ee7a trung t\u00e2m khu v\u1ef1c c\u00f3 h\u1ed9i \u0111\u1ee7 \u0111i\u1ec1u ki\u1ec7n nh\u1eadn d\u1ecbch v\u1ee5 Mi\u1ec5n Tr\u1eeb DD kh\u00f4ng?"},"content":{"rendered":"\n<p>Kh\u00f4ng.&nbsp;M\u1ed9t s\u1ed1 kh\u00e1ch h\u00e0ng c\u1ee7a trung t\u00e2m khu v\u1ef1c kh\u00f4ng h\u1ed9i \u0111\u1ee7 \u0111i\u1ec1u ki\u1ec7n nh\u1eadn d\u1ecbch v\u1ee5 Mi\u1ec5n Tr\u1eeb DD v\u00ec:<\/p>\n\n\n\n<ul class=\"wp-block-list\"><li>Nhu c\u1ea7u c\u1ee7a h\u1ecd kh\u00f4ng ph\u00f9 h\u1ee3p v\u1edbi nh\u1eefng nhu c\u1ea7u c\u1ea7n thi\u1ebft \u0111\u1ec3 h\u1ed9i \u0111\u1ee7 \u0111i\u1ec1u ki\u1ec7n \u1edf t\u1ea1i ICF. <span class=\"footnote_referrer\"><a role=\"button\" tabindex=\"0\" onclick=\"footnote_moveToReference_2290_1('footnote_plugin_reference_2290_1_1');\" onkeypress=\"footnote_moveToReference_2290_1('footnote_plugin_reference_2290_1_1');\" ><sup id=\"footnote_plugin_tooltip_2290_1_1\" class=\"footnote_plugin_tooltip_text\">[1]<\/sup><\/a><span id=\"footnote_plugin_tooltip_text_2290_1_1\" class=\"footnote_tooltip\">C\u00f3 kh\u1ea3 n\u0103ng nh\u1eefng ng\u01b0\u1eddi c\u1ea7n m\u1ee9c ch\u0103m s\u00f3c cao h\u01a1n m\u1ee9c \u0111\u01b0\u1ee3c cung c\u1ea5p t\u1ea1i ICF c\u00f3 th\u1ec3 h\u1ed9i \u0111\u1ee7 \u0111i\u1ec1u ki\u1ec7n nh\u1eadn d\u1ecbch v\u1ee5 Mi\u1ec5n Tr\u1eeb DD.<\/span><\/span><script type=\"text\/javascript\"> jQuery('#footnote_plugin_tooltip_2290_1_1').tooltip({ tip: '#footnote_plugin_tooltip_text_2290_1_1', tipClass: 'footnote_tooltip', effect: 'fade', predelay: 0, fadeInSpeed: 200, delay: 400, fadeOutSpeed: 200, position: 'top center', relative: true, offset: [-7, 0], });<\/script><\/li><li>Thu nh\u1eadp c\u1ee7a h\u1ecd qu\u00e1 cao n\u00ean kh\u00f4ng h\u1ed9i \u0111\u1ee7 \u0111i\u1ec1u ki\u1ec7n tham gia Medi-Cal.<\/li><\/ul>\n\n\n\n<p><strong><em>H\u00e3y nh\u1edb r\u1eb1ng:<\/em><\/strong>&nbsp;K\u1ec3 c\u1ea3 khi qu\u00fd v\u1ecb kh\u00f4ng h\u1ed9i \u0111\u1ee7 \u0111i\u1ec1u ki\u1ec7n nh\u1eadn d\u1ecbch v\u1ee5 Mi\u1ec5n Tr\u1eeb DD, qu\u00fd v\u1ecb v\u1eabn c\u00f3 th\u1ec3 nh\u1eadn c\u00e1c d\u1ecbch v\u1ee5 \u0111\u00e3 li\u1ec7t k\u00ea trong IPP c\u1ee7a qu\u00fd v\u1ecb. Xem&nbsp;<a href=\"https:\/\/rula.disabilityrightsca.org\/vi\/rula-book\/chapter-4-individual-program-plans\/\">Ch\u01b0\u01a1ng 4<\/a>.<\/p>\n<div class=\"speaker-mute footnotes_reference_container\"> <div class=\"footnote_container_prepare\"><p><span role=\"button\" tabindex=\"0\" class=\"footnote_reference_container_label pointer\" onclick=\"footnote_expand_collapse_reference_container_2290_1();\">&#x202F;<\/span><span role=\"button\" tabindex=\"0\" class=\"footnote_reference_container_collapse_button\" style=\"display: none;\" onclick=\"footnote_expand_collapse_reference_container_2290_1();\">[<a id=\"footnote_reference_container_collapse_button_2290_1\">+<\/a>]<\/span><\/p><\/div> <div id=\"footnote_references_container_2290_1\" style=\"\"><table class=\"footnotes_table footnote-reference-container\"><caption class=\"accessibility\">References<\/caption> <tbody> \r\n\r\n<tr class=\"footnotes_plugin_reference_row\"> <th scope=\"row\" class=\"footnote_plugin_index_combi pointer\"  onclick=\"footnote_moveToAnchor_2290_1('footnote_plugin_tooltip_2290_1_1');\"><a id=\"footnote_plugin_reference_2290_1_1\" class=\"footnote_backlink\"><span class=\"footnote_index_arrow\">&#8593;<\/span>1<\/a><\/th> <td class=\"footnote_plugin_text\">C\u00f3 kh\u1ea3 n\u0103ng nh\u1eefng ng\u01b0\u1eddi c\u1ea7n m\u1ee9c ch\u0103m s\u00f3c cao h\u01a1n m\u1ee9c \u0111\u01b0\u1ee3c cung c\u1ea5p t\u1ea1i ICF c\u00f3 th\u1ec3 h\u1ed9i \u0111\u1ee7 \u0111i\u1ec1u ki\u1ec7n nh\u1eadn d\u1ecbch v\u1ee5 Mi\u1ec5n Tr\u1eeb DD.<\/td><\/tr>\r\n\r\n <\/tbody> <\/table> <\/div><\/div><script type=\"text\/javascript\"> function footnote_expand_reference_container_2290_1() { jQuery('#footnote_references_container_2290_1').show(); jQuery('#footnote_reference_container_collapse_button_2290_1').text('\u2212'); } function footnote_collapse_reference_container_2290_1() { jQuery('#footnote_references_container_2290_1').hide(); jQuery('#footnote_reference_container_collapse_button_2290_1').text('+'); } function footnote_expand_collapse_reference_container_2290_1() { if (jQuery('#footnote_references_container_2290_1').is(':hidden')) { footnote_expand_reference_container_2290_1(); } else { footnote_collapse_reference_container_2290_1(); } } function footnote_moveToReference_2290_1(p_str_TargetID) { footnote_expand_reference_container_2290_1(); var l_obj_Target = jQuery('#' + p_str_TargetID); if (l_obj_Target.length) { jQuery( 'html, body' ).delay( 0 ); jQuery('html, body').animate({ scrollTop: l_obj_Target.offset().top - window.innerHeight * 0.2 }, 380); } } function footnote_moveToAnchor_2290_1(p_str_TargetID) { footnote_expand_reference_container_2290_1(); var l_obj_Target = jQuery('#' + p_str_TargetID); if (l_obj_Target.length) { jQuery( 'html, body' ).delay( 0 ); jQuery('html, body').animate({ scrollTop: l_obj_Target.offset().top - window.innerHeight * 0.2 }, 380); } }<\/script>","protected":false},"excerpt":{"rendered":"<p>Kh\u00f4ng.&nbsp;M\u1ed9t s\u1ed1 kh\u00e1ch h\u00e0ng c\u1ee7a trung t\u00e2m khu v\u1ef1c kh\u00f4ng h\u1ed9i \u0111\u1ee7 \u0111i\u1ec1u ki\u1ec7n nh\u1eadn d\u1ecbch v\u1ee5 Mi\u1ec5n Tr\u1eeb DD v\u00ec: Nhu c\u1ea7u c\u1ee7a h\u1ecd&hellip;<\/p>\n","protected":false},"author":1,"featured_media":0,"parent":2275,"menu_order":6,"comment_status":"closed","ping_status":"closed","template":"","meta":{"footnotes":""},"class_list":["post-2290","page","type-page","status-publish","hentry"],"_links":{"self":[{"href":"https:\/\/rula.disabilityrightsca.org\/vi\/wp-json\/wp\/v2\/pages\/2290","targetHints":{"allow":["GET"]}}],"collection":[{"href":"https:\/\/rula.disabilityrightsca.org\/vi\/wp-json\/wp\/v2\/pages"}],"about":[{"href":"https:\/\/rula.disabilityrightsca.org\/vi\/wp-json\/wp\/v2\/types\/page"}],"author":[{"embeddable":true,"href":"https:\/\/rula.disabilityrightsca.org\/vi\/wp-json\/wp\/v2\/users\/1"}],"replies":[{"embeddable":true,"href":"https:\/\/rula.disabilityrightsca.org\/vi\/wp-json\/wp\/v2\/comments?post=2290"}],"version-history":[{"count":4,"href":"https:\/\/rula.disabilityrightsca.org\/vi\/wp-json\/wp\/v2\/pages\/2290\/revisions"}],"predecessor-version":[{"id":3212,"href":"https:\/\/rula.disabilityrightsca.org\/vi\/wp-json\/wp\/v2\/pages\/2290\/revisions\/3212"}],"up":[{"embeddable":true,"href":"https:\/\/rula.disabilityrightsca.org\/vi\/wp-json\/wp\/v2\/pages\/2275"}],"wp:attachment":[{"href":"https:\/\/rula.disabilityrightsca.org\/vi\/wp-json\/wp\/v2\/media?parent=2290"}],"curies":[{"name":"wp","href":"https:\/\/api.w.org\/{rel}","templated":true}]}}