{"id":2288,"date":"2021-09-30T20:11:06","date_gmt":"2021-09-30T20:11:06","guid":{"rendered":"http:\/\/www.rula.disabilityrightsca.org\/vi\/?page_id=2288"},"modified":"2022-04-22T19:49:49","modified_gmt":"2022-04-22T19:49:49","slug":"11-5-am-i-eligible-for-dd-waiver-services","status":"publish","type":"page","link":"https:\/\/rula.disabilityrightsca.org\/vi\/rula-book\/chapter-11-the-medi-cal-developmental-disability-waiver\/11-5-am-i-eligible-for-dd-waiver-services\/","title":{"rendered":"(11.5) T\u00f4i c\u00f3 h\u1ed9i \u0111\u1ee7 \u0111i\u1ec1u ki\u1ec7n nh\u1eadn d\u1ecbch v\u1ee5 Mi\u1ec5n Tr\u1eeb DD kh\u00f4ng?"},"content":{"rendered":"\n<p>Qu\u00fd v\u1ecb h\u1ed9i \u0111\u1ee7 \u0111i\u1ec1u ki\u1ec7n nh\u1eadn d\u1ecbch v\u1ee5 Mi\u1ec5n Tr\u1eeb DD n\u1ebfu qu\u00fd v\u1ecb:<\/p>\n\n\n\n<ol class=\"wp-block-list\" type=\"1\"><li>\u0110\u00e1p \u1ee9ng \u0111\u1ecbnh ngh\u0129a c\u1ee7a California v\u1ec1&nbsp;<em>khuy\u1ebft t\u1eadt v\u1ec1 ph\u00e1t tri\u1ec3n&nbsp;<\/em>v\u00e0 l\u00e0 kh\u00e1ch h\u00e0ng c\u1ee7a trung t\u00e2m khu v\u1ef1c, <span class=\"footnote_referrer\"><a role=\"button\" tabindex=\"0\" onclick=\"footnote_moveToReference_2288_1('footnote_plugin_reference_2288_1_1');\" onkeypress=\"footnote_moveToReference_2288_1('footnote_plugin_reference_2288_1_1');\" ><sup id=\"footnote_plugin_tooltip_2288_1_1\" class=\"footnote_plugin_tooltip_text\">[1]<\/sup><\/a><span id=\"footnote_plugin_tooltip_text_2288_1_1\" class=\"footnote_tooltip\">B\u1ed9 Lu\u1eadt Ph\u00fac L\u1ee3i &amp; \u0110\u1ecbnh Ch\u1ebf \u00a7 4512; Mi\u1ec5n Tr\u1eeb DD, Ng\u00e0y 1 th\u00e1ng 1 n\u0103m 2018, Ph\u1ee5 L\u1ee5c B: Quy\u1ec1n Ti\u1ebfp C\u1eadn v\u00e0 Kh\u1ea3 N\u0103ng H\u1ed9i \u0110\u1ee7 \u0110i\u1ec1u Ki\u1ec7n C\u1ee7a Ng\u01b0\u1eddi Tham&nbsp;&#x2026; <span class=\"footnote_tooltip_continue\"  onclick=\"footnote_moveToReference_2288_1('footnote_plugin_reference_2288_1_1');\">Continue reading<\/span><\/span><\/span><script type=\"text\/javascript\"> jQuery('#footnote_plugin_tooltip_2288_1_1').tooltip({ tip: '#footnote_plugin_tooltip_text_2288_1_1', tipClass: 'footnote_tooltip', effect: 'fade', predelay: 0, fadeInSpeed: 200, delay: 400, fadeOutSpeed: 200, position: 'top center', relative: true, offset: [-7, 0], });<\/script><\/li><li>\u0110\u00e3&nbsp;<em>nh\u1eadn<\/em>&nbsp;Medi-Cal ho\u1eb7c&nbsp;<em>s\u1ebd<\/em>&nbsp;h\u1ed9i \u0111\u1ee7 \u0111i\u1ec1u ki\u1ec7n nh\u1eadn Medi-Cal n\u1ebfu thu nh\u1eadp ho\u1eb7c ngu\u1ed3n l\u1ef1c c\u1ee7a v\u1ee3\/ch\u1ed3ng ho\u1eb7c cha m\u1eb9 c\u1ee7a qu\u00fd v\u1ecb kh\u00f4ng \u0111\u01b0\u1ee3c t\u00ednh, v\u00e0<\/li><li>H\u1ed9i \u0111\u1ee7 \u0111i\u1ec1u ki\u1ec7n nh\u1eadn d\u1ecbch v\u1ee5 ch\u0103m s\u00f3c trong c\u01a1 s\u1edf ch\u0103m s\u00f3c trung gian (Intermediate Care Facility, ICF) do Medi-Cal t\u00e0i tr\u1ee3<span class=\"footnote_referrer\"><a role=\"button\" tabindex=\"0\" onclick=\"footnote_moveToReference_2288_1('footnote_plugin_reference_2288_1_2');\" onkeypress=\"footnote_moveToReference_2288_1('footnote_plugin_reference_2288_1_2');\" ><sup id=\"footnote_plugin_tooltip_2288_1_2\" class=\"footnote_plugin_tooltip_text\">[2]<\/sup><\/a><span id=\"footnote_plugin_tooltip_text_2288_1_2\" class=\"footnote_tooltip\">C\u00e1c quy \u0111\u1ecbnh ti\u1ec3u bang \u00e1p d\u1ee5ng cho ICF l\u00e0: B\u1ed9 Lu\u1eadt C\u00e1c Quy \u0110\u1ecbnh California Ti\u00eau \u0110\u1ec1 22 m\u1ee5c 51164 &#8211; 51165.2.<\/span><\/span><script type=\"text\/javascript\"> jQuery('#footnote_plugin_tooltip_2288_1_2').tooltip({ tip: '#footnote_plugin_tooltip_text_2288_1_2', tipClass: 'footnote_tooltip', effect: 'fade', predelay: 0, fadeInSpeed: 200, delay: 400, fadeOutSpeed: 200, position: 'top center', relative: true, offset: [-7, 0], });<\/script> d\u00e0nh cho ng\u01b0\u1eddi khuy\u1ebft t\u1eadt v\u1ec1 ph\u00e1t tri\u1ec3n.<\/li><\/ol>\n\n\n\n<p>L\u01afU \u00dd: N\u1ebfu qu\u00fd v\u1ecb d\u01b0\u1edbi 21 tu\u1ed5i v\u00e0 cha m\u1eb9 c\u1ee7a qu\u00fd v\u1ecb x\u00e1c nh\u1eadn qu\u00fd v\u1ecb l\u00e0 ng\u01b0\u1eddi ph\u1ee5 thu\u1ed9c, qu\u00fd v\u1ecb \u0111\u01b0\u1ee3c coi l\u00e0 tr\u1ebb em \u0111\u1ed1i v\u1edbi kh\u1ea3 n\u0103ng h\u1ed9i \u0111\u1ee7 \u0111i\u1ec1u ki\u1ec7n nh\u1eadn Medi-Cal. Xem&nbsp;<a href=\"https:\/\/rula.disabilityrightsca.org\/vi\/rula-book\/chapter-11-the-medi-cal-developmental-disability-waiver\/11-11-would-parents-income-and-resources-normally-count-against-their-childs-medi-cal-eligibility\/\">c\u00e2u h\u1ecfi 11<\/a>.<\/p>\n\n\n\n<p>L\u01afU \u00dd: Qu\u00fd v\u1ecb kh\u00f4ng ph\u1ea3i&nbsp;<em>\u1edf<\/em>&nbsp;trong c\u01a1 s\u1edf ch\u0103m s\u00f3c trung gian (ICF) m\u1edbi h\u1ed9i \u0111\u1ee7 \u0111i\u1ec1u ki\u1ec7n \u0111\u01b0\u1ee3c Mi\u1ec5n Tr\u1eeb DD. Qu\u00fd v\u1ecb ch\u1ec9 ph\u1ea3i&nbsp;<em>c\u1ea7n<\/em>&nbsp;s\u1ef1 ch\u0103m s\u00f3c s\u1ebd khi\u1ebfn qu\u00fd v\u1ecb h\u1ed9i \u0111\u1ee7 \u0111i\u1ec1u ki\u1ec7n nh\u1eadn d\u1ecbch v\u1ee5 trong ICF. Xem&nbsp;<a href=\"https:\/\/rula.disabilityrightsca.org\/vi\/rula-book\/chapter-7-community-living-arrangements-for-adults\/\">Ch\u01b0\u01a1ng 7<\/a>&nbsp;\u0111\u1ec3 bi\u1ebft th\u00f4ng tin v\u1ec1 ICF.<\/p>\n<div class=\"speaker-mute footnotes_reference_container\"> <div class=\"footnote_container_prepare\"><p><span role=\"button\" tabindex=\"0\" class=\"footnote_reference_container_label pointer\" onclick=\"footnote_expand_collapse_reference_container_2288_1();\">&#x202F;<\/span><span role=\"button\" tabindex=\"0\" class=\"footnote_reference_container_collapse_button\" style=\"display: none;\" onclick=\"footnote_expand_collapse_reference_container_2288_1();\">[<a id=\"footnote_reference_container_collapse_button_2288_1\">+<\/a>]<\/span><\/p><\/div> <div id=\"footnote_references_container_2288_1\" style=\"\"><table class=\"footnotes_table footnote-reference-container\"><caption class=\"accessibility\">References<\/caption> <tbody> \r\n\r\n<tr class=\"footnotes_plugin_reference_row\"> <th scope=\"row\" class=\"footnote_plugin_index_combi pointer\"  onclick=\"footnote_moveToAnchor_2288_1('footnote_plugin_tooltip_2288_1_1');\"><a id=\"footnote_plugin_reference_2288_1_1\" class=\"footnote_backlink\"><span class=\"footnote_index_arrow\">&#8593;<\/span>1<\/a><\/th> <td class=\"footnote_plugin_text\">B\u1ed9 Lu\u1eadt Ph\u00fac L\u1ee3i &amp; \u0110\u1ecbnh Ch\u1ebf \u00a7 4512; Mi\u1ec5n Tr\u1eeb DD, Ng\u00e0y 1 th\u00e1ng 1 n\u0103m 2018, Ph\u1ee5 L\u1ee5c B: Quy\u1ec1n Ti\u1ebfp C\u1eadn v\u00e0 Kh\u1ea3 N\u0103ng H\u1ed9i \u0110\u1ee7 \u0110i\u1ec1u Ki\u1ec7n C\u1ee7a Ng\u01b0\u1eddi Tham Gia. Xem&nbsp;<a href=\"https:\/\/rula.disabilityrightsca.org\/vi\/rula-book\/chapter-2-eligibility-for-regional-center-services\/\">Ch\u01b0\u01a1ng 2<\/a>&nbsp;v\u1ec1 kh\u1ea3 n\u0103ng h\u1ed9i \u0111\u1ee7 \u0111i\u1ec1u ki\u1ec7n t\u1ea1i trung t\u00e2m khu v\u1ef1c. Qu\u00fd v\u1ecb ph\u1ea3i l\u00e0 kh\u00e1ch h\u00e0ng t\u1ea1i trung t\u00e2m khu v\u1ef1c \u0111\u1ec3 nh\u1eadn d\u1ecbch v\u1ee5 Mi\u1ec5n Tr\u1eeb DD. N\u1ebfu qu\u00fd v\u1ecb \u0111\u00e3 \u0111\u0103ng k\u00fd nh\u1eadn d\u1ecbch v\u1ee5 c\u1ee7a trung t\u00e2m khu v\u1ef1c tr\u01b0\u1edbc \u0111\u00e2y v\u00e0 b\u1ecb t\u1eeb ch\u1ed1i, nh\u01b0ng kh\u00f4ng kh\u00e1ng c\u00e1o, qu\u00fd v\u1ecb c\u00f3 th\u1ec3 \u0111\u0103ng k\u00fd l\u1ea1i \u0111\u1ec3 nh\u1eadn d\u1ecbch v\u1ee5 c\u1ee7a trung t\u00e2m khu v\u1ef1c. N\u1ebfu qu\u00fd v\u1ecb h\u1ed9i \u0111\u1ee7 \u0111i\u1ec1u ki\u1ec7n nh\u1eadn d\u1ecbch v\u1ee5 c\u1ee7a trung t\u00e2m khu v\u1ef1c, qu\u00fd v\u1ecb c\u0169ng c\u00f3 th\u1ec3 nh\u1eadn d\u1ecbch v\u1ee5 Mi\u1ec5n Tr\u1eeb DD.<\/td><\/tr>\r\n\r\n<tr class=\"footnotes_plugin_reference_row\"> <th scope=\"row\" class=\"footnote_plugin_index_combi pointer\"  onclick=\"footnote_moveToAnchor_2288_1('footnote_plugin_tooltip_2288_1_2');\"><a id=\"footnote_plugin_reference_2288_1_2\" class=\"footnote_backlink\"><span class=\"footnote_index_arrow\">&#8593;<\/span>2<\/a><\/th> <td class=\"footnote_plugin_text\">C\u00e1c quy \u0111\u1ecbnh ti\u1ec3u bang \u00e1p d\u1ee5ng cho ICF l\u00e0: B\u1ed9 Lu\u1eadt C\u00e1c Quy \u0110\u1ecbnh California Ti\u00eau \u0110\u1ec1 22 m\u1ee5c 51164 &#8211; 51165.2.<\/td><\/tr>\r\n\r\n <\/tbody> <\/table> <\/div><\/div><script type=\"text\/javascript\"> function footnote_expand_reference_container_2288_1() { jQuery('#footnote_references_container_2288_1').show(); jQuery('#footnote_reference_container_collapse_button_2288_1').text('\u2212'); } function footnote_collapse_reference_container_2288_1() { jQuery('#footnote_references_container_2288_1').hide(); jQuery('#footnote_reference_container_collapse_button_2288_1').text('+'); } function footnote_expand_collapse_reference_container_2288_1() { if (jQuery('#footnote_references_container_2288_1').is(':hidden')) { footnote_expand_reference_container_2288_1(); } else { footnote_collapse_reference_container_2288_1(); } } function footnote_moveToReference_2288_1(p_str_TargetID) { footnote_expand_reference_container_2288_1(); var l_obj_Target = jQuery('#' + p_str_TargetID); if (l_obj_Target.length) { jQuery( 'html, body' ).delay( 0 ); jQuery('html, body').animate({ scrollTop: l_obj_Target.offset().top - window.innerHeight * 0.2 }, 380); } } function footnote_moveToAnchor_2288_1(p_str_TargetID) { footnote_expand_reference_container_2288_1(); var l_obj_Target = jQuery('#' + p_str_TargetID); if (l_obj_Target.length) { jQuery( 'html, body' ).delay( 0 ); jQuery('html, body').animate({ scrollTop: l_obj_Target.offset().top - window.innerHeight * 0.2 }, 380); } }<\/script>","protected":false},"excerpt":{"rendered":"<p>Qu\u00fd v\u1ecb h\u1ed9i \u0111\u1ee7 \u0111i\u1ec1u ki\u1ec7n nh\u1eadn d\u1ecbch v\u1ee5 Mi\u1ec5n Tr\u1eeb DD n\u1ebfu qu\u00fd v\u1ecb: \u0110\u00e1p \u1ee9ng \u0111\u1ecbnh ngh\u0129a c\u1ee7a California v\u1ec1&nbsp;khuy\u1ebft t\u1eadt v\u1ec1 ph\u00e1t&hellip;<\/p>\n","protected":false},"author":1,"featured_media":0,"parent":2275,"menu_order":5,"comment_status":"closed","ping_status":"closed","template":"","meta":{"footnotes":""},"class_list":["post-2288","page","type-page","status-publish","hentry"],"_links":{"self":[{"href":"https:\/\/rula.disabilityrightsca.org\/vi\/wp-json\/wp\/v2\/pages\/2288","targetHints":{"allow":["GET"]}}],"collection":[{"href":"https:\/\/rula.disabilityrightsca.org\/vi\/wp-json\/wp\/v2\/pages"}],"about":[{"href":"https:\/\/rula.disabilityrightsca.org\/vi\/wp-json\/wp\/v2\/types\/page"}],"author":[{"embeddable":true,"href":"https:\/\/rula.disabilityrightsca.org\/vi\/wp-json\/wp\/v2\/users\/1"}],"replies":[{"embeddable":true,"href":"https:\/\/rula.disabilityrightsca.org\/vi\/wp-json\/wp\/v2\/comments?post=2288"}],"version-history":[{"count":4,"href":"https:\/\/rula.disabilityrightsca.org\/vi\/wp-json\/wp\/v2\/pages\/2288\/revisions"}],"predecessor-version":[{"id":3211,"href":"https:\/\/rula.disabilityrightsca.org\/vi\/wp-json\/wp\/v2\/pages\/2288\/revisions\/3211"}],"up":[{"embeddable":true,"href":"https:\/\/rula.disabilityrightsca.org\/vi\/wp-json\/wp\/v2\/pages\/2275"}],"wp:attachment":[{"href":"https:\/\/rula.disabilityrightsca.org\/vi\/wp-json\/wp\/v2\/media?parent=2288"}],"curies":[{"name":"wp","href":"https:\/\/api.w.org\/{rel}","templated":true}]}}