{"id":2286,"date":"2021-09-30T20:09:36","date_gmt":"2021-09-30T20:09:36","guid":{"rendered":"http:\/\/www.rula.disabilityrightsca.org\/vi\/?page_id=2286"},"modified":"2022-04-22T19:48:53","modified_gmt":"2022-04-22T19:48:53","slug":"11-4-does-medi-cal-pay-for-my-regional-center-services","status":"publish","type":"page","link":"https:\/\/rula.disabilityrightsca.org\/vi\/rula-book\/chapter-11-the-medi-cal-developmental-disability-waiver\/11-4-does-medi-cal-pay-for-my-regional-center-services\/","title":{"rendered":"(11.4) Medi-Cal c\u00f3 thanh to\u00e1n cho c\u00e1c d\u1ecbch v\u1ee5 t\u1ea1i trung t\u00e2m khu v\u1ef1c c\u1ee7a t\u00f4i kh\u00f4ng?"},"content":{"rendered":"\n<p>N\u1ebfu qu\u00fd v\u1ecb h\u1ed9i \u0111\u1ee7 \u0111i\u1ec1u ki\u1ec7n, Medi-Cal&nbsp;<em>c\u00f3 th\u1ec3<\/em>&nbsp;thanh to\u00e1n cho m\u1ed9t s\u1ed1 d\u1ecbch v\u1ee5 t\u1ea1i trung t\u00e2m khu v\u1ef1c c\u1ee7a qu\u00fd v\u1ecb. Medi-Cal l\u00e0 m\u1ed9t ch\u01b0\u01a1ng tr\u00ecnh c\u00f4ng cung c\u1ea5p d\u1ecbch v\u1ee5 ch\u0103m s\u00f3c s\u1ee9c kh\u1ecfe cho c\u01b0 d\u00e2n California c\u00f3 thu nh\u1eadp th\u1ea5p ho\u1eb7c b\u1ecb khuy\u1ebft t\u1eadt. <span class=\"footnote_referrer\"><a role=\"button\" tabindex=\"0\" onclick=\"footnote_moveToReference_2286_1('footnote_plugin_reference_2286_1_1');\" onkeypress=\"footnote_moveToReference_2286_1('footnote_plugin_reference_2286_1_1');\" ><sup id=\"footnote_plugin_tooltip_2286_1_1\" class=\"footnote_plugin_tooltip_text\">[1]<\/sup><\/a><span id=\"footnote_plugin_tooltip_text_2286_1_1\" class=\"footnote_tooltip\">Xem \u1ea5n ph\u1ea9m c\u1ee7a Disability Rights California \u0111\u1ec3 bi\u1ebft th\u00f4ng tin c\u01a1 b\u1ea3n v\u1ec1 Medicaid\/Medi-Cal:&nbsp;<a href=\"https:\/\/www.disabilityrightsca.org\/publications\/fact-sheet-what-is-medicaid-medi-cal\"><span class=\"footnote_url_wrap\">https:\/\/www.disabilityrightsca.org\/publications\/fact-sheet-what-is-medicaid-medi-cal<\/span><\/a><\/span><\/span><script type=\"text\/javascript\"> jQuery('#footnote_plugin_tooltip_2286_1_1').tooltip({ tip: '#footnote_plugin_tooltip_text_2286_1_1', tipClass: 'footnote_tooltip', effect: 'fade', predelay: 0, fadeInSpeed: 200, delay: 400, fadeOutSpeed: 200, position: 'top center', relative: true, offset: [-7, 0], });<\/script><\/p>\n\n\n\n<p>Kh\u00f4ng gi\u1ed1ng Medicare v\u00e0 h\u1ea7u h\u1ebft c\u00e1c ch\u01b0\u01a1ng tr\u00ecnh b\u1ea3o hi\u1ec3m s\u1ee9c kh\u1ecfe t\u01b0 nh\u00e2n kh\u00e1c, Medi-Cal bao tr\u1ea3:<\/p>\n\n\n\n<ul class=\"wp-block-list\"><li>D\u1ecbch v\u1ee5 ch\u0103m s\u00f3c d\u00e0i h\u1ea1n t\u1ea1i c\u00e1c c\u01a1 s\u1edf, v\u00e0<\/li><li>L\u1ef1a ch\u1ecdn t\u1ea1i c\u1ed9ng \u0111\u1ed3ng thay th\u1ebf cho c\u01a1 s\u1edf, nh\u01b0 D\u1ecbch V\u1ee5 H\u1ed7 Tr\u1ee3 T\u1ea1i Nh\u00e0 (In-Home Supportive Services, IHSS) v\u00e0 c\u00e1c d\u1ecbch v\u1ee5 \u0111\u01b0\u1ee3c \u0111\u1ec1 c\u1eadp trong&nbsp;<a href=\"https:\/\/rula.disabilityrightsca.org\/vi\/rula-book\/chapter-11-the-medi-cal-developmental-disability-waiver\/11-25-what-services-does-the-dd-waiver-cover\/\">C\u00e2u h\u1ecfi 25<\/a>.<\/li><\/ul>\n\n\n\n<p>K\u1ec3 c\u1ea3 khi qu\u00fd v\u1ecb h\u1ed9i \u0111\u1ee7 \u0111i\u1ec1u ki\u1ec7n nh\u1eadn Medi\u2011Cal, ch\u01b0\u01a1ng tr\u00ecnh n\u00e0y c\u00f3 th\u1ec3 kh\u00f4ng bao tr\u1ea3 cho t\u1ea5t c\u1ea3 d\u1ecbch v\u1ee5 c\u1ee7a trung t\u00e2m khu v\u1ef1c m\u00e0 qu\u00fd v\u1ecb c\u1ea7n. N\u1ebfu qu\u00fd v\u1ecb c\u1ea7n d\u1ecbch v\u1ee5 kh\u00f4ng \u0111\u01b0\u1ee3c Medi-Cal bao tr\u1ea3, qu\u00fd v\u1ecb v\u1eabn c\u00f3 quy\u1ec1n nh\u1eadn d\u1ecbch v\u1ee5 \u0111\u00f3 n\u1ebfu d\u1ecbch v\u1ee5 \u0111\u00f3 c\u00f3 trong IPP c\u1ee7a qu\u00fd v\u1ecb.&nbsp;<\/p>\n\n\n\n<p>Vi\u1ec7c m\u1ecdi ng\u01b0\u1eddi tham gia Mi\u1ec5n Tr\u1eeb DD \u0111\u1ec3 Medi-Cal c\u00f3 th\u1ec3 bao tr\u1ea3 cho m\u1ed9t s\u1ed1 d\u1ecbch v\u1ee5 l\u00e0 \u0111i\u1ec1u c\u00f3 l\u1ee3i cho ti\u1ec3u bang. Qu\u00fd v\u1ecb s\u1ebd kh\u00f4ng nh\u1eadn th\u1ea5y s\u1ef1 kh\u00e1c bi\u1ec7t trong c\u00e1c d\u1ecbch v\u1ee5, cho d\u00f9 Medi-Cal c\u00f3 bao tr\u1ea3 cho nh\u1eefng d\u1ecbch v\u1ee5 \u0111\u00f3 hay kh\u00f4ng. Tuy nhi\u00ean, ti\u1ec3u bang s\u1ebd nh\u1eadn s\u1ed1 ti\u1ec1n t\u01b0\u01a1ng \u1ee9ng t\u1eeb li\u00ean bang n\u1ebfu qu\u00fd v\u1ecb tham gia Mi\u1ec5n Tr\u1eeb DD. Vi\u1ec7c ti\u1ec3u bang nh\u1eadn ti\u1ec1n t\u1eeb li\u00ean bang l\u00e0 \u0111i\u1ec1u c\u00f3 l\u1ee3i cho c\u01b0 d\u00e2n California. \u0110i\u1ec1u n\u00e0y c\u0169ng c\u00f3 th\u1ec3 c\u00f3 l\u1ee3i cho qu\u00fd v\u1ecb. Xem&nbsp;<a href=\"https:\/\/rula.disabilityrightsca.org\/vi\/rula-book\/chapter-11-the-medi-cal-developmental-disability-waiver\/11-9-is-it-a-good-idea-to-get-dd-waiver-services-if-i-am-eligible\/\">c\u00e2u h\u1ecfi 9<\/a>&nbsp;\u0111\u1ec3 bi\u1ebft th\u00f4ng tin chi ti\u1ebft.<\/p>\n\n\n\n<p><strong><em>Quan tr\u1ecdng! <\/em><\/strong>IPP c\u1ee7a qu\u00fd v\u1ecb ph\u1ea3i li\u1ec7t k\u00ea t\u1ea5t c\u1ea3 c\u00e1c d\u1ecbch v\u1ee5 qu\u00fd v\u1ecb c\u1ea7n, kh\u00f4ng ph\u1ea3i ch\u1ec9 nh\u1eefng d\u1ecbch v\u1ee5 Medi\u2011Cal s\u1ebd thanh to\u00e1n. K\u1ec3 c\u1ea3 khi Mi\u1ec5n Tr\u1eeb DD kh\u00f4ng bao tr\u1ea3 cho c\u00e1c d\u1ecbch v\u1ee5 qu\u00fd v\u1ecb c\u1ea7n, qu\u00fd v\u1ecb v\u1eabn c\u00f3 quy\u1ec1n nh\u1eadn c\u00e1c d\u1ecbch v\u1ee5 \u0111\u00e3 li\u1ec7t k\u00ea trong IPP.<\/p>\n<div class=\"speaker-mute footnotes_reference_container\"> <div class=\"footnote_container_prepare\"><p><span role=\"button\" tabindex=\"0\" class=\"footnote_reference_container_label pointer\" onclick=\"footnote_expand_collapse_reference_container_2286_1();\">&#x202F;<\/span><span role=\"button\" tabindex=\"0\" class=\"footnote_reference_container_collapse_button\" style=\"display: none;\" onclick=\"footnote_expand_collapse_reference_container_2286_1();\">[<a id=\"footnote_reference_container_collapse_button_2286_1\">+<\/a>]<\/span><\/p><\/div> <div id=\"footnote_references_container_2286_1\" style=\"\"><table class=\"footnotes_table footnote-reference-container\"><caption class=\"accessibility\">References<\/caption> <tbody> \r\n\r\n<tr class=\"footnotes_plugin_reference_row\"> <th scope=\"row\" class=\"footnote_plugin_index_combi pointer\"  onclick=\"footnote_moveToAnchor_2286_1('footnote_plugin_tooltip_2286_1_1');\"><a id=\"footnote_plugin_reference_2286_1_1\" class=\"footnote_backlink\"><span class=\"footnote_index_arrow\">&#8593;<\/span>1<\/a><\/th> <td class=\"footnote_plugin_text\">Xem \u1ea5n ph\u1ea9m c\u1ee7a Disability Rights California \u0111\u1ec3 bi\u1ebft th\u00f4ng tin c\u01a1 b\u1ea3n v\u1ec1 Medicaid\/Medi-Cal:&nbsp;<a href=\"https:\/\/www.disabilityrightsca.org\/publications\/fact-sheet-what-is-medicaid-medi-cal\"><span class=\"footnote_url_wrap\">https:\/\/www.disabilityrightsca.org\/publications\/fact-sheet-what-is-medicaid-medi-cal<\/span><\/a><\/td><\/tr>\r\n\r\n <\/tbody> <\/table> <\/div><\/div><script type=\"text\/javascript\"> function footnote_expand_reference_container_2286_1() { jQuery('#footnote_references_container_2286_1').show(); jQuery('#footnote_reference_container_collapse_button_2286_1').text('\u2212'); } function footnote_collapse_reference_container_2286_1() { jQuery('#footnote_references_container_2286_1').hide(); jQuery('#footnote_reference_container_collapse_button_2286_1').text('+'); } function footnote_expand_collapse_reference_container_2286_1() { if (jQuery('#footnote_references_container_2286_1').is(':hidden')) { footnote_expand_reference_container_2286_1(); } else { footnote_collapse_reference_container_2286_1(); } } function footnote_moveToReference_2286_1(p_str_TargetID) { footnote_expand_reference_container_2286_1(); var l_obj_Target = jQuery('#' + p_str_TargetID); if (l_obj_Target.length) { jQuery( 'html, body' ).delay( 0 ); jQuery('html, body').animate({ scrollTop: l_obj_Target.offset().top - window.innerHeight * 0.2 }, 380); } } function footnote_moveToAnchor_2286_1(p_str_TargetID) { footnote_expand_reference_container_2286_1(); var l_obj_Target = jQuery('#' + p_str_TargetID); if (l_obj_Target.length) { jQuery( 'html, body' ).delay( 0 ); jQuery('html, body').animate({ scrollTop: l_obj_Target.offset().top - window.innerHeight * 0.2 }, 380); } }<\/script>","protected":false},"excerpt":{"rendered":"<p>N\u1ebfu qu\u00fd v\u1ecb h\u1ed9i \u0111\u1ee7 \u0111i\u1ec1u ki\u1ec7n, Medi-Cal&nbsp;c\u00f3 th\u1ec3&nbsp;thanh to\u00e1n cho m\u1ed9t s\u1ed1 d\u1ecbch v\u1ee5 t\u1ea1i trung t\u00e2m khu v\u1ef1c c\u1ee7a qu\u00fd v\u1ecb. Medi-Cal l\u00e0&hellip;<\/p>\n","protected":false},"author":1,"featured_media":0,"parent":2275,"menu_order":4,"comment_status":"closed","ping_status":"closed","template":"","meta":{"footnotes":""},"class_list":["post-2286","page","type-page","status-publish","hentry"],"_links":{"self":[{"href":"https:\/\/rula.disabilityrightsca.org\/vi\/wp-json\/wp\/v2\/pages\/2286","targetHints":{"allow":["GET"]}}],"collection":[{"href":"https:\/\/rula.disabilityrightsca.org\/vi\/wp-json\/wp\/v2\/pages"}],"about":[{"href":"https:\/\/rula.disabilityrightsca.org\/vi\/wp-json\/wp\/v2\/types\/page"}],"author":[{"embeddable":true,"href":"https:\/\/rula.disabilityrightsca.org\/vi\/wp-json\/wp\/v2\/users\/1"}],"replies":[{"embeddable":true,"href":"https:\/\/rula.disabilityrightsca.org\/vi\/wp-json\/wp\/v2\/comments?post=2286"}],"version-history":[{"count":4,"href":"https:\/\/rula.disabilityrightsca.org\/vi\/wp-json\/wp\/v2\/pages\/2286\/revisions"}],"predecessor-version":[{"id":3210,"href":"https:\/\/rula.disabilityrightsca.org\/vi\/wp-json\/wp\/v2\/pages\/2286\/revisions\/3210"}],"up":[{"embeddable":true,"href":"https:\/\/rula.disabilityrightsca.org\/vi\/wp-json\/wp\/v2\/pages\/2275"}],"wp:attachment":[{"href":"https:\/\/rula.disabilityrightsca.org\/vi\/wp-json\/wp\/v2\/media?parent=2286"}],"curies":[{"name":"wp","href":"https:\/\/api.w.org\/{rel}","templated":true}]}}