{"id":2280,"date":"2021-09-30T20:06:05","date_gmt":"2021-09-30T20:06:05","guid":{"rendered":"http:\/\/www.rula.disabilityrightsca.org\/vi\/?page_id=2280"},"modified":"2022-04-22T19:42:31","modified_gmt":"2022-04-22T19:42:31","slug":"11-1-what-is-the-dd-waiver","status":"publish","type":"page","link":"https:\/\/rula.disabilityrightsca.org\/vi\/rula-book\/chapter-11-the-medi-cal-developmental-disability-waiver\/11-1-what-is-the-dd-waiver\/","title":{"rendered":"(11.1) Mi\u1ec5n Tr\u1eeb DD l\u00e0 g\u00ec?"},"content":{"rendered":"\n<p>Mi\u1ec5n Tr\u1eeb DD l\u00e0 t\u00ean ng\u1eafn g\u1ecdn cho Mi\u1ec5n Tr\u1eeb D\u1ecbch V\u1ee5 T\u1ea1i Gia v\u00e0 C\u1ed9ng \u0110\u1ed3ng cho Ng\u01b0\u1eddi Khuy\u1ebft T\u1eadt V\u1ec1 Ph\u00e1t Tri\u1ec3n c\u1ee7a Medi\u2011Cal. Mi\u1ec5n Tr\u1eeb DD c\u00f3 th\u1ec3 thanh to\u00e1n cho nhi\u1ec1u d\u1ecbch v\u1ee5 t\u1ea1i gia v\u00e0 c\u1ed9ng \u0111\u1ed3ng nh\u01b0:<\/p>\n\n\n\n<ul class=\"wp-block-list\"><li>Supported living s<\/li><\/ul>\n\n\n\n<ul class=\"wp-block-list\"><li>D\u1ecbch v\u1ee5 h\u1ed7 tr\u1ee3 \u0111\u1eddi s\u1ed1ng \u0111\u1ec3 qu\u00fd v\u1ecb c\u00f3 th\u1ec3 s\u1ed1ng t\u1ea1i nh\u00e0 ri\u00eang,<\/li><li>D\u1ecbch v\u1ee5 vi\u1ec7c l\u00e0m \u0111\u01b0\u1ee3c h\u1ed7 tr\u1ee3 \u0111\u1ec3 qu\u00fd v\u1ecb c\u00f3 th\u1ec3 l\u00e0m vi\u1ec7c, v\u00e0<\/li><li>D\u1ecbch v\u1ee5 ch\u0103m s\u00f3c t\u1ea1m th\u1eddi d\u00e0nh cho th\u00e0nh vi\u00ean gia \u0111\u00ecnh v\u00e0 nh\u1eefng ng\u01b0\u1eddi ch\u0103m s\u00f3c kh\u00e1c.<\/li><\/ul>\n\n\n\n<p>N\u1ebfu K\u1ebf Ho\u1ea1ch Ch\u01b0\u01a1ng Tr\u00ecnh C\u00e1 Nh\u00e2n (Individual Program Plan, IPP) c\u1ee7a qu\u00fd v\u1ecb li\u1ec7t k\u00ea nh\u1eefng d\u1ecbch v\u1ee5 nh\u01b0 th\u1ebf n\u00e0y, c\u00e1c d\u1ecbch v\u1ee5 \u0111\u00f3 c\u00f3 th\u1ec3 \u0111\u01b0\u1ee3c thanh to\u00e1n qua Mi\u1ec5n Tr\u1eeb DD. Xem&nbsp;<a href=\"https:\/\/rula.disabilityrightsca.org\/vi\/rula-book\/chapter-11-the-medi-cal-developmental-disability-waiver\/11-25-what-services-does-the-dd-waiver-cover\/\">C\u00e2u h\u1ecfi 25<\/a>&nbsp;\u0111\u1ec3 bi\u1ebft danh s\u00e1ch c\u00e1c d\u1ecbch v\u1ee5 kh\u00e1c trong Mi\u1ec5n Tr\u1eeb DD.<\/p>\n\n\n\n<p>C\u00f3 c\u00e1c ch\u01b0\u01a1ng tr\u00ecnh mi\u1ec5n tr\u1eeb kh\u00e1c nh\u01b0ng Mi\u1ec5n Tr\u1eeb DD l\u00e0 ch\u01b0\u01a1ng tr\u00ecnh mi\u1ec5n tr\u1eeb quan tr\u1ecdng nh\u1ea5t d\u00e0nh cho ng\u01b0\u1eddi khuy\u1ebft t\u1eadt v\u1ec1 ph\u00e1t tri\u1ec3n. Ch\u01b0\u01a1ng tr\u00ecnh n\u00e0y \u0111\u01b0\u1ee3c g\u1ecdi l\u00e0 \u201cmi\u1ec5n tr\u1eeb\u201d v\u00ec cho ph\u00e9p ti\u1ec3u bang mi\u1ec5n tr\u1eeb m\u1ed9t s\u1ed1 quy \u0111\u1ecbnh c\u1ee7a li\u00ean bang m\u00e0 Medi-Cal s\u1eed d\u1ee5ng. V\u00ed d\u1ee5: ch\u01b0\u01a1ng tr\u00ecnh mi\u1ec5n tr\u1eeb \u201cmi\u1ec5n tr\u1eeb\u201d quy \u0111\u1ecbnh v\u1ec1 thu nh\u1eadp v\u00e0 ngu\u1ed3n l\u1ef1c. \u0110i\u1ec1u n\u00e0y c\u00f3 ngh\u0129a l\u00e0 qu\u00fd v\u1ecb c\u00f3 th\u1ec3 nh\u1eadn Medi-Cal n\u1ebfu qu\u00fd v\u1ecb l\u00e0 tr\u1ebb em v\u00e0 cha m\u1eb9 qu\u00fd v\u1ecb c\u00f3 qu\u00e1 nhi\u1ec1u ti\u1ec1n. Xem c\u00e2u h\u1ecfi&nbsp;<a href=\"https:\/\/rula.disabilityrightsca.org\/vi\/rula-book\/chapter-11-the-medi-cal-developmental-disability-waiver\/11-9-is-it-a-good-idea-to-get-dd-waiver-services-if-i-am-eligible\/\">9<\/a>&nbsp;v\u00e0&nbsp;<a href=\"https:\/\/rula.disabilityrightsca.org\/vi\/rula-book\/chapter-11-the-medi-cal-developmental-disability-waiver\/11-10-is-it-better-for-some-people-not-to-be-on-the-dd-waiver\/\">10<\/a>.<\/p>\n","protected":false},"excerpt":{"rendered":"<p>Mi\u1ec5n Tr\u1eeb DD l\u00e0 t\u00ean ng\u1eafn g\u1ecdn cho Mi\u1ec5n Tr\u1eeb D\u1ecbch V\u1ee5 T\u1ea1i Gia v\u00e0 C\u1ed9ng \u0110\u1ed3ng cho Ng\u01b0\u1eddi Khuy\u1ebft T\u1eadt V\u1ec1 Ph\u00e1t Tri\u1ec3n c\u1ee7a&hellip;<\/p>\n","protected":false},"author":1,"featured_media":0,"parent":2275,"menu_order":1,"comment_status":"closed","ping_status":"closed","template":"","meta":{"footnotes":""},"class_list":["post-2280","page","type-page","status-publish","hentry"],"_links":{"self":[{"href":"https:\/\/rula.disabilityrightsca.org\/vi\/wp-json\/wp\/v2\/pages\/2280","targetHints":{"allow":["GET"]}}],"collection":[{"href":"https:\/\/rula.disabilityrightsca.org\/vi\/wp-json\/wp\/v2\/pages"}],"about":[{"href":"https:\/\/rula.disabilityrightsca.org\/vi\/wp-json\/wp\/v2\/types\/page"}],"author":[{"embeddable":true,"href":"https:\/\/rula.disabilityrightsca.org\/vi\/wp-json\/wp\/v2\/users\/1"}],"replies":[{"embeddable":true,"href":"https:\/\/rula.disabilityrightsca.org\/vi\/wp-json\/wp\/v2\/comments?post=2280"}],"version-history":[{"count":4,"href":"https:\/\/rula.disabilityrightsca.org\/vi\/wp-json\/wp\/v2\/pages\/2280\/revisions"}],"predecessor-version":[{"id":3209,"href":"https:\/\/rula.disabilityrightsca.org\/vi\/wp-json\/wp\/v2\/pages\/2280\/revisions\/3209"}],"up":[{"embeddable":true,"href":"https:\/\/rula.disabilityrightsca.org\/vi\/wp-json\/wp\/v2\/pages\/2275"}],"wp:attachment":[{"href":"https:\/\/rula.disabilityrightsca.org\/vi\/wp-json\/wp\/v2\/media?parent=2280"}],"curies":[{"name":"wp","href":"https:\/\/api.w.org\/{rel}","templated":true}]}}