{"id":2275,"date":"2021-09-30T20:02:58","date_gmt":"2021-09-30T20:02:58","guid":{"rendered":"http:\/\/www.rula.disabilityrightsca.org\/vi\/?page_id=2275"},"modified":"2022-06-23T20:39:59","modified_gmt":"2022-06-23T20:39:59","slug":"chapter-11-the-medi-cal-developmental-disability-waiver","status":"publish","type":"page","link":"https:\/\/rula.disabilityrightsca.org\/vi\/rula-book\/chapter-11-the-medi-cal-developmental-disability-waiver\/","title":{"rendered":"Ch\u01b0\u01a1ng 11: Mi\u1ec5n Tr\u1eeb cho Ng\u01b0\u1eddi Khuy\u1ebft T\u1eadt V\u1ec1 Ph\u00e1t Tri\u1ec3n c\u1ee7a Medi-Cal"},"content":{"rendered":"\n<p><div class=\"print-fullchapter-wrap\"><div class=\"print-fullchapter\"><a href=\"https:\/\/rula.disabilityrightsca.org\/vi\/chapter-11-print\/\">In to\u00e0n b\u1ed9 ch\u01b0\u01a1ng<\/a><\/div><\/div><\/p>\n\n\n\n<p>Ch\u01b0\u01a1ng n\u00e0y cung c\u1ea5p cho qu\u00fd v\u1ecb th\u00f4ng tin v\u1ec1 Mi\u1ec5n Tr\u1eeb D\u1ecbch V\u1ee5 T\u1ea1i Gia v\u00e0 C\u1ed9ng \u0110\u1ed3ng cho Ng\u01b0\u1eddi Khuy\u1ebft T\u1eadt V\u1ec1 Ph\u00e1t Tri\u1ec3n (DD) c\u1ee7a Medi\u2011Cal. Ch\u01b0\u01a1ng n\u00e0y bao g\u1ed3m n\u1ed9i dung v\u1ec1 \u0111\u1ecbnh ngh\u0129a mi\u1ec5n tr\u1eeb, \u0111\u1ed1i t\u01b0\u1ee3ng h\u1ed9i \u0111\u1ee7 \u0111i\u1ec1u ki\u1ec7n v\u00e0 c\u00e1c d\u1ecbch v\u1ee5 c\u1ee7a ch\u01b0\u01a1ng tr\u00ecnh.<\/p>\n\n\n\n<p>Th\u00f4ng tin n\u00e0y ch\u1ee7 y\u1ebfu \u0111\u01b0\u1ee3c d\u1eabn t\u1eeb m\u1ed9t lu\u1eadt ti\u1ec3u bang c\u00f3 t\u00ean l\u00e0 \u0110\u1ea1o Lu\u1eadt Lanterman, b\u1eaft \u0111\u1ea7u t\u1ea1i m\u1ee5c 4500, B\u1ed9 Lu\u1eadt Ph\u00fac L\u1ee3i v\u00e0 \u0110\u1ecbnh Ch\u1ebf California. Ch\u00fang t\u00f4i cung c\u1ea5p cho qu\u00fd v\u1ecb m\u1ee5c trong lu\u1eadt ti\u1ec3u bang n\u00e0y \u0111\u1ec3 qu\u00fd v\u1ecb c\u00f3 th\u1ec3 t\u00ecm th\u00f4ng tin ch\u00fang t\u00f4i \u0111\u1ec1 c\u1eadp trong \u0111\u00e2y. Qu\u00fd v\u1ecb c\u00f3 th\u1ec3 ph\u1ea3i xem x\u00e9t lu\u1eadt n\u00e0y \u0111\u1ec3 nh\u1eadn c\u00e1c d\u1ecbch v\u1ee5 qu\u00fd v\u1ecb c\u1ea7n. Khi qu\u00fd v\u1ecb th\u1ea5y t\u1eeb \u201cSection(s)\u201d (\u201c(C\u00e1c) M\u1ee5c\u201d), theo sau l\u00e0 m\u1ed9t con s\u1ed1 v\u00e0 kh\u00f4ng c\u00f3 th\u00f4ng tin kh\u00e1c, th\u00ec ch\u00ednh l\u00e0 (c\u00e1c) m\u1ee5c c\u1ee7a \u0110\u1ea1o Lu\u1eadt Lanterman. \u0110\u1ec3 \u0111\u1ecdc \u0110\u1ea1o Lu\u1eadt Lanterman,&nbsp;<a href=\"https:\/\/www.dds.ca.gov\/transparency\/laws-regulations\/lanterman-act-and-related-laws\/\">nh\u1ea5p v\u00e0o \u0111\u00e2y<\/a>.<\/p>\n\n\n\n<p>Ch\u01b0\u01a1ng tr\u00ecnh n\u00e0y c\u0169ng c\u00f3 th\u00f4ng tin t\u1eeb ch\u01b0\u01a1ng tr\u00ecnh Medicaid li\u00ean bang. Qu\u00fd v\u1ecb c\u00f3 th\u1ec3 ph\u1ea3i xem x\u00e9t c\u00e1c quy \u0111\u1ecbnh li\u00ean bang \u0111\u1ec3 nh\u1eadn c\u00e1c d\u1ecbch v\u1ee5 qu\u00fd v\u1ecb c\u1ea7n. Tr\u00edch d\u1eabn c\u00f3 d\u1ea1ng nh\u01b0 th\u1ebf n\u00e0y: 42 C.F.R. \u00a7 ngh\u0129a l\u00e0 c\u00e1c quy \u0111\u1ecbnh c\u1ee7a li\u00ean bang.<\/p>\n\n\n\n<p>Ch\u01b0\u01a1ng n\u00e0y c\u0169ng c\u00f3 th\u00f4ng tin t\u1eeb Th\u01b0 c\u1ee7a Gi\u00e1m \u0110\u1ed1c Ph\u00fac L\u1ee3i To\u00e0n H\u1ea1t (All-County Welfare Director Letters, ACWDL). \u0110\u00e2y l\u00e0 nh\u1eefng th\u01b0 c\u1ee7a ti\u1ec3u bang g\u1eedi cho c\u00e1c h\u1ea1t v\u1ec1 nh\u1eefng quy \u0111\u1ecbnh m\u00e0 h\u1ea1t ph\u1ea3i tu\u00e2n theo trong c\u00e1c ch\u01b0\u01a1ng tr\u00ecnh s\u1ee9c kh\u1ecfe. Qu\u00fd v\u1ecb c\u00f3 th\u1ec3 t\u00ecm c\u00e1c th\u01b0 \u0111\u00f3 \u1edf \u0111\u00e2y:&nbsp;<a href=\"https:\/\/www.dhcs.ca.gov\/services\/medi-cal\/eligibility\/Letters\/Pages\/ACWDLbyyear.aspx\">https:\/\/www.dhcs.ca.gov\/services\/medi-cal\/eligibility\/Letters\/Pages\/ACWDLbyyear.aspx<\/a><\/p>\n\n\n<div class=\"menu-chapter-11-container\"><ul id=\"menu-chapter-11\" class=\"menu\"><li id=\"menu-item-2331\" class=\"menu-item menu-item-type-post_type menu-item-object-page menu-item-2331\"><a href=\"https:\/\/rula.disabilityrightsca.org\/vi\/rula-book\/chapter-11-the-medi-cal-developmental-disability-waiver\/11-1-what-is-the-dd-waiver\/\">(11.1) Mi\u1ec5n Tr\u1eeb DD l\u00e0 g\u00ec?<\/a><\/li>\n<li id=\"menu-item-2332\" class=\"menu-item menu-item-type-post_type menu-item-object-page menu-item-2332\"><a href=\"https:\/\/rula.disabilityrightsca.org\/vi\/rula-book\/chapter-11-the-medi-cal-developmental-disability-waiver\/11-2-how-does-the-dd-waiver-help-people-live-in-the-community\/\">(11.2) Mi\u1ec5n Tr\u1eeb DD gi\u00fap m\u1ecdi ng\u01b0\u1eddi s\u1ed1ng trong c\u1ed9ng \u0111\u1ed3ng nh\u01b0 th\u1ebf n\u00e0o?<\/a><\/li>\n<li id=\"menu-item-2333\" class=\"menu-item menu-item-type-post_type menu-item-object-page menu-item-2333\"><a href=\"https:\/\/rula.disabilityrightsca.org\/vi\/rula-book\/chapter-11-the-medi-cal-developmental-disability-waiver\/11-3-where-can-i-find-detailed-information-about-the-dd-waiver\/\">(11.3)  T\u00f4i c\u00f3 th\u1ec3 t\u00ecm th\u00f4ng tin chi ti\u1ebft v\u1ec1 Mi\u1ec5n Tr\u1eeb DD \u1edf \u0111\u00e2u?<\/a><\/li>\n<li id=\"menu-item-2316\" class=\"menu-item menu-item-type-post_type menu-item-object-page menu-item-2316\"><a href=\"https:\/\/rula.disabilityrightsca.org\/vi\/rula-book\/chapter-11-the-medi-cal-developmental-disability-waiver\/11-4-does-medi-cal-pay-for-my-regional-center-services\/\">(11.4) Medi-Cal c\u00f3 thanh to\u00e1n cho c\u00e1c d\u1ecbch v\u1ee5 t\u1ea1i trung t\u00e2m khu v\u1ef1c c\u1ee7a t\u00f4i kh\u00f4ng?<\/a><\/li>\n<li id=\"menu-item-2317\" class=\"menu-item menu-item-type-post_type menu-item-object-page menu-item-2317\"><a href=\"https:\/\/rula.disabilityrightsca.org\/vi\/rula-book\/chapter-11-the-medi-cal-developmental-disability-waiver\/11-5-am-i-eligible-for-dd-waiver-services\/\">(11.5) T\u00f4i c\u00f3 h\u1ed9i \u0111\u1ee7 \u0111i\u1ec1u ki\u1ec7n nh\u1eadn d\u1ecbch v\u1ee5 Mi\u1ec5n Tr\u1eeb DD kh\u00f4ng?<\/a><\/li>\n<li id=\"menu-item-2318\" class=\"menu-item menu-item-type-post_type menu-item-object-page menu-item-2318\"><a href=\"https:\/\/rula.disabilityrightsca.org\/vi\/rula-book\/chapter-11-the-medi-cal-developmental-disability-waiver\/11-6-do-all-regional-center-consumers-qualify-for-dd-waiver-services\/\">(11.6) T\u1ea5t c\u1ea3 kh\u00e1ch h\u00e0ng c\u1ee7a trung t\u00e2m khu v\u1ef1c c\u00f3 h\u1ed9i \u0111\u1ee7 \u0111i\u1ec1u ki\u1ec7n nh\u1eadn d\u1ecbch v\u1ee5 Mi\u1ec5n Tr\u1eeb DD kh\u00f4ng?<\/a><\/li>\n<li id=\"menu-item-2319\" class=\"menu-item menu-item-type-post_type menu-item-object-page menu-item-2319\"><a href=\"https:\/\/rula.disabilityrightsca.org\/vi\/rula-book\/chapter-11-the-medi-cal-developmental-disability-waiver\/11-7-if-i-am-eligible-and-apply-for-the-dd-waiver-am-i-guaranteed-to-get-the-waiver\/\">(11.7) N\u1ebfu t\u00f4i h\u1ed9i \u0111\u1ee7 \u0111i\u1ec1u ki\u1ec7n v\u00e0 \u0111\u0103ng k\u00fd Mi\u1ec5n Tr\u1eeb DD, t\u00f4i c\u00f3 \u0111\u01b0\u1ee3c \u0111\u1ea3m b\u1ea3o l\u00e0 s\u1ebd nh\u1eadn mi\u1ec5n tr\u1eeb kh\u00f4ng?<\/a><\/li>\n<li id=\"menu-item-2320\" class=\"menu-item menu-item-type-post_type menu-item-object-page menu-item-2320\"><a href=\"https:\/\/rula.disabilityrightsca.org\/vi\/rula-book\/chapter-11-the-medi-cal-developmental-disability-waiver\/11-8-how-do-i-apply-for-the-dd-waiver\/\">(11.8) T\u00f4i \u0111\u0103ng k\u00fd Mi\u1ec5n Tr\u1eeb DD b\u1eb1ng c\u00e1ch n\u00e0o?<\/a><\/li>\n<li id=\"menu-item-2321\" class=\"menu-item menu-item-type-post_type menu-item-object-page menu-item-2321\"><a href=\"https:\/\/rula.disabilityrightsca.org\/vi\/rula-book\/chapter-11-the-medi-cal-developmental-disability-waiver\/11-9-is-it-a-good-idea-to-get-dd-waiver-services-if-i-am-eligible\/\">(11.9) Vi\u1ec7c nh\u1eadn d\u1ecbch v\u1ee5 Mi\u1ec5n Tr\u1eeb DD n\u1ebfu t\u00f4i h\u1ed9i \u0111\u1ee7 \u0111i\u1ec1u ki\u1ec7n c\u00f3 ph\u1ea3i l\u00e0 \u00fd hay kh\u00f4ng?<\/a><\/li>\n<li id=\"menu-item-2322\" class=\"menu-item menu-item-type-post_type menu-item-object-page menu-item-2322\"><a href=\"https:\/\/rula.disabilityrightsca.org\/vi\/rula-book\/chapter-11-the-medi-cal-developmental-disability-waiver\/11-10-is-it-better-for-some-people-not-to-be-on-the-dd-waiver\/\">(11.10) C\u00f3 ph\u1ea3i m\u1ed9t s\u1ed1 ng\u01b0\u1eddi kh\u00f4ng n\u00ean tham gia Mi\u1ec5n Tr\u1eeb DD hay kh\u00f4ng?<\/a><\/li>\n<li id=\"menu-item-2323\" class=\"menu-item menu-item-type-post_type menu-item-object-page menu-item-2323\"><a href=\"https:\/\/rula.disabilityrightsca.org\/vi\/rula-book\/chapter-11-the-medi-cal-developmental-disability-waiver\/11-11-would-parents-income-and-resources-normally-count-against-their-childs-medi-cal-eligibility\/\">(11.11) Thu nh\u1eadp v\u00e0 ngu\u1ed3n l\u1ef1c c\u1ee7a cha m\u1eb9 th\u01b0\u1eddng c\u00f3 \u0111\u01b0\u1ee3c t\u00ednh v\u00e0o kh\u1ea3 n\u0103ng h\u1ed9i \u0111\u1ee7 \u0111i\u1ec1u ki\u1ec7n tham gia Medi-Cal c\u1ee7a con h\u1ecd kh\u00f4ng?<\/a><\/li>\n<li id=\"menu-item-2324\" class=\"menu-item menu-item-type-post_type menu-item-object-page menu-item-2324\"><a href=\"https:\/\/rula.disabilityrightsca.org\/vi\/rula-book\/chapter-11-the-medi-cal-developmental-disability-waiver\/11-12-what-if-my-familys-income-is-too-high-to-qualify-for-medi-cal\/\">(11.12) N\u1ebfu thu nh\u1eadp c\u1ee7a gia \u0111\u00ecnh t\u00f4i qu\u00e1 cao n\u00ean kh\u00f4ng h\u1ed9i \u0111\u1ee7 \u0111i\u1ec1u ki\u1ec7n tham gia Medi Cal th\u00ec sao?<\/a><\/li>\n<li id=\"menu-item-2325\" class=\"menu-item menu-item-type-post_type menu-item-object-page menu-item-2325\"><a href=\"https:\/\/rula.disabilityrightsca.org\/vi\/rula-book\/chapter-11-the-medi-cal-developmental-disability-waiver\/11-13-can-my-child-still-get-medi-cal-if-she-gets-child-support\/\">(11.13) Con c\u1ee7a t\u00f4i v\u1eabn c\u00f3 th\u1ec3 nh\u1eadn Medi-Cal n\u1ebfu nh\u1eadn ti\u1ec1n chu c\u1ea5p nu\u00f4i con kh\u00f4ng?<\/a><\/li>\n<li id=\"menu-item-2326\" class=\"menu-item menu-item-type-post_type menu-item-object-page menu-item-2326\"><a href=\"https:\/\/rula.disabilityrightsca.org\/vi\/rula-book\/chapter-11-the-medi-cal-developmental-disability-waiver\/11-14-can-my-child-still-get-medi-cal-if-she-gets-social-security-survivors-benefits\/\">(11.14)  Con c\u1ee7a t\u00f4i v\u1eabn c\u00f3 th\u1ec3 nh\u1eadn Medi-Cal n\u1ebfu nh\u1eadn Ph\u00fac L\u1ee3i An Sinh X\u00e3 H\u1ed9i cho Ng\u01b0\u1eddi S\u1ed1ng S\u00f3t kh\u00f4ng?<\/a><\/li>\n<li id=\"menu-item-2327\" class=\"menu-item menu-item-type-post_type menu-item-object-page menu-item-2327\"><a href=\"https:\/\/rula.disabilityrightsca.org\/vi\/rula-book\/chapter-11-the-medi-cal-developmental-disability-waiver\/11-15-what-are-in-home-supportive-services\/\">(11.15) D\u1ecbch V\u1ee5 H\u1ed7 Tr\u1ee3 T\u1ea1i Nh\u00e0 l\u00e0 g\u00ec?<\/a><\/li>\n<li id=\"menu-item-2328\" class=\"menu-item menu-item-type-post_type menu-item-object-page menu-item-2328\"><a href=\"https:\/\/rula.disabilityrightsca.org\/vi\/rula-book\/chapter-11-the-medi-cal-developmental-disability-waiver\/11-16-are-there-other-home-and-community-based-services-hcbs-waivers\/\">(11.16) C\u00f3 c\u00e1c Mi\u1ec5n Tr\u1eeb D\u1ecbch V\u1ee5 T\u1ea1i Gia v\u00e0 C\u1ed9ng \u0110\u1ed3ng (HCBS) kh\u00e1c kh\u00f4ng?<\/a><\/li>\n<li id=\"menu-item-2329\" class=\"menu-item menu-item-type-post_type menu-item-object-page menu-item-2329\"><a href=\"https:\/\/rula.disabilityrightsca.org\/vi\/rula-book\/chapter-11-the-medi-cal-developmental-disability-waiver\/11-17-would-i-know-if-the-regional-center-put-me-on-the-dd-waiver\/\">(11.17) T\u00f4i c\u00f3 bi\u1ebft n\u1ebfu trung t\u00e2m khu v\u1ef1c \u0111\u01b0a t\u00f4i v\u00e0o Mi\u1ec5n Tr\u1eeb DD kh\u00f4ng?<\/a><\/li>\n<li id=\"menu-item-2330\" class=\"menu-item menu-item-type-post_type menu-item-object-page menu-item-2330\"><a href=\"https:\/\/rula.disabilityrightsca.org\/vi\/rula-book\/chapter-11-the-medi-cal-developmental-disability-waiver\/11-18-the-regional-center-wants-to-put-me-on-the-dd-waiver-but-i-already-have-medi-cal-do-i-have-to-agree\/\">(11.18) Trung t\u00e2m khu v\u1ef1c mu\u1ed1n \u0111\u01b0a t\u00f4i v\u00e0o Mi\u1ec5n Tr\u1eeb DD nh\u01b0ng t\u00f4i \u0111\u00e3 c\u00f3 Medi-Cal. T\u00f4i c\u00f3 ph\u1ea3i \u0111\u1ed3ng \u00fd kh\u00f4ng?<\/a><\/li>\n<li id=\"menu-item-2342\" class=\"menu-item menu-item-type-post_type menu-item-object-page menu-item-2342\"><a href=\"https:\/\/rula.disabilityrightsca.org\/vi\/rula-book\/chapter-11-the-medi-cal-developmental-disability-waiver\/11-19-will-being-on-the-dd-waiver-affect-my-immigration-status\/\">(11.19) Vi\u1ec7c tham gia Mi\u1ec5n Tr\u1eeb DD c\u00f3 \u1ea3nh h\u01b0\u1edfng \u0111\u1ebfn t\u00ecnh tr\u1ea1ng nh\u1eadp c\u01b0 c\u1ee7a t\u00f4i kh\u00f4ng?<\/a><\/li>\n<li id=\"menu-item-2343\" class=\"menu-item menu-item-type-post_type menu-item-object-page menu-item-2343\"><a href=\"https:\/\/rula.disabilityrightsca.org\/vi\/rula-book\/chapter-11-the-medi-cal-developmental-disability-waiver\/11-20-will-i-lose-my-eligibility-for-dd-waiver-services-if-i-am-not-getting-dd-waiver-services-now\/\">(11.20) T\u00f4i c\u00f3 m\u1ea5t kh\u1ea3 n\u0103ng h\u1ed9i \u0111\u1ee7 \u0111i\u1ec1u ki\u1ec7n tham gia Mi\u1ec5n Tr\u1eeb DD n\u1ebfu kh\u00f4ng nh\u1eadn d\u1ecbch v\u1ee5 Mi\u1ec5n Tr\u1eeb DD ngay b\u00e2y gi\u1edd kh\u00f4ng?<\/a><\/li>\n<li id=\"menu-item-2344\" class=\"menu-item menu-item-type-post_type menu-item-object-page menu-item-2344\"><a href=\"https:\/\/rula.disabilityrightsca.org\/vi\/rula-book\/chapter-11-the-medi-cal-developmental-disability-waiver\/11-21-what-do-i-do-if-the-regional-center-refuses-to-give-me-a-service-available-under-a-waiver\/\">(11.21) T\u00f4i n\u00ean l\u00e0m g\u00ec n\u1ebfu trung t\u00e2m khu v\u1ef1c t\u1eeb ch\u1ed1i cung c\u1ea5p cho t\u00f4i m\u1ed9t d\u1ecbch v\u1ee5 c\u00f3 s\u1eb5n theo ch\u01b0\u01a1ng tr\u00ecnh mi\u1ec5n tr\u1eeb?<\/a><\/li>\n<li id=\"menu-item-2345\" class=\"menu-item menu-item-type-post_type menu-item-object-page menu-item-2345\"><a href=\"https:\/\/rula.disabilityrightsca.org\/vi\/rula-book\/chapter-11-the-medi-cal-developmental-disability-waiver\/11-22-are-dd-waiver-hearings-and-medi-cal-hearings-the-same\/\">(11.22) Phi\u00ean \u0111i\u1ec1u tr\u1ea7n Mi\u1ec5n Tr\u1eeb DD v\u00e0 phi\u00ean \u0111i\u1ec1u tr\u1ea7n Medi Cal c\u00f3 ph\u1ea3i l\u00e0 m\u1ed9t kh\u00f4ng?<\/a><\/li>\n<li id=\"menu-item-2352\" class=\"menu-item menu-item-type-post_type menu-item-object-page menu-item-2352\"><a href=\"https:\/\/rula.disabilityrightsca.org\/vi\/rula-book\/chapter-11-the-medi-cal-developmental-disability-waiver\/11-23-are-dd-waiver-hearings-and-lanterman-act-hearings-the-same\/\">(11.23) Phi\u00ean \u0111i\u1ec1u tr\u1ea7n Mi\u1ec5n Tr\u1eeb DD v\u00e0 phi\u00ean \u0111i\u1ec1u tr\u1ea7n \u0110\u1ea1o Lu\u1eadt Lanterman c\u00f3 ph\u1ea3i l\u00e0 m\u1ed9t kh\u00f4ng?<\/a><\/li>\n<li id=\"menu-item-2353\" class=\"menu-item menu-item-type-post_type menu-item-object-page menu-item-2353\"><a href=\"https:\/\/rula.disabilityrightsca.org\/vi\/rula-book\/chapter-11-the-medi-cal-developmental-disability-waiver\/11-24-what-if-the-regional-center-says-i-am-not-eligible-for-the-dd-waiver\/\">(11.24) N\u1ebfu trung t\u00e2m khu v\u1ef1c n\u00f3i r\u1eb1ng t\u00f4i kh\u00f4ng h\u1ed9i \u0111\u1ee7 \u0111i\u1ec1u ki\u1ec7n nh\u1eadn Mi\u1ec5n Tr\u1eeb DD th\u00ec sao?<\/a><\/li>\n<li id=\"menu-item-2354\" class=\"menu-item menu-item-type-post_type menu-item-object-page menu-item-2354\"><a href=\"https:\/\/rula.disabilityrightsca.org\/vi\/rula-book\/chapter-11-the-medi-cal-developmental-disability-waiver\/11-25-what-services-does-the-dd-waiver-cover\/\">(11.25) Mi\u1ec5n Tr\u1eeb DD bao tr\u1ea3 cho nh\u1eefng d\u1ecbch v\u1ee5 n\u00e0o?<\/a><\/li>\n<li id=\"menu-item-3715\" class=\"menu-item menu-item-type-post_type menu-item-object-page menu-item-3715\"><a href=\"https:\/\/rula.disabilityrightsca.org\/vi\/rula-book\/chapter-11-the-medi-cal-developmental-disability-waiver\/11-26-neu-toi-muon-ghi-danh-vao-chuong-trinh-pace-toi-van-co-the-la-khach-hang-cua-trung-tam-khu-vuc-va-tham-gia-chuong-trinh-mien-tru-dd-dd-waiver-khong\/\">(11.26) N\u1ebfu t\u00f4i mu\u1ed1n ghi danh v\u00e0o ch\u01b0\u01a1ng tr\u00ecnh PACE, t\u00f4i v\u1eabn c\u00f3 th\u1ec3 l\u00e0 kh\u00e1ch h\u00e0ng c\u1ee7a trung t\u00e2m khu v\u1ef1c v\u00e0 tham gia ch\u01b0\u01a1ng tr\u00ecnh Mi\u1ec5n Tr\u1eeb DD (DD Waiver) kh\u00f4ng?<\/a><\/li>\n<\/ul><\/div>\n","protected":false},"excerpt":{"rendered":"<p>In to\u00e0n b\u1ed9 ch\u01b0\u01a1ng Ch\u01b0\u01a1ng n\u00e0y cung c\u1ea5p cho qu\u00fd v\u1ecb th\u00f4ng tin v\u1ec1 Mi\u1ec5n Tr\u1eeb D\u1ecbch V\u1ee5 T\u1ea1i Gia v\u00e0 C\u1ed9ng \u0110\u1ed3ng cho Ng\u01b0\u1eddi&hellip;<\/p>\n","protected":false},"author":1,"featured_media":0,"parent":33,"menu_order":11,"comment_status":"closed","ping_status":"closed","template":"","meta":{"footnotes":""},"class_list":["post-2275","page","type-page","status-publish","hentry"],"_links":{"self":[{"href":"https:\/\/rula.disabilityrightsca.org\/vi\/wp-json\/wp\/v2\/pages\/2275","targetHints":{"allow":["GET"]}}],"collection":[{"href":"https:\/\/rula.disabilityrightsca.org\/vi\/wp-json\/wp\/v2\/pages"}],"about":[{"href":"https:\/\/rula.disabilityrightsca.org\/vi\/wp-json\/wp\/v2\/types\/page"}],"author":[{"embeddable":true,"href":"https:\/\/rula.disabilityrightsca.org\/vi\/wp-json\/wp\/v2\/users\/1"}],"replies":[{"embeddable":true,"href":"https:\/\/rula.disabilityrightsca.org\/vi\/wp-json\/wp\/v2\/comments?post=2275"}],"version-history":[{"count":7,"href":"https:\/\/rula.disabilityrightsca.org\/vi\/wp-json\/wp\/v2\/pages\/2275\/revisions"}],"predecessor-version":[{"id":3423,"href":"https:\/\/rula.disabilityrightsca.org\/vi\/wp-json\/wp\/v2\/pages\/2275\/revisions\/3423"}],"up":[{"embeddable":true,"href":"https:\/\/rula.disabilityrightsca.org\/vi\/wp-json\/wp\/v2\/pages\/33"}],"wp:attachment":[{"href":"https:\/\/rula.disabilityrightsca.org\/vi\/wp-json\/wp\/v2\/media?parent=2275"}],"curies":[{"name":"wp","href":"https:\/\/api.w.org\/{rel}","templated":true}]}}