{"id":2269,"date":"2021-09-29T21:22:21","date_gmt":"2021-09-29T21:22:21","guid":{"rendered":"http:\/\/www.rula.disabilityrightsca.org\/vi\/?page_id=2269"},"modified":"2023-07-21T21:11:15","modified_gmt":"2023-07-21T21:11:15","slug":"6-37-can-my-child-join-the-self-determination-program","status":"publish","type":"page","link":"https:\/\/rula.disabilityrightsca.org\/vi\/rula-book\/chapter-6-keeping-the-family-together-services-and-supports-for-children\/6-37-can-my-child-join-the-self-determination-program\/","title":{"rendered":"(6.37) Trung t\u00e2m khu v\u1ef1c c\u00f3 tham gia v\u00e0o vi\u1ec7c chuy\u1ec3n ti\u1ebfp h\u1ecdc sinh gi\u00e1o d\u1ee5c \u0111\u1eb7c bi\u1ec7t t\u1eeb tr\u01b0\u1eddng sang cu\u1ed9c s\u1ed1ng sau khi ra tr\u01b0\u1eddng kh\u00f4ng?"},"content":{"rendered":"\n<p>Trung t\u00e2m khu v\u1ef1c ph\u1ea3i l\u00e0m vi\u1ec7c v\u1edbi tr\u1ebb v\u00e0 gia \u0111\u00ecnh \u0111\u1ec3 \u0111\u1ea3m b\u1ea3o qu\u00e1 tr\u00ecnh chuy\u1ec3n ti\u1ebfp ra kh\u1ecfi h\u1ec7 th\u1ed1ng tr\u01b0\u1eddng c\u00f4ng di\u1ec5n ra su\u00f4n s\u1ebb. Qu\u00fd v\u1ecb v\u00e0 con qu\u00fd v\u1ecb c\u1ea7n x\u00e1c \u0111\u1ecbnh nh\u1eefng \u0111i\u1ec1u s\u1ebd l\u00e0m ti\u1ebfp theo v\u00e0 nh\u1eefng \u0111i\u1ec1u c\u1ea7n \u0111\u01b0a v\u00e0o IPP \u0111\u1ec3 \u0111\u1ea1t \u0111\u01b0\u1ee3c c\u00e1c m\u1ee5c \u0111\u00edch s\u1ed1ng khi l\u00e0 ng\u01b0\u1eddi l\u1edbn c\u1ee7a con qu\u00fd v\u1ecb. Tuy nhi\u00ean, h\u1ecdc sinh t\u1eeb 18 \u0111\u1ebfn 22 tu\u1ed5i ch\u01b0a nh\u1eadn \u0111\u01b0\u1ee3c b\u1eb1ng t\u1ed1t nghi\u1ec7p ch\u00ednh quy ho\u1eb7c ch\u1ee9ng ch\u1ec9 ho\u00e0n th\u00e0nh t\u1eeb h\u1ecdc khu c\u00f3 th\u1ec3 v\u1eabn c\u1ea7n s\u1eed d\u1ee5ng c\u00e1c d\u1ecbch v\u1ee5 gi\u00e1o d\u1ee5c \u0111\u1eb7c bi\u1ec7t. V\u00ec h\u1ecdc khu v\u1eabn l\u00e0 m\u1ed9t ngu\u1ed3n l\u1ef1c chung cung c\u1ea5p c\u00e1c d\u1ecbch v\u1ee5 chuy\u1ec3n ti\u1ebfp cho nh\u1eefng h\u1ecdc sinh l\u1edbn tu\u1ed5i h\u01a1n n\u00e0y, lu\u1eadt quy \u0111\u1ecbnh c\u00e1c trung t\u00e2m khu v\u1ef1c kh\u00f4ng th\u1ec3 thanh to\u00e1n cho m\u1ed9t s\u1ed1 d\u1ecbch v\u1ee5 tr\u1eeb khi nh\u1eefng d\u1ecbch v\u1ee5 \u0111\u00f3 do h\u1ecdc khu cung c\u1ea5p kh\u00f4ng ph\u1ea3i l\u00e0 d\u1ecbch v\u1ee5 thay th\u1ebf ph\u00f9 h\u1ee3p. Nh\u1eefng d\u1ecbch v\u1ee5 n\u00e0y l\u00e0:<\/p>\n\n\n\n<ul class=\"wp-block-list\"><li>Ch\u01b0\u01a1ng tr\u00ecnh ban ng\u00e0y,<\/li><li>Gi\u00e1o d\u1ee5c ngh\u1ec1 nghi\u1ec7p,<\/li><li>D\u1ecbch v\u1ee5 vi\u1ec7c l\u00e0m,<\/li><li>Ch\u01b0\u01a1ng tr\u00ecnh s\u1ed1ng \u0111\u1ed9c l\u1eadp ho\u1eb7c<\/li><li>\u0110\u00e0o t\u1ea1o v\u1eadn \u0111\u1ed9ng v\u00e0 c\u00e1c d\u1ecbch v\u1ee5 chuy\u00ean ch\u1edf c\u00f3 li\u00ean quan.<span class=\"footnote_referrer\"><a role=\"button\" tabindex=\"0\" onclick=\"footnote_moveToReference_2269_1('footnote_plugin_reference_2269_1_1');\" onkeypress=\"footnote_moveToReference_2269_1('footnote_plugin_reference_2269_1_1');\" ><sup id=\"footnote_plugin_tooltip_2269_1_1\" class=\"footnote_plugin_tooltip_text\">[1]<\/sup><\/a><span id=\"footnote_plugin_tooltip_text_2269_1_1\" class=\"footnote_tooltip\">M\u1ee5c 4648.55.<\/span><\/span><script type=\"text\/javascript\"> jQuery('#footnote_plugin_tooltip_2269_1_1').tooltip({ tip: '#footnote_plugin_tooltip_text_2269_1_1', tipClass: 'footnote_tooltip', effect: 'fade', predelay: 0, fadeInSpeed: 200, delay: 400, fadeOutSpeed: 200, position: 'top center', relative: true, offset: [-7, 0], });<\/script><\/li><\/ul>\n\n\n\n<p>Xem Ch\u01b0\u01a1ng 9 \u0111\u1ec3 t\u00ecm hi\u1ec3u th\u00eam v\u1ec1 quy tr\u00ecnh chuy\u1ec3n ti\u1ebfp v\u00e0 c\u00e1ch nh\u1eadn c\u00e1c d\u1ecbch v\u1ee5 \u0111\u01b0\u1ee3c li\u1ec7t k\u00ea b\u00ean tr\u00ean cho nh\u1eefng ng\u01b0\u1eddi t\u1eeb 18 \u0111\u1ebfn 22 tu\u1ed5i.<\/p>\n<div class=\"speaker-mute footnotes_reference_container\"> <div class=\"footnote_container_prepare\"><p><span role=\"button\" tabindex=\"0\" class=\"footnote_reference_container_label pointer\" onclick=\"footnote_expand_collapse_reference_container_2269_1();\">&#x202F;<\/span><span role=\"button\" tabindex=\"0\" class=\"footnote_reference_container_collapse_button\" style=\"display: none;\" onclick=\"footnote_expand_collapse_reference_container_2269_1();\">[<a id=\"footnote_reference_container_collapse_button_2269_1\">+<\/a>]<\/span><\/p><\/div> <div id=\"footnote_references_container_2269_1\" style=\"\"><table class=\"footnotes_table footnote-reference-container\"><caption class=\"accessibility\">References<\/caption> <tbody> \r\n\r\n<tr class=\"footnotes_plugin_reference_row\"> <th scope=\"row\" class=\"footnote_plugin_index_combi pointer\"  onclick=\"footnote_moveToAnchor_2269_1('footnote_plugin_tooltip_2269_1_1');\"><a id=\"footnote_plugin_reference_2269_1_1\" class=\"footnote_backlink\"><span class=\"footnote_index_arrow\">&#8593;<\/span>1<\/a><\/th> <td class=\"footnote_plugin_text\">M\u1ee5c 4648.55.<\/td><\/tr>\r\n\r\n <\/tbody> <\/table> <\/div><\/div><script type=\"text\/javascript\"> function footnote_expand_reference_container_2269_1() { jQuery('#footnote_references_container_2269_1').show(); jQuery('#footnote_reference_container_collapse_button_2269_1').text('\u2212'); } function footnote_collapse_reference_container_2269_1() { jQuery('#footnote_references_container_2269_1').hide(); jQuery('#footnote_reference_container_collapse_button_2269_1').text('+'); } function footnote_expand_collapse_reference_container_2269_1() { if (jQuery('#footnote_references_container_2269_1').is(':hidden')) { footnote_expand_reference_container_2269_1(); } else { footnote_collapse_reference_container_2269_1(); } } function footnote_moveToReference_2269_1(p_str_TargetID) { footnote_expand_reference_container_2269_1(); var l_obj_Target = jQuery('#' + p_str_TargetID); if (l_obj_Target.length) { jQuery( 'html, body' ).delay( 0 ); jQuery('html, body').animate({ scrollTop: l_obj_Target.offset().top - window.innerHeight * 0.2 }, 380); } } function footnote_moveToAnchor_2269_1(p_str_TargetID) { footnote_expand_reference_container_2269_1(); var l_obj_Target = jQuery('#' + p_str_TargetID); if (l_obj_Target.length) { jQuery( 'html, body' ).delay( 0 ); jQuery('html, body').animate({ scrollTop: l_obj_Target.offset().top - window.innerHeight * 0.2 }, 380); } }<\/script>","protected":false},"excerpt":{"rendered":"<p>Trung t\u00e2m khu v\u1ef1c ph\u1ea3i l\u00e0m vi\u1ec7c v\u1edbi tr\u1ebb v\u00e0 gia \u0111\u00ecnh \u0111\u1ec3 \u0111\u1ea3m b\u1ea3o qu\u00e1 tr\u00ecnh chuy\u1ec3n ti\u1ebfp ra kh\u1ecfi h\u1ec7 th\u1ed1ng tr\u01b0\u1eddng c\u00f4ng&hellip;<\/p>\n","protected":false},"author":1,"featured_media":0,"parent":219,"menu_order":37,"comment_status":"closed","ping_status":"closed","template":"","meta":{"footnotes":""},"class_list":["post-2269","page","type-page","status-publish","hentry"],"_links":{"self":[{"href":"https:\/\/rula.disabilityrightsca.org\/vi\/wp-json\/wp\/v2\/pages\/2269","targetHints":{"allow":["GET"]}}],"collection":[{"href":"https:\/\/rula.disabilityrightsca.org\/vi\/wp-json\/wp\/v2\/pages"}],"about":[{"href":"https:\/\/rula.disabilityrightsca.org\/vi\/wp-json\/wp\/v2\/types\/page"}],"author":[{"embeddable":true,"href":"https:\/\/rula.disabilityrightsca.org\/vi\/wp-json\/wp\/v2\/users\/1"}],"replies":[{"embeddable":true,"href":"https:\/\/rula.disabilityrightsca.org\/vi\/wp-json\/wp\/v2\/comments?post=2269"}],"version-history":[{"count":5,"href":"https:\/\/rula.disabilityrightsca.org\/vi\/wp-json\/wp\/v2\/pages\/2269\/revisions"}],"predecessor-version":[{"id":3764,"href":"https:\/\/rula.disabilityrightsca.org\/vi\/wp-json\/wp\/v2\/pages\/2269\/revisions\/3764"}],"up":[{"embeddable":true,"href":"https:\/\/rula.disabilityrightsca.org\/vi\/wp-json\/wp\/v2\/pages\/219"}],"wp:attachment":[{"href":"https:\/\/rula.disabilityrightsca.org\/vi\/wp-json\/wp\/v2\/media?parent=2269"}],"curies":[{"name":"wp","href":"https:\/\/api.w.org\/{rel}","templated":true}]}}