{"id":2266,"date":"2021-09-29T21:20:54","date_gmt":"2021-09-29T21:20:54","guid":{"rendered":"http:\/\/www.rula.disabilityrightsca.org\/vi\/?page_id=2266"},"modified":"2023-07-21T21:10:49","modified_gmt":"2023-07-21T21:10:49","slug":"6-36-do-parents-have-to-pay-fees-for-some-regional-center-services","status":"publish","type":"page","link":"https:\/\/rula.disabilityrightsca.org\/vi\/rula-book\/chapter-6-keeping-the-family-together-services-and-supports-for-children\/6-36-do-parents-have-to-pay-fees-for-some-regional-center-services\/","title":{"rendered":"(6.36) Ch\u01b0\u01a1ng tr\u00ecnh gi\u00e1o d\u1ee5c \u0111\u1eb7c bi\u1ec7t c\u1ee7a con t\u00f4i v\u00e0 trung t\u00e2m khu v\u1ef1c ph\u1ed1i h\u1ee3p v\u1edbi nhau nh\u01b0 th\u1ebf n\u00e0o?"},"content":{"rendered":"\n<p>Trung t\u00e2m khu v\u1ef1c ph\u1ea3i \u0111\u1ea3m b\u1ea3o con qu\u00fd v\u1ecb nh\u1eadn \u0111\u01b0\u1ee3c c\u00e1c d\u1ecbch v\u1ee5 c\u1ea7n thi\u1ebft \u0111\u1ec3 \u0111\u00e1p \u1ee9ng c\u00e1c m\u1ee5c \u0111\u00edch trong IPP, ngay c\u1ea3 khi con qu\u00fd v\u1ecb \u0111ang \u1edf tr\u01b0\u1eddng. C\u00e1c tr\u01b0\u1eddng ph\u1ea3i cung c\u1ea5p nhi\u1ec1u d\u1ecbch v\u1ee5 \u0111\u1ec3 \u0111\u1ea3m b\u1ea3o h\u1ecdc sinh khuy\u1ebft t\u1eadt nh\u1eadn \u0111\u01b0\u1ee3c gi\u00e1o d\u1ee5c c\u00f4ng mi\u1ec5n ph\u00ed v\u00e0 ph\u00f9 h\u1ee3p (FAPE). V\u00ec v\u1eady, nhi\u1ec1u d\u1ecbch v\u1ee5 c\u1ee7a con qu\u00fd v\u1ecb l\u00e0 do h\u1ecdc khu cung c\u1ea5p trong nh\u1eefng n\u0103m \u1edf \u0111\u1ed9 tu\u1ed5i \u0111i h\u1ecdc.<\/p>\n\n\n\n<p>Tuy nhi\u00ean, tr\u1ebb b\u1ecb khuy\u1ebft t\u1eadt v\u1ec1 ph\u00e1t tri\u1ec3n hi\u1ebfm khi nh\u1eadn \u0111\u01b0\u1ee3c t\u1ea5t c\u1ea3 c\u00e1c d\u1ecbch v\u1ee5 t\u1eeb tr\u01b0\u1eddng h\u1ecdc. Tr\u1ebb c\u00f3 nh\u1eefng nhu c\u1ea7u kh\u00f4ng li\u00ean quan \u0111\u1ebfn vi\u1ec7c h\u1ecdc ho\u1eb7c ch\u1ec9 xu\u1ea5t hi\u1ec7n khi \u1edf nh\u00e0. \u0110\u00e2y l\u00e0 nh\u1eefng nhu c\u1ea7u d\u1ecbch v\u1ee5 m\u00e0 trung t\u00e2m khu v\u1ef1c s\u1ebd c\u00f3 tr\u00e1ch nhi\u1ec7m cung c\u1ea5p. V\u00ed d\u1ee5 v\u1ec1 c\u00e1c d\u1ecbch v\u1ee5 c\u1ee7a trung t\u00e2m khu v\u1ef1c m\u00e0 con qu\u00fd v\u1ecb c\u00f3 th\u1ec3 c\u1ea7n ngo\u00e0i c\u00e1c ch\u01b0\u01a1ng tr\u00ecnh gi\u00e1o d\u1ee5c \u0111\u1eb7c bi\u1ec7t g\u1ed3m c\u00f3:<\/p>\n\n\n\n<ul class=\"wp-block-list\"><li><strong>Ch\u01b0\u01a1ng Tr\u00ecnh H\u00f2a Nh\u1eadp X\u00e3 H\u1ed9i.<\/strong> Con qu\u00fd v\u1ecb c\u00f3 th\u1ec3 c\u1ea7n ch\u01b0\u01a1ng tr\u00ecnh sau gi\u1edd h\u1ecdc \u0111\u1ec3 ph\u00e1t tri\u1ec3n c\u00e1c k\u1ef9 n\u0103ng x\u00e3 h\u1ed9i n\u1ebfu tr\u1ebb c\u00f3 m\u1ee5c ti\u00eau h\u00f2a nh\u1eadp x\u00e3 h\u1ed9i trong IPP m\u00e0 c\u00e1c d\u1ecbch v\u1ee5 gi\u00e1o d\u1ee5c \u0111\u1eb7c bi\u1ec7t kh\u00f4ng th\u1ec3 \u0111\u00e1p \u1ee9ng. Ch\u01b0\u01a1ng tr\u00ecnh h\u00f2a nh\u1eadp x\u00e3 h\u1ed9i c\u00f3 th\u1ec3 quan tr\u1ecdng trong vi\u1ec7c tr\u1ee3 gi\u00fap con qu\u00fd v\u1ecb ph\u00e1t tri\u1ec3n c\u00e1c k\u1ef9 n\u0103ng c\u1ea7n thi\u1ebft \u0111\u1ec3 t\u01b0\u01a1ng t\u00e1c t\u1ed1t v\u1edbi m\u1ecdi ng\u01b0\u1eddi trong c\u1ed9ng \u0111\u1ed3ng. Con qu\u00fd v\u1ecb c\u00f3 th\u1ec3 h\u1ecdc c\u00e1ch b\u1eaft \u0111\u1ea7u cu\u1ed9c tr\u00f2 chuy\u1ec7n m\u1edbi, c\u00e1ch \u0111i l\u1ea1i trong c\u1eeda h\u00e0ng t\u1ea1p h\u00f3a v\u00e0 c\u00e1ch l\u00e0m nh\u1eefng vi\u1ec7c kh\u00f4ng \u0111\u01b0\u1ee3c d\u1ea1y trong m\u00f4i tr\u01b0\u1eddng tr\u01b0\u1eddng h\u1ecdc.<\/li><li><strong>D\u1ecbch V\u1ee5 Giao Ti\u1ebfp.<\/strong> \u0110\u00e2y c\u00f3 th\u1ec3 l\u00e0 c\u00e1c thi\u1ebft b\u1ecb giao ti\u1ebfp m\u00e0 con qu\u00fd v\u1ecb s\u1eed d\u1ee5ng khi tr\u1ebb kh\u00f4ng \u1edf tr\u01b0\u1eddng v\u00e0 nh\u1eefng thi\u1ebft b\u1ecb m\u00e0 nh\u00e0 tr\u01b0\u1eddng kh\u00f4ng cho ph\u00e9p h\u1ecdc sinh mang v\u1ec1 nh\u00e0. D\u1ecbch v\u1ee5 n\u00e0y c\u0169ng c\u00f3 th\u1ec3 l\u00e0 bu\u1ed5i \u0111\u00e0o t\u1ea1o cho qu\u00fd v\u1ecb v\u1ec1 c\u00e1ch s\u1eed d\u1ee5ng thi\u1ebft b\u1ecb giao ti\u1ebfp m\u00e0 trung t\u00e2m khu v\u1ef1c cung c\u1ea5p t\u1ea1i nh\u00e0 c\u1ee7a qu\u00fd v\u1ecb.<\/li><li><strong>Ch\u0103m S\u00f3c T\u1ea1m Th\u1eddi<\/strong> (xem c\u00e1c m\u1ee5c v\u1ec1 d\u1ecbch v\u1ee5 ch\u0103m s\u00f3c t\u1ea1m th\u1eddi b\u00ean tr\u00ean).<\/li><li><strong>H\u1ed7 Tr\u1ee3 H\u00e0nh Vi.<\/strong> K\u1ec3 c\u1ea3 khi con qu\u00fd v\u1ecb nh\u1eadn c\u00e1c d\u1ecbch v\u1ee5 h\u00e0nh vi t\u1ea1i tr\u01b0\u1eddng, tr\u1ebb c\u00f3 th\u1ec3 c\u1ea7n th\u00eam d\u1ecbch v\u1ee5 t\u1ea1i nh\u00e0. C\u00e1c d\u1ecbch v\u1ee5 c\u1ee7a tr\u01b0\u1eddng c\u00f3 th\u1ec3 gi\u1ea3i quy\u1ebft nhu c\u1ea7u h\u00e0nh vi c\u1ee7a tr\u1ebb trong l\u1edbp h\u1ecdc c\u00f3 c\u1ea5u tr\u00fac. Khi con qu\u00fd v\u1ecb v\u1ec1 nh\u00e0, tr\u1ebb c\u00f3 th\u1ec3 c\u1ea7n s\u1ef1 tr\u1ee3 gi\u00fap h\u00e0nh vi \u0111\u1ec3 gi\u1ea3i quy\u1ebft c\u1ea5u tr\u00fac k\u00e9m nghi\u00eam ng\u1eb7t h\u01a1n c\u1ee7a gia \u0111\u00ecnh trong c\u00e1c bu\u1ed5i t\u1ed1i, cu\u1ed1i tu\u1ea7n v\u00e0 k\u1ef3 ngh\u1ec9 h\u1ecdc.<\/li><li><strong>Ch\u0103m s\u00f3c ban ng\u00e0y sau gi\u1edd h\u1ecdc<\/strong> (xem c\u00e1c m\u1ee5c v\u1ec1 d\u1ecbch v\u1ee5 ch\u0103m s\u00f3c ban ng\u00e0y b\u00ean tr\u00ean).<\/li><\/ul>\n","protected":false},"excerpt":{"rendered":"<p>Trung t\u00e2m khu v\u1ef1c ph\u1ea3i \u0111\u1ea3m b\u1ea3o con qu\u00fd v\u1ecb nh\u1eadn \u0111\u01b0\u1ee3c c\u00e1c d\u1ecbch v\u1ee5 c\u1ea7n thi\u1ebft \u0111\u1ec3 \u0111\u00e1p \u1ee9ng c\u00e1c m\u1ee5c \u0111\u00edch trong IPP,&hellip;<\/p>\n","protected":false},"author":1,"featured_media":0,"parent":219,"menu_order":36,"comment_status":"closed","ping_status":"closed","template":"","meta":{"footnotes":""},"class_list":["post-2266","page","type-page","status-publish","hentry"],"_links":{"self":[{"href":"https:\/\/rula.disabilityrightsca.org\/vi\/wp-json\/wp\/v2\/pages\/2266","targetHints":{"allow":["GET"]}}],"collection":[{"href":"https:\/\/rula.disabilityrightsca.org\/vi\/wp-json\/wp\/v2\/pages"}],"about":[{"href":"https:\/\/rula.disabilityrightsca.org\/vi\/wp-json\/wp\/v2\/types\/page"}],"author":[{"embeddable":true,"href":"https:\/\/rula.disabilityrightsca.org\/vi\/wp-json\/wp\/v2\/users\/1"}],"replies":[{"embeddable":true,"href":"https:\/\/rula.disabilityrightsca.org\/vi\/wp-json\/wp\/v2\/comments?post=2266"}],"version-history":[{"count":8,"href":"https:\/\/rula.disabilityrightsca.org\/vi\/wp-json\/wp\/v2\/pages\/2266\/revisions"}],"predecessor-version":[{"id":3763,"href":"https:\/\/rula.disabilityrightsca.org\/vi\/wp-json\/wp\/v2\/pages\/2266\/revisions\/3763"}],"up":[{"embeddable":true,"href":"https:\/\/rula.disabilityrightsca.org\/vi\/wp-json\/wp\/v2\/pages\/219"}],"wp:attachment":[{"href":"https:\/\/rula.disabilityrightsca.org\/vi\/wp-json\/wp\/v2\/media?parent=2266"}],"curies":[{"name":"wp","href":"https:\/\/api.w.org\/{rel}","templated":true}]}}