{"id":2238,"date":"2021-09-29T17:46:22","date_gmt":"2021-09-29T17:46:22","guid":{"rendered":"http:\/\/www.rula.disabilityrightsca.org\/vi\/?page_id=2238"},"modified":"2023-03-01T17:22:42","modified_gmt":"2023-03-01T17:22:42","slug":"supplement-n-fair-hearing-flow-chart","status":"publish","type":"page","link":"https:\/\/rula.disabilityrightsca.org\/vi\/supplements\/supplement-n-fair-hearing-flow-chart\/","title":{"rendered":"Ph\u1ee5 L\u1ee5c N: B\u1ed5 sung N \u2013 Bi\u1ec3u \u0111\u1ed3 thay \u0111\u1ed5i quy tr\u00ecnh kh\u00e1ng c\u00e1o \u2013 Lu\u1eadt c\u0169 so v\u1edbi Lu\u1eadt m\u1edbi"},"content":{"rendered":"\n<p><strong><em><strong><em>Xem\u00a0<\/em><\/strong><a href=\"https:\/\/rula.disabilityrightsca.org\/vi\/rula-book\/chapter-10-appeals-and-complaints-disagreements-with-regional-centers-developmental-centers-or-service-providers\/\"><strong><em>Ch\u01b0\u01a1ng 10<\/em><\/strong><\/a><strong><em>\u00a0\u0111\u1ec3 bi\u1ebft th\u00eam th\u00f4ng tin<\/em><\/strong><\/em><\/strong><\/p>\n\n\n\n<h2 class=\"wp-block-heading\"><a href=\"https:\/\/leginfo.legislature.ca.gov\/faces\/billCompareClient.xhtml?bill_id=202120220SB188&amp;showamends=false\"><strong>D\u1ef1 Lu\u1eadt Th\u01b0\u1ee3ng Vi\u1ec7n 188 (2021-22)<\/strong><\/a><strong>: S\u1eeda \u0110\u1ed5i Quy Tr\u00ecnh \u0110i\u1ec1u Tr\u1ea7n C\u00f4ng B\u1eb1ng v\u1ec1 D\u1ecbch V\u1ee5 Ph\u00e1t Tri\u1ec3n<\/strong><\/h2>\n\n\n\n<h3 class=\"wp-block-heading\"><strong>Th\u1ee7 T\u1ee5c \u0110i\u1ec1u Tr\u1ea7n C\u00f4ng B\u1eb1ng \u2013 C\u00f3 Lu\u1eadt S\u01b0 \u0110\u1ea1i Di\u1ec7n<\/strong><\/h3>\n\n\n\n<figure class=\"wp-block-table\"><table class=\"has-fixed-layout\"><tbody><tr><td><strong>Lu\u1eadt Hi\u1ec7n H\u00e0nh<\/strong><\/td><td><strong>Lu\u1eadt M\u1edbi<\/strong><\/td><td><strong>Ng\u00e0y C\u00f3 Hi\u1ec7u L\u1ef1c<\/strong><\/td><\/tr><tr><td><strong>T\u1ea5t C\u1ea3 C\u00e1c B\u00ean \u0110\u1ec1u C\u00f3 Quy\u1ec1n C\u00f3 Lu\u1eadt S\u01b0 \u0110\u1ea1i Di\u1ec7n Trong B\u1ea5t K\u1ef3 Giai \u0110o\u1ea1n N\u00e0o c\u1ee7a Quy Tr\u00ecnh \u0110i\u1ec1u Tr\u1ea7n<\/strong><br><em>B\u1ed9 Lu\u1eadt Ph\u00fac L\u1ee3i &amp; \u0110\u1ecbnh Ch\u1ebf M\u1ee5c 4712(h)<\/em><\/td><td><ul><li>Tr\u1eeb khi nguy\u00ean \u0111\u01a1n l\u00e0 lu\u1eadt s\u01b0 \u0111\u01b0\u1ee3c c\u1ea5p gi\u1ea5y ph\u00e9p h\u00e0nh ngh\u1ec1 t\u1ea1i California ho\u1eb7c tr\u1eeb khi nguy\u00ean \u0111\u01a1n s\u1ebd c\u00f3 lu\u1eadt s\u01b0 tham gia \u0111\u01b0\u1ee3c c\u1ea5p gi\u1ea5y ph\u00e9p h\u00e0nh ngh\u1ec1 t\u1ea1i California, lu\u1eadt s\u01b0 c\u1ee7a trung t\u00e2m khu v\u1ef1c ho\u1eb7c lu\u1eadt s\u01b0 c\u1ee7a s\u1edf s\u1ebd kh\u00f4ng tham gia cu\u1ed9c h\u1ecdp kh\u00f4ng ch\u00ednh th\u1ee9c, bu\u1ed5i h\u00f2a gi\u1ea3i ho\u1eb7c phi\u00ean \u0111i\u1ec1u tr\u1ea7n c\u00f4ng b\u1eb1ng theo m\u00f4 t\u1ea3 trong ch\u01b0\u01a1ng n\u00e0y.<\/li><li>Nguy\u00ean \u0111\u01a1n ph\u1ea3i th\u00f4ng b\u00e1o cho trung t\u00e2m khu v\u1ef1c v\u00e0 v\u0103n ph\u00f2ng \u0111i\u1ec1u tr\u1ea7n r\u1eb1ng nguy\u00ean \u0111\u01a1n s\u1ebd c\u00f3 lu\u1eadt s\u01b0 tham gia \u00edt nh\u1ea5t 5 ng\u00e0y tr\u01b0\u1edbc khi di\u1ec5n ra bu\u1ed5i h\u00f2a gi\u1ea3i v\u00e0 15 ng\u00e0y tr\u01b0\u1edbc khi di\u1ec5n ra phi\u00ean \u0111i\u1ec1u tr\u1ea7n.<\/li><li>Tuy nhi\u00ean, chuy\u00ean vi\u00ean \u0111\u1eb7c tr\u00e1ch \u0111i\u1ec1u tr\u1ea7n c\u00f3 th\u1ec3 b\u00e1o tr\u01b0\u1edbc cho c\u00e1c b\u00ean trong phi\u00ean \u0111i\u1ec1u tr\u1ea7n r\u1eb1ng chuy\u00ean vi\u00ean \u0111i\u1ec1u tr\u1ea7n cho ph\u00e9p lu\u1eadt s\u01b0 tham gia v\u00ec c\u00f4ng l\u00fd.<\/li><\/ul>SB 188, SEC. 33<\/td><td>Ng\u00e0y 1 Th\u00e1ng M\u01b0\u1eddi, 2022<\/td><\/tr><\/tbody><\/table><\/figure>\n\n\n\n<h3 class=\"wp-block-heading\"><strong>Th\u00f4ng B\u00e1o H\u00e0nh \u0110\u1ed9ng v\u00e0 L\u1ecbch Tr\u00ecnh Kh\u00e1ng Ngh\u1ecb<\/strong><\/h3>\n\n\n\n<figure class=\"wp-block-table\"><table class=\"has-fixed-layout\"><tbody><tr><td><strong>Lu\u1eadt Hi\u1ec7n H\u00e0nh<\/strong><\/td><td><strong>Lu\u1eadt M\u1edbi<\/strong><\/td><td><strong>Ng\u00e0y C\u00f3 Hi\u1ec7u L\u1ef1c<\/strong><\/td><\/tr><tr><td><strong>Quy\u1ec1n H\u1ed7 Tr\u1ee3 Phi\u00ean \u0110i\u1ec1u Tr\u1ea7n M\u1ea5t Ph\u00ed N\u1ebfu Kh\u00e1ng Ngh\u1ecb Trong V\u00f2ng 10 Ng\u00e0y<\/strong><br><em>B\u1ed9 Lu\u1eadt Ph\u00fac L\u1ee3i &amp; \u0110\u1ecbnh Ch\u1ebf M\u1ee5c 4715<\/em><\/td><td>Quy\u1ec1n H\u1ed7 Tr\u1ee3 Phi\u00ean \u0110i\u1ec1u Tr\u1ea7n M\u1ea5t Ph\u00ed N\u1ebfu Kh\u00e1ng Ngh\u1ecb Trong V\u00f2ng <strong>30 Ng\u00e0y<\/strong><br><br><em>SB 188, SEC. 36, 69<\/em><\/td><td>Ng\u00e0y 1 Th\u00e1ng Ba, 2023<\/td><\/tr><tr><td><strong>Kh\u00e1ng Ngh\u1ecb Trong V\u00f2ng 30 Ng\u00e0y<\/strong><br><em>B\u1ed9 Lu\u1eadt Ph\u00fac L\u1ee3i &amp; \u0110\u1ecbnh Ch\u1ebf M\u1ee5c 4710.5(a)<\/em><\/td><td>Kh\u00e1ng Ngh\u1ecb Trong V\u00f2ng <strong>60 Ng\u00e0y<\/strong> Sau Khi Th\u00f4ng B\u00e1o H\u00e0nh \u0110\u1ed9ng c\u1ee7a C\u01a1 Quan D\u1ecbch V\u1ee5<br><br><em>SB 188, SEC. 36, 41<\/em><\/td><td>Ng\u00e0y 1 Th\u00e1ng Ba, 2023<\/td><\/tr><\/tbody><\/table><\/figure>\n\n\n\n<h3 class=\"wp-block-heading\"><strong>Cu\u1ed9c H\u1ecdp Kh\u00f4ng Ch\u00ednh Th\u1ee9c &amp; Bu\u1ed5i H\u00f2a Gi\u1ea3i<\/strong><\/h3>\n\n\n\n<figure class=\"wp-block-table\"><table class=\"has-fixed-layout\"><tbody><tr><td><strong>Lu\u1eadt Hi\u1ec7n H\u00e0nh<\/strong><\/td><td><strong>Lu\u1eadt M\u1edbi<\/strong><\/td><td><strong>Ng\u00e0y C\u00f3 Hi\u1ec7u L\u1ef1c<\/strong><\/td><\/tr><tr><td><strong>C\u00e1 Nh\u00e2n C\u00f3 Th\u1ec3 Y\u00eau C\u1ea7u T\u1ed5 Ch\u1ee9c Cu\u1ed9c H\u1ecdp Kh\u00f4ng Ch\u00ednh Th\u1ee9c v\u00e0\/ho\u1eb7c Bu\u1ed5i H\u00f2a Gi\u1ea3i c\u00f9ng v\u1edbi Y\u00eau C\u1ea7u M\u1edf Phi\u00ean \u0110i\u1ec1u Tr\u1ea7n<\/strong><br><em>B\u1ed9 Lu\u1eadt Ph\u00fac L\u1ee3i &amp; \u0110\u1ecbnh Ch\u1ebf M\u1ee5c 4710.5<\/em><\/td><td>C\u00e1 Nh\u00e2n C\u00f3 Th\u1ec3 Y\u00eau C\u1ea7u T\u1ed5 Ch\u1ee9c Cu\u1ed9c H\u1ecdp Kh\u00f4ng Ch\u00ednh Th\u1ee9c v\u00e0\/ho\u1eb7c Bu\u1ed5i H\u00f2a Gi\u1ea3i m\u00e0 Kh\u00f4ng Ph\u1ea3i Y\u00eau C\u1ea7u M\u1edf Phi\u00ean \u0110i\u1ec1u Tr\u1ea7n<br><br><em>SB 188, SEC. 30, 41<\/em><\/td><td>Ng\u00e0y 1 Th\u00e1ng Ba, 2023<\/td><\/tr><tr><td><strong>Cu\u1ed9c H\u1ecdp Kh\u00f4ng Ch\u00ednh Th\u1ee9c l\u00e0 B\u1eaft Bu\u1ed9c Khi C\u00f3 Y\u00eau C\u1ea7u c\u1ee7a Nguy\u00ean \u0110\u01a1n; Trung T\u00e2m Khu V\u1ef1c C\u00f3 Th\u1ec3 Ch\u1ea5p Nh\u1eadn ho\u1eb7c T\u1eeb Ch\u1ed1i H\u00f2a Gi\u1ea3i<\/strong><br><em>B\u1ed9 Lu\u1eadt Ph\u00fac L\u1ee3i &amp; \u0110\u1ecbnh Ch\u1ebf M\u1ee5c 4710.6, 4711.5(a)<\/em><\/td><td>C\u1ea3 Cu\u1ed9c H\u1ecdp Kh\u00f4ng Ch\u00ednh Th\u1ee9c v\u00e0 Bu\u1ed5i H\u00f2a Gi\u1ea3i l\u00e0 B\u1eaft Bu\u1ed9c \u0111\u1ed1i v\u1edbi Trung T\u00e2m D\u1ecbch V\u1ee5 Khi C\u00f3 Y\u00eau C\u1ea7u c\u1ee7a Nguy\u00ean \u0110\u01a1n<br><br><em>SB 188, SEC. 43, 53<\/em><\/td><td>Ng\u00e0y 1 Th\u00e1ng Ba, 2023<\/td><\/tr><\/tbody><\/table><\/figure>\n\n\n\n<h3 class=\"wp-block-heading\"><strong>Phi\u00ean \u0110i\u1ec1u Tr\u1ea7n C\u00f4ng B\u1eb1ng<\/strong><\/h3>\n\n\n\n<figure class=\"wp-block-table\"><table class=\"has-fixed-layout\"><tbody><tr><td><strong>Lu\u1eadt Hi\u1ec7n H\u00e0nh<\/strong><\/td><td><strong>Lu\u1eadt M\u1edbi<\/strong><\/td><td><strong>Ng\u00e0y C\u00f3 Hi\u1ec7u L\u1ef1c<\/strong><\/td><\/tr><tr><td><strong>Danh S\u00e1ch Nh\u00e2n Ch\u1ee9ng v\u00e0 G\u00f3i B\u1eb1ng Ch\u1ee9ng \u0110\u01b0\u1ee3c Trao \u0110\u1ed5i \u00cdt Nh\u1ea5t 5 Ng\u00e0y Tr\u01b0\u1edbc Khi Di\u1ec5n Ra Phi\u00ean \u0110i\u1ec1u Tr\u1ea7n<\/strong><br><em>B\u1ed9 Lu\u1eadt Ph\u00fac L\u1ee3i &amp; \u0110\u1ecbnh Ch\u1ebf M\u1ee5c 4712(d)<\/em><\/td><td>(1) <em>C\u01a1 Quan D\u1ecbch V\u1ee5: <\/em>G\u1eedi b\u1ea3n tr\u00ecnh b\u00e0y l\u1eadp tr\u01b0\u1eddng c\u1ee7a nguy\u00ean \u0111\u01a1n b\u1eb1ng ng\u00f4n ng\u1eef \u01b0u ti\u00ean trong v\u00f2ng 2 ng\u00e0y l\u00e0m vi\u1ec7c tr\u01b0\u1edbc khi di\u1ec5n ra phi\u00ean \u0111i\u1ec1u tr\u1ea7n. B\u1ea3n tr\u00ecnh b\u00e0y l\u1eadp tr\u01b0\u1eddng t\u00f3m t\u1eaft d\u1eef ki\u1ec7n c\u1ee7a v\u1ee5 vi\u1ec7c v\u00e0 ph\u1ea7n bi\u1ec7n minh cho h\u00e0nh \u0111\u1ed9ng c\u1ee7a c\u01a1 quan d\u1ecbch v\u1ee5. B\u1ea3n tr\u00ecnh b\u00e0y l\u1eadp tr\u01b0\u1eddng c\u0169ng bao g\u1ed3m danh s\u00e1ch nh\u00e2n ch\u1ee9ng, ch\u1ee7 \u0111\u1ec1 chung trong l\u1eddi khai c\u1ee7a t\u1eebng nh\u00e2n ch\u1ee9ng v\u00e0 b\u1ea3n sao b\u1eb1ng ch\u1ee9ng b\u1eb1ng v\u0103n b\u1ea3n.<br><br>(2) <em>Nguy\u00ean \u0110\u01a1n C\u00f3 \u0110\u1ea1i Di\u1ec7n:<\/em> Ti\u00eau chu\u1ea9n t\u01b0\u01a1ng t\u1ef1 nh\u01b0 c\u01a1 quan d\u1ecbch v\u1ee5. G\u1eedi b\u1ea3n tr\u00ecnh b\u00e0y l\u1eadp tr\u01b0\u1eddng c\u00f9ng danh s\u00e1ch nh\u00e2n ch\u1ee9ng v\u00e0 b\u1eb1ng ch\u1ee9ng b\u1eb1ng v\u0103n b\u1ea3n trong v\u00f2ng 2 ng\u00e0y l\u00e0m vi\u1ec7c tr\u01b0\u1edbc khi di\u1ec5n ra phi\u00ean \u0111i\u1ec1u tr\u1ea7n.<br><br>(2) <em>Nguy\u00ean \u0110\u01a1n Kh\u00f4ng C\u00f3 \u0110\u1ea1i Di\u1ec7n<\/em>: Kh\u00f4ng y\u00eau c\u1ea7u cung c\u1ea5p b\u1ea3n tr\u00ecnh b\u00e0y l\u1eadp tr\u01b0\u1eddng. Trong v\u00f2ng 2 ng\u00e0y l\u00e0m vi\u1ec7c tr\u01b0\u1edbc khi di\u1ec5n ra phi\u00ean \u0111i\u1ec1u tr\u1ea7n, ph\u1ea3i g\u1eedi danh s\u00e1ch nh\u00e2n ch\u1ee9ng d\u1ef1 \u0111\u1ecbnh c\u00f3 m\u1eb7t k\u00e8m theo m\u00f4 t\u1ea3 ng\u1eafn g\u1ecdn v\u1ec1 m\u1ed1i quan h\u1ec7 c\u1ee7a h\u1ecd v\u1edbi nguy\u00ean \u0111\u01a1n v\u00e0 b\u1ea3n sao c\u1ee7a b\u1ea5t k\u1ef3 \u0111\u00e1nh gi\u00e1 chuy\u00ean m\u00f4n ho\u1eb7c b\u00e1o c\u00e1o n\u00e0o li\u00ean quan \u0111\u1ebfn t\u00ednh h\u1ee3p l\u1ec7 ho\u1eb7c d\u1ecbch v\u1ee5 m\u00e0 nguy\u00ean \u0111\u01a1n d\u1ef1 \u0111\u1ecbnh d\u00f9ng \u1edf phi\u00ean \u0111i\u1ec1u tr\u1ea7n. Nguy\u00ean \u0111\u01a1n c\u00f3 th\u1ec3 cung c\u1ea5p t\u1ea5t c\u1ea3 c\u00e1c b\u1eb1ng ch\u1ee9ng b\u1eb1ng v\u0103n b\u1ea3n kh\u00e1c d\u1ef1 \u0111\u1ecbnh d\u00f9ng \u1edf phi\u00ean \u0111i\u1ec1u tr\u1ea7n ho\u1eb7c tr\u01b0\u1edbc khi di\u1ec5n ra phi\u00ean \u0111i\u1ec1u tr\u1ea7n.<br><br><em>SB 188, SEC. 57<\/em><\/td><td>Ng\u00e0y 1 Th\u00e1ng Ba, 2023<\/td><\/tr><tr><td><strong>Chuy\u00ean Vi\u00ean \u0110\u1eb7c Tr\u00e1ch \u0110i\u1ec1u Tr\u1ea7n: <\/strong>Phi\u00ean \u0111i\u1ec1u tr\u1ea7n c\u00f4ng b\u1eb1ng kh\u00f4ng nh\u1ea5t thi\u1ebft ph\u1ea3i \u0111\u01b0\u1ee3c ti\u1ebfn h\u00e0nh theo quy \u01b0\u1edbc k\u1ef9 thu\u1eadt v\u1ec1 b\u1eb1ng ch\u1ee9ng v\u00e0 quy \u01b0\u1edbc li\u00ean quan \u0111\u1ebfn nh\u00e2n ch\u1ee9ng. M\u1ecdi b\u1eb1ng ch\u1ee9ng li\u00ean quan \u0111\u1ec1u s\u1ebd \u0111\u01b0\u1ee3c th\u1eeba nh\u1eadn.<br><em>B\u1ed9 Lu\u1eadt Ph\u00fac L\u1ee3i &amp; \u0110\u1ecbnh Ch\u1ebf M\u1ee5c 4712(i)<\/em><\/td><td>Lu\u1eadt hi\u1ec7n h\u00e0nh V\u00c0:<ul><li>Phi\u00ean \u0111i\u1ec1u tr\u1ea7n c\u00f4ng b\u1eb1ng s\u1ebd \u0111\u01b0\u1ee3c ti\u1ebfn h\u00e0nh m\u1ed9t c\u00e1ch kh\u00e1ch quan v\u00e0 kh\u00f4ng ch\u00ednh th\u1ee9c nh\u1eb1m khuy\u1ebfn kh\u00edch nh\u1eefng ng\u01b0\u1eddi tham gia tr\u00ecnh b\u00e0y th\u00f4ng tin v\u00e0 th\u1ea3o lu\u1eadn c\u1edfi m\u1edf v\u00e0 t\u1ef1 do.<\/li><li>Chuy\u00ean vi\u00ean \u0111\u1eb7c tr\u00e1ch \u0111i\u1ec1u tr\u1ea7n s\u1ebd ch\u1ec9 \u0111\u1ecbnh c\u00e1c b\u00ean \u0111\u01b0a ra d\u1eef ki\u1ec7n v\u00e0 \u201cs\u1ebd n\u1ed7 l\u1ef1c h\u1ebft m\u00ecnh \u0111\u1ec3 l\u1eadp h\u1ed3 s\u01a1 m\u1ed9t c\u00e1ch \u0111\u1ea7y \u0111\u1ee7 v\u00e0 c\u00f4ng b\u1eb1ng, c\u0169ng nh\u01b0 t\u1ea1o ra m\u00f4i tr\u01b0\u1eddng m\u00e0 t\u1ea5t c\u1ea3 c\u00e1c d\u1eef ki\u1ec7n li\u00ean quan, c\u1ea3 thu\u1eadn l\u1ee3i v\u00e0 b\u1ea5t l\u1ee3i, \u0111\u1ec1u \u0111\u01b0\u1ee3c \u0111\u01b0a ra\u201d.<\/li><\/ul>SB 188, SEC. 57<\/td><td><\/td><\/tr><\/tbody><\/table><\/figure>\n\n\n\n<h3 class=\"wp-block-heading\"><strong>Sau Phi\u00ean \u0110i\u1ec1u Tr\u1ea7n<\/strong><\/h3>\n\n\n\n<figure class=\"wp-block-table\"><table class=\"has-fixed-layout\"><tbody><tr><td><strong>Lu\u1eadt Hi\u1ec7n H\u00e0nh<\/strong><\/td><td><strong>Lu\u1eadt M\u1edbi<\/strong><\/td><td><strong>Ng\u00e0y C\u00f3 Hi\u1ec7u L\u1ef1c<\/strong><\/td><\/tr><tr><td><strong>Quy\u1ebft \u0110\u1ecbnh c\u1ee7a V\u0103n Ph\u00f2ng \u0110i\u1ec1u Tr\u1ea7n l\u00e0 Chung Cu\u1ed9c; C\u00e1ch Duy Nh\u1ea5t \u0111\u1ec3 Kh\u00f4ng Th\u1eeba Nh\u1eadn Quy\u1ebft \u0110\u1ecbnh l\u00e0 Kh\u00e1ng Ngh\u1ecb L\u00ean T\u00f2a Th\u01b0\u1ee3ng Th\u1ea9m<\/strong><br><em>B\u1ed9 Lu\u1eadt Ph\u00fac L\u1ee3i &amp; \u0110\u1ecbnh Ch\u1ebf M\u1ee5c 4712.5(a)<\/em><\/td><td><ul><li>Gi\u00e1m \u0110\u1ed1c DDS c\u00f3 th\u1ea9m quy\u1ec1n th\u00f4ng qua ho\u1eb7c thay th\u1ebf quy\u1ebft \u0111\u1ecbnh c\u1ee7a chuy\u00ean vi\u00ean \u0111\u1eb7c tr\u00e1ch \u0111i\u1ec1u tr\u1ea7n<\/li><li>M\u1ed9t trong hai b\u00ean c\u00f3 th\u1ec3 y\u00eau c\u1ea7u xem x\u00e9t l\u1ea1i trong v\u00f2ng 15 ng\u00e0y k\u1ec3 t\u1eeb ng\u00e0y nh\u1eadn \u0111\u01b0\u1ee3c quy\u1ebft \u0111\u1ecbnh \u0111i\u1ec1u tr\u1ea7n chung cu\u1ed9c b\u1eaft ngu\u1ed3n t\u1eeb nh\u1ea7m l\u1eabn v\u1ec1 d\u1eef ki\u1ec7n ho\u1eb7c lu\u1eadt ph\u00e1p. M\u1ed9t chuy\u00ean vi\u00ean \u0111\u1eb7c tr\u00e1ch \u0111i\u1ec1u tr\u1ea7n kh\u00e1c s\u1ebd th\u1ea9m tra v\u1ea5n \u0111\u1ec1 c\u1ea7n xem x\u00e9t l\u1ea1i.<\/li><\/ul>SB 188, SEC. 61, 64<\/td><td>Ng\u00e0y 1 Th\u00e1ng Ba, 2023<\/td><\/tr><tr><td><strong>90 Ng\u00e0y \u0111\u1ec3 Kh\u00e1ng Ngh\u1ecb Quy\u1ebft \u0110\u1ecbnh \u0110i\u1ec1u Tr\u1ea7n<\/strong><br><em>B\u1ed9 Lu\u1eadt Ph\u00fac L\u1ee3i &amp; \u0110\u1ecbnh Ch\u1ebf M\u1ee5c 4712.5(a)<\/em><\/td><td>Kh\u00e1ng Ngh\u1ecb Quy\u1ebft \u0110\u1ecbnh \u0110i\u1ec1u Tr\u1ea7n Trong V\u00f2ng 180 Ng\u00e0y<br><br><em>SB 188, SEC. 61<\/em><\/td><td>Ng\u00e0y 1 Th\u00e1ng Ba, 2023<\/td><\/tr><tr><td><strong>Kh\u00f4ng C\u00f3 Th\u1ea9m Quy\u1ec1n R\u00f5 R\u00e0ng \u0111\u1ec3 \u0110\u1ea3m B\u1ea3o R\u1eb1ng C\u01a1 Quan D\u1ecbch V\u1ee5 Tu\u00e2n Th\u1ee7 Quy\u1ebft \u0110\u1ecbnh \u0110i\u1ec1u Tr\u1ea7n<\/strong><\/td><td>C\u01a1 quan d\u1ecbch v\u1ee5 ph\u1ea3i thi h\u00e0nh quy\u1ebft \u0111\u1ecbnh \u0111i\u1ec1u tr\u1ea7n c\u00e0ng s\u1edbm c\u00e0ng t\u1ed1t nh\u01b0ng kh\u00f4ng qu\u00e1 30 ng\u00e0y k\u1ec3 t\u1eeb ng\u00e0y ra quy\u1ebft \u0111\u1ecbnh chung cu\u1ed9c. C\u01a1 quan d\u1ecbch v\u1ee5 ph\u1ea3i b\u00e1o cho DDS v\u00e0 nguy\u00ean \u0111\u01a1n bi\u1ebft n\u1ebfu c\u01a1 quan d\u1ecbch v\u1ee5 kh\u00f4ng th\u1ec3 \u0111\u00e1p \u1ee9ng l\u1ecbch tr\u00ecnh n\u00e0y.<br><br>Nguy\u00ean \u0111\u01a1n c\u00f3 th\u1ec3 li\u00ean h\u1ec7 v\u1edbi DDS n\u1ebfu h\u1ecd kh\u00f4ng h\u00e0i l\u00f2ng v\u1edbi s\u1ef1 tu\u00e2n th\u1ee7 c\u1ee7a c\u01a1 quan d\u1ecbch v\u1ee5 v\u00e0 DDS \u0111\u01b0\u1ee3c \u1ee7y quy\u1ec1n th\u1ef1c hi\u1ec7n c\u00e1c h\u00e0nh \u0111\u1ed9ng th\u00edch h\u1ee3p \u0111\u1ec3 \u0111\u1ea1t \u0111\u01b0\u1ee3c s\u1ef1 tu\u00e2n th\u1ee7.<br><br><em>SB 188, SEC. 65<\/em><\/td><td>Ng\u00e0y 1 Th\u00e1ng B\u1ea3y, 2022<\/td><\/tr><\/tbody><\/table><\/figure>\n","protected":false},"excerpt":{"rendered":"<p>Xem\u00a0Ch\u01b0\u01a1ng 10\u00a0\u0111\u1ec3 bi\u1ebft th\u00eam th\u00f4ng tin D\u1ef1 Lu\u1eadt Th\u01b0\u1ee3ng Vi\u1ec7n 188 (2021-22): S\u1eeda \u0110\u1ed5i Quy Tr\u00ecnh \u0110i\u1ec1u Tr\u1ea7n C\u00f4ng B\u1eb1ng v\u1ec1 D\u1ecbch V\u1ee5 Ph\u00e1t Tri\u1ec3n&hellip;<\/p>\n","protected":false},"author":1,"featured_media":0,"parent":1638,"menu_order":14,"comment_status":"closed","ping_status":"closed","template":"","meta":{"footnotes":""},"class_list":["post-2238","page","type-page","status-publish","hentry"],"_links":{"self":[{"href":"https:\/\/rula.disabilityrightsca.org\/vi\/wp-json\/wp\/v2\/pages\/2238","targetHints":{"allow":["GET"]}}],"collection":[{"href":"https:\/\/rula.disabilityrightsca.org\/vi\/wp-json\/wp\/v2\/pages"}],"about":[{"href":"https:\/\/rula.disabilityrightsca.org\/vi\/wp-json\/wp\/v2\/types\/page"}],"author":[{"embeddable":true,"href":"https:\/\/rula.disabilityrightsca.org\/vi\/wp-json\/wp\/v2\/users\/1"}],"replies":[{"embeddable":true,"href":"https:\/\/rula.disabilityrightsca.org\/vi\/wp-json\/wp\/v2\/comments?post=2238"}],"version-history":[{"count":5,"href":"https:\/\/rula.disabilityrightsca.org\/vi\/wp-json\/wp\/v2\/pages\/2238\/revisions"}],"predecessor-version":[{"id":3513,"href":"https:\/\/rula.disabilityrightsca.org\/vi\/wp-json\/wp\/v2\/pages\/2238\/revisions\/3513"}],"up":[{"embeddable":true,"href":"https:\/\/rula.disabilityrightsca.org\/vi\/wp-json\/wp\/v2\/pages\/1638"}],"wp:attachment":[{"href":"https:\/\/rula.disabilityrightsca.org\/vi\/wp-json\/wp\/v2\/media?parent=2238"}],"curies":[{"name":"wp","href":"https:\/\/api.w.org\/{rel}","templated":true}]}}