{"id":2234,"date":"2021-09-29T00:03:06","date_gmt":"2021-09-29T00:03:06","guid":{"rendered":"http:\/\/www.rula.disabilityrightsca.org\/vi\/?page_id=2234"},"modified":"2024-10-09T17:59:01","modified_gmt":"2024-10-09T17:59:01","slug":"4-52-if-i-am-in-the-self-determination-program-do-i-still-go-through-the-ipp-process-and-have-a-written-ipp","status":"publish","type":"page","link":"https:\/\/rula.disabilityrightsca.org\/vi\/rula-book\/chapter-4-individual-program-plans\/4-52-if-i-am-in-the-self-determination-program-do-i-still-go-through-the-ipp-process-and-have-a-written-ipp\/","title":{"rendered":"(4.53) N\u1ebfu trung t\u00e2m khu v\u1ef1c t\u1eeb ch\u1ed1i chi tr\u1ea3 \u0111\u1ed3ng thanh to\u00e1n, \u0111\u1ed3ng b\u1ea3o hi\u1ec3m ho\u1eb7c kho\u1ea3n kh\u1ea5u tr\u1eeb th\u00ec sao?"},"content":{"rendered":"\n<p>N\u1ebfu qu\u00fd v\u1ecb y\u00eau c\u1ea7u d\u1ecbch v\u1ee5 ho\u1eb7c h\u1ed7 tr\u1ee3, ch\u1eb3ng h\u1ea1n nh\u01b0 t\u00e0i tr\u1ee3 \u0111\u1ed3ng thanh to\u00e1n, trung t\u00e2m khu v\u1ef1c c\u00f3 15 ng\u00e0y \u0111\u1ec3 quy\u1ebft \u0111\u1ecbnh c\u00f3 cho ph\u00e9p d\u1ecbch v\u1ee5 ho\u1eb7c h\u1ed7 tr\u1ee3 \u0111\u00f3 hay kh\u00f4ng. <span class=\"footnote_referrer\"><a role=\"button\" tabindex=\"0\" onclick=\"footnote_moveToReference_2234_1('footnote_plugin_reference_2234_1_1');\" onkeypress=\"footnote_moveToReference_2234_1('footnote_plugin_reference_2234_1_1');\" ><sup id=\"footnote_plugin_tooltip_2234_1_1\" class=\"footnote_plugin_tooltip_text\">[1]<\/sup><\/a><span id=\"footnote_plugin_tooltip_text_2234_1_1\" class=\"footnote_tooltip\">M\u1ee5c 4646(h).<\/span><\/span><script type=\"text\/javascript\"> jQuery('#footnote_plugin_tooltip_2234_1_1').tooltip({ tip: '#footnote_plugin_tooltip_text_2234_1_1', tipClass: 'footnote_tooltip', effect: 'fade', predelay: 0, fadeInSpeed: 200, delay: 400, fadeOutSpeed: 200, position: 'top center', relative: true, offset: [-7, 0], });<\/script> Sau \u0111\u00f3, trung t\u00e2m khu v\u1ef1c ph\u1ea3i g\u1eedi th\u00f4ng b\u00e1o h\u00e0nh \u0111\u1ed9ng cho qu\u00fd v\u1ecb trong v\u00f2ng 5 ng\u00e0y n\u1ebfu h\u1ecd t\u1eeb ch\u1ed1i y\u00eau c\u1ea7u c\u1ee7a qu\u00fd v\u1ecb. <span class=\"footnote_referrer\"><a role=\"button\" tabindex=\"0\" onclick=\"footnote_moveToReference_2234_1('footnote_plugin_reference_2234_1_2');\" onkeypress=\"footnote_moveToReference_2234_1('footnote_plugin_reference_2234_1_2');\" ><sup id=\"footnote_plugin_tooltip_2234_1_2\" class=\"footnote_plugin_tooltip_text\">[2]<\/sup><\/a><span id=\"footnote_plugin_tooltip_text_2234_1_2\" class=\"footnote_tooltip\">M\u1ee5c 4710(b).<\/span><\/span><script type=\"text\/javascript\"> jQuery('#footnote_plugin_tooltip_2234_1_2').tooltip({ tip: '#footnote_plugin_tooltip_text_2234_1_2', tipClass: 'footnote_tooltip', effect: 'fade', predelay: 0, fadeInSpeed: 200, delay: 400, fadeOutSpeed: 200, position: 'top center', relative: true, offset: [-7, 0], });<\/script> N\u1ebfu qu\u00fd v\u1ecb v\u00e0 trung t\u00e2m khu v\u1ef1c c\u1ee7a qu\u00fd v\u1ecb kh\u00f4ng \u0111\u1ed3ng \u00fd v\u1edbi thay \u0111\u1ed5i \u0111\u1ed1i v\u1edbi c\u00e1c d\u1ecbch v\u1ee5 hi\u1ec7n t\u1ea1i, trung t\u00e2m khu v\u1ef1c ph\u1ea3i g\u1eedi cho qu\u00fd v\u1ecb th\u00f4ng b\u00e1o trong v\u00f2ng 30 tr\u01b0\u1edbc khi thay \u0111\u1ed5i c\u00f3 hi\u1ec7u l\u1ef1c. <span class=\"footnote_referrer\"><a role=\"button\" tabindex=\"0\" onclick=\"footnote_moveToReference_2234_1('footnote_plugin_reference_2234_1_3');\" onkeypress=\"footnote_moveToReference_2234_1('footnote_plugin_reference_2234_1_3');\" ><sup id=\"footnote_plugin_tooltip_2234_1_3\" class=\"footnote_plugin_tooltip_text\">[3]<\/sup><\/a><span id=\"footnote_plugin_tooltip_text_2234_1_3\" class=\"footnote_tooltip\">M\u1ee5c 4710(a).<\/span><\/span><script type=\"text\/javascript\"> jQuery('#footnote_plugin_tooltip_2234_1_3').tooltip({ tip: '#footnote_plugin_tooltip_text_2234_1_3', tipClass: 'footnote_tooltip', effect: 'fade', predelay: 0, fadeInSpeed: 200, delay: 400, fadeOutSpeed: 200, position: 'top center', relative: true, offset: [-7, 0], });<\/script><\/p>\n\n\n\n<p>Th\u00f4ng b\u00e1o n\u00e0y ph\u1ea3i bao g\u1ed3m h\u00e0nh \u0111\u1ed9ng trung t\u00e2m khu v\u1ef1c mu\u1ed1n th\u1ef1c hi\u1ec7n, l\u00fd do, ng\u00e0y c\u00f3 hi\u1ec7u l\u1ef1c, lu\u1eadt h\u1ed7 tr\u1ee3 cho h\u00e0nh \u0111\u1ed9ng \u0111\u00f3 v\u00e0 c\u00e1ch kh\u00e1ng c\u00e1o, bao g\u1ed3m gi\u1edbi thi\u1ec7u t\u1edbi ngu\u1ed3n l\u1ef1c tr\u1ee3 gi\u00fap b\u00eanh v\u1ef1c.&nbsp; Th\u00f4ng tin ph\u1ea3i \u0111\u01b0\u1ee3c cung c\u1ea5p b\u1eb1ng ng\u00f4n ng\u1eef qu\u00fd v\u1ecb hi\u1ec3u \u0111\u01b0\u1ee3c. <span class=\"footnote_referrer\"><a role=\"button\" tabindex=\"0\" onclick=\"footnote_moveToReference_2234_1('footnote_plugin_reference_2234_1_4');\" onkeypress=\"footnote_moveToReference_2234_1('footnote_plugin_reference_2234_1_4');\" ><sup id=\"footnote_plugin_tooltip_2234_1_4\" class=\"footnote_plugin_tooltip_text\">[4]<\/sup><\/a><span id=\"footnote_plugin_tooltip_text_2234_1_4\" class=\"footnote_tooltip\">M\u1ee5c 4701(a)<\/span><\/span><script type=\"text\/javascript\"> jQuery('#footnote_plugin_tooltip_2234_1_4').tooltip({ tip: '#footnote_plugin_tooltip_text_2234_1_4', tipClass: 'footnote_tooltip', effect: 'fade', predelay: 0, fadeInSpeed: 200, delay: 400, fadeOutSpeed: 200, position: 'top center', relative: true, offset: [-7, 0], });<\/script><\/p>\n<div class=\"speaker-mute footnotes_reference_container\"> <div class=\"footnote_container_prepare\"><p><span role=\"button\" tabindex=\"0\" class=\"footnote_reference_container_label pointer\" onclick=\"footnote_expand_collapse_reference_container_2234_1();\">&#x202F;<\/span><span role=\"button\" tabindex=\"0\" class=\"footnote_reference_container_collapse_button\" style=\"display: none;\" onclick=\"footnote_expand_collapse_reference_container_2234_1();\">[<a id=\"footnote_reference_container_collapse_button_2234_1\">+<\/a>]<\/span><\/p><\/div> <div id=\"footnote_references_container_2234_1\" style=\"\"><table class=\"footnotes_table footnote-reference-container\"><caption class=\"accessibility\">References<\/caption> <tbody> \r\n\r\n<tr class=\"footnotes_plugin_reference_row\"> <th scope=\"row\" class=\"footnote_plugin_index_combi pointer\"  onclick=\"footnote_moveToAnchor_2234_1('footnote_plugin_tooltip_2234_1_1');\"><a id=\"footnote_plugin_reference_2234_1_1\" class=\"footnote_backlink\"><span class=\"footnote_index_arrow\">&#8593;<\/span>1<\/a><\/th> <td class=\"footnote_plugin_text\">M\u1ee5c 4646(h).<\/td><\/tr>\r\n\r\n<tr class=\"footnotes_plugin_reference_row\"> <th scope=\"row\" class=\"footnote_plugin_index_combi pointer\"  onclick=\"footnote_moveToAnchor_2234_1('footnote_plugin_tooltip_2234_1_2');\"><a id=\"footnote_plugin_reference_2234_1_2\" class=\"footnote_backlink\"><span class=\"footnote_index_arrow\">&#8593;<\/span>2<\/a><\/th> <td class=\"footnote_plugin_text\">M\u1ee5c 4710(b).<\/td><\/tr>\r\n\r\n<tr class=\"footnotes_plugin_reference_row\"> <th scope=\"row\" class=\"footnote_plugin_index_combi pointer\"  onclick=\"footnote_moveToAnchor_2234_1('footnote_plugin_tooltip_2234_1_3');\"><a id=\"footnote_plugin_reference_2234_1_3\" class=\"footnote_backlink\"><span class=\"footnote_index_arrow\">&#8593;<\/span>3<\/a><\/th> <td class=\"footnote_plugin_text\">M\u1ee5c 4710(a).<\/td><\/tr>\r\n\r\n<tr class=\"footnotes_plugin_reference_row\"> <th scope=\"row\" class=\"footnote_plugin_index_combi pointer\"  onclick=\"footnote_moveToAnchor_2234_1('footnote_plugin_tooltip_2234_1_4');\"><a id=\"footnote_plugin_reference_2234_1_4\" class=\"footnote_backlink\"><span class=\"footnote_index_arrow\">&#8593;<\/span>4<\/a><\/th> <td class=\"footnote_plugin_text\">M\u1ee5c 4701(a)<\/td><\/tr>\r\n\r\n <\/tbody> <\/table> <\/div><\/div><script type=\"text\/javascript\"> function footnote_expand_reference_container_2234_1() { jQuery('#footnote_references_container_2234_1').show(); jQuery('#footnote_reference_container_collapse_button_2234_1').text('\u2212'); } function footnote_collapse_reference_container_2234_1() { jQuery('#footnote_references_container_2234_1').hide(); jQuery('#footnote_reference_container_collapse_button_2234_1').text('+'); } function footnote_expand_collapse_reference_container_2234_1() { if (jQuery('#footnote_references_container_2234_1').is(':hidden')) { footnote_expand_reference_container_2234_1(); } else { footnote_collapse_reference_container_2234_1(); } } function footnote_moveToReference_2234_1(p_str_TargetID) { footnote_expand_reference_container_2234_1(); var l_obj_Target = jQuery('#' + p_str_TargetID); if (l_obj_Target.length) { jQuery( 'html, body' ).delay( 0 ); jQuery('html, body').animate({ scrollTop: l_obj_Target.offset().top - window.innerHeight * 0.2 }, 380); } } function footnote_moveToAnchor_2234_1(p_str_TargetID) { footnote_expand_reference_container_2234_1(); var l_obj_Target = jQuery('#' + p_str_TargetID); if (l_obj_Target.length) { jQuery( 'html, body' ).delay( 0 ); jQuery('html, body').animate({ scrollTop: l_obj_Target.offset().top - window.innerHeight * 0.2 }, 380); } }<\/script>","protected":false},"excerpt":{"rendered":"<p>N\u1ebfu qu\u00fd v\u1ecb y\u00eau c\u1ea7u d\u1ecbch v\u1ee5 ho\u1eb7c h\u1ed7 tr\u1ee3, ch\u1eb3ng h\u1ea1n nh\u01b0 t\u00e0i tr\u1ee3 \u0111\u1ed3ng thanh to\u00e1n, trung t\u00e2m khu v\u1ef1c c\u00f3 15 ng\u00e0y&hellip;<\/p>\n","protected":false},"author":1,"featured_media":0,"parent":1193,"menu_order":52,"comment_status":"closed","ping_status":"closed","template":"","meta":{"footnotes":""},"class_list":["post-2234","page","type-page","status-publish","hentry"],"_links":{"self":[{"href":"https:\/\/rula.disabilityrightsca.org\/vi\/wp-json\/wp\/v2\/pages\/2234","targetHints":{"allow":["GET"]}}],"collection":[{"href":"https:\/\/rula.disabilityrightsca.org\/vi\/wp-json\/wp\/v2\/pages"}],"about":[{"href":"https:\/\/rula.disabilityrightsca.org\/vi\/wp-json\/wp\/v2\/types\/page"}],"author":[{"embeddable":true,"href":"https:\/\/rula.disabilityrightsca.org\/vi\/wp-json\/wp\/v2\/users\/1"}],"replies":[{"embeddable":true,"href":"https:\/\/rula.disabilityrightsca.org\/vi\/wp-json\/wp\/v2\/comments?post=2234"}],"version-history":[{"count":5,"href":"https:\/\/rula.disabilityrightsca.org\/vi\/wp-json\/wp\/v2\/pages\/2234\/revisions"}],"predecessor-version":[{"id":3863,"href":"https:\/\/rula.disabilityrightsca.org\/vi\/wp-json\/wp\/v2\/pages\/2234\/revisions\/3863"}],"up":[{"embeddable":true,"href":"https:\/\/rula.disabilityrightsca.org\/vi\/wp-json\/wp\/v2\/pages\/1193"}],"wp:attachment":[{"href":"https:\/\/rula.disabilityrightsca.org\/vi\/wp-json\/wp\/v2\/media?parent=2234"}],"curies":[{"name":"wp","href":"https:\/\/api.w.org\/{rel}","templated":true}]}}