{"id":2164,"date":"2021-09-28T23:29:09","date_gmt":"2021-09-28T23:29:09","guid":{"rendered":"http:\/\/www.rula.disabilityrightsca.org\/vi\/?page_id=2164"},"modified":"2023-06-23T16:57:08","modified_gmt":"2023-06-23T16:57:08","slug":"10-42-what-happens-after-i-file-my-4731-complaint","status":"publish","type":"page","link":"https:\/\/rula.disabilityrightsca.org\/vi\/rula-book\/chapter-10-appeals-and-complaints-disagreements-with-regional-centers-developmental-centers-or-service-providers\/10-42-what-happens-after-i-file-my-4731-complaint\/","title":{"rendered":"(10.42) N\u1ebfu t\u00f4i c\u00f3 b\u1ea5t \u0111\u1ed3ng v\u1edbi nh\u00e0 cung c\u1ea5p d\u1ecbch v\u1ee5 th\u00ec sao?"},"content":{"rendered":"\n<p>V\u1ec1 c\u00e1c b\u1ea5t \u0111\u1ed3ng v\u1edbi nh\u00e0 cung c\u1ea5p d\u1ecbch v\u1ee5 (b\u00ean cung c\u1ea5p), qu\u00fd v\u1ecb c\u00f3 c\u00e1c l\u1ef1a ch\u1ecdn khi\u1ebfu n\u1ea1i. Nh\u00e0 cung c\u1ea5p d\u1ecbch v\u1ee5, nh\u01b0 ch\u01b0\u01a1ng tr\u00ecnh ban ng\u00e0y v\u00e0 nh\u00e0 t\u1eadp th\u1ec3, kh\u00f4ng th\u1ec3 nh\u1eadn ti\u1ec1n t\u1eeb ti\u1ec3u bang tr\u1eeb khi h\u1ecd c\u00f3 quy tr\u00ecnh than phi\u1ec1n n\u1ed9i b\u1ed9 b\u1eb1ng v\u0103n b\u1ea3n. Y\u00eau c\u1ea7u nh\u00e0 cung c\u1ea5p d\u1ecbch v\u1ee5 cung c\u1ea5p b\u1ea3n sao quy tr\u00ecnh than phi\u1ec1n c\u1ee7a h\u1ecd \u0111\u1ec3 n\u1ed9p \u0111\u01a1n than phi\u1ec1n.<\/p>\n\n\n\n<p>N\u1ebfu qu\u00fd v\u1ecb c\u00f3 v\u1ea5n \u0111\u1ec1 v\u1edbi m\u1ed9t nh\u00e0 cung c\u1ea5p d\u1ecbch v\u1ee5 ho\u1eb7c c\u01a1 s\u1edf c\u00f3 gi\u1ea5y ph\u00e9p, h\u00e3y khi\u1ebfu n\u1ea1i v\u1edbi c\u01a1 quan c\u1ea5p ph\u00e9p. C\u01a1 quan c\u1ea5p ph\u00e9p ki\u1ec3m tra v\u00e0 c\u1ea5p ph\u00e9p cho c\u00e1c c\u01a1 s\u1edf ch\u0103m s\u00f3c s\u1ee9c kh\u1ecfe \u0111\u1ec3 \u0111\u1ea3m b\u1ea3o h\u1ecd tu\u00e2n th\u1ee7 lu\u1eadt v\u00e0 quy \u0111\u1ecbnh c\u1ee7a ti\u1ec3u bang v\u00e0 li\u00ean bang nh\u1eb1m b\u1ea3o v\u1ec7 s\u1ee9c kh\u1ecfe, s\u1ef1 an to\u00e0n v\u00e0 quy\u1ec1n c\u00e1 nh\u00e2n c\u1ee7a nh\u1eefng ng\u01b0\u1eddi trong c\u00e1c c\u01a1 s\u1edf \u0111\u01b0\u1ee3c c\u1ea5p ph\u00e9p. S\u1edf D\u1ecbch V\u1ee5 Ch\u0103m S\u00f3c S\u1ee9c Kh\u1ecfe c\u1ea5p ph\u00e9p cho h\u1ea7u h\u1ebft c\u00e1c nh\u00e0 cung c\u1ea5p d\u1ecbch v\u1ee5 v\u00e0 c\u01a1 s\u1edf ch\u0103m s\u00f3c s\u1ee9c kh\u1ecfe. S\u1edf D\u1ecbch V\u1ee5 X\u00e3 H\u1ed9i c\u1ea5p ph\u00e9p cho h\u1ea7u h\u1ebft c\u00e1c nh\u00e0 cung c\u1ea5p d\u1ecbch v\u1ee5 ch\u0103m s\u00f3c c\u1ed9ng \u0111\u1ed3ng v\u00e0 n\u1ed9i tr\u00fa. M\u1ed7i c\u01a1 quan c\u00f3 quy tr\u00ecnh khi\u1ebfu n\u1ea1i ri\u00eang. H\u00e3y y\u00eau c\u1ea7u c\u01a1 quan c\u1ea5p ph\u00e9p cho nh\u00e0 cung c\u1ea5p d\u1ecbch v\u1ee5 c\u1ee7a qu\u00fd v\u1ecb cung c\u1ea5p b\u1ea3n sao quy tr\u00ecnh khi\u1ebfu n\u1ea1i c\u1ee7a h\u1ecd cho khu v\u1ef1c qu\u00fd v\u1ecb s\u1ed1ng. Nh\u00e0 cung c\u1ea5p d\u1ecbch v\u1ee5 c\u00f3 th\u1ec3 cho qu\u00fd v\u1ecb bi\u1ebft c\u01a1 quan n\u00e0o c\u1ea5p ph\u00e9p cho c\u01a1 s\u1edf. Qu\u00fd v\u1ecb c\u00f3 th\u1ec3 y\u00eau c\u1ea7u ng\u01b0\u1eddi b\u00eanh v\u1ef1c tr\u1ee3 gi\u00fap qu\u00fd v\u1ecb khi\u1ebfu n\u1ea1i. <\/p>\n\n\n\n<p>Qu\u00fd v\u1ecb c\u0169ng c\u00f3 th\u1ec3 n\u1ed9p Khi\u1ebfu N\u1ea1i M\u1ee5c 4731 v\u1ec1 b\u00ean cung c\u1ea5p c\u1ee7a trung t\u00e2m khu v\u1ef1c. Qu\u00fd v\u1ecb n\u1ed9p \u0111\u01a1n khi\u1ebfu n\u1ea1i l\u00ean gi\u00e1m \u0111\u1ed1c \u0111i\u1ec1u h\u00e0nh c\u1ee7a trung t\u00e2m khu v\u1ef1c. H\u00e3y cho gi\u00e1m \u0111\u1ed1c bi\u1ebft qu\u00fd v\u1ecb \u0111ang khi\u1ebfu n\u1ea1i v\u1ec1 b\u00ean cung c\u1ea5p v\u00e0 l\u00fd do.<\/p>\n","protected":false},"excerpt":{"rendered":"<p>V\u1ec1 c\u00e1c b\u1ea5t \u0111\u1ed3ng v\u1edbi nh\u00e0 cung c\u1ea5p d\u1ecbch v\u1ee5 (b\u00ean cung c\u1ea5p), qu\u00fd v\u1ecb c\u00f3 c\u00e1c l\u1ef1a ch\u1ecdn khi\u1ebfu n\u1ea1i. Nh\u00e0 cung c\u1ea5p d\u1ecbch&hellip;<\/p>\n","protected":false},"author":1,"featured_media":0,"parent":2072,"menu_order":42,"comment_status":"closed","ping_status":"closed","template":"","meta":{"footnotes":""},"class_list":["post-2164","page","type-page","status-publish","hentry"],"_links":{"self":[{"href":"https:\/\/rula.disabilityrightsca.org\/vi\/wp-json\/wp\/v2\/pages\/2164","targetHints":{"allow":["GET"]}}],"collection":[{"href":"https:\/\/rula.disabilityrightsca.org\/vi\/wp-json\/wp\/v2\/pages"}],"about":[{"href":"https:\/\/rula.disabilityrightsca.org\/vi\/wp-json\/wp\/v2\/types\/page"}],"author":[{"embeddable":true,"href":"https:\/\/rula.disabilityrightsca.org\/vi\/wp-json\/wp\/v2\/users\/1"}],"replies":[{"embeddable":true,"href":"https:\/\/rula.disabilityrightsca.org\/vi\/wp-json\/wp\/v2\/comments?post=2164"}],"version-history":[{"count":6,"href":"https:\/\/rula.disabilityrightsca.org\/vi\/wp-json\/wp\/v2\/pages\/2164\/revisions"}],"predecessor-version":[{"id":3589,"href":"https:\/\/rula.disabilityrightsca.org\/vi\/wp-json\/wp\/v2\/pages\/2164\/revisions\/3589"}],"up":[{"embeddable":true,"href":"https:\/\/rula.disabilityrightsca.org\/vi\/wp-json\/wp\/v2\/pages\/2072"}],"wp:attachment":[{"href":"https:\/\/rula.disabilityrightsca.org\/vi\/wp-json\/wp\/v2\/media?parent=2164"}],"curies":[{"name":"wp","href":"https:\/\/api.w.org\/{rel}","templated":true}]}}