{"id":2162,"date":"2021-09-28T23:27:15","date_gmt":"2021-09-28T23:27:15","guid":{"rendered":"http:\/\/www.rula.disabilityrightsca.org\/vi\/?page_id=2162"},"modified":"2023-11-30T20:19:57","modified_gmt":"2023-11-30T20:19:57","slug":"10-41-what-is-a-section-4731-complaint","status":"publish","type":"page","link":"https:\/\/rula.disabilityrightsca.org\/vi\/rula-book\/chapter-10-appeals-and-complaints-disagreements-with-regional-centers-developmental-centers-or-service-providers\/10-41-what-is-a-section-4731-complaint\/","title":{"rendered":"(10.41) T\u00f4i c\u00f3 th\u1ec3 nh\u1eadn th\u00f4ng tin v\u1ec1 khi\u1ebfu n\u1ea1i ho\u1eb7c kh\u00e1ng c\u00e1o c\u1ee7a nh\u1eefng ng\u01b0\u1eddi kh\u00e1c kh\u00f4ng?"},"content":{"rendered":"\n<p>DDS c\u00f4ng b\u1ed1 ch\u1ee7 \u0111\u1ec1 v\u00e0 quy\u1ebft \u0111\u1ecbnh cho t\u1ea5t c\u1ea3 Khi\u1ebfu N\u1ea1i M\u1ee5c 4731 \u0111\u01b0\u1ee3c n\u1ed9p h\u00e0ng n\u0103m. N\u1ebfu qu\u00fd v\u1ecb y\u00eau c\u1ea7u th\u00f4ng tin n\u00e0y, DDS ph\u1ea3i cung c\u1ea5p cho qu\u00fd v\u1ecb.<span class=\"footnote_referrer\"><a role=\"button\" tabindex=\"0\" onclick=\"footnote_moveToReference_2162_1('footnote_plugin_reference_2162_1_1');\" onkeypress=\"footnote_moveToReference_2162_1('footnote_plugin_reference_2162_1_1');\" ><sup id=\"footnote_plugin_tooltip_2162_1_1\" class=\"footnote_plugin_tooltip_text\">[1]<\/sup><\/a><span id=\"footnote_plugin_tooltip_text_2162_1_1\" class=\"footnote_tooltip\">\u00a7 4731(a).<\/span><\/span><script type=\"text\/javascript\"> jQuery('#footnote_plugin_tooltip_2162_1_1').tooltip({ tip: '#footnote_plugin_tooltip_text_2162_1_1', tipClass: 'footnote_tooltip', effect: 'fade', predelay: 0, fadeInSpeed: 200, delay: 400, fadeOutSpeed: 200, position: 'top center', relative: true, offset: [-7, 0], });<\/script><\/p>\n\n\n\n<p>V\u1edbi m\u1ecdi \u0111\u01a1n kh\u00e1ng c\u00e1o \u0111\u01b0\u1ee3c n\u1ed9p theo M\u1ee5c 4700, DDS c\u00f3 th\u1ec3 b\u00e1o v\u1edbi qu\u00fd v\u1ecb:<span class=\"footnote_referrer\"><a role=\"button\" tabindex=\"0\" onclick=\"footnote_moveToReference_2162_1('footnote_plugin_reference_2162_1_2');\" onkeypress=\"footnote_moveToReference_2162_1('footnote_plugin_reference_2162_1_2');\" ><sup id=\"footnote_plugin_tooltip_2162_1_2\" class=\"footnote_plugin_tooltip_text\">[2]<\/sup><\/a><span id=\"footnote_plugin_tooltip_text_2162_1_2\" class=\"footnote_tooltip\">\u00a7 4731(d).<\/span><\/span><script type=\"text\/javascript\"> jQuery('#footnote_plugin_tooltip_2162_1_2').tooltip({ tip: '#footnote_plugin_tooltip_text_2162_1_2', tipClass: 'footnote_tooltip', effect: 'fade', predelay: 0, fadeInSpeed: 200, delay: 400, fadeOutSpeed: 200, position: 'top center', relative: true, offset: [-7, 0], });<\/script><\/p>\n\n\n\n<ul class=\"wp-block-list\">\n<li>V\u1ee5 vi\u1ec7c c\u00f3 \u0111\u01b0\u1ee3c gi\u1ea3i quy\u1ebft th\u00f4ng qua cu\u1ed9c h\u1ecdp kh\u00f4ng ch\u00ednh th\u1ee9c ho\u1eb7c bu\u1ed5i h\u00f2a gi\u1ea3i kh\u00f4ng.<\/li>\n\n\n\n<li>Kh\u00e1ch h\u00e0ng ho\u1eb7c trung t\u00e2m khu v\u1ef1c c\u00f3 t\u1eeb ch\u1ed1i c\u00f3 cu\u1ed9c h\u1ecdp kh\u00f4ng ch\u00ednh th\u1ee9c kh\u00f4ng. <\/li>\n\n\n\n<li>(C\u00e1c) v\u1ea5n \u0111\u1ec1 li\u00ean quan \u0111\u1ebfn v\u1ee5 vi\u1ec7c.<\/li>\n\n\n\n<li>K\u1ebft qu\u1ea3 c\u1ee7a v\u1ee5 vi\u1ec7c, n\u1ebfu c\u00f3 phi\u00ean \u0111i\u1ec1u tr\u1ea7n c\u00f4ng b\u1eb1ng.<\/li>\n<\/ul>\n\n\n\n<p>Qu\u00fd v\u1ecb c\u0169ng c\u00f3 th\u1ec3 \u0111\u1ecdc to\u00e0n b\u1ed9 c\u00e1c quy\u1ebft \u0111\u1ecbnh c\u1ee7a phi\u00ean \u0111i\u1ec1u tr\u1ea7n tr\u00ean trang web c\u1ee7a V\u0103n Ph\u00f2ng \u0110i\u1ec1u Tr\u1ea7n H\u00e0nh Ch\u00ednh: <a href=\"https:\/\/www.dgs.ca.gov\/OAH\/Case-Types\/General-Jurisdiction\/Resources\/DDS-Decisions\">https:\/\/www.dgs.ca.gov\/OAH\/Case-Types\/General-Jurisdiction\/Resources\/DDS-Decisions<\/a><\/p>\n<div class=\"speaker-mute footnotes_reference_container\"> <div class=\"footnote_container_prepare\"><p><span role=\"button\" tabindex=\"0\" class=\"footnote_reference_container_label pointer\" onclick=\"footnote_expand_collapse_reference_container_2162_1();\">&#x202F;<\/span><span role=\"button\" tabindex=\"0\" class=\"footnote_reference_container_collapse_button\" style=\"display: none;\" onclick=\"footnote_expand_collapse_reference_container_2162_1();\">[<a id=\"footnote_reference_container_collapse_button_2162_1\">+<\/a>]<\/span><\/p><\/div> <div id=\"footnote_references_container_2162_1\" style=\"\"><table class=\"footnotes_table footnote-reference-container\"><caption class=\"accessibility\">References<\/caption> <tbody> \r\n\r\n<tr class=\"footnotes_plugin_reference_row\"> <th scope=\"row\" class=\"footnote_plugin_index_combi pointer\"  onclick=\"footnote_moveToAnchor_2162_1('footnote_plugin_tooltip_2162_1_1');\"><a id=\"footnote_plugin_reference_2162_1_1\" class=\"footnote_backlink\"><span class=\"footnote_index_arrow\">&#8593;<\/span>1<\/a><\/th> <td class=\"footnote_plugin_text\">\u00a7 4731(a).<\/td><\/tr>\r\n\r\n<tr class=\"footnotes_plugin_reference_row\"> <th scope=\"row\" class=\"footnote_plugin_index_combi pointer\"  onclick=\"footnote_moveToAnchor_2162_1('footnote_plugin_tooltip_2162_1_2');\"><a id=\"footnote_plugin_reference_2162_1_2\" class=\"footnote_backlink\"><span class=\"footnote_index_arrow\">&#8593;<\/span>2<\/a><\/th> <td class=\"footnote_plugin_text\">\u00a7 4731(d).<\/td><\/tr>\r\n\r\n <\/tbody> <\/table> <\/div><\/div><script type=\"text\/javascript\"> function footnote_expand_reference_container_2162_1() { jQuery('#footnote_references_container_2162_1').show(); jQuery('#footnote_reference_container_collapse_button_2162_1').text('\u2212'); } function footnote_collapse_reference_container_2162_1() { jQuery('#footnote_references_container_2162_1').hide(); jQuery('#footnote_reference_container_collapse_button_2162_1').text('+'); } function footnote_expand_collapse_reference_container_2162_1() { if (jQuery('#footnote_references_container_2162_1').is(':hidden')) { footnote_expand_reference_container_2162_1(); } else { footnote_collapse_reference_container_2162_1(); } } function footnote_moveToReference_2162_1(p_str_TargetID) { footnote_expand_reference_container_2162_1(); var l_obj_Target = jQuery('#' + p_str_TargetID); if (l_obj_Target.length) { jQuery( 'html, body' ).delay( 0 ); jQuery('html, body').animate({ scrollTop: l_obj_Target.offset().top - window.innerHeight * 0.2 }, 380); } } function footnote_moveToAnchor_2162_1(p_str_TargetID) { footnote_expand_reference_container_2162_1(); var l_obj_Target = jQuery('#' + p_str_TargetID); if (l_obj_Target.length) { jQuery( 'html, body' ).delay( 0 ); jQuery('html, body').animate({ scrollTop: l_obj_Target.offset().top - window.innerHeight * 0.2 }, 380); } }<\/script>","protected":false},"excerpt":{"rendered":"<p>DDS c\u00f4ng b\u1ed1 ch\u1ee7 \u0111\u1ec1 v\u00e0 quy\u1ebft \u0111\u1ecbnh cho t\u1ea5t c\u1ea3 Khi\u1ebfu N\u1ea1i M\u1ee5c 4731 \u0111\u01b0\u1ee3c n\u1ed9p h\u00e0ng n\u0103m. N\u1ebfu qu\u00fd v\u1ecb y\u00eau c\u1ea7u th\u00f4ng&hellip;<\/p>\n","protected":false},"author":1,"featured_media":0,"parent":2072,"menu_order":41,"comment_status":"closed","ping_status":"closed","template":"","meta":{"footnotes":""},"class_list":["post-2162","page","type-page","status-publish","hentry"],"_links":{"self":[{"href":"https:\/\/rula.disabilityrightsca.org\/vi\/wp-json\/wp\/v2\/pages\/2162","targetHints":{"allow":["GET"]}}],"collection":[{"href":"https:\/\/rula.disabilityrightsca.org\/vi\/wp-json\/wp\/v2\/pages"}],"about":[{"href":"https:\/\/rula.disabilityrightsca.org\/vi\/wp-json\/wp\/v2\/types\/page"}],"author":[{"embeddable":true,"href":"https:\/\/rula.disabilityrightsca.org\/vi\/wp-json\/wp\/v2\/users\/1"}],"replies":[{"embeddable":true,"href":"https:\/\/rula.disabilityrightsca.org\/vi\/wp-json\/wp\/v2\/comments?post=2162"}],"version-history":[{"count":6,"href":"https:\/\/rula.disabilityrightsca.org\/vi\/wp-json\/wp\/v2\/pages\/2162\/revisions"}],"predecessor-version":[{"id":3821,"href":"https:\/\/rula.disabilityrightsca.org\/vi\/wp-json\/wp\/v2\/pages\/2162\/revisions\/3821"}],"up":[{"embeddable":true,"href":"https:\/\/rula.disabilityrightsca.org\/vi\/wp-json\/wp\/v2\/pages\/2072"}],"wp:attachment":[{"href":"https:\/\/rula.disabilityrightsca.org\/vi\/wp-json\/wp\/v2\/media?parent=2162"}],"curies":[{"name":"wp","href":"https:\/\/api.w.org\/{rel}","templated":true}]}}