{"id":2160,"date":"2021-09-28T23:25:54","date_gmt":"2021-09-28T23:25:54","guid":{"rendered":"http:\/\/www.rula.disabilityrightsca.org\/vi\/?page_id=2160"},"modified":"2023-06-23T16:55:28","modified_gmt":"2023-06-23T16:55:28","slug":"10-40-does-the-regional-center-have-to-follow-the-hearing-decision","status":"publish","type":"page","link":"https:\/\/rula.disabilityrightsca.org\/vi\/rula-book\/chapter-10-appeals-and-complaints-disagreements-with-regional-centers-developmental-centers-or-service-providers\/10-40-does-the-regional-center-have-to-follow-the-hearing-decision\/","title":{"rendered":"(10.40) T\u00f4i c\u00f3 th\u1ec3 n\u1ed9p Khi\u1ebfu N\u1ea1i M\u1ee5c 4731 cho m\u1ed9t nh\u00f3m ng\u01b0\u1eddi kh\u00f4ng?"},"content":{"rendered":"\n<p>N\u1ebfu qu\u00fd v\u1ecb khi\u1ebfu n\u1ea1i v\u1ec1 m\u1ed9t th\u00f4ng l\u1ec7 ph\u1ed5 bi\u1ebfn, qu\u00fd v\u1ecb c\u00f3 th\u1ec3 n\u1ed9p \u0111\u01a1n Khi\u1ebfu N\u1ea1i M\u1ee5c 4731 thay m\u1eb7t cho nhi\u1ec1u kh\u00e1ch h\u00e0ng, m\u1ed9t nh\u00f3m ho\u1eb7c m\u1ed9t t\u1ea7ng l\u1edbp kh\u00e1ch h\u00e0ng.<span class=\"footnote_referrer\"><a role=\"button\" tabindex=\"0\" onclick=\"footnote_moveToReference_2160_1('footnote_plugin_reference_2160_1_1');\" onkeypress=\"footnote_moveToReference_2160_1('footnote_plugin_reference_2160_1_1');\" ><sup id=\"footnote_plugin_tooltip_2160_1_1\" class=\"footnote_plugin_tooltip_text\">[1]<\/sup><\/a><span id=\"footnote_plugin_tooltip_text_2160_1_1\" class=\"footnote_tooltip\">\u00a7 4731(c).<\/span><\/span><script type=\"text\/javascript\"> jQuery('#footnote_plugin_tooltip_2160_1_1').tooltip({ tip: '#footnote_plugin_tooltip_text_2160_1_1', tipClass: 'footnote_tooltip', effect: 'fade', predelay: 0, fadeInSpeed: 200, delay: 400, fadeOutSpeed: 200, position: 'top center', relative: true, offset: [-7, 0], });<\/script> V\u00ed d\u1ee5: n\u1ebfu trung t\u00e2m khu v\u1ef1c c\u1ee7a qu\u00fd v\u1ecb kh\u00f4ng cung c\u1ea5p cho kh\u00e1ch h\u00e0ng danh s\u00e1ch c\u00e1c d\u1ecbch v\u1ee5 \u0111\u00e3 th\u1ed1ng nh\u1ea5t t\u1ea1i cu\u1ed9c h\u1ecdp IPP, qu\u00fd v\u1ecb c\u00f3 th\u1ec3 n\u1ed9p Khi\u1ebfu N\u1ea1i M\u1ee5c 4731 thay m\u1eb7t cho t\u1ea5t c\u1ea3 kh\u00e1ch h\u00e0ng c\u1ee7a trung t\u00e2m khu v\u1ef1c \u0111\u00f3.<\/p>\n<div class=\"speaker-mute footnotes_reference_container\"> <div class=\"footnote_container_prepare\"><p><span role=\"button\" tabindex=\"0\" class=\"footnote_reference_container_label pointer\" onclick=\"footnote_expand_collapse_reference_container_2160_1();\">&#x202F;<\/span><span role=\"button\" tabindex=\"0\" class=\"footnote_reference_container_collapse_button\" style=\"display: none;\" onclick=\"footnote_expand_collapse_reference_container_2160_1();\">[<a id=\"footnote_reference_container_collapse_button_2160_1\">+<\/a>]<\/span><\/p><\/div> <div id=\"footnote_references_container_2160_1\" style=\"\"><table class=\"footnotes_table footnote-reference-container\"><caption class=\"accessibility\">References<\/caption> <tbody> \r\n\r\n<tr class=\"footnotes_plugin_reference_row\"> <th scope=\"row\" class=\"footnote_plugin_index_combi pointer\"  onclick=\"footnote_moveToAnchor_2160_1('footnote_plugin_tooltip_2160_1_1');\"><a id=\"footnote_plugin_reference_2160_1_1\" class=\"footnote_backlink\"><span class=\"footnote_index_arrow\">&#8593;<\/span>1<\/a><\/th> <td class=\"footnote_plugin_text\">\u00a7 4731(c).<\/td><\/tr>\r\n\r\n <\/tbody> <\/table> <\/div><\/div><script type=\"text\/javascript\"> function footnote_expand_reference_container_2160_1() { jQuery('#footnote_references_container_2160_1').show(); jQuery('#footnote_reference_container_collapse_button_2160_1').text('\u2212'); } function footnote_collapse_reference_container_2160_1() { jQuery('#footnote_references_container_2160_1').hide(); jQuery('#footnote_reference_container_collapse_button_2160_1').text('+'); } function footnote_expand_collapse_reference_container_2160_1() { if (jQuery('#footnote_references_container_2160_1').is(':hidden')) { footnote_expand_reference_container_2160_1(); } else { footnote_collapse_reference_container_2160_1(); } } function footnote_moveToReference_2160_1(p_str_TargetID) { footnote_expand_reference_container_2160_1(); var l_obj_Target = jQuery('#' + p_str_TargetID); if (l_obj_Target.length) { jQuery( 'html, body' ).delay( 0 ); jQuery('html, body').animate({ scrollTop: l_obj_Target.offset().top - window.innerHeight * 0.2 }, 380); } } function footnote_moveToAnchor_2160_1(p_str_TargetID) { footnote_expand_reference_container_2160_1(); var l_obj_Target = jQuery('#' + p_str_TargetID); if (l_obj_Target.length) { jQuery( 'html, body' ).delay( 0 ); jQuery('html, body').animate({ scrollTop: l_obj_Target.offset().top - window.innerHeight * 0.2 }, 380); } }<\/script>","protected":false},"excerpt":{"rendered":"<p>N\u1ebfu qu\u00fd v\u1ecb khi\u1ebfu n\u1ea1i v\u1ec1 m\u1ed9t th\u00f4ng l\u1ec7 ph\u1ed5 bi\u1ebfn, qu\u00fd v\u1ecb c\u00f3 th\u1ec3 n\u1ed9p \u0111\u01a1n Khi\u1ebfu N\u1ea1i M\u1ee5c 4731 thay m\u1eb7t cho nhi\u1ec1u&hellip;<\/p>\n","protected":false},"author":1,"featured_media":0,"parent":2072,"menu_order":40,"comment_status":"closed","ping_status":"closed","template":"","meta":{"footnotes":""},"class_list":["post-2160","page","type-page","status-publish","hentry"],"_links":{"self":[{"href":"https:\/\/rula.disabilityrightsca.org\/vi\/wp-json\/wp\/v2\/pages\/2160","targetHints":{"allow":["GET"]}}],"collection":[{"href":"https:\/\/rula.disabilityrightsca.org\/vi\/wp-json\/wp\/v2\/pages"}],"about":[{"href":"https:\/\/rula.disabilityrightsca.org\/vi\/wp-json\/wp\/v2\/types\/page"}],"author":[{"embeddable":true,"href":"https:\/\/rula.disabilityrightsca.org\/vi\/wp-json\/wp\/v2\/users\/1"}],"replies":[{"embeddable":true,"href":"https:\/\/rula.disabilityrightsca.org\/vi\/wp-json\/wp\/v2\/comments?post=2160"}],"version-history":[{"count":6,"href":"https:\/\/rula.disabilityrightsca.org\/vi\/wp-json\/wp\/v2\/pages\/2160\/revisions"}],"predecessor-version":[{"id":3586,"href":"https:\/\/rula.disabilityrightsca.org\/vi\/wp-json\/wp\/v2\/pages\/2160\/revisions\/3586"}],"up":[{"embeddable":true,"href":"https:\/\/rula.disabilityrightsca.org\/vi\/wp-json\/wp\/v2\/pages\/2072"}],"wp:attachment":[{"href":"https:\/\/rula.disabilityrightsca.org\/vi\/wp-json\/wp\/v2\/media?parent=2160"}],"curies":[{"name":"wp","href":"https:\/\/api.w.org\/{rel}","templated":true}]}}