{"id":2158,"date":"2021-09-28T23:24:32","date_gmt":"2021-09-28T23:24:32","guid":{"rendered":"http:\/\/www.rula.disabilityrightsca.org\/vi\/?page_id=2158"},"modified":"2023-11-30T20:17:41","modified_gmt":"2023-11-30T20:17:41","slug":"10-39-can-i-ask-for-attorney-fees-for-my-superior-court-case","status":"publish","type":"page","link":"https:\/\/rula.disabilityrightsca.org\/vi\/rula-book\/chapter-10-appeals-and-complaints-disagreements-with-regional-centers-developmental-centers-or-service-providers\/10-39-can-i-ask-for-attorney-fees-for-my-superior-court-case\/","title":{"rendered":"(10.39) \u0110i\u1ec1u g\u00ec s\u1ebd x\u1ea3y ra sau khi t\u00f4i n\u1ed9p \u0111\u01a1n Khi\u1ebfu N\u1ea1i M\u1ee5c 4731?"},"content":{"rendered":"\n<p>Sau khi qu\u00fd v\u1ecb n\u1ed9p Khi\u1ebfu N\u1ea1i M\u1ee5c 4731, gi\u00e1m \u0111\u1ed1c trung t\u00e2m khu v\u1ef1c (ho\u1eb7c c\u01a1 s\u1edf do ti\u1ec3u bang \u0111i\u1ec1u h\u00e0nh) ph\u1ea3i \u0111i\u1ec1u tra v\u00e0 g\u1eedi v\u0103n b\u1ea3n \u0111\u1ec1 xu\u1ea5t gi\u1ea3i quy\u1ebft khi\u1ebfu n\u1ea1i cho qu\u00fd v\u1ecb. Gi\u00e1m \u0111\u1ed1c ph\u1ea3i l\u00e0m vi\u1ec7c n\u00e0y trong v\u00f2ng 20 ng\u00e0y l\u00e0m vi\u1ec7c k\u1ec3 t\u1eeb khi nh\u1eadn \u0111\u01b0\u1ee3c khi\u1ebfu n\u1ea1i c\u1ee7a qu\u00fd v\u1ecb.<span class=\"footnote_referrer\"><a role=\"button\" tabindex=\"0\" onclick=\"footnote_moveToReference_2158_1('footnote_plugin_reference_2158_1_1');\" onkeypress=\"footnote_moveToReference_2158_1('footnote_plugin_reference_2158_1_1');\" ><sup id=\"footnote_plugin_tooltip_2158_1_1\" class=\"footnote_plugin_tooltip_text\">[1]<\/sup><\/a><span id=\"footnote_plugin_tooltip_text_2158_1_1\" class=\"footnote_tooltip\">\u00a7 4731(b).<\/span><\/span><script type=\"text\/javascript\"> jQuery('#footnote_plugin_tooltip_2158_1_1').tooltip({ tip: '#footnote_plugin_tooltip_text_2158_1_1', tipClass: 'footnote_tooltip', effect: 'fade', predelay: 0, fadeInSpeed: 200, delay: 400, fadeOutSpeed: 200, position: 'top center', relative: true, offset: [-7, 0], });<\/script><\/p>\n\n\n\n<p>N\u1ebfu qu\u00fd v\u1ecb kh\u00f4ng \u0111\u1ed3ng \u00fd v\u1edbi \u0111\u1ec1 xu\u1ea5t c\u1ee7a gi\u00e1m \u0111\u1ed1c, h\u00e3y vi\u1ebft th\u01b0 cho Gi\u00e1m \u0110\u1ed1c S\u1edf D\u1ecbch V\u1ee5 Ph\u00e1t Tri\u1ec3n (DDS) trong v\u00f2ng 15 ng\u00e0y l\u00e0m vi\u1ec7c k\u1ec3 t\u1eeb khi nh\u1eadn \u0111\u01b0\u1ee3c \u0111\u1ec1 xu\u1ea5t c\u1ee7a gi\u00e1m \u0111\u1ed1c trung t\u00e2m khu v\u1ef1c.<span class=\"footnote_referrer\"><a role=\"button\" tabindex=\"0\" onclick=\"footnote_moveToReference_2158_1('footnote_plugin_reference_2158_1_2');\" onkeypress=\"footnote_moveToReference_2158_1('footnote_plugin_reference_2158_1_2');\" ><sup id=\"footnote_plugin_tooltip_2158_1_2\" class=\"footnote_plugin_tooltip_text\">[2]<\/sup><\/a><span id=\"footnote_plugin_tooltip_text_2158_1_2\" class=\"footnote_tooltip\">\u00a7 4731c.<\/span><\/span><script type=\"text\/javascript\"> jQuery('#footnote_plugin_tooltip_2158_1_2').tooltip({ tip: '#footnote_plugin_tooltip_text_2158_1_2', tipClass: 'footnote_tooltip', effect: 'fade', predelay: 0, fadeInSpeed: 200, delay: 400, fadeOutSpeed: 200, position: 'top center', relative: true, offset: [-7, 0], });<\/script>\u00a0 N\u1ebfu qu\u00fd v\u1ecb kh\u00f4ng tr\u00ecnh khi\u1ebfu n\u1ea1i l\u00ean DDS, \u0111\u1ec1 xu\u1ea5t c\u1ee7a gi\u00e1m \u0111\u1ed1c trung t\u00e2m khu v\u1ef1c c\u00f3 hi\u1ec7u l\u1ef1c trong 20 ng\u00e0y l\u00e0m vi\u1ec7c sau khi qu\u00fd v\u1ecb nh\u1eadn \u0111\u01b0\u1ee3c \u0111\u1ec1 xu\u1ea5t.<span class=\"footnote_referrer\"><a role=\"button\" tabindex=\"0\" onclick=\"footnote_moveToReference_2158_1('footnote_plugin_reference_2158_1_3');\" onkeypress=\"footnote_moveToReference_2158_1('footnote_plugin_reference_2158_1_3');\" ><sup id=\"footnote_plugin_tooltip_2158_1_3\" class=\"footnote_plugin_tooltip_text\">[3]<\/sup><\/a><span id=\"footnote_plugin_tooltip_text_2158_1_3\" class=\"footnote_tooltip\">\u00a7 4731(c). <\/span><\/span><script type=\"text\/javascript\"> jQuery('#footnote_plugin_tooltip_2158_1_3').tooltip({ tip: '#footnote_plugin_tooltip_text_2158_1_3', tipClass: 'footnote_tooltip', effect: 'fade', predelay: 0, fadeInSpeed: 200, delay: 400, fadeOutSpeed: 200, position: 'top center', relative: true, offset: [-7, 0], });<\/script> N\u1ebfu qu\u00fd v\u1ecb vi\u1ebft th\u01b0 cho DDS, gi\u00e1m \u0111\u1ed1c c\u1ee7a DDS ph\u1ea3i g\u1eedi cho qu\u00fd v\u1ecb quy\u1ebft \u0111\u1ecbnh trong v\u00f2ng 45 ng\u00e0y theo l\u1ecbch.<\/p>\n<div class=\"speaker-mute footnotes_reference_container\"> <div class=\"footnote_container_prepare\"><p><span role=\"button\" tabindex=\"0\" class=\"footnote_reference_container_label pointer\" onclick=\"footnote_expand_collapse_reference_container_2158_1();\">&#x202F;<\/span><span role=\"button\" tabindex=\"0\" class=\"footnote_reference_container_collapse_button\" style=\"display: none;\" onclick=\"footnote_expand_collapse_reference_container_2158_1();\">[<a id=\"footnote_reference_container_collapse_button_2158_1\">+<\/a>]<\/span><\/p><\/div> <div id=\"footnote_references_container_2158_1\" style=\"\"><table class=\"footnotes_table footnote-reference-container\"><caption class=\"accessibility\">References<\/caption> <tbody> \r\n\r\n<tr class=\"footnotes_plugin_reference_row\"> <th scope=\"row\" class=\"footnote_plugin_index_combi pointer\"  onclick=\"footnote_moveToAnchor_2158_1('footnote_plugin_tooltip_2158_1_1');\"><a id=\"footnote_plugin_reference_2158_1_1\" class=\"footnote_backlink\"><span class=\"footnote_index_arrow\">&#8593;<\/span>1<\/a><\/th> <td class=\"footnote_plugin_text\">\u00a7 4731(b).<\/td><\/tr>\r\n\r\n<tr class=\"footnotes_plugin_reference_row\"> <th scope=\"row\" class=\"footnote_plugin_index_combi pointer\"  onclick=\"footnote_moveToAnchor_2158_1('footnote_plugin_tooltip_2158_1_2');\"><a id=\"footnote_plugin_reference_2158_1_2\" class=\"footnote_backlink\"><span class=\"footnote_index_arrow\">&#8593;<\/span>2<\/a><\/th> <td class=\"footnote_plugin_text\">\u00a7 4731c.<\/td><\/tr>\r\n\r\n<tr class=\"footnotes_plugin_reference_row\"> <th scope=\"row\" class=\"footnote_plugin_index_combi pointer\"  onclick=\"footnote_moveToAnchor_2158_1('footnote_plugin_tooltip_2158_1_3');\"><a id=\"footnote_plugin_reference_2158_1_3\" class=\"footnote_backlink\"><span class=\"footnote_index_arrow\">&#8593;<\/span>3<\/a><\/th> <td class=\"footnote_plugin_text\">\u00a7 4731(c). <\/td><\/tr>\r\n\r\n <\/tbody> <\/table> <\/div><\/div><script type=\"text\/javascript\"> function footnote_expand_reference_container_2158_1() { jQuery('#footnote_references_container_2158_1').show(); jQuery('#footnote_reference_container_collapse_button_2158_1').text('\u2212'); } function footnote_collapse_reference_container_2158_1() { jQuery('#footnote_references_container_2158_1').hide(); jQuery('#footnote_reference_container_collapse_button_2158_1').text('+'); } function footnote_expand_collapse_reference_container_2158_1() { if (jQuery('#footnote_references_container_2158_1').is(':hidden')) { footnote_expand_reference_container_2158_1(); } else { footnote_collapse_reference_container_2158_1(); } } function footnote_moveToReference_2158_1(p_str_TargetID) { footnote_expand_reference_container_2158_1(); var l_obj_Target = jQuery('#' + p_str_TargetID); if (l_obj_Target.length) { jQuery( 'html, body' ).delay( 0 ); jQuery('html, body').animate({ scrollTop: l_obj_Target.offset().top - window.innerHeight * 0.2 }, 380); } } function footnote_moveToAnchor_2158_1(p_str_TargetID) { footnote_expand_reference_container_2158_1(); var l_obj_Target = jQuery('#' + p_str_TargetID); if (l_obj_Target.length) { jQuery( 'html, body' ).delay( 0 ); jQuery('html, body').animate({ scrollTop: l_obj_Target.offset().top - window.innerHeight * 0.2 }, 380); } }<\/script>","protected":false},"excerpt":{"rendered":"<p>Sau khi qu\u00fd v\u1ecb n\u1ed9p Khi\u1ebfu N\u1ea1i M\u1ee5c 4731, gi\u00e1m \u0111\u1ed1c trung t\u00e2m khu v\u1ef1c (ho\u1eb7c c\u01a1 s\u1edf do ti\u1ec3u bang \u0111i\u1ec1u h\u00e0nh) ph\u1ea3i \u0111i\u1ec1u&hellip;<\/p>\n","protected":false},"author":1,"featured_media":0,"parent":2072,"menu_order":39,"comment_status":"closed","ping_status":"closed","template":"","meta":{"footnotes":""},"class_list":["post-2158","page","type-page","status-publish","hentry"],"_links":{"self":[{"href":"https:\/\/rula.disabilityrightsca.org\/vi\/wp-json\/wp\/v2\/pages\/2158","targetHints":{"allow":["GET"]}}],"collection":[{"href":"https:\/\/rula.disabilityrightsca.org\/vi\/wp-json\/wp\/v2\/pages"}],"about":[{"href":"https:\/\/rula.disabilityrightsca.org\/vi\/wp-json\/wp\/v2\/types\/page"}],"author":[{"embeddable":true,"href":"https:\/\/rula.disabilityrightsca.org\/vi\/wp-json\/wp\/v2\/users\/1"}],"replies":[{"embeddable":true,"href":"https:\/\/rula.disabilityrightsca.org\/vi\/wp-json\/wp\/v2\/comments?post=2158"}],"version-history":[{"count":5,"href":"https:\/\/rula.disabilityrightsca.org\/vi\/wp-json\/wp\/v2\/pages\/2158\/revisions"}],"predecessor-version":[{"id":3820,"href":"https:\/\/rula.disabilityrightsca.org\/vi\/wp-json\/wp\/v2\/pages\/2158\/revisions\/3820"}],"up":[{"embeddable":true,"href":"https:\/\/rula.disabilityrightsca.org\/vi\/wp-json\/wp\/v2\/pages\/2072"}],"wp:attachment":[{"href":"https:\/\/rula.disabilityrightsca.org\/vi\/wp-json\/wp\/v2\/media?parent=2158"}],"curies":[{"name":"wp","href":"https:\/\/api.w.org\/{rel}","templated":true}]}}