{"id":2154,"date":"2021-09-28T23:21:44","date_gmt":"2021-09-28T23:21:44","guid":{"rendered":"http:\/\/www.rula.disabilityrightsca.org\/vi\/?page_id=2154"},"modified":"2023-06-23T16:52:26","modified_gmt":"2023-06-23T16:52:26","slug":"10-37-what-if-i-disagree-with-the-aljs-hearing-decision","status":"publish","type":"page","link":"https:\/\/rula.disabilityrightsca.org\/vi\/rula-book\/chapter-10-appeals-and-complaints-disagreements-with-regional-centers-developmental-centers-or-service-providers\/10-37-what-if-i-disagree-with-the-aljs-hearing-decision\/","title":{"rendered":"(10.37) Trung t\u00e2m khu v\u1ef1c c\u00f3 ph\u1ea3i l\u00e0m theo quy\u1ebft \u0111\u1ecbnh c\u1ee7a phi\u00ean \u0111i\u1ec1u tr\u1ea7n kh\u00f4ng?"},"content":{"rendered":"\n<p>N\u1ebfu qu\u00fd v\u1ecb th\u1eafng kh\u00e1ng c\u00e1o v\u00e0 trung t\u00e2m khu v\u1ef1c kh\u00f4ng l\u00e0m theo l\u1ec7nh c\u1ee7a chuy\u00ean vi\u00ean \u0111\u1eb7c tr\u00e1ch \u0111i\u1ec1u tr\u1ea7n, h\u1ecd \u0111ang vi ph\u1ea1m quy\u1ec1n c\u1ee7a qu\u00fd v\u1ecb. Trung t\u00e2m khu v\u1ef1c ph\u1ea3i thi h\u00e0nh l\u1ec7nh c\u1ee7a chuy\u00ean vi\u00ean \u0111\u1eb7c tr\u00e1ch \u0111i\u1ec1u tr\u1ea7n c\u00e0ng s\u1edbm c\u00e0ng t\u1ed1t nh\u01b0ng kh\u00f4ng qu\u00e1 30 ng\u00e0y k\u1ec3 t\u1eeb ng\u00e0y ra quy\u1ebft \u0111\u1ecbnh cu\u1ed1i c\u00f9ng. N\u1ebfu trung t\u00e2m khu v\u1ef1c kh\u00f4ng th\u1ec3 \u0111\u00e1p \u1ee9ng th\u1eddi h\u1ea1n \u0111\u00f3, h\u1ecd ph\u1ea3i b\u00e1o cho qu\u00fd v\u1ecb v\u00e0 DDS. H\u1ecd c\u0169ng ph\u1ea3i gi\u1ea3i th\u00edch t\u1ea5t c\u1ea3 c\u00e1c l\u00fd do h\u1ecd kh\u00f4ng thi h\u00e0nh quy\u1ebft \u0111\u1ecbnh.<\/p>\n\n\n\n<p>N\u1ebfu trung t\u00e2m khu v\u1ef1c kh\u00f4ng l\u00e0m theo quy\u1ebft \u0111\u1ecbnh c\u1ee7a phi\u1ec1n \u0111i\u1ec1u tr\u1ea7n, qu\u00fd v\u1ecb c\u00f3 ba l\u1ef1a ch\u1ecdn:<\/p>\n\n\n\n<ol class=\"wp-block-list\" type=\"1\"><li>N\u1ed9p \u0111\u01a1n Khi\u1ebfu N\u1ea1i M\u1ee5c 4731 cho gi\u00e1m \u0111\u1ed1c trung t\u00e2m khu v\u1ef1c. \u0110\u1ec3 bi\u1ebft th\u00eam th\u00f4ng tin, h\u00e3y xem m\u1ee5c v\u1ec1 khi\u1ebfu n\u1ea1i 4731.<\/li><li>Tr\u1ef1c ti\u1ebfp li\u00ean h\u1ec7 DDS. DDS \u0111\u00e3 t\u1ea1o m\u1ed9t \u0111\u1ecba ch\u1ec9 email \u0111\u1ec3 m\u1ecdi ng\u01b0\u1eddi li\u00ean h\u1ec7 khi h\u1ecd c\u1ea7n tr\u1ee3 gi\u00fap trong vi\u1ec7c y\u00eau c\u1ea7u trung t\u00e2m khu v\u1ef1c l\u00e0m theo quy\u1ebft \u0111\u1ecbnh c\u1ee7a phi\u00ean \u0111i\u1ec1u tr\u1ea7n. \u0110\u1ecba ch\u1ec9 email \u0111\u00f3 l\u00e0: <a href=\"mailto:HearingImplementation@dds.ca.gov\">HearingImplementation@dds.ca.gov<\/a>. Qu\u00fd v\u1ecb c\u0169ng c\u00f3 th\u1ec3 s\u1eed d\u1ee5ng m\u1eabu tr\u1ef1c tuy\u1ebfn n\u00e0y \u0111\u1ec3 y\u00eau c\u1ea7u DDS tr\u1ee3 gi\u00fap: <a href=\"https:\/\/www.surveymonkey.com\/r\/HearingImpDelay-Consumers\" data-type=\"URL\" data-id=\"https:\/\/www.surveymonkey.com\/r\/HearingImpDelay-Consumers\">https:\/\/www.surveymonkey.com\/r\/HearingImpDelay-Consumers<\/a><\/li><li>N\u1ed9p \u0111\u01a1n ki\u1ebfn ngh\u1ecb l\u1ec7nh y\u00eau c\u1ea7u thi h\u00e0nh l\u00ean to\u00e0n th\u01b0\u1ee3ng th\u1ea9m t\u1ea1i h\u1ea1t c\u1ee7a qu\u00fd v\u1ecb. (Xem B\u1ed9 Lu\u1eadt T\u1ed1 T\u1ee5ng D\u00e2n S\u1ef1 California \u00a71085.) Quy tr\u00ecnh \u0111\u00f3 cho ph\u00e9p qu\u00fd v\u1ecb y\u00eau c\u1ea7u t\u00f2a ra l\u1ec7nh cho gi\u00e1m \u0111\u1ed1c trung t\u00e2m khu v\u1ef1c v\u00e0 gi\u00e1m \u0111\u1ed1c S\u1edf D\u1ecbch V\u1ee5 Ph\u00e1t Tri\u1ec3n th\u1ef1c hi\u1ec7n quy\u1ebft \u0111\u1ecbnh c\u1ee7a chuy\u00ean vi\u00ean \u0111\u1eb7c tr\u00e1ch \u0111i\u1ec1u tr\u1ea7n ho\u1eb7c tr\u00ecnh di\u1ec7n tr\u1ef1c ti\u1ebfp t\u1ea1i t\u00f2a \u0111\u1ec3 gi\u1ea3i th\u00edch l\u00fd do kh\u00f4ng th\u1ef1c hi\u1ec7n.<\/li><\/ol>\n\n\n\n<p>N\u1ebfu qu\u00fd v\u1ecb n\u1ed9p Khi\u1ebfu N\u1ea1i M\u1ee5c 4731 ho\u1eb7c li\u00ean h\u1ec7 tr\u1ef1c ti\u1ebfp v\u1edbi DDS nh\u01b0ng quy\u1ebft \u0111\u1ecbnh v\u1eabn kh\u00f4ng \u0111\u01b0\u1ee3c th\u1ef1c thi, h\u00e3y li\u00ean h\u1ec7 v\u1edbi Disability Rights California ho\u1eb7c OCRA.<\/p>\n","protected":false},"excerpt":{"rendered":"<p>N\u1ebfu qu\u00fd v\u1ecb th\u1eafng kh\u00e1ng c\u00e1o v\u00e0 trung t\u00e2m khu v\u1ef1c kh\u00f4ng l\u00e0m theo l\u1ec7nh c\u1ee7a chuy\u00ean vi\u00ean \u0111\u1eb7c tr\u00e1ch \u0111i\u1ec1u tr\u1ea7n, h\u1ecd \u0111ang vi&hellip;<\/p>\n","protected":false},"author":1,"featured_media":0,"parent":2072,"menu_order":37,"comment_status":"closed","ping_status":"closed","template":"","meta":{"footnotes":""},"class_list":["post-2154","page","type-page","status-publish","hentry"],"_links":{"self":[{"href":"https:\/\/rula.disabilityrightsca.org\/vi\/wp-json\/wp\/v2\/pages\/2154","targetHints":{"allow":["GET"]}}],"collection":[{"href":"https:\/\/rula.disabilityrightsca.org\/vi\/wp-json\/wp\/v2\/pages"}],"about":[{"href":"https:\/\/rula.disabilityrightsca.org\/vi\/wp-json\/wp\/v2\/types\/page"}],"author":[{"embeddable":true,"href":"https:\/\/rula.disabilityrightsca.org\/vi\/wp-json\/wp\/v2\/users\/1"}],"replies":[{"embeddable":true,"href":"https:\/\/rula.disabilityrightsca.org\/vi\/wp-json\/wp\/v2\/comments?post=2154"}],"version-history":[{"count":4,"href":"https:\/\/rula.disabilityrightsca.org\/vi\/wp-json\/wp\/v2\/pages\/2154\/revisions"}],"predecessor-version":[{"id":3582,"href":"https:\/\/rula.disabilityrightsca.org\/vi\/wp-json\/wp\/v2\/pages\/2154\/revisions\/3582"}],"up":[{"embeddable":true,"href":"https:\/\/rula.disabilityrightsca.org\/vi\/wp-json\/wp\/v2\/pages\/2072"}],"wp:attachment":[{"href":"https:\/\/rula.disabilityrightsca.org\/vi\/wp-json\/wp\/v2\/media?parent=2154"}],"curies":[{"name":"wp","href":"https:\/\/api.w.org\/{rel}","templated":true}]}}