{"id":2152,"date":"2021-09-28T23:19:34","date_gmt":"2021-09-28T23:19:34","guid":{"rendered":"http:\/\/www.rula.disabilityrightsca.org\/vi\/?page_id=2152"},"modified":"2023-11-30T20:15:07","modified_gmt":"2023-11-30T20:15:07","slug":"10-36-what-if-my-appeal-was-for-a-service-under-the-medi-cal-home-and-community-based-waiver-program-dd-waiver","status":"publish","type":"page","link":"https:\/\/rula.disabilityrightsca.org\/vi\/rula-book\/chapter-10-appeals-and-complaints-disagreements-with-regional-centers-developmental-centers-or-service-providers\/10-36-what-if-my-appeal-was-for-a-service-under-the-medi-cal-home-and-community-based-waiver-program-dd-waiver\/","title":{"rendered":"(10.36) Chuy\u1ec7n g\u00ec x\u1ea3y ra v\u1edbi d\u1ecbch v\u1ee5 c\u1ee7a t\u00f4i trong khi kh\u00e1ng c\u00e1o l\u00ean t\u00f2a th\u01b0\u1ee3ng th\u1ea9m?"},"content":{"rendered":"\n<p>N\u1ebfu chuy\u00ean vi\u00ean \u0111\u1eb7c tr\u00e1ch \u0111i\u1ec1u tr\u1ea7n quy\u1ebft \u0111\u1ecbnh trung t\u00e2m khu v\u1ef1c c\u00f3 th\u1ec3 k\u1ebft th\u00fac (c\u00e1c) d\u1ecbch v\u1ee5 m\u00e0 qu\u00fd v\u1ecb \u0111ang nh\u1eadn trong khi kh\u00e1ng c\u00e1o, qu\u00fd v\u1ecb s\u1ebd ti\u1ebfp t\u1ee5c nh\u1eadn (c\u00e1c) d\u1ecbch v\u1ee5 n\u00e0y trong <strong>10 ng\u00e0y <\/strong>sau khi nh\u1eadn quy\u1ebft \u0111\u1ecbnh c\u1ee7a chuy\u00ean vi\u00ean \u0111\u1eb7c tr\u00e1ch \u0111i\u1ec1u tr\u1ea7n.<span class=\"footnote_referrer\"><a role=\"button\" tabindex=\"0\" onclick=\"footnote_moveToReference_2152_1('footnote_plugin_reference_2152_1_1');\" onkeypress=\"footnote_moveToReference_2152_1('footnote_plugin_reference_2152_1_1');\" ><sup id=\"footnote_plugin_tooltip_2152_1_1\" class=\"footnote_plugin_tooltip_text\">[1]<\/sup><\/a><span id=\"footnote_plugin_tooltip_text_2152_1_1\" class=\"footnote_tooltip\">\u00a7 4715(a)(3).<\/span><\/span><script type=\"text\/javascript\"> jQuery('#footnote_plugin_tooltip_2152_1_1').tooltip({ tip: '#footnote_plugin_tooltip_text_2152_1_1', tipClass: 'footnote_tooltip', effect: 'fade', predelay: 0, fadeInSpeed: 200, delay: 400, fadeOutSpeed: 200, position: 'top center', relative: true, offset: [-7, 0], });<\/script><\/p>\n\n\n\n<p>N\u1ebfu qu\u00fd v\u1ecb kh\u00f4ng mu\u1ed1n d\u1ecbch v\u1ee5 c\u1ee7a m\u00ecnh k\u1ebft th\u00fac sau 10 ng\u00e0y, qu\u00fd v\u1ecb ph\u1ea3i n\u1ed9p \u0111\u01a1n kh\u00e1ng c\u00e1o v\u00e0 y\u00eau c\u1ea7u t\u00f2a cho \u201ct\u1ea1m ho\u00e3n\u201d trong v\u00f2ng 10 ng\u00e0y.<span class=\"footnote_referrer\"><a role=\"button\" tabindex=\"0\" onclick=\"footnote_moveToReference_2152_1('footnote_plugin_reference_2152_1_2');\" onkeypress=\"footnote_moveToReference_2152_1('footnote_plugin_reference_2152_1_2');\" ><sup id=\"footnote_plugin_tooltip_2152_1_2\" class=\"footnote_plugin_tooltip_text\">[2]<\/sup><\/a><span id=\"footnote_plugin_tooltip_text_2152_1_2\" class=\"footnote_tooltip\">B\u1ed9 Lu\u1eadt T\u1ed1 T\u1ee5ng D\u00e2n S\u1ef1 California \u00a7 1094.5(g).<\/span><\/span><script type=\"text\/javascript\"> jQuery('#footnote_plugin_tooltip_2152_1_2').tooltip({ tip: '#footnote_plugin_tooltip_text_2152_1_2', tipClass: 'footnote_tooltip', effect: 'fade', predelay: 0, fadeInSpeed: 200, delay: 400, fadeOutSpeed: 200, position: 'top center', relative: true, offset: [-7, 0], });<\/script>,<span class=\"footnote_referrer\"><a role=\"button\" tabindex=\"0\" onclick=\"footnote_moveToReference_2152_1('footnote_plugin_reference_2152_1_3');\" onkeypress=\"footnote_moveToReference_2152_1('footnote_plugin_reference_2152_1_3');\" ><sup id=\"footnote_plugin_tooltip_2152_1_3\" class=\"footnote_plugin_tooltip_text\">[3]<\/sup><\/a><span id=\"footnote_plugin_tooltip_text_2152_1_3\" class=\"footnote_tooltip\">\u00a7\u00a7 4715(a)(3); 4715(c).<\/span><\/span><script type=\"text\/javascript\"> jQuery('#footnote_plugin_tooltip_2152_1_3').tooltip({ tip: '#footnote_plugin_tooltip_text_2152_1_3', tipClass: 'footnote_tooltip', effect: 'fade', predelay: 0, fadeInSpeed: 200, delay: 400, fadeOutSpeed: 200, position: 'top center', relative: true, offset: [-7, 0], });<\/script> T\u00f2a s\u1ebd kh\u00f4ng cho qu\u00fd v\u1ecb t\u1ea1m ho\u00e3n n\u1ebfu t\u00f2a tin r\u1eb1ng \u0111i\u1ec1u \u0111\u00f3 l\u00e0 \u201c\u0111i ng\u01b0\u1ee3c l\u1ea1i l\u1ee3i \u00edch chung\u201d.<span class=\"footnote_referrer\"><a role=\"button\" tabindex=\"0\" onclick=\"footnote_moveToReference_2152_1('footnote_plugin_reference_2152_1_4');\" onkeypress=\"footnote_moveToReference_2152_1('footnote_plugin_reference_2152_1_4');\" ><sup id=\"footnote_plugin_tooltip_2152_1_4\" class=\"footnote_plugin_tooltip_text\">[4]<\/sup><\/a><span id=\"footnote_plugin_tooltip_text_2152_1_4\" class=\"footnote_tooltip\">\u201cTuy nhi\u00ean, vi\u1ec7c t\u1ea1m ho\u00e3n s\u1ebd kh\u00f4ng \u0111\u01b0\u1ee3c \u00e1p d\u1ee5ng ho\u1eb7c ti\u1ebfp t\u1ee5c n\u1ebfu t\u00f2a ph\u00e1t hi\u1ec7n r\u1eb1ng \u0111i\u1ec1u \u0111\u00f3 \u0111i ng\u01b0\u1ee3c l\u1ea1i l\u1ee3i \u00edch chung.\u201d B\u1ed9 Lu\u1eadt T\u1ed1 T\u1ee5ng D\u00e2n&nbsp;&#x2026; <span class=\"footnote_tooltip_continue\"  onclick=\"footnote_moveToReference_2152_1('footnote_plugin_reference_2152_1_4');\">Continue reading<\/span><\/span><\/span><script type=\"text\/javascript\"> jQuery('#footnote_plugin_tooltip_2152_1_4').tooltip({ tip: '#footnote_plugin_tooltip_text_2152_1_4', tipClass: 'footnote_tooltip', effect: 'fade', predelay: 0, fadeInSpeed: 200, delay: 400, fadeOutSpeed: 200, position: 'top center', relative: true, offset: [-7, 0], });<\/script><\/p>\n<div class=\"speaker-mute footnotes_reference_container\"> <div class=\"footnote_container_prepare\"><p><span role=\"button\" tabindex=\"0\" class=\"footnote_reference_container_label pointer\" onclick=\"footnote_expand_collapse_reference_container_2152_1();\">&#x202F;<\/span><span role=\"button\" tabindex=\"0\" class=\"footnote_reference_container_collapse_button\" style=\"display: none;\" onclick=\"footnote_expand_collapse_reference_container_2152_1();\">[<a id=\"footnote_reference_container_collapse_button_2152_1\">+<\/a>]<\/span><\/p><\/div> <div id=\"footnote_references_container_2152_1\" style=\"\"><table class=\"footnotes_table footnote-reference-container\"><caption class=\"accessibility\">References<\/caption> <tbody> \r\n\r\n<tr class=\"footnotes_plugin_reference_row\"> <th scope=\"row\" class=\"footnote_plugin_index_combi pointer\"  onclick=\"footnote_moveToAnchor_2152_1('footnote_plugin_tooltip_2152_1_1');\"><a id=\"footnote_plugin_reference_2152_1_1\" class=\"footnote_backlink\"><span class=\"footnote_index_arrow\">&#8593;<\/span>1<\/a><\/th> <td class=\"footnote_plugin_text\">\u00a7 4715(a)(3).<\/td><\/tr>\r\n\r\n<tr class=\"footnotes_plugin_reference_row\"> <th scope=\"row\" class=\"footnote_plugin_index_combi pointer\"  onclick=\"footnote_moveToAnchor_2152_1('footnote_plugin_tooltip_2152_1_2');\"><a id=\"footnote_plugin_reference_2152_1_2\" class=\"footnote_backlink\"><span class=\"footnote_index_arrow\">&#8593;<\/span>2<\/a><\/th> <td class=\"footnote_plugin_text\">B\u1ed9 Lu\u1eadt T\u1ed1 T\u1ee5ng D\u00e2n S\u1ef1 California \u00a7 1094.5(g).<\/td><\/tr>\r\n\r\n<tr class=\"footnotes_plugin_reference_row\"> <th scope=\"row\" class=\"footnote_plugin_index_combi pointer\"  onclick=\"footnote_moveToAnchor_2152_1('footnote_plugin_tooltip_2152_1_3');\"><a id=\"footnote_plugin_reference_2152_1_3\" class=\"footnote_backlink\"><span class=\"footnote_index_arrow\">&#8593;<\/span>3<\/a><\/th> <td class=\"footnote_plugin_text\">\u00a7\u00a7 4715(a)(3); 4715(c).<\/td><\/tr>\r\n\r\n<tr class=\"footnotes_plugin_reference_row\"> <th scope=\"row\" class=\"footnote_plugin_index_combi pointer\"  onclick=\"footnote_moveToAnchor_2152_1('footnote_plugin_tooltip_2152_1_4');\"><a id=\"footnote_plugin_reference_2152_1_4\" class=\"footnote_backlink\"><span class=\"footnote_index_arrow\">&#8593;<\/span>4<\/a><\/th> <td class=\"footnote_plugin_text\">\u201cTuy nhi\u00ean, vi\u1ec7c t\u1ea1m ho\u00e3n s\u1ebd kh\u00f4ng \u0111\u01b0\u1ee3c \u00e1p d\u1ee5ng ho\u1eb7c ti\u1ebfp t\u1ee5c n\u1ebfu t\u00f2a ph\u00e1t hi\u1ec7n r\u1eb1ng \u0111i\u1ec1u \u0111\u00f3 \u0111i ng\u01b0\u1ee3c l\u1ea1i l\u1ee3i \u00edch chung.\u201d B\u1ed9 Lu\u1eadt T\u1ed1 T\u1ee5ng D\u00e2n S\u1ef1 California \u00a7 1094.5(g).<\/td><\/tr>\r\n\r\n <\/tbody> <\/table> <\/div><\/div><script type=\"text\/javascript\"> function footnote_expand_reference_container_2152_1() { jQuery('#footnote_references_container_2152_1').show(); jQuery('#footnote_reference_container_collapse_button_2152_1').text('\u2212'); } function footnote_collapse_reference_container_2152_1() { jQuery('#footnote_references_container_2152_1').hide(); jQuery('#footnote_reference_container_collapse_button_2152_1').text('+'); } function footnote_expand_collapse_reference_container_2152_1() { if (jQuery('#footnote_references_container_2152_1').is(':hidden')) { footnote_expand_reference_container_2152_1(); } else { footnote_collapse_reference_container_2152_1(); } } function footnote_moveToReference_2152_1(p_str_TargetID) { footnote_expand_reference_container_2152_1(); var l_obj_Target = jQuery('#' + p_str_TargetID); if (l_obj_Target.length) { jQuery( 'html, body' ).delay( 0 ); jQuery('html, body').animate({ scrollTop: l_obj_Target.offset().top - window.innerHeight * 0.2 }, 380); } } function footnote_moveToAnchor_2152_1(p_str_TargetID) { footnote_expand_reference_container_2152_1(); var l_obj_Target = jQuery('#' + p_str_TargetID); if (l_obj_Target.length) { jQuery( 'html, body' ).delay( 0 ); jQuery('html, body').animate({ scrollTop: l_obj_Target.offset().top - window.innerHeight * 0.2 }, 380); } }<\/script>","protected":false},"excerpt":{"rendered":"<p>N\u1ebfu chuy\u00ean vi\u00ean \u0111\u1eb7c tr\u00e1ch \u0111i\u1ec1u tr\u1ea7n quy\u1ebft \u0111\u1ecbnh trung t\u00e2m khu v\u1ef1c c\u00f3 th\u1ec3 k\u1ebft th\u00fac (c\u00e1c) d\u1ecbch v\u1ee5 m\u00e0 qu\u00fd v\u1ecb \u0111ang nh\u1eadn&hellip;<\/p>\n","protected":false},"author":1,"featured_media":0,"parent":2072,"menu_order":36,"comment_status":"closed","ping_status":"closed","template":"","meta":{"footnotes":""},"class_list":["post-2152","page","type-page","status-publish","hentry"],"_links":{"self":[{"href":"https:\/\/rula.disabilityrightsca.org\/vi\/wp-json\/wp\/v2\/pages\/2152","targetHints":{"allow":["GET"]}}],"collection":[{"href":"https:\/\/rula.disabilityrightsca.org\/vi\/wp-json\/wp\/v2\/pages"}],"about":[{"href":"https:\/\/rula.disabilityrightsca.org\/vi\/wp-json\/wp\/v2\/types\/page"}],"author":[{"embeddable":true,"href":"https:\/\/rula.disabilityrightsca.org\/vi\/wp-json\/wp\/v2\/users\/1"}],"replies":[{"embeddable":true,"href":"https:\/\/rula.disabilityrightsca.org\/vi\/wp-json\/wp\/v2\/comments?post=2152"}],"version-history":[{"count":5,"href":"https:\/\/rula.disabilityrightsca.org\/vi\/wp-json\/wp\/v2\/pages\/2152\/revisions"}],"predecessor-version":[{"id":3819,"href":"https:\/\/rula.disabilityrightsca.org\/vi\/wp-json\/wp\/v2\/pages\/2152\/revisions\/3819"}],"up":[{"embeddable":true,"href":"https:\/\/rula.disabilityrightsca.org\/vi\/wp-json\/wp\/v2\/pages\/2072"}],"wp:attachment":[{"href":"https:\/\/rula.disabilityrightsca.org\/vi\/wp-json\/wp\/v2\/media?parent=2152"}],"curies":[{"name":"wp","href":"https:\/\/api.w.org\/{rel}","templated":true}]}}